{"id":26732,"date":"2020-12-21T11:06:44","date_gmt":"2020-12-21T10:06:44","guid":{"rendered":"http:\/\/wordpress.p374962.webspaceconfig.de\/?page_id=26732"},"modified":"2023-07-04T13:21:19","modified_gmt":"2023-07-04T11:21:19","slug":"transport","status":"publish","type":"page","link":"https:\/\/sanicus.de\/ro\/transport\/","title":{"rendered":"Transport"},"content":{"rendered":"<div data-elementor-type=\"wp-page\" data-elementor-id=\"26732\" class=\"elementor elementor-26732\" data-elementor-post-type=\"page\">\n\t\t\t\t\t\t<section class=\"elementor-section elementor-top-section elementor-element elementor-element-59fab1f elementor-section-content-middle elementor-section-boxed elementor-section-height-default elementor-section-height-default\" data-id=\"59fab1f\" data-element_type=\"section\" data-e-type=\"section\">\n\t\t\t\t\t\t<div class=\"elementor-container elementor-column-gap-no\">\n\t\t\t\t\t<div class=\"elementor-column elementor-col-100 elementor-top-column elementor-element elementor-element-8dbb028\" data-id=\"8dbb028\" data-element_type=\"column\" data-e-type=\"column\">\n\t\t\t<div class=\"elementor-widget-wrap elementor-element-populated\">\n\t\t\t\t\t\t<div class=\"elementor-element elementor-element-b51a50c elementor-widget elementor-widget-text-editor\" data-id=\"b51a50c\" data-element_type=\"widget\" data-e-type=\"widget\" data-widget_type=\"text-editor.default\">\n\t\t\t\t<div class=\"elementor-widget-container\">\n\t\t\t\t\t\t\t\t\t<p>Versand &amp; Spedition<\/p>\t\t\t\t\t\t\t\t<\/div>\n\t\t\t\t<\/div>\n\t\t\t\t<div class=\"elementor-element elementor-element-c36ba7f elementor-widget elementor-widget-heading\" data-id=\"c36ba7f\" data-element_type=\"widget\" data-e-type=\"widget\" data-widget_type=\"heading.default\">\n\t\t\t\t<div class=\"elementor-widget-container\">\n\t\t\t\t\t<h3 class=\"elementor-heading-title elementor-size-default\">Transport<\/h3>\t\t\t\t<\/div>\n\t\t\t\t<\/div>\n\t\t\t\t<div class=\"elementor-element elementor-element-8cf697f elementor-widget-divider--view-line elementor-widget elementor-widget-divider\" data-id=\"8cf697f\" data-element_type=\"widget\" data-e-type=\"widget\" data-widget_type=\"divider.default\">\n\t\t\t\t<div class=\"elementor-widget-container\">\n\t\t\t\t\t\t\t<div class=\"elementor-divider\">\n\t\t\t<span class=\"elementor-divider-separator\">\n\t\t\t\t\t\t<\/span>\n\t\t<\/div>\n\t\t\t\t\t\t<\/div>\n\t\t\t\t<\/div>\n\t\t\t\t\t<\/div>\n\t\t<\/div>\n\t\t\t\t\t<\/div>\n\t\t<\/section>\n\t\t\t\t<section class=\"elementor-section elementor-top-section elementor-element elementor-element-dafec04 elementor-section-boxed elementor-section-height-default elementor-section-height-default\" data-id=\"dafec04\" data-element_type=\"section\" data-e-type=\"section\">\n\t\t\t\t\t\t<div class=\"elementor-container elementor-column-gap-default\">\n\t\t\t\t\t<div class=\"elementor-column elementor-col-25 elementor-top-column elementor-element elementor-element-b03178d\" data-id=\"b03178d\" data-element_type=\"column\" data-e-type=\"column\">\n\t\t\t<div class=\"elementor-widget-wrap elementor-element-populated\">\n\t\t\t\t\t\t<div class=\"elementor-element elementor-element-ad0c16a elementor-view-default elementor-widget elementor-widget-icon\" data-id=\"ad0c16a\" data-element_type=\"widget\" data-e-type=\"widget\" data-widget_type=\"icon.default\">\n\t\t\t\t<div class=\"elementor-widget-container\">\n\t\t\t\t\t\t\t<div class=\"elementor-icon-wrapper\">\n\t\t\t<div class=\"elementor-icon elementor-animation-pulse\">\n\t\t\t<svg xmlns=\"http:\/\/www.w3.org\/2000\/svg\" xmlns:xlink=\"http:\/\/www.w3.org\/1999\/xlink\" id=\"Ebene_1\" viewbox=\"0 0 275.49 318.11\"><defs><style>.cls-1{stroke:url(#Unbenannter_Verlauf_23-3);}.cls-1,.cls-2,.cls-3,.cls-4{fill:none;stroke-miterlimit:10;stroke-width:30px;}.cls-2{stroke:url(#Unbenannter_Verlauf_23-4);}.cls-3{stroke:url(#Unbenannter_Verlauf_23-2);}.cls-4{stroke:url(#Unbenannter_Verlauf_23);}<\/style><lineargradient id=\"Unbenannter_Verlauf_23\" x1=\"-21.31\" y1=\"159.05\" x2=\"296.8\" y2=\"159.05\" gradienttransform=\"translate(-21.31 296.8) rotate(-90)\" gradientunits=\"userSpaceOnUse\"><stop offset=\"0\" stop-color=\"#2581c4\"><\/stop><stop offset=\"1\" stop-color=\"#2581c4\"><\/stop><\/lineargradient><lineargradient id=\"Unbenannter_Verlauf_23-2\" x1=\"122.74\" y1=\"230.05\" x2=\"152.74\" y2=\"230.05\" gradienttransform=\"matrix(1, 0, 0, 1, 0, 0)\" xlink:href=\"#Unbenannter_Verlauf_23\"><\/lineargradient><lineargradient id=\"Unbenannter_Verlauf_23-3\" x1=\"130.24\" y1=\"123.55\" x2=\"268.24\" y2=\"123.55\" gradienttransform=\"matrix(1, 0, 0, 1, 0, 0)\" xlink:href=\"#Unbenannter_Verlauf_23\"><\/lineargradient><lineargradient id=\"Unbenannter_Verlauf_23-4\" x1=\"7.24\" y1=\"123.55\" x2=\"145.24\" y2=\"123.55\" gradienttransform=\"matrix(1, 0, 0, 1, 0, 0)\" xlink:href=\"#Unbenannter_Verlauf_23\"><\/lineargradient><\/defs><polygon class=\"cls-4\" points=\"15 88.19 15 229.92 137.74 300.79 260.49 229.92 260.49 88.19 137.74 17.32 15 88.19\"><\/polygon><line class=\"cls-3\" x1=\"137.74\" y1=\"301.05\" x2=\"137.74\" y2=\"159.05\"><\/line><line class=\"cls-1\" x1=\"260.74\" y1=\"88.05\" x2=\"137.74\" y2=\"159.05\"><\/line><line class=\"cls-2\" x1=\"14.74\" y1=\"88.05\" x2=\"137.74\" y2=\"159.05\"><\/line><\/svg>\t\t\t<\/div>\n\t\t<\/div>\n\t\t\t\t\t\t<\/div>\n\t\t\t\t<\/div>\n\t\t\t\t<div class=\"elementor-element elementor-element-2cab1a2 elementor-widget elementor-widget-text-editor\" data-id=\"2cab1a2\" data-element_type=\"widget\" data-e-type=\"widget\" data-widget_type=\"text-editor.default\">\n\t\t\t\t<div class=\"elementor-widget-container\">\n\t\t\t\t\t\t\t\t\t<h5><strong>PAKETVERERSAND<\/strong><\/h5><p>Die Versandkosten f\u00fcr Paketartikel betragen 11,95 \u20ac inkl. MwSt je Paket bis 31kg. Die Lieferung erfolgt mit dem Versanddienstleister DPD oder UPS. <br \/>Nach dem Versand der Ware erhalten Sie eine E-Mail mit der Sendungsnummer. <br \/>Mit dieser Nummer k\u00f6nnen Sie Ihre Sendung verfolgen. Detaillierte Informationen zum Versandstatus Ihrer Ware erhalten Sie auf Anfrage.\u00a0<\/p>\t\t\t\t\t\t\t\t<\/div>\n\t\t\t\t<\/div>\n\t\t\t\t\t<\/div>\n\t\t<\/div>\n\t\t\t\t<div class=\"elementor-column elementor-col-25 elementor-top-column elementor-element elementor-element-ba7824a\" data-id=\"ba7824a\" data-element_type=\"column\" data-e-type=\"column\">\n\t\t\t<div class=\"elementor-widget-wrap elementor-element-populated\">\n\t\t\t\t\t\t<div class=\"elementor-element elementor-element-70d62a7 elementor-view-default elementor-widget elementor-widget-icon\" data-id=\"70d62a7\" data-element_type=\"widget\" data-e-type=\"widget\" data-widget_type=\"icon.default\">\n\t\t\t\t<div class=\"elementor-widget-container\">\n\t\t\t\t\t\t\t<div class=\"elementor-icon-wrapper\">\n\t\t\t<div class=\"elementor-icon elementor-animation-skew-backward\">\n\t\t\t<i aria-hidden=\"true\" class=\"fas fa-shipping-fast\"><\/i>\t\t\t<\/div>\n\t\t<\/div>\n\t\t\t\t\t\t<\/div>\n\t\t\t\t<\/div>\n\t\t\t\t<div class=\"elementor-element elementor-element-7ebfd47 elementor-widget elementor-widget-text-editor\" data-id=\"7ebfd47\" data-element_type=\"widget\" data-e-type=\"widget\" data-widget_type=\"text-editor.default\">\n\t\t\t\t<div class=\"elementor-widget-container\">\n\t\t\t\t\t\t\t\t\t<h5><strong>VERSANDZEITEN<\/strong><\/h5>\n<p>max. 5 Werktage<br>Wir liefern, soweit die Ware lagerm\u00e4\u00dfig vorhanden ist, am Folgetag der Bestellung bzw. nach Zahlungseingang aus.<br>F\u00fcr Ware, die im Zulauf auf unser Lager ist, wird es eine Auftragsbest\u00e4tigung mit voraussichtlichem Liefertermin per Mail geben.<br>Laufzeiten der Ware im Versand k\u00f6nnen wir leider nicht beeinflussen.<\/p>\t\t\t\t\t\t\t\t<\/div>\n\t\t\t\t<\/div>\n\t\t\t\t\t<\/div>\n\t\t<\/div>\n\t\t\t\t<div class=\"elementor-column elementor-col-25 elementor-top-column elementor-element elementor-element-33094d1\" data-id=\"33094d1\" data-element_type=\"column\" data-e-type=\"column\">\n\t\t\t<div class=\"elementor-widget-wrap elementor-element-populated\">\n\t\t\t\t\t\t<div class=\"elementor-element elementor-element-1be6180 elementor-view-default elementor-widget elementor-widget-icon\" data-id=\"1be6180\" data-element_type=\"widget\" data-e-type=\"widget\" data-widget_type=\"icon.default\">\n\t\t\t\t<div class=\"elementor-widget-container\">\n\t\t\t\t\t\t\t<div class=\"elementor-icon-wrapper\">\n\t\t\t<div class=\"elementor-icon elementor-animation-hang\">\n\t\t\t<i aria-hidden=\"true\" class=\"far fa-calendar-times\"><\/i>\t\t\t<\/div>\n\t\t<\/div>\n\t\t\t\t\t\t<\/div>\n\t\t\t\t<\/div>\n\t\t\t\t<div class=\"elementor-element elementor-element-e9c3b28 elementor-widget elementor-widget-text-editor\" data-id=\"e9c3b28\" data-element_type=\"widget\" data-e-type=\"widget\" data-widget_type=\"text-editor.default\">\n\t\t\t\t<div class=\"elementor-widget-container\">\n\t\t\t\t\t\t\t\t\t<h5><strong>TRANSPORT PER SPEDITION<\/strong><\/h5><p>Die Lieferung per Spedition erfolgt ab einem Gewicht von 31 kg pro Bestellung. Palettentransport ab 45 \u20ac pro Palette innerhalb von Deutschland. Bitte beachten Sie, dass Kosten f\u00fcr Spedition t\u00e4glich variieren k\u00f6nnen.<\/p>\t\t\t\t\t\t\t\t<\/div>\n\t\t\t\t<\/div>\n\t\t\t\t\t<\/div>\n\t\t<\/div>\n\t\t\t\t<div class=\"elementor-column elementor-col-25 elementor-top-column elementor-element elementor-element-bf7058f\" data-id=\"bf7058f\" data-element_type=\"column\" data-e-type=\"column\">\n\t\t\t<div class=\"elementor-widget-wrap elementor-element-populated\">\n\t\t\t\t\t\t<div class=\"elementor-element elementor-element-55d5ff4 elementor-widget elementor-widget-image\" data-id=\"55d5ff4\" data-element_type=\"widget\" data-e-type=\"widget\" data-widget_type=\"image.default\">\n\t\t\t\t<div class=\"elementor-widget-container\">\n\t\t\t\t\t\t\t\t\t\t\t\t\t\t\t<img fetchpriority=\"high\" decoding=\"async\" width=\"768\" height=\"1024\" src=\"https:\/\/sanicus.de\/wp-content\/uploads\/2020\/12\/arno-senoner-4jLpCkGqClE-unsplash-768x1024.png\" class=\"attachment-large size-large wp-image-26685\" alt=\"\" srcset=\"https:\/\/sanicus.de\/wp-content\/uploads\/2020\/12\/arno-senoner-4jLpCkGqClE-unsplash-768x1024.png 768w, https:\/\/sanicus.de\/wp-content\/uploads\/2020\/12\/arno-senoner-4jLpCkGqClE-unsplash-225x300.png 225w, https:\/\/sanicus.de\/wp-content\/uploads\/2020\/12\/arno-senoner-4jLpCkGqClE-unsplash-600x800.png 600w, https:\/\/sanicus.de\/wp-content\/uploads\/2020\/12\/arno-senoner-4jLpCkGqClE-unsplash.png 1000w\" sizes=\"(max-width: 768px) 100vw, 768px\" \/>\t\t\t\t\t\t\t\t\t\t\t\t\t\t\t<\/div>\n\t\t\t\t<\/div>\n\t\t\t\t\t<\/div>\n\t\t<\/div>\n\t\t\t\t\t<\/div>\n\t\t<\/section>\n\t\t\t\t<\/div>","protected":false},"excerpt":{"rendered":"<p>Versand &amp; Spedition Transport PAKETVERERSAND Die Versandkosten f\u00fcr Paketartikel betragen 11,95 \u20ac inkl. MwSt je Paket bis 31kg. Die Lieferung erfolgt mit dem Versanddienstleister DPD oder UPS. Nach dem Versand der Ware erhalten Sie eine E-Mail mit der Sendungsnummer. Mit dieser Nummer k\u00f6nnen Sie Ihre Sendung verfolgen. Detaillierte Informationen zum Versandstatus Ihrer Ware erhalten Sie [&hellip;]<\/p>\n","protected":false},"author":1,"featured_media":0,"parent":0,"menu_order":0,"comment_status":"closed","ping_status":"closed","template":"","meta":{"site-sidebar-layout":"no-sidebar","site-content-layout":"page-builder","ast-site-content-layout":"default","site-content-style":"default","site-sidebar-style":"default","ast-global-header-display":"","ast-banner-title-visibility":"","ast-main-header-display":"","ast-hfb-above-header-display":"","ast-hfb-below-header-display":"","ast-hfb-mobile-header-display":"","site-post-title":"disabled","ast-breadcrumbs-content":"","ast-featured-img":"disabled","footer-sml-layout":"","ast-disable-related-posts":"","theme-transparent-header-meta":"default","adv-header-id-meta":"","stick-header-meta":"","header-above-stick-meta":"","header-main-stick-meta":"","header-below-stick-meta":"","astra-migrate-meta-layouts":"default","ast-page-background-enabled":"default","ast-page-background-meta":{"desktop":{"background-color":"","background-image":"","background-repeat":"repeat","background-position":"center center","background-size":"auto","background-attachment":"scroll","background-type":"","background-media":"","overlay-type":"","overlay-color":"","overlay-opacity":"","overlay-gradient":""},"tablet":{"background-color":"","background-image":"","background-repeat":"repeat","background-position":"center center","background-size":"auto","background-attachment":"scroll","background-type":"","background-media":"","overlay-type":"","overlay-color":"","overlay-opacity":"","overlay-gradient":""},"mobile":{"background-color":"","background-image":"","background-repeat":"repeat","background-position":"center center","background-size":"auto","background-attachment":"scroll","background-type":"","background-media":"","overlay-type":"","overlay-color":"","overlay-opacity":"","overlay-gradient":""}},"ast-content-background-meta":{"desktop":{"background-color":"var(--ast-global-color-5)","background-image":"","background-repeat":"repeat","background-position":"center center","background-size":"auto","background-attachment":"scroll","background-type":"","background-media":"","overlay-type":"","overlay-color":"","overlay-opacity":"","overlay-gradient":""},"tablet":{"background-color":"var(--ast-global-color-5)","background-image":"","background-repeat":"repeat","background-position":"center center","background-size":"auto","background-attachment":"scroll","background-type":"","background-media":"","overlay-type":"","overlay-color":"","overlay-opacity":"","overlay-gradient":""},"mobile":{"background-color":"var(--ast-global-color-5)","background-image":"","background-repeat":"repeat","background-position":"center center","background-size":"auto","background-attachment":"scroll","background-type":"","background-media":"","overlay-type":"","overlay-color":"","overlay-opacity":"","overlay-gradient":""}},"footnotes":""},"class_list":["post-26732","page","type-page","status-publish","hentry"],"yoast_head":"<!-- This site is optimized with the Yoast SEO Premium plugin v27.5 (Yoast SEO v27.6) - https:\/\/yoast.com\/product\/yoast-seo-premium-wordpress\/ -->\n<title>Transport - sanicus.de<\/title>\n<meta name=\"robots\" content=\"index, follow, max-snippet:-1, max-image-preview:large, max-video-preview:-1\" \/>\n<link rel=\"canonical\" href=\"https:\/\/sanicus.de\/ro\/transport\/\" \/>\n<meta property=\"og:locale\" content=\"ro_RO\" \/>\n<meta property=\"og:type\" content=\"article\" \/>\n<meta property=\"og:title\" content=\"Transport\" \/>\n<meta property=\"og:description\" content=\"Versand &amp; Spedition Transport PAKETVERERSAND Die Versandkosten f\u00fcr Paketartikel betragen 11,95 \u20ac inkl. MwSt je Paket bis 31kg. Die Lieferung erfolgt mit dem Versanddienstleister DPD oder UPS. Nach dem Versand der Ware erhalten Sie eine E-Mail mit der Sendungsnummer. Mit dieser Nummer k\u00f6nnen Sie Ihre Sendung verfolgen. Detaillierte Informationen zum Versandstatus Ihrer Ware erhalten Sie [&hellip;]\" \/>\n<meta property=\"og:url\" content=\"https:\/\/sanicus.de\/ro\/transport\/\" \/>\n<meta property=\"og:site_name\" content=\"sanicus.de\" \/>\n<meta property=\"article:publisher\" content=\"https:\/\/www.facebook.com\/Sanicus\/\" \/>\n<meta property=\"article:modified_time\" content=\"2023-07-04T11:21:19+00:00\" \/>\n<meta property=\"og:image\" content=\"https:\/\/sanicus.de\/wp-content\/uploads\/2020\/12\/arno-senoner-4jLpCkGqClE-unsplash-768x1024.png\" \/>\n<meta name=\"twitter:card\" content=\"summary_large_image\" \/>\n<meta name=\"twitter:label1\" content=\"Timp estimat pentru citire\" \/>\n\t<meta name=\"twitter:data1\" content=\"1 minut\" \/>\n<script type=\"application\/ld+json\" class=\"yoast-schema-graph\">{\"@context\":\"https:\\\/\\\/schema.org\",\"@graph\":[{\"@type\":\"WebPage\",\"@id\":\"https:\\\/\\\/sanicus.de\\\/transport\\\/\",\"url\":\"https:\\\/\\\/sanicus.de\\\/transport\\\/\",\"name\":\"Transport - sanicus.de\",\"isPartOf\":{\"@id\":\"https:\\\/\\\/sanicus.de\\\/#website\"},\"primaryImageOfPage\":{\"@id\":\"https:\\\/\\\/sanicus.de\\\/transport\\\/#primaryimage\"},\"image\":{\"@id\":\"https:\\\/\\\/sanicus.de\\\/transport\\\/#primaryimage\"},\"thumbnailUrl\":\"https:\\\/\\\/sanicus.de\\\/wp-content\\\/uploads\\\/2020\\\/12\\\/arno-senoner-4jLpCkGqClE-unsplash-768x1024.png\",\"datePublished\":\"2020-12-21T10:06:44+00:00\",\"dateModified\":\"2023-07-04T11:21:19+00:00\",\"breadcrumb\":{\"@id\":\"https:\\\/\\\/sanicus.de\\\/transport\\\/#breadcrumb\"},\"inLanguage\":\"ro-RO\",\"potentialAction\":[{\"@type\":\"ReadAction\",\"target\":[\"https:\\\/\\\/sanicus.de\\\/transport\\\/\"]}]},{\"@type\":\"ImageObject\",\"inLanguage\":\"ro-RO\",\"@id\":\"https:\\\/\\\/sanicus.de\\\/transport\\\/#primaryimage\",\"url\":\"https:\\\/\\\/sanicus.de\\\/wp-content\\\/uploads\\\/2020\\\/12\\\/arno-senoner-4jLpCkGqClE-unsplash-768x1024.png\",\"contentUrl\":\"https:\\\/\\\/sanicus.de\\\/wp-content\\\/uploads\\\/2020\\\/12\\\/arno-senoner-4jLpCkGqClE-unsplash-768x1024.png\"},{\"@type\":\"BreadcrumbList\",\"@id\":\"https:\\\/\\\/sanicus.de\\\/transport\\\/#breadcrumb\",\"itemListElement\":[{\"@type\":\"ListItem\",\"position\":1,\"name\":\"Startseite\",\"item\":\"https:\\\/\\\/sanicus.de\\\/\"},{\"@type\":\"ListItem\",\"position\":2,\"name\":\"Transport\"}]},{\"@type\":\"WebSite\",\"@id\":\"https:\\\/\\\/sanicus.de\\\/#website\",\"url\":\"https:\\\/\\\/sanicus.de\\\/\",\"name\":\"sanicus.de\",\"description\":\"Sanit\u00e4r - Ausstattung\",\"publisher\":{\"@id\":\"https:\\\/\\\/sanicus.de\\\/#organization\"},\"potentialAction\":[{\"@type\":\"SearchAction\",\"target\":{\"@type\":\"EntryPoint\",\"urlTemplate\":\"https:\\\/\\\/sanicus.de\\\/?s={search_term_string}\"},\"query-input\":{\"@type\":\"PropertyValueSpecification\",\"valueRequired\":true,\"valueName\":\"search_term_string\"}}],\"inLanguage\":\"ro-RO\"},{\"@type\":\"Organization\",\"@id\":\"https:\\\/\\\/sanicus.de\\\/#organization\",\"name\":\"Sanicus GmbH\",\"url\":\"https:\\\/\\\/sanicus.de\\\/\",\"logo\":{\"@type\":\"ImageObject\",\"inLanguage\":\"ro-RO\",\"@id\":\"https:\\\/\\\/sanicus.de\\\/#\\\/schema\\\/logo\\\/image\\\/\",\"url\":\"https:\\\/\\\/sanicus.de\\\/wp-content\\\/uploads\\\/2026\\\/04\\\/Sanicus-fallback.png\",\"contentUrl\":\"https:\\\/\\\/sanicus.de\\\/wp-content\\\/uploads\\\/2026\\\/04\\\/Sanicus-fallback.png\",\"width\":1200,\"height\":600,\"caption\":\"Sanicus GmbH\"},\"image\":{\"@id\":\"https:\\\/\\\/sanicus.de\\\/#\\\/schema\\\/logo\\\/image\\\/\"},\"sameAs\":[\"https:\\\/\\\/www.facebook.com\\\/Sanicus\\\/\"],\"description\":\"Sanicus bietet moderne, hygienische und ressourcenschonende Sanit\u00e4rl\u00f6sungen f\u00fcr \u00f6ffentliche Einrichtungen, Schulen, Gastronomie und Unternehmen.\",\"email\":\"info@sanicus.de\",\"telephone\":\"+49 (3361) 376407-0\",\"legalName\":\"Sanicus GmbH\",\"vatID\":\"DE262867753\"}]}<\/script>\n<!-- \/ Yoast SEO Premium plugin. -->","yoast_head_json":{"title":"Transport - sanicus.de","robots":{"index":"index","follow":"follow","max-snippet":"max-snippet:-1","max-image-preview":"max-image-preview:large","max-video-preview":"max-video-preview:-1"},"canonical":"https:\/\/sanicus.de\/ro\/transport\/","og_locale":"ro_RO","og_type":"article","og_title":"Transport","og_description":"Versand &amp; Spedition Transport PAKETVERERSAND Die Versandkosten f\u00fcr Paketartikel betragen 11,95 \u20ac inkl. MwSt je Paket bis 31kg. Die Lieferung erfolgt mit dem Versanddienstleister DPD oder UPS. Nach dem Versand der Ware erhalten Sie eine E-Mail mit der Sendungsnummer. Mit dieser Nummer k\u00f6nnen Sie Ihre Sendung verfolgen. Detaillierte Informationen zum Versandstatus Ihrer Ware erhalten Sie [&hellip;]","og_url":"https:\/\/sanicus.de\/ro\/transport\/","og_site_name":"sanicus.de","article_publisher":"https:\/\/www.facebook.com\/Sanicus\/","article_modified_time":"2023-07-04T11:21:19+00:00","og_image":[{"url":"https:\/\/sanicus.de\/wp-content\/uploads\/2020\/12\/arno-senoner-4jLpCkGqClE-unsplash-768x1024.png","type":"","width":"","height":""}],"twitter_card":"summary_large_image","twitter_misc":{"Timp estimat pentru citire":"1 minut"},"schema":{"@context":"https:\/\/schema.org","@graph":[{"@type":"WebPage","@id":"https:\/\/sanicus.de\/transport\/","url":"https:\/\/sanicus.de\/transport\/","name":"Transport - sanicus.de","isPartOf":{"@id":"https:\/\/sanicus.de\/#website"},"primaryImageOfPage":{"@id":"https:\/\/sanicus.de\/transport\/#primaryimage"},"image":{"@id":"https:\/\/sanicus.de\/transport\/#primaryimage"},"thumbnailUrl":"https:\/\/sanicus.de\/wp-content\/uploads\/2020\/12\/arno-senoner-4jLpCkGqClE-unsplash-768x1024.png","datePublished":"2020-12-21T10:06:44+00:00","dateModified":"2023-07-04T11:21:19+00:00","breadcrumb":{"@id":"https:\/\/sanicus.de\/transport\/#breadcrumb"},"inLanguage":"ro-RO","potentialAction":[{"@type":"ReadAction","target":["https:\/\/sanicus.de\/transport\/"]}]},{"@type":"ImageObject","inLanguage":"ro-RO","@id":"https:\/\/sanicus.de\/transport\/#primaryimage","url":"https:\/\/sanicus.de\/wp-content\/uploads\/2020\/12\/arno-senoner-4jLpCkGqClE-unsplash-768x1024.png","contentUrl":"https:\/\/sanicus.de\/wp-content\/uploads\/2020\/12\/arno-senoner-4jLpCkGqClE-unsplash-768x1024.png"},{"@type":"BreadcrumbList","@id":"https:\/\/sanicus.de\/transport\/#breadcrumb","itemListElement":[{"@type":"ListItem","position":1,"name":"Startseite","item":"https:\/\/sanicus.de\/"},{"@type":"ListItem","position":2,"name":"Transport"}]},{"@type":"WebSite","@id":"https:\/\/sanicus.de\/#website","url":"https:\/\/sanicus.de\/","name":"sanicus.de","description":"Sanit\u00e4r - Ausstattung","publisher":{"@id":"https:\/\/sanicus.de\/#organization"},"potentialAction":[{"@type":"SearchAction","target":{"@type":"EntryPoint","urlTemplate":"https:\/\/sanicus.de\/?s={search_term_string}"},"query-input":{"@type":"PropertyValueSpecification","valueRequired":true,"valueName":"search_term_string"}}],"inLanguage":"ro-RO"},{"@type":"Organization","@id":"https:\/\/sanicus.de\/#organization","name":"Sanicus GmbH","url":"https:\/\/sanicus.de\/","logo":{"@type":"ImageObject","inLanguage":"ro-RO","@id":"https:\/\/sanicus.de\/#\/schema\/logo\/image\/","url":"https:\/\/sanicus.de\/wp-content\/uploads\/2026\/04\/Sanicus-fallback.png","contentUrl":"https:\/\/sanicus.de\/wp-content\/uploads\/2026\/04\/Sanicus-fallback.png","width":1200,"height":600,"caption":"Sanicus GmbH"},"image":{"@id":"https:\/\/sanicus.de\/#\/schema\/logo\/image\/"},"sameAs":["https:\/\/www.facebook.com\/Sanicus\/"],"description":"Sanicus bietet moderne, hygienische und ressourcenschonende Sanit\u00e4rl\u00f6sungen f\u00fcr \u00f6ffentliche Einrichtungen, Schulen, Gastronomie und Unternehmen.","email":"info@sanicus.de","telephone":"+49 (3361) 376407-0","legalName":"Sanicus GmbH","vatID":"DE262867753"}]}},"_links":{"self":[{"href":"https:\/\/sanicus.de\/ro\/wp-json\/wp\/v2\/pages\/26732","targetHints":{"allow":["GET"]}}],"collection":[{"href":"https:\/\/sanicus.de\/ro\/wp-json\/wp\/v2\/pages"}],"about":[{"href":"https:\/\/sanicus.de\/ro\/wp-json\/wp\/v2\/types\/page"}],"author":[{"embeddable":true,"href":"https:\/\/sanicus.de\/ro\/wp-json\/wp\/v2\/users\/1"}],"replies":[{"embeddable":true,"href":"https:\/\/sanicus.de\/ro\/wp-json\/wp\/v2\/comments?post=26732"}],"version-history":[{"count":0,"href":"https:\/\/sanicus.de\/ro\/wp-json\/wp\/v2\/pages\/26732\/revisions"}],"wp:attachment":[{"href":"https:\/\/sanicus.de\/ro\/wp-json\/wp\/v2\/media?parent=26732"}],"curies":[{"name":"wp","href":"https:\/\/api.w.org\/{rel}","templated":true}]}}