{"id":30617,"date":"2023-11-30T02:13:27","date_gmt":"2023-11-30T01:13:27","guid":{"rendered":"https:\/\/sanicus.de\/produkt\/g-130-150-o\/"},"modified":"2026-04-14T15:14:21","modified_gmt":"2026-04-14T13:14:21","slug":"g-130-150-o","status":"publish","type":"product","link":"https:\/\/sanicus.de\/ro\/produkt\/g-130-150-o\/","title":{"rendered":"G 130 &#8211; 150 \u00d8"},"content":{"rendered":"<h4>G 130\/150 \u00d8 Geruchsverschluss \u2013 zuverl\u00e4ssiger Schutz gegen unangenehme Ger\u00fcche<\/h4>\n<p>Der <strong>G 130\/150 \u00d8 Geruchsverschluss<\/strong> ist eine effiziente L\u00f6sung, um Bodenabl\u00e4ufe dauerhaft geruchsfrei zu halten. Dieses System wurde speziell f\u00fcr Abl\u00e4ufe mit einem Durchmesser von 130 bis 150 mm konzipiert und eignet sich ideal f\u00fcr Sanit\u00e4rbereiche, Gro\u00dfk\u00fcchen, Technikr\u00e4ume oder Keller. Durch die mechanische Membrantechnik werden unangenehme Kanalgase zuverl\u00e4ssig blockiert \u2013 ganz ohne Chemikalien oder externe Energiequellen.<\/p>\n<p>Die eingebaute Spezialmembran \u00f6ffnet sich automatisch, sobald Wasser abl\u00e4uft, und schlie\u00dft sich danach wieder luftdicht. So bleibt der Ablauf jederzeit funktional, w\u00e4hrend Ger\u00fcche dauerhaft ausgesperrt werden. Diese wartungsarme Technik ist besonders langlebig und \u00fcberzeugt durch einfache Handhabung und minimale Betriebskosten.<\/p>\n<p>Ein besonderer Vorteil des <strong>G 130\/150 \u00d8 Geruchsverschlusses<\/strong> ist die unkomplizierte Nachr\u00fcstung: Das System wird einfach in bestehende Bodenabl\u00e4ufe eingesetzt und passt sich flexibel an unterschiedliche Einbausituationen an. So eignet sich der Geruchsverschluss nicht nur f\u00fcr Neubauten, sondern auch hervorragend zur Sanierung \u00e4lterer Anlagen. Selbst in R\u00e4umen, die nur unregelm\u00e4\u00dfig genutzt werden, wie Ferienh\u00e4usern oder Nebenr\u00e4umen, bleibt die Geruchsbarriere jederzeit wirksam.<\/p>\n<p>Dank der hygienischen Konstruktion kann die Membran bei Bedarf entnommen und unter Wasser abgesp\u00fclt werden. In den meisten F\u00e4llen ist keine Verwendung von aggressiven Reinigungsmitteln erforderlich \u2013 das schont Material und Umwelt gleicherma\u00dfen.<\/p>\n<p>Gefertigt aus robustem, feuchtigkeitsbest\u00e4ndigem Kunststoff, ist der Geruchsverschluss langlebig und widerstandsf\u00e4hig gegen\u00fcber Schmutz, Temperaturschwankungen und Reinigungsmitteln. So bleibt die Funktionalit\u00e4t auch bei regelm\u00e4\u00dfiger Reinigung dauerhaft erhalten.<\/p>\n<h5>Produktvorteile auf einen Blick<\/h5>\n<ul>\n<li><strong>Zuverl\u00e4ssiger Geruchsstopp:<\/strong> mechanische Membran blockiert Kanalgase effektiv<\/li>\n<li><strong>Einfache Nachr\u00fcstung:<\/strong> passgenau f\u00fcr Abl\u00e4ufe mit \u00d8 130\u2013150 mm<\/li>\n<li><strong>Wartungsarm:<\/strong> kein Strom, keine Chemikalien, minimaler Pflegeaufwand<\/li>\n<li><strong>Hygienisch:<\/strong> leicht zu reinigen, best\u00e4ndig gegen Feuchtigkeit<\/li>\n<li><strong>Universell einsetzbar:<\/strong> ideal f\u00fcr Sanit\u00e4ranlagen, Keller, K\u00fcchen und Technikr\u00e4ume<\/li>\n<\/ul>\n<p>Mit dem <strong>G 130\/150 \u00d8 Geruchsverschluss<\/strong> entscheiden Sie sich f\u00fcr eine professionelle L\u00f6sung, die dauerhaft f\u00fcr ein hygienisches, frisches Raumklima sorgt \u2013 effizient, chemiefrei und besonders einfach zu montieren.<\/p>","protected":false},"excerpt":{"rendered":"<p>Geruchsverschluss f\u00fcr Bodeneinl\u00e4ufe 135-150mm \u00d8<\/p>","protected":false},"featured_media":31025,"template":"","meta":{"site-sidebar-layout":"default","site-content-layout":"default","ast-site-content-layout":"default","site-content-style":"default","site-sidebar-style":"default","ast-global-header-display":"","ast-banner-title-visibility":"","ast-main-header-display":"","ast-hfb-above-header-display":"","ast-hfb-below-header-display":"","ast-hfb-mobile-header-display":"","site-post-title":"","ast-breadcrumbs-content":"","ast-featured-img":"","footer-sml-layout":"","ast-disable-related-posts":"","theme-transparent-header-meta":"default","adv-header-id-meta":"","stick-header-meta":"","header-above-stick-meta":"","header-main-stick-meta":"","header-below-stick-meta":"","astra-migrate-meta-layouts":"set","ast-page-background-enabled":"default","ast-page-background-meta":{"desktop":{"background-color":"","background-image":"","background-repeat":"repeat","background-position":"center center","background-size":"auto","background-attachment":"scroll","background-type":"","background-media":"","overlay-type":"","overlay-color":"","overlay-opacity":"","overlay-gradient":""},"tablet":{"background-color":"","background-image":"","background-repeat":"repeat","background-position":"center center","background-size":"auto","background-attachment":"scroll","background-type":"","background-media":"","overlay-type":"","overlay-color":"","overlay-opacity":"","overlay-gradient":""},"mobile":{"background-color":"","background-image":"","background-repeat":"repeat","background-position":"center center","background-size":"auto","background-attachment":"scroll","background-type":"","background-media":"","overlay-type":"","overlay-color":"","overlay-opacity":"","overlay-gradient":""}},"ast-content-background-meta":{"desktop":{"background-color":"var(--ast-global-color-5)","background-image":"","background-repeat":"repeat","background-position":"center center","background-size":"auto","background-attachment":"scroll","background-type":"","background-media":"","overlay-type":"","overlay-color":"","overlay-opacity":"","overlay-gradient":""},"tablet":{"background-color":"var(--ast-global-color-5)","background-image":"","background-repeat":"repeat","background-position":"center center","background-size":"auto","background-attachment":"scroll","background-type":"","background-media":"","overlay-type":"","overlay-color":"","overlay-opacity":"","overlay-gradient":""},"mobile":{"background-color":"var(--ast-global-color-5)","background-image":"","background-repeat":"repeat","background-position":"center center","background-size":"auto","background-attachment":"scroll","background-type":"","background-media":"","overlay-type":"","overlay-color":"","overlay-opacity":"","overlay-gradient":""}}},"product_brand":[],"product_cat":[165],"product_tag":[],"class_list":{"0":"post-30617","1":"product","2":"type-product","3":"status-publish","4":"has-post-thumbnail","6":"product_cat-geruchsverschluesse","7":"desktop-align-left","8":"tablet-align-left","9":"mobile-align-left","11":"first","12":"instock","13":"taxable","14":"shipping-taxable","15":"purchasable","16":"product-type-simple"},"yoast_head":"<!-- This site is optimized with the Yoast SEO Premium plugin v27.3 (Yoast SEO v27.4) - https:\/\/yoast.com\/product\/yoast-seo-premium-wordpress\/ -->\n<title>G 130 - 150 \u00d8 - sanicus.de<\/title>\n<meta name=\"description\" content=\"G 130\/150 \u00d8 Geruchsverschluss \u2013 f\u00fcr Bodenabl\u00e4ufe. Hygienisch, chemiefrei &amp; einfach nachr\u00fcstbar gegen unangenehme Ger\u00fcche.\" \/>\n<meta name=\"robots\" content=\"index, follow, max-snippet:-1, max-image-preview:large, max-video-preview:-1\" \/>\n<link rel=\"canonical\" href=\"https:\/\/sanicus.de\/ro\/produs\/g-130-150-o\/\" \/>\n<meta property=\"og:locale\" content=\"ro_RO\" \/>\n<meta property=\"og:type\" content=\"article\" \/>\n<meta property=\"og:title\" content=\"G 130 - 150 \u00d8\" \/>\n<meta property=\"og:description\" content=\"G 130\/150 \u00d8 Geruchsverschluss \u2013 f\u00fcr Bodenabl\u00e4ufe. Hygienisch, chemiefrei &amp; einfach nachr\u00fcstbar gegen unangenehme Ger\u00fcche.\" \/>\n<meta property=\"og:url\" content=\"https:\/\/sanicus.de\/ro\/produs\/g-130-150-o\/\" \/>\n<meta property=\"og:site_name\" content=\"sanicus.de\" \/>\n<meta property=\"article:publisher\" content=\"https:\/\/www.facebook.com\/Sanicus\/\" \/>\n<meta property=\"article:modified_time\" content=\"2026-04-14T13:14:21+00:00\" \/>\n<meta property=\"og:image\" content=\"https:\/\/sanicus.de\/wp-content\/uploads\/2023\/12\/8714151-G-130-150-O.jpg\" \/>\n\t<meta property=\"og:image:width\" content=\"800\" \/>\n\t<meta property=\"og:image:height\" content=\"800\" \/>\n\t<meta property=\"og:image:type\" content=\"image\/jpeg\" \/>\n<meta name=\"twitter:card\" content=\"summary_large_image\" \/>\n<meta name=\"twitter:label1\" content=\"Timp estimat pentru citire\" \/>\n\t<meta name=\"twitter:data1\" content=\"1 minut\" \/>\n<script type=\"application\/ld+json\" class=\"yoast-schema-graph\">{\"@context\":\"https:\\\/\\\/schema.org\",\"@graph\":[{\"@type\":\"WebPage\",\"@id\":\"https:\\\/\\\/sanicus.de\\\/produkt\\\/g-130-150-o\\\/\",\"url\":\"https:\\\/\\\/sanicus.de\\\/produkt\\\/g-130-150-o\\\/\",\"name\":\"G 130 - 150 \u00d8 - sanicus.de\",\"isPartOf\":{\"@id\":\"https:\\\/\\\/sanicus.de\\\/#website\"},\"primaryImageOfPage\":{\"@id\":\"https:\\\/\\\/sanicus.de\\\/produkt\\\/g-130-150-o\\\/#primaryimage\"},\"image\":{\"@id\":\"https:\\\/\\\/sanicus.de\\\/produkt\\\/g-130-150-o\\\/#primaryimage\"},\"thumbnailUrl\":\"https:\\\/\\\/sanicus.de\\\/wp-content\\\/uploads\\\/2023\\\/12\\\/8714151-G-130-150-O.jpg\",\"datePublished\":\"2023-11-30T01:13:27+00:00\",\"dateModified\":\"2026-04-14T13:14:21+00:00\",\"description\":\"G 130\\\/150 \u00d8 Geruchsverschluss \u2013 f\u00fcr Bodenabl\u00e4ufe. Hygienisch, chemiefrei & einfach nachr\u00fcstbar gegen unangenehme Ger\u00fcche.\",\"breadcrumb\":{\"@id\":\"https:\\\/\\\/sanicus.de\\\/produkt\\\/g-130-150-o\\\/#breadcrumb\"},\"inLanguage\":\"ro-RO\",\"potentialAction\":[{\"@type\":\"ReadAction\",\"target\":[\"https:\\\/\\\/sanicus.de\\\/produkt\\\/g-130-150-o\\\/\"]}]},{\"@type\":\"ImageObject\",\"inLanguage\":\"ro-RO\",\"@id\":\"https:\\\/\\\/sanicus.de\\\/produkt\\\/g-130-150-o\\\/#primaryimage\",\"url\":\"https:\\\/\\\/sanicus.de\\\/wp-content\\\/uploads\\\/2023\\\/12\\\/8714151-G-130-150-O.jpg\",\"contentUrl\":\"https:\\\/\\\/sanicus.de\\\/wp-content\\\/uploads\\\/2023\\\/12\\\/8714151-G-130-150-O.jpg\",\"width\":800,\"height\":800,\"caption\":\"8714151 - G 130 - 150 \u00d8\"},{\"@type\":\"BreadcrumbList\",\"@id\":\"https:\\\/\\\/sanicus.de\\\/produkt\\\/g-130-150-o\\\/#breadcrumb\",\"itemListElement\":[{\"@type\":\"ListItem\",\"position\":1,\"name\":\"Startseite\",\"item\":\"https:\\\/\\\/sanicus.de\\\/\"},{\"@type\":\"ListItem\",\"position\":2,\"name\":\"Sanicus Store\",\"item\":\"https:\\\/\\\/sanicus.de\\\/sanicus-store\\\/\"},{\"@type\":\"ListItem\",\"position\":3,\"name\":\"G 130 &#8211; 150 \u00d8\"}]},{\"@type\":\"WebSite\",\"@id\":\"https:\\\/\\\/sanicus.de\\\/#website\",\"url\":\"https:\\\/\\\/sanicus.de\\\/\",\"name\":\"sanicus.de\",\"description\":\"Sanit\u00e4r - Ausstattung\",\"publisher\":{\"@id\":\"https:\\\/\\\/sanicus.de\\\/#organization\"},\"potentialAction\":[{\"@type\":\"SearchAction\",\"target\":{\"@type\":\"EntryPoint\",\"urlTemplate\":\"https:\\\/\\\/sanicus.de\\\/?s={search_term_string}\"},\"query-input\":{\"@type\":\"PropertyValueSpecification\",\"valueRequired\":true,\"valueName\":\"search_term_string\"}}],\"inLanguage\":\"ro-RO\"},{\"@type\":\"Organization\",\"@id\":\"https:\\\/\\\/sanicus.de\\\/#organization\",\"name\":\"Sanicus GmbH\",\"url\":\"https:\\\/\\\/sanicus.de\\\/\",\"logo\":{\"@type\":\"ImageObject\",\"inLanguage\":\"ro-RO\",\"@id\":\"https:\\\/\\\/sanicus.de\\\/#\\\/schema\\\/logo\\\/image\\\/\",\"url\":\"https:\\\/\\\/sanicus.de\\\/wp-content\\\/uploads\\\/2021\\\/11\\\/Sanicus-Logo-Grau-2021.png\",\"contentUrl\":\"https:\\\/\\\/sanicus.de\\\/wp-content\\\/uploads\\\/2021\\\/11\\\/Sanicus-Logo-Grau-2021.png\",\"width\":1382,\"height\":397,\"caption\":\"Sanicus GmbH\"},\"image\":{\"@id\":\"https:\\\/\\\/sanicus.de\\\/#\\\/schema\\\/logo\\\/image\\\/\"},\"sameAs\":[\"https:\\\/\\\/www.facebook.com\\\/Sanicus\\\/\"]}]}<\/script>\n<!-- \/ Yoast SEO Premium plugin. -->","yoast_head_json":{"title":"G 130 - 150 \u00d8 - sanicus.de","description":"G 130\/150 \u00d8 Geruchsverschluss \u2013 f\u00fcr Bodenabl\u00e4ufe. Hygienisch, chemiefrei & einfach nachr\u00fcstbar gegen unangenehme Ger\u00fcche.","robots":{"index":"index","follow":"follow","max-snippet":"max-snippet:-1","max-image-preview":"max-image-preview:large","max-video-preview":"max-video-preview:-1"},"canonical":"https:\/\/sanicus.de\/ro\/produs\/g-130-150-o\/","og_locale":"ro_RO","og_type":"article","og_title":"G 130 - 150 \u00d8","og_description":"G 130\/150 \u00d8 Geruchsverschluss \u2013 f\u00fcr Bodenabl\u00e4ufe. Hygienisch, chemiefrei & einfach nachr\u00fcstbar gegen unangenehme Ger\u00fcche.","og_url":"https:\/\/sanicus.de\/ro\/produs\/g-130-150-o\/","og_site_name":"sanicus.de","article_publisher":"https:\/\/www.facebook.com\/Sanicus\/","article_modified_time":"2026-04-14T13:14:21+00:00","og_image":[{"width":800,"height":800,"url":"https:\/\/sanicus.de\/wp-content\/uploads\/2023\/12\/8714151-G-130-150-O.jpg","type":"image\/jpeg"}],"twitter_card":"summary_large_image","twitter_misc":{"Timp estimat pentru citire":"1 minut"},"schema":{"@context":"https:\/\/schema.org","@graph":[{"@type":"WebPage","@id":"https:\/\/sanicus.de\/produkt\/g-130-150-o\/","url":"https:\/\/sanicus.de\/produkt\/g-130-150-o\/","name":"G 130 - 150 \u00d8 - sanicus.de","isPartOf":{"@id":"https:\/\/sanicus.de\/#website"},"primaryImageOfPage":{"@id":"https:\/\/sanicus.de\/produkt\/g-130-150-o\/#primaryimage"},"image":{"@id":"https:\/\/sanicus.de\/produkt\/g-130-150-o\/#primaryimage"},"thumbnailUrl":"https:\/\/sanicus.de\/wp-content\/uploads\/2023\/12\/8714151-G-130-150-O.jpg","datePublished":"2023-11-30T01:13:27+00:00","dateModified":"2026-04-14T13:14:21+00:00","description":"G 130\/150 \u00d8 Geruchsverschluss \u2013 f\u00fcr Bodenabl\u00e4ufe. Hygienisch, chemiefrei & einfach nachr\u00fcstbar gegen unangenehme Ger\u00fcche.","breadcrumb":{"@id":"https:\/\/sanicus.de\/produkt\/g-130-150-o\/#breadcrumb"},"inLanguage":"ro-RO","potentialAction":[{"@type":"ReadAction","target":["https:\/\/sanicus.de\/produkt\/g-130-150-o\/"]}]},{"@type":"ImageObject","inLanguage":"ro-RO","@id":"https:\/\/sanicus.de\/produkt\/g-130-150-o\/#primaryimage","url":"https:\/\/sanicus.de\/wp-content\/uploads\/2023\/12\/8714151-G-130-150-O.jpg","contentUrl":"https:\/\/sanicus.de\/wp-content\/uploads\/2023\/12\/8714151-G-130-150-O.jpg","width":800,"height":800,"caption":"8714151 - G 130 - 150 \u00d8"},{"@type":"BreadcrumbList","@id":"https:\/\/sanicus.de\/produkt\/g-130-150-o\/#breadcrumb","itemListElement":[{"@type":"ListItem","position":1,"name":"Startseite","item":"https:\/\/sanicus.de\/"},{"@type":"ListItem","position":2,"name":"Sanicus Store","item":"https:\/\/sanicus.de\/sanicus-store\/"},{"@type":"ListItem","position":3,"name":"G 130 &#8211; 150 \u00d8"}]},{"@type":"WebSite","@id":"https:\/\/sanicus.de\/#website","url":"https:\/\/sanicus.de\/","name":"sanicus.de","description":"Sanit\u00e4r - Ausstattung","publisher":{"@id":"https:\/\/sanicus.de\/#organization"},"potentialAction":[{"@type":"SearchAction","target":{"@type":"EntryPoint","urlTemplate":"https:\/\/sanicus.de\/?s={search_term_string}"},"query-input":{"@type":"PropertyValueSpecification","valueRequired":true,"valueName":"search_term_string"}}],"inLanguage":"ro-RO"},{"@type":"Organization","@id":"https:\/\/sanicus.de\/#organization","name":"Sanicus GmbH","url":"https:\/\/sanicus.de\/","logo":{"@type":"ImageObject","inLanguage":"ro-RO","@id":"https:\/\/sanicus.de\/#\/schema\/logo\/image\/","url":"https:\/\/sanicus.de\/wp-content\/uploads\/2021\/11\/Sanicus-Logo-Grau-2021.png","contentUrl":"https:\/\/sanicus.de\/wp-content\/uploads\/2021\/11\/Sanicus-Logo-Grau-2021.png","width":1382,"height":397,"caption":"Sanicus GmbH"},"image":{"@id":"https:\/\/sanicus.de\/#\/schema\/logo\/image\/"},"sameAs":["https:\/\/www.facebook.com\/Sanicus\/"]}]}},"_links":{"self":[{"href":"https:\/\/sanicus.de\/ro\/wp-json\/wp\/v2\/product\/30617","targetHints":{"allow":["GET"]}}],"collection":[{"href":"https:\/\/sanicus.de\/ro\/wp-json\/wp\/v2\/product"}],"about":[{"href":"https:\/\/sanicus.de\/ro\/wp-json\/wp\/v2\/types\/product"}],"version-history":[{"count":3,"href":"https:\/\/sanicus.de\/ro\/wp-json\/wp\/v2\/product\/30617\/revisions"}],"predecessor-version":[{"id":32949,"href":"https:\/\/sanicus.de\/ro\/wp-json\/wp\/v2\/product\/30617\/revisions\/32949"}],"wp:featuredmedia":[{"embeddable":true,"href":"https:\/\/sanicus.de\/ro\/wp-json\/wp\/v2\/media\/31025"}],"wp:attachment":[{"href":"https:\/\/sanicus.de\/ro\/wp-json\/wp\/v2\/media?parent=30617"}],"wp:term":[{"taxonomy":"product_brand","embeddable":true,"href":"https:\/\/sanicus.de\/ro\/wp-json\/wp\/v2\/product_brand?post=30617"},{"taxonomy":"product_cat","embeddable":true,"href":"https:\/\/sanicus.de\/ro\/wp-json\/wp\/v2\/product_cat?post=30617"},{"taxonomy":"product_tag","embeddable":true,"href":"https:\/\/sanicus.de\/ro\/wp-json\/wp\/v2\/product_tag?post=30617"}],"curies":[{"name":"wp","href":"https:\/\/api.w.org\/{rel}","templated":true}]}}