{"id":30645,"date":"2023-11-30T07:18:42","date_gmt":"2023-11-30T06:18:42","guid":{"rendered":"https:\/\/sanicus.de\/produkt\/fc2g-6er-box-zing\/"},"modified":"2026-04-13T16:24:03","modified_gmt":"2026-04-13T14:24:03","slug":"fc2g-6er-box-zing","status":"publish","type":"product","link":"https:\/\/sanicus.de\/ro\/produkt\/fc2g-6er-box-zing\/","title":{"rendered":"FC2g &#8211; 6er Box- zing"},"content":{"rendered":"<h4>FC2G 6er Box Zing \u2013 Duftkartuschen f\u00fcr ein belebendes Raumklima<\/h4>\n<p>Die <strong>FC2G 6er Box Zing Duftkartuschen<\/strong> ist die perfekte Wahl f\u00fcr alle, die eine frische, belebende Duftnote in ihren R\u00e4umen schaffen m\u00f6chten. Das praktische Vorratspack enth\u00e4lt sechs Kartuschen mit der Duftkomposition Zing, die eine angenehm klare Atmosph\u00e4re erzeugt und unaufdringlich f\u00fcr gepflegte Raumluft sorgt. Ob im Sanit\u00e4rbereich, in Fitnessstudios, B\u00fcros, Hotels oder Gastronomie \u2013 der Duft Zing vermittelt \u00fcberall Sauberkeit und Frische.<\/p>\n<p>Die Duftnote Zing zeichnet sich durch ihre lebendige, leicht zitronige Frische aus, die den Raum sofort aufwertet. Die gleichm\u00e4\u00dfige Duftabgabe garantiert ein konstantes Geruchsniveau \u00fcber den gesamten Nutzungszeitraum hinweg. So entsteht eine einladende Atmosph\u00e4re, die Kunden, G\u00e4ste oder Mitarbeiter positiv wahrnehmen und mit Professionalit\u00e4t verbinden.<\/p>\n<p>Jede Kartusche ist hygienisch luftdicht verschlossen und bis zur Verwendung optimal gesch\u00fctzt. Nach dem Einsetzen in den Sanicus F2 Duftspender entfaltet sich der Duft innerhalb k\u00fcrzester Zeit und wirkt dauerhaft \u00fcber mehrere Wochen. Der Austausch gelingt in wenigen Sekunden, ohne dass Sie Werkzeug oder spezielles Zubeh\u00f6r ben\u00f6tigen.<\/p>\n<p>Mit dem 6er Pack sparen Sie Zeit und Aufwand, da Sie sich l\u00e4ngerfristig bevorraten k\u00f6nnen. Gerade bei mehreren Ger\u00e4ten oder stark frequentierten Bereichen ist dies ein erheblicher Vorteil. So haben Sie stets gen\u00fcgend Kartuschen verf\u00fcgbar, um jederzeit f\u00fcr ein gleichbleibendes Raumklima zu sorgen. Gleichzeitig profitieren Sie im Vergleich zum Einzelkauf von einem attraktiven Preis-Leistungs-Verh\u00e4ltnis.<\/p>\n<p>Die FC2G Zing Kartuschen sind exakt auf den Sanicus F2 Duftspender abgestimmt. Das effiziente Spr\u00fchsystem sorgt f\u00fcr eine gleichm\u00e4\u00dfige Verteilung der Duftstoffe im Raum und neutralisiert zuverl\u00e4ssig unerw\u00fcnschte Ger\u00fcche. So bleibt der professionelle Eindruck Ihrer Einrichtung jederzeit erhalten.<\/p>\n<h5>Produktvorteile auf einen Blick<\/h5>\n<ul>\n<li><strong>Frischer Duft:<\/strong> Zing verleiht R\u00e4umen eine lebendige, saubere Note<\/li>\n<li><strong>6er Vorratspack:<\/strong> wirtschaftlich, effizient und jederzeit verf\u00fcgbar<\/li>\n<li><strong>Hygienisch verpackt:<\/strong> luftdicht bis zum Einsatz<\/li>\n<li><strong>Einfache Handhabung:<\/strong> schneller Kartuschenwechsel ohne Werkzeug<\/li>\n<li><strong>Kompatibel:<\/strong> f\u00fcr alle Sanicus F2 Duftspender geeignet<\/li>\n<\/ul>\n<p>Mit der <strong>FC2G 6er Box Zing<\/strong> sorgen Sie jederzeit f\u00fcr frische, einladende Raumluft \u2013 einfach, hygienisch und professionell.<\/p>","protected":false},"excerpt":{"rendered":"<p>Duftkartusche Zing f\u00fcr Sanicus F2 DuftspenderInhalt: 35 ml, Duftnote: Mandarine &amp; Orange, Intensit\u00e4t: 3, 6 St\u00fcck\/VE<\/p>","protected":false},"featured_media":30995,"template":"","meta":{"site-sidebar-layout":"default","site-content-layout":"default","ast-site-content-layout":"default","site-content-style":"default","site-sidebar-style":"default","ast-global-header-display":"","ast-banner-title-visibility":"","ast-main-header-display":"","ast-hfb-above-header-display":"","ast-hfb-below-header-display":"","ast-hfb-mobile-header-display":"","site-post-title":"","ast-breadcrumbs-content":"","ast-featured-img":"","footer-sml-layout":"","ast-disable-related-posts":"","theme-transparent-header-meta":"default","adv-header-id-meta":"","stick-header-meta":"","header-above-stick-meta":"","header-main-stick-meta":"","header-below-stick-meta":"","astra-migrate-meta-layouts":"set","ast-page-background-enabled":"default","ast-page-background-meta":{"desktop":{"background-color":"","background-image":"","background-repeat":"repeat","background-position":"center center","background-size":"auto","background-attachment":"scroll","background-type":"","background-media":"","overlay-type":"","overlay-color":"","overlay-opacity":"","overlay-gradient":""},"tablet":{"background-color":"","background-image":"","background-repeat":"repeat","background-position":"center center","background-size":"auto","background-attachment":"scroll","background-type":"","background-media":"","overlay-type":"","overlay-color":"","overlay-opacity":"","overlay-gradient":""},"mobile":{"background-color":"","background-image":"","background-repeat":"repeat","background-position":"center center","background-size":"auto","background-attachment":"scroll","background-type":"","background-media":"","overlay-type":"","overlay-color":"","overlay-opacity":"","overlay-gradient":""}},"ast-content-background-meta":{"desktop":{"background-color":"var(--ast-global-color-5)","background-image":"","background-repeat":"repeat","background-position":"center center","background-size":"auto","background-attachment":"scroll","background-type":"","background-media":"","overlay-type":"","overlay-color":"","overlay-opacity":"","overlay-gradient":""},"tablet":{"background-color":"var(--ast-global-color-5)","background-image":"","background-repeat":"repeat","background-position":"center center","background-size":"auto","background-attachment":"scroll","background-type":"","background-media":"","overlay-type":"","overlay-color":"","overlay-opacity":"","overlay-gradient":""},"mobile":{"background-color":"var(--ast-global-color-5)","background-image":"","background-repeat":"repeat","background-position":"center center","background-size":"auto","background-attachment":"scroll","background-type":"","background-media":"","overlay-type":"","overlay-color":"","overlay-opacity":"","overlay-gradient":""}}},"product_brand":[],"product_cat":[162],"product_tag":[],"class_list":{"0":"post-30645","1":"product","2":"type-product","3":"status-publish","4":"has-post-thumbnail","6":"product_cat-f2-duefte-und-spender","7":"desktop-align-left","8":"tablet-align-left","9":"mobile-align-left","11":"first","12":"instock","13":"taxable","14":"shipping-taxable","15":"purchasable","16":"product-type-simple"},"yoast_head":"<!-- This site is optimized with the Yoast SEO Premium plugin v27.3 (Yoast SEO v27.4) - https:\/\/yoast.com\/product\/yoast-seo-premium-wordpress\/ -->\n<title>FC2g - 6er Box- zing - sanicus.de<\/title>\n<meta name=\"description\" content=\"FC2G 6er Box Zing \u2013 Duftkartuschen f\u00fcr Sanicus F2 Spender. Frischer Raumduft, hygienisch &amp; effizient im praktischen Vorratspack.\" \/>\n<meta name=\"robots\" content=\"index, follow, max-snippet:-1, max-image-preview:large, max-video-preview:-1\" \/>\n<link rel=\"canonical\" href=\"https:\/\/sanicus.de\/ro\/produs\/fc2g-6er-box-zing\/\" \/>\n<meta property=\"og:locale\" content=\"ro_RO\" \/>\n<meta property=\"og:type\" content=\"article\" \/>\n<meta property=\"og:title\" content=\"FC2g - 6er Box- zing\" \/>\n<meta property=\"og:description\" content=\"FC2G 6er Box Zing \u2013 Duftkartuschen f\u00fcr Sanicus F2 Spender. Frischer Raumduft, hygienisch &amp; effizient im praktischen Vorratspack.\" \/>\n<meta property=\"og:url\" content=\"https:\/\/sanicus.de\/ro\/produs\/fc2g-6er-box-zing\/\" \/>\n<meta property=\"og:site_name\" content=\"sanicus.de\" \/>\n<meta property=\"article:publisher\" content=\"https:\/\/www.facebook.com\/Sanicus\/\" \/>\n<meta property=\"article:modified_time\" content=\"2026-04-13T14:24:03+00:00\" \/>\n<meta property=\"og:image\" content=\"https:\/\/sanicus.de\/wp-content\/uploads\/2023\/12\/8622366-F2-Zing.png\" \/>\n\t<meta property=\"og:image:width\" content=\"800\" \/>\n\t<meta property=\"og:image:height\" content=\"800\" \/>\n\t<meta property=\"og:image:type\" content=\"image\/png\" \/>\n<meta name=\"twitter:card\" content=\"summary_large_image\" \/>\n<meta name=\"twitter:label1\" content=\"Timp estimat pentru citire\" \/>\n\t<meta name=\"twitter:data1\" content=\"1 minut\" \/>\n<script type=\"application\/ld+json\" class=\"yoast-schema-graph\">{\"@context\":\"https:\\\/\\\/schema.org\",\"@graph\":[{\"@type\":\"WebPage\",\"@id\":\"https:\\\/\\\/sanicus.de\\\/produkt\\\/fc2g-6er-box-zing\\\/\",\"url\":\"https:\\\/\\\/sanicus.de\\\/produkt\\\/fc2g-6er-box-zing\\\/\",\"name\":\"FC2g - 6er Box- zing - sanicus.de\",\"isPartOf\":{\"@id\":\"https:\\\/\\\/sanicus.de\\\/#website\"},\"primaryImageOfPage\":{\"@id\":\"https:\\\/\\\/sanicus.de\\\/produkt\\\/fc2g-6er-box-zing\\\/#primaryimage\"},\"image\":{\"@id\":\"https:\\\/\\\/sanicus.de\\\/produkt\\\/fc2g-6er-box-zing\\\/#primaryimage\"},\"thumbnailUrl\":\"https:\\\/\\\/sanicus.de\\\/wp-content\\\/uploads\\\/2023\\\/12\\\/8622366-F2-Zing.png\",\"datePublished\":\"2023-11-30T06:18:42+00:00\",\"dateModified\":\"2026-04-13T14:24:03+00:00\",\"description\":\"FC2G 6er Box Zing \u2013 Duftkartuschen f\u00fcr Sanicus F2 Spender. Frischer Raumduft, hygienisch & effizient im praktischen Vorratspack.\",\"breadcrumb\":{\"@id\":\"https:\\\/\\\/sanicus.de\\\/produkt\\\/fc2g-6er-box-zing\\\/#breadcrumb\"},\"inLanguage\":\"ro-RO\",\"potentialAction\":[{\"@type\":\"ReadAction\",\"target\":[\"https:\\\/\\\/sanicus.de\\\/produkt\\\/fc2g-6er-box-zing\\\/\"]}]},{\"@type\":\"ImageObject\",\"inLanguage\":\"ro-RO\",\"@id\":\"https:\\\/\\\/sanicus.de\\\/produkt\\\/fc2g-6er-box-zing\\\/#primaryimage\",\"url\":\"https:\\\/\\\/sanicus.de\\\/wp-content\\\/uploads\\\/2023\\\/12\\\/8622366-F2-Zing.png\",\"contentUrl\":\"https:\\\/\\\/sanicus.de\\\/wp-content\\\/uploads\\\/2023\\\/12\\\/8622366-F2-Zing.png\",\"width\":800,\"height\":800,\"caption\":\"8622366 F2 Zing\"},{\"@type\":\"BreadcrumbList\",\"@id\":\"https:\\\/\\\/sanicus.de\\\/produkt\\\/fc2g-6er-box-zing\\\/#breadcrumb\",\"itemListElement\":[{\"@type\":\"ListItem\",\"position\":1,\"name\":\"Startseite\",\"item\":\"https:\\\/\\\/sanicus.de\\\/\"},{\"@type\":\"ListItem\",\"position\":2,\"name\":\"Sanicus Store\",\"item\":\"https:\\\/\\\/sanicus.de\\\/sanicus-store\\\/\"},{\"@type\":\"ListItem\",\"position\":3,\"name\":\"FC2g &#8211; 6er Box- zing\"}]},{\"@type\":\"WebSite\",\"@id\":\"https:\\\/\\\/sanicus.de\\\/#website\",\"url\":\"https:\\\/\\\/sanicus.de\\\/\",\"name\":\"sanicus.de\",\"description\":\"Sanit\u00e4r - Ausstattung\",\"publisher\":{\"@id\":\"https:\\\/\\\/sanicus.de\\\/#organization\"},\"potentialAction\":[{\"@type\":\"SearchAction\",\"target\":{\"@type\":\"EntryPoint\",\"urlTemplate\":\"https:\\\/\\\/sanicus.de\\\/?s={search_term_string}\"},\"query-input\":{\"@type\":\"PropertyValueSpecification\",\"valueRequired\":true,\"valueName\":\"search_term_string\"}}],\"inLanguage\":\"ro-RO\"},{\"@type\":\"Organization\",\"@id\":\"https:\\\/\\\/sanicus.de\\\/#organization\",\"name\":\"Sanicus GmbH\",\"url\":\"https:\\\/\\\/sanicus.de\\\/\",\"logo\":{\"@type\":\"ImageObject\",\"inLanguage\":\"ro-RO\",\"@id\":\"https:\\\/\\\/sanicus.de\\\/#\\\/schema\\\/logo\\\/image\\\/\",\"url\":\"https:\\\/\\\/sanicus.de\\\/wp-content\\\/uploads\\\/2021\\\/11\\\/Sanicus-Logo-Grau-2021.png\",\"contentUrl\":\"https:\\\/\\\/sanicus.de\\\/wp-content\\\/uploads\\\/2021\\\/11\\\/Sanicus-Logo-Grau-2021.png\",\"width\":1382,\"height\":397,\"caption\":\"Sanicus GmbH\"},\"image\":{\"@id\":\"https:\\\/\\\/sanicus.de\\\/#\\\/schema\\\/logo\\\/image\\\/\"},\"sameAs\":[\"https:\\\/\\\/www.facebook.com\\\/Sanicus\\\/\"]}]}<\/script>\n<!-- \/ Yoast SEO Premium plugin. -->","yoast_head_json":{"title":"FC2g - 6er Box- zing - sanicus.de","description":"FC2G 6er Box Zing \u2013 Duftkartuschen f\u00fcr Sanicus F2 Spender. Frischer Raumduft, hygienisch & effizient im praktischen Vorratspack.","robots":{"index":"index","follow":"follow","max-snippet":"max-snippet:-1","max-image-preview":"max-image-preview:large","max-video-preview":"max-video-preview:-1"},"canonical":"https:\/\/sanicus.de\/ro\/produs\/fc2g-6er-box-zing\/","og_locale":"ro_RO","og_type":"article","og_title":"FC2g - 6er Box- zing","og_description":"FC2G 6er Box Zing \u2013 Duftkartuschen f\u00fcr Sanicus F2 Spender. Frischer Raumduft, hygienisch & effizient im praktischen Vorratspack.","og_url":"https:\/\/sanicus.de\/ro\/produs\/fc2g-6er-box-zing\/","og_site_name":"sanicus.de","article_publisher":"https:\/\/www.facebook.com\/Sanicus\/","article_modified_time":"2026-04-13T14:24:03+00:00","og_image":[{"width":800,"height":800,"url":"https:\/\/sanicus.de\/wp-content\/uploads\/2023\/12\/8622366-F2-Zing.png","type":"image\/png"}],"twitter_card":"summary_large_image","twitter_misc":{"Timp estimat pentru citire":"1 minut"},"schema":{"@context":"https:\/\/schema.org","@graph":[{"@type":"WebPage","@id":"https:\/\/sanicus.de\/produkt\/fc2g-6er-box-zing\/","url":"https:\/\/sanicus.de\/produkt\/fc2g-6er-box-zing\/","name":"FC2g - 6er Box- zing - sanicus.de","isPartOf":{"@id":"https:\/\/sanicus.de\/#website"},"primaryImageOfPage":{"@id":"https:\/\/sanicus.de\/produkt\/fc2g-6er-box-zing\/#primaryimage"},"image":{"@id":"https:\/\/sanicus.de\/produkt\/fc2g-6er-box-zing\/#primaryimage"},"thumbnailUrl":"https:\/\/sanicus.de\/wp-content\/uploads\/2023\/12\/8622366-F2-Zing.png","datePublished":"2023-11-30T06:18:42+00:00","dateModified":"2026-04-13T14:24:03+00:00","description":"FC2G 6er Box Zing \u2013 Duftkartuschen f\u00fcr Sanicus F2 Spender. Frischer Raumduft, hygienisch & effizient im praktischen Vorratspack.","breadcrumb":{"@id":"https:\/\/sanicus.de\/produkt\/fc2g-6er-box-zing\/#breadcrumb"},"inLanguage":"ro-RO","potentialAction":[{"@type":"ReadAction","target":["https:\/\/sanicus.de\/produkt\/fc2g-6er-box-zing\/"]}]},{"@type":"ImageObject","inLanguage":"ro-RO","@id":"https:\/\/sanicus.de\/produkt\/fc2g-6er-box-zing\/#primaryimage","url":"https:\/\/sanicus.de\/wp-content\/uploads\/2023\/12\/8622366-F2-Zing.png","contentUrl":"https:\/\/sanicus.de\/wp-content\/uploads\/2023\/12\/8622366-F2-Zing.png","width":800,"height":800,"caption":"8622366 F2 Zing"},{"@type":"BreadcrumbList","@id":"https:\/\/sanicus.de\/produkt\/fc2g-6er-box-zing\/#breadcrumb","itemListElement":[{"@type":"ListItem","position":1,"name":"Startseite","item":"https:\/\/sanicus.de\/"},{"@type":"ListItem","position":2,"name":"Sanicus Store","item":"https:\/\/sanicus.de\/sanicus-store\/"},{"@type":"ListItem","position":3,"name":"FC2g &#8211; 6er Box- zing"}]},{"@type":"WebSite","@id":"https:\/\/sanicus.de\/#website","url":"https:\/\/sanicus.de\/","name":"sanicus.de","description":"Sanit\u00e4r - Ausstattung","publisher":{"@id":"https:\/\/sanicus.de\/#organization"},"potentialAction":[{"@type":"SearchAction","target":{"@type":"EntryPoint","urlTemplate":"https:\/\/sanicus.de\/?s={search_term_string}"},"query-input":{"@type":"PropertyValueSpecification","valueRequired":true,"valueName":"search_term_string"}}],"inLanguage":"ro-RO"},{"@type":"Organization","@id":"https:\/\/sanicus.de\/#organization","name":"Sanicus GmbH","url":"https:\/\/sanicus.de\/","logo":{"@type":"ImageObject","inLanguage":"ro-RO","@id":"https:\/\/sanicus.de\/#\/schema\/logo\/image\/","url":"https:\/\/sanicus.de\/wp-content\/uploads\/2021\/11\/Sanicus-Logo-Grau-2021.png","contentUrl":"https:\/\/sanicus.de\/wp-content\/uploads\/2021\/11\/Sanicus-Logo-Grau-2021.png","width":1382,"height":397,"caption":"Sanicus GmbH"},"image":{"@id":"https:\/\/sanicus.de\/#\/schema\/logo\/image\/"},"sameAs":["https:\/\/www.facebook.com\/Sanicus\/"]}]}},"_links":{"self":[{"href":"https:\/\/sanicus.de\/ro\/wp-json\/wp\/v2\/product\/30645","targetHints":{"allow":["GET"]}}],"collection":[{"href":"https:\/\/sanicus.de\/ro\/wp-json\/wp\/v2\/product"}],"about":[{"href":"https:\/\/sanicus.de\/ro\/wp-json\/wp\/v2\/types\/product"}],"version-history":[{"count":5,"href":"https:\/\/sanicus.de\/ro\/wp-json\/wp\/v2\/product\/30645\/revisions"}],"predecessor-version":[{"id":32943,"href":"https:\/\/sanicus.de\/ro\/wp-json\/wp\/v2\/product\/30645\/revisions\/32943"}],"wp:featuredmedia":[{"embeddable":true,"href":"https:\/\/sanicus.de\/ro\/wp-json\/wp\/v2\/media\/30995"}],"wp:attachment":[{"href":"https:\/\/sanicus.de\/ro\/wp-json\/wp\/v2\/media?parent=30645"}],"wp:term":[{"taxonomy":"product_brand","embeddable":true,"href":"https:\/\/sanicus.de\/ro\/wp-json\/wp\/v2\/product_brand?post=30645"},{"taxonomy":"product_cat","embeddable":true,"href":"https:\/\/sanicus.de\/ro\/wp-json\/wp\/v2\/product_cat?post=30645"},{"taxonomy":"product_tag","embeddable":true,"href":"https:\/\/sanicus.de\/ro\/wp-json\/wp\/v2\/product_tag?post=30645"}],"curies":[{"name":"wp","href":"https:\/\/api.w.org\/{rel}","templated":true}]}}