{"id":30647,"date":"2023-11-30T07:18:44","date_gmt":"2023-11-30T06:18:44","guid":{"rendered":"https:\/\/sanicus.de\/produkt\/fc2g-6er-box-spa\/"},"modified":"2026-04-13T16:23:47","modified_gmt":"2026-04-13T14:23:47","slug":"fc2g-6er-box-spa","status":"publish","type":"product","link":"https:\/\/sanicus.de\/ro\/produkt\/fc2g-6er-box-spa\/","title":{"rendered":"FC2g &#8211; 6er Box- spa"},"content":{"rendered":"<h4>FC2G 6er Box Spa \u2013 Duftkartuschen f\u00fcr entspannte Frische<\/h4>\n<p>Die <strong>FC2G 6er Box Spa Duftkartuschen<\/strong> sind die ideale Nachf\u00fclll\u00f6sung f\u00fcr alle Sanicus F2 Duftspender und sorgen f\u00fcr ein dauerhaft angenehmes Raumklima. Dieses Vorratspack enth\u00e4lt sechs hochwertige Kartuschen mit der Duftnote Spa \u2013 eine wohltuende Komposition, die Frische und dezente Entspannung vermittelt. Ob in Fitnessstudios, Wellnessbereichen, Eingangsbereichen, Hotelzimmern oder Sanit\u00e4ranlagen: Der Duft Spa schafft \u00fcberall ein gepflegtes, beruhigendes Ambiente.<\/p>\n<p>Die Duftnote Spa verbindet frische und warme Nuancen, die den Raum dezent aufwerten, ohne aufdringlich zu wirken. Dank der gleichm\u00e4\u00dfigen Wirkstoffabgabe bleibt die Duftintensit\u00e4t konstant \u2013 auch bei starker Nutzung. So entsteht ein dauerhaft angenehmes Raumgef\u00fchl, das Kunden, G\u00e4ste oder Mitarbeiter positiv wahrnehmen.<\/p>\n<p>Jede Kartusche ist luftdicht versiegelt und bleibt bis zum Gebrauch hygienisch gesch\u00fctzt. Nach dem Einsetzen in den Duftspender entfaltet sich der Duft innerhalb weniger Minuten und sorgt f\u00fcr kontinuierliche Frische \u00fcber mehrere Wochen hinweg. Das Einsetzen der Kartuschen ist denkbar einfach: alte Kartusche herausnehmen, neue einstecken \u2013 fertig.<\/p>\n<p>Das 6er Vorratspack reduziert den Bestell- und Organisationsaufwand erheblich. Sie statten mehrere Ger\u00e4te gleichzeitig aus oder legen sich einen Vorrat an, um jederzeit Nachf\u00fcllungen griffbereit zu haben. Gerade in stark frequentierten Objekten sind Verf\u00fcgbarkeit und unkomplizierter Austausch ein entscheidender Vorteil. Gleichzeitig sparen Sie im Vergleich zum Einzelkauf der Kartuschen und profitieren von einer wirtschaftlichen L\u00f6sung.<\/p>\n<p>Die FC2G Spa Kartuschen sind speziell f\u00fcr die Sanicus F2 Duftspender entwickelt und sorgen in Kombination mit dem feinen Vernebelungssystem f\u00fcr eine gleichm\u00e4\u00dfige Verteilung der Duftstoffe. So wird unerw\u00fcnschten Ger\u00fcchen effektiv entgegengewirkt und ein durchgehend gepflegter Eindruck hinterlassen.<\/p>\n<h5>Produktvorteile auf einen Blick<\/h5>\n<ul>\n<li><strong>Wohltuender Duft:<\/strong> Spa sorgt f\u00fcr eine entspannte, frische Atmosph\u00e4re<\/li>\n<li><strong>6er Vorratspack:<\/strong> ideal f\u00fcr l\u00e4ngere Einsatzzeiten oder mehrere Ger\u00e4te<\/li>\n<li><strong>Hygienisch verpackt:<\/strong> luftdicht versiegelt bis zur Verwendung<\/li>\n<li><strong>Einfache Anwendung:<\/strong> schneller Kartuschenwechsel ohne Werkzeug<\/li>\n<li><strong>Kompatibel:<\/strong> passend f\u00fcr alle Sanicus F2 Duftspender<\/li>\n<\/ul>\n<p>Mit der <strong>FC2G 6er Box Spa<\/strong> entscheiden Sie sich f\u00fcr eine professionelle L\u00f6sung, die dauerhaft f\u00fcr ein gepflegtes, entspanntes Raumklima sorgt \u2013 Tag f\u00fcr Tag.<\/p>","protected":false},"excerpt":{"rendered":"<p>Duftkartusche Spa f\u00fcr Sanicus F2 DuftspenderInhalt: 35 ml, Duftnote: Lavendel &amp; Kr\u00e4uter, Intensit\u00e4t: 4, 6 St\u00fcck\/VE<\/p>","protected":false},"featured_media":30996,"template":"","meta":{"site-sidebar-layout":"default","site-content-layout":"default","ast-site-content-layout":"default","site-content-style":"default","site-sidebar-style":"default","ast-global-header-display":"","ast-banner-title-visibility":"","ast-main-header-display":"","ast-hfb-above-header-display":"","ast-hfb-below-header-display":"","ast-hfb-mobile-header-display":"","site-post-title":"","ast-breadcrumbs-content":"","ast-featured-img":"","footer-sml-layout":"","ast-disable-related-posts":"","theme-transparent-header-meta":"default","adv-header-id-meta":"","stick-header-meta":"","header-above-stick-meta":"","header-main-stick-meta":"","header-below-stick-meta":"","astra-migrate-meta-layouts":"set","ast-page-background-enabled":"default","ast-page-background-meta":{"desktop":{"background-color":"","background-image":"","background-repeat":"repeat","background-position":"center center","background-size":"auto","background-attachment":"scroll","background-type":"","background-media":"","overlay-type":"","overlay-color":"","overlay-opacity":"","overlay-gradient":""},"tablet":{"background-color":"","background-image":"","background-repeat":"repeat","background-position":"center center","background-size":"auto","background-attachment":"scroll","background-type":"","background-media":"","overlay-type":"","overlay-color":"","overlay-opacity":"","overlay-gradient":""},"mobile":{"background-color":"","background-image":"","background-repeat":"repeat","background-position":"center center","background-size":"auto","background-attachment":"scroll","background-type":"","background-media":"","overlay-type":"","overlay-color":"","overlay-opacity":"","overlay-gradient":""}},"ast-content-background-meta":{"desktop":{"background-color":"var(--ast-global-color-5)","background-image":"","background-repeat":"repeat","background-position":"center center","background-size":"auto","background-attachment":"scroll","background-type":"","background-media":"","overlay-type":"","overlay-color":"","overlay-opacity":"","overlay-gradient":""},"tablet":{"background-color":"var(--ast-global-color-5)","background-image":"","background-repeat":"repeat","background-position":"center center","background-size":"auto","background-attachment":"scroll","background-type":"","background-media":"","overlay-type":"","overlay-color":"","overlay-opacity":"","overlay-gradient":""},"mobile":{"background-color":"var(--ast-global-color-5)","background-image":"","background-repeat":"repeat","background-position":"center center","background-size":"auto","background-attachment":"scroll","background-type":"","background-media":"","overlay-type":"","overlay-color":"","overlay-opacity":"","overlay-gradient":""}}},"product_brand":[],"product_cat":[162],"product_tag":[],"class_list":{"0":"post-30647","1":"product","2":"type-product","3":"status-publish","4":"has-post-thumbnail","6":"product_cat-f2-duefte-und-spender","7":"desktop-align-left","8":"tablet-align-left","9":"mobile-align-left","11":"first","12":"instock","13":"taxable","14":"shipping-taxable","15":"purchasable","16":"product-type-simple"},"yoast_head":"<!-- This site is optimized with the Yoast SEO Premium plugin v27.3 (Yoast SEO v27.4) - https:\/\/yoast.com\/product\/yoast-seo-premium-wordpress\/ -->\n<title>FC2g - 6er Box- spa - sanicus.de<\/title>\n<meta name=\"description\" content=\"FC2G 6er Box Spa \u2013 Duftkartuschen f\u00fcr Sanicus F2 Spender. Dezenter Raumduft, hygienisch &amp; effizient im praktischen Vorratspack.\" \/>\n<meta name=\"robots\" content=\"index, follow, max-snippet:-1, max-image-preview:large, max-video-preview:-1\" \/>\n<link rel=\"canonical\" href=\"https:\/\/sanicus.de\/ro\/produs\/fc2g-6er-box-spa\/\" \/>\n<meta property=\"og:locale\" content=\"ro_RO\" \/>\n<meta property=\"og:type\" content=\"article\" \/>\n<meta property=\"og:title\" content=\"FC2g - 6er Box- spa\" \/>\n<meta property=\"og:description\" content=\"FC2G 6er Box Spa \u2013 Duftkartuschen f\u00fcr Sanicus F2 Spender. Dezenter Raumduft, hygienisch &amp; effizient im praktischen Vorratspack.\" \/>\n<meta property=\"og:url\" content=\"https:\/\/sanicus.de\/ro\/produs\/fc2g-6er-box-spa\/\" \/>\n<meta property=\"og:site_name\" content=\"sanicus.de\" \/>\n<meta property=\"article:publisher\" content=\"https:\/\/www.facebook.com\/Sanicus\/\" \/>\n<meta property=\"article:modified_time\" content=\"2026-04-13T14:23:47+00:00\" \/>\n<meta property=\"og:image\" content=\"https:\/\/sanicus.de\/wp-content\/uploads\/2023\/12\/8622367-F2-Spa.png\" \/>\n\t<meta property=\"og:image:width\" content=\"800\" \/>\n\t<meta property=\"og:image:height\" content=\"800\" \/>\n\t<meta property=\"og:image:type\" content=\"image\/png\" \/>\n<meta name=\"twitter:card\" content=\"summary_large_image\" \/>\n<meta name=\"twitter:label1\" content=\"Timp estimat pentru citire\" \/>\n\t<meta name=\"twitter:data1\" content=\"1 minut\" \/>\n<script type=\"application\/ld+json\" class=\"yoast-schema-graph\">{\"@context\":\"https:\\\/\\\/schema.org\",\"@graph\":[{\"@type\":\"WebPage\",\"@id\":\"https:\\\/\\\/sanicus.de\\\/produkt\\\/fc2g-6er-box-spa\\\/\",\"url\":\"https:\\\/\\\/sanicus.de\\\/produkt\\\/fc2g-6er-box-spa\\\/\",\"name\":\"FC2g - 6er Box- spa - sanicus.de\",\"isPartOf\":{\"@id\":\"https:\\\/\\\/sanicus.de\\\/#website\"},\"primaryImageOfPage\":{\"@id\":\"https:\\\/\\\/sanicus.de\\\/produkt\\\/fc2g-6er-box-spa\\\/#primaryimage\"},\"image\":{\"@id\":\"https:\\\/\\\/sanicus.de\\\/produkt\\\/fc2g-6er-box-spa\\\/#primaryimage\"},\"thumbnailUrl\":\"https:\\\/\\\/sanicus.de\\\/wp-content\\\/uploads\\\/2023\\\/12\\\/8622367-F2-Spa.png\",\"datePublished\":\"2023-11-30T06:18:44+00:00\",\"dateModified\":\"2026-04-13T14:23:47+00:00\",\"description\":\"FC2G 6er Box Spa \u2013 Duftkartuschen f\u00fcr Sanicus F2 Spender. Dezenter Raumduft, hygienisch & effizient im praktischen Vorratspack.\",\"breadcrumb\":{\"@id\":\"https:\\\/\\\/sanicus.de\\\/produkt\\\/fc2g-6er-box-spa\\\/#breadcrumb\"},\"inLanguage\":\"ro-RO\",\"potentialAction\":[{\"@type\":\"ReadAction\",\"target\":[\"https:\\\/\\\/sanicus.de\\\/produkt\\\/fc2g-6er-box-spa\\\/\"]}]},{\"@type\":\"ImageObject\",\"inLanguage\":\"ro-RO\",\"@id\":\"https:\\\/\\\/sanicus.de\\\/produkt\\\/fc2g-6er-box-spa\\\/#primaryimage\",\"url\":\"https:\\\/\\\/sanicus.de\\\/wp-content\\\/uploads\\\/2023\\\/12\\\/8622367-F2-Spa.png\",\"contentUrl\":\"https:\\\/\\\/sanicus.de\\\/wp-content\\\/uploads\\\/2023\\\/12\\\/8622367-F2-Spa.png\",\"width\":800,\"height\":800,\"caption\":\"8622367 F2 Spa\"},{\"@type\":\"BreadcrumbList\",\"@id\":\"https:\\\/\\\/sanicus.de\\\/produkt\\\/fc2g-6er-box-spa\\\/#breadcrumb\",\"itemListElement\":[{\"@type\":\"ListItem\",\"position\":1,\"name\":\"Startseite\",\"item\":\"https:\\\/\\\/sanicus.de\\\/\"},{\"@type\":\"ListItem\",\"position\":2,\"name\":\"Sanicus Store\",\"item\":\"https:\\\/\\\/sanicus.de\\\/sanicus-store\\\/\"},{\"@type\":\"ListItem\",\"position\":3,\"name\":\"FC2g &#8211; 6er Box- spa\"}]},{\"@type\":\"WebSite\",\"@id\":\"https:\\\/\\\/sanicus.de\\\/#website\",\"url\":\"https:\\\/\\\/sanicus.de\\\/\",\"name\":\"sanicus.de\",\"description\":\"Sanit\u00e4r - Ausstattung\",\"publisher\":{\"@id\":\"https:\\\/\\\/sanicus.de\\\/#organization\"},\"potentialAction\":[{\"@type\":\"SearchAction\",\"target\":{\"@type\":\"EntryPoint\",\"urlTemplate\":\"https:\\\/\\\/sanicus.de\\\/?s={search_term_string}\"},\"query-input\":{\"@type\":\"PropertyValueSpecification\",\"valueRequired\":true,\"valueName\":\"search_term_string\"}}],\"inLanguage\":\"ro-RO\"},{\"@type\":\"Organization\",\"@id\":\"https:\\\/\\\/sanicus.de\\\/#organization\",\"name\":\"Sanicus GmbH\",\"url\":\"https:\\\/\\\/sanicus.de\\\/\",\"logo\":{\"@type\":\"ImageObject\",\"inLanguage\":\"ro-RO\",\"@id\":\"https:\\\/\\\/sanicus.de\\\/#\\\/schema\\\/logo\\\/image\\\/\",\"url\":\"https:\\\/\\\/sanicus.de\\\/wp-content\\\/uploads\\\/2021\\\/11\\\/Sanicus-Logo-Grau-2021.png\",\"contentUrl\":\"https:\\\/\\\/sanicus.de\\\/wp-content\\\/uploads\\\/2021\\\/11\\\/Sanicus-Logo-Grau-2021.png\",\"width\":1382,\"height\":397,\"caption\":\"Sanicus GmbH\"},\"image\":{\"@id\":\"https:\\\/\\\/sanicus.de\\\/#\\\/schema\\\/logo\\\/image\\\/\"},\"sameAs\":[\"https:\\\/\\\/www.facebook.com\\\/Sanicus\\\/\"]}]}<\/script>\n<!-- \/ Yoast SEO Premium plugin. -->","yoast_head_json":{"title":"FC2g - 6er Box- spa - sanicus.de","description":"FC2G 6er Box Spa \u2013 Duftkartuschen f\u00fcr Sanicus F2 Spender. Dezenter Raumduft, hygienisch & effizient im praktischen Vorratspack.","robots":{"index":"index","follow":"follow","max-snippet":"max-snippet:-1","max-image-preview":"max-image-preview:large","max-video-preview":"max-video-preview:-1"},"canonical":"https:\/\/sanicus.de\/ro\/produs\/fc2g-6er-box-spa\/","og_locale":"ro_RO","og_type":"article","og_title":"FC2g - 6er Box- spa","og_description":"FC2G 6er Box Spa \u2013 Duftkartuschen f\u00fcr Sanicus F2 Spender. Dezenter Raumduft, hygienisch & effizient im praktischen Vorratspack.","og_url":"https:\/\/sanicus.de\/ro\/produs\/fc2g-6er-box-spa\/","og_site_name":"sanicus.de","article_publisher":"https:\/\/www.facebook.com\/Sanicus\/","article_modified_time":"2026-04-13T14:23:47+00:00","og_image":[{"width":800,"height":800,"url":"https:\/\/sanicus.de\/wp-content\/uploads\/2023\/12\/8622367-F2-Spa.png","type":"image\/png"}],"twitter_card":"summary_large_image","twitter_misc":{"Timp estimat pentru citire":"1 minut"},"schema":{"@context":"https:\/\/schema.org","@graph":[{"@type":"WebPage","@id":"https:\/\/sanicus.de\/produkt\/fc2g-6er-box-spa\/","url":"https:\/\/sanicus.de\/produkt\/fc2g-6er-box-spa\/","name":"FC2g - 6er Box- spa - sanicus.de","isPartOf":{"@id":"https:\/\/sanicus.de\/#website"},"primaryImageOfPage":{"@id":"https:\/\/sanicus.de\/produkt\/fc2g-6er-box-spa\/#primaryimage"},"image":{"@id":"https:\/\/sanicus.de\/produkt\/fc2g-6er-box-spa\/#primaryimage"},"thumbnailUrl":"https:\/\/sanicus.de\/wp-content\/uploads\/2023\/12\/8622367-F2-Spa.png","datePublished":"2023-11-30T06:18:44+00:00","dateModified":"2026-04-13T14:23:47+00:00","description":"FC2G 6er Box Spa \u2013 Duftkartuschen f\u00fcr Sanicus F2 Spender. Dezenter Raumduft, hygienisch & effizient im praktischen Vorratspack.","breadcrumb":{"@id":"https:\/\/sanicus.de\/produkt\/fc2g-6er-box-spa\/#breadcrumb"},"inLanguage":"ro-RO","potentialAction":[{"@type":"ReadAction","target":["https:\/\/sanicus.de\/produkt\/fc2g-6er-box-spa\/"]}]},{"@type":"ImageObject","inLanguage":"ro-RO","@id":"https:\/\/sanicus.de\/produkt\/fc2g-6er-box-spa\/#primaryimage","url":"https:\/\/sanicus.de\/wp-content\/uploads\/2023\/12\/8622367-F2-Spa.png","contentUrl":"https:\/\/sanicus.de\/wp-content\/uploads\/2023\/12\/8622367-F2-Spa.png","width":800,"height":800,"caption":"8622367 F2 Spa"},{"@type":"BreadcrumbList","@id":"https:\/\/sanicus.de\/produkt\/fc2g-6er-box-spa\/#breadcrumb","itemListElement":[{"@type":"ListItem","position":1,"name":"Startseite","item":"https:\/\/sanicus.de\/"},{"@type":"ListItem","position":2,"name":"Sanicus Store","item":"https:\/\/sanicus.de\/sanicus-store\/"},{"@type":"ListItem","position":3,"name":"FC2g &#8211; 6er Box- spa"}]},{"@type":"WebSite","@id":"https:\/\/sanicus.de\/#website","url":"https:\/\/sanicus.de\/","name":"sanicus.de","description":"Sanit\u00e4r - Ausstattung","publisher":{"@id":"https:\/\/sanicus.de\/#organization"},"potentialAction":[{"@type":"SearchAction","target":{"@type":"EntryPoint","urlTemplate":"https:\/\/sanicus.de\/?s={search_term_string}"},"query-input":{"@type":"PropertyValueSpecification","valueRequired":true,"valueName":"search_term_string"}}],"inLanguage":"ro-RO"},{"@type":"Organization","@id":"https:\/\/sanicus.de\/#organization","name":"Sanicus GmbH","url":"https:\/\/sanicus.de\/","logo":{"@type":"ImageObject","inLanguage":"ro-RO","@id":"https:\/\/sanicus.de\/#\/schema\/logo\/image\/","url":"https:\/\/sanicus.de\/wp-content\/uploads\/2021\/11\/Sanicus-Logo-Grau-2021.png","contentUrl":"https:\/\/sanicus.de\/wp-content\/uploads\/2021\/11\/Sanicus-Logo-Grau-2021.png","width":1382,"height":397,"caption":"Sanicus GmbH"},"image":{"@id":"https:\/\/sanicus.de\/#\/schema\/logo\/image\/"},"sameAs":["https:\/\/www.facebook.com\/Sanicus\/"]}]}},"_links":{"self":[{"href":"https:\/\/sanicus.de\/ro\/wp-json\/wp\/v2\/product\/30647","targetHints":{"allow":["GET"]}}],"collection":[{"href":"https:\/\/sanicus.de\/ro\/wp-json\/wp\/v2\/product"}],"about":[{"href":"https:\/\/sanicus.de\/ro\/wp-json\/wp\/v2\/types\/product"}],"version-history":[{"count":5,"href":"https:\/\/sanicus.de\/ro\/wp-json\/wp\/v2\/product\/30647\/revisions"}],"predecessor-version":[{"id":32941,"href":"https:\/\/sanicus.de\/ro\/wp-json\/wp\/v2\/product\/30647\/revisions\/32941"}],"wp:featuredmedia":[{"embeddable":true,"href":"https:\/\/sanicus.de\/ro\/wp-json\/wp\/v2\/media\/30996"}],"wp:attachment":[{"href":"https:\/\/sanicus.de\/ro\/wp-json\/wp\/v2\/media?parent=30647"}],"wp:term":[{"taxonomy":"product_brand","embeddable":true,"href":"https:\/\/sanicus.de\/ro\/wp-json\/wp\/v2\/product_brand?post=30647"},{"taxonomy":"product_cat","embeddable":true,"href":"https:\/\/sanicus.de\/ro\/wp-json\/wp\/v2\/product_cat?post=30647"},{"taxonomy":"product_tag","embeddable":true,"href":"https:\/\/sanicus.de\/ro\/wp-json\/wp\/v2\/product_tag?post=30647"}],"curies":[{"name":"wp","href":"https:\/\/api.w.org\/{rel}","templated":true}]}}