{"id":30649,"date":"2023-11-30T07:18:45","date_gmt":"2023-11-30T06:18:45","guid":{"rendered":"https:\/\/sanicus.de\/produkt\/fc2g-6er-box-charm\/"},"modified":"2026-04-13T16:21:25","modified_gmt":"2026-04-13T14:21:25","slug":"fc2g-6er-box-charm","status":"publish","type":"product","link":"https:\/\/sanicus.de\/ro\/produkt\/fc2g-6er-box-charm\/","title":{"rendered":"FC2g &#8211; 6er Box &#8211; charm"},"content":{"rendered":"<h4>FC2G 6er Box Charm Duftkartuschen, f\u00fcr anhaltende Frische<\/h4>\n<p>Die <strong>FC2G 6er Box Charm Duftkartuschen<\/strong> sind die perfekte Nachf\u00fclll\u00f6sung f\u00fcr alle Sanicus F2 Duftspender. Dieses Vorratspack enth\u00e4lt sechs hochwertige Kartuschen mit der dezenten Duftnote Charm \u2013 eine angenehm frische Komposition, die R\u00e4ume nachhaltig aufwertet. Egal ob in Sanit\u00e4rbereichen, B\u00fcros, Gastronomie, Hotellobbys oder Fitnessstudios \u2013 die Kartuschen sorgen \u00fcberall f\u00fcr ein gepflegtes Ambiente und neutralisieren zuverl\u00e4ssig unangenehme Ger\u00fcche.<\/p>\n<p>Die Duftnote Charm zeichnet sich durch eine sanfte, elegante Frische aus, die sich gleichm\u00e4\u00dfig im Raum verteilt und nicht aufdringlich wirkt. So entsteht ein wohltuendes Raumklima, das von Kunden, G\u00e4sten oder Mitarbeitenden gleicherma\u00dfen positiv wahrgenommen wird. Dank der kontinuierlichen Wirkstofffreisetzung bleibt der Duft \u00fcber die gesamte Nutzungsdauer konstant.<\/p>\n<p>Jede Kartusche ist luftdicht versiegelt und somit bis zur Verwendung optimal gesch\u00fctzt. Nach dem Einsetzen in den Spender entfaltet sich der Duft unmittelbar und gleichm\u00e4\u00dfig. Der Kartuschenwechsel gelingt in wenigen Sekunden: einfach entnehmen, neue Kartusche einsetzen, fertig. Dank des cleveren Stecksystems bleibt die Handhabung hygienisch und komfortabel.<\/p>\n<p>Die 6er Box bietet Ihnen mehrere Vorteile. Sie reduzieren den Bestellaufwand, sichern die Verf\u00fcgbarkeit \u00fcber einen langen Zeitraum und profitieren gleichzeitig von einem besseren Preis-Leistungs-Verh\u00e4ltnis gegen\u00fcber Einzelkartuschen. Gerade in Bereichen mit hoher Besucherfrequenz ist eine durchgehende Versorgung mit Nachf\u00fcllkartuschen sinnvoll, um jederzeit ein gleichbleibendes Frischeerlebnis sicherzustellen.<\/p>\n<p>Die FC2G Kartuschen sind optimal auf den Sanicus F2 Duftspender abgestimmt. Das bedeutet maximale Effizienz bei minimalem Verbrauch \u2013 und ein Ergebnis, das sofort \u00fcberzeugt. Durch die einfache Anwendung k\u00f6nnen auch Reinigungskr\u00e4fte oder Servicepersonal den Wechsel problemlos vornehmen, ohne dass spezielle Schulungen erforderlich sind.<\/p>\n<h5>Produktvorteile auf einen Blick<\/h5>\n<ul>\n<li><strong>Dezente Duftnote:<\/strong> Charm sorgt f\u00fcr ein angenehmes Raumklima<\/li>\n<li><strong>6er Vorratspack:<\/strong> wirtschaftlich und dauerhaft verf\u00fcgbar<\/li>\n<li><strong>Hygienisch verpackt:<\/strong> luftdicht verschlossen bis zur Verwendung<\/li>\n<li><strong>Einfache Handhabung:<\/strong> schneller Kartuschenwechsel ohne Werkzeug<\/li>\n<li><strong>Kompatibel:<\/strong> passend f\u00fcr alle Sanicus F2 Duftspender<\/li>\n<\/ul>\n<p>Mit der <strong>FC2G 6er Box Charm<\/strong> stellen Sie sicher, dass Ihre R\u00e4ume dauerhaft frisch und einladend wirken \u2013 Tag f\u00fcr Tag.<\/p>","protected":false},"excerpt":{"rendered":"<p>Duftkartusche Spa f\u00fcr Sanicus F2 DuftspenderInhalt: 35 ml, Duftnote: Melone &amp; Zitrone, Intensit\u00e4t: 3, 6 St\u00fcck\/VE<\/p>","protected":false},"featured_media":30997,"template":"","meta":{"site-sidebar-layout":"default","site-content-layout":"default","ast-site-content-layout":"default","site-content-style":"default","site-sidebar-style":"default","ast-global-header-display":"","ast-banner-title-visibility":"","ast-main-header-display":"","ast-hfb-above-header-display":"","ast-hfb-below-header-display":"","ast-hfb-mobile-header-display":"","site-post-title":"","ast-breadcrumbs-content":"","ast-featured-img":"","footer-sml-layout":"","ast-disable-related-posts":"","theme-transparent-header-meta":"default","adv-header-id-meta":"","stick-header-meta":"","header-above-stick-meta":"","header-main-stick-meta":"","header-below-stick-meta":"","astra-migrate-meta-layouts":"set","ast-page-background-enabled":"default","ast-page-background-meta":{"desktop":{"background-color":"","background-image":"","background-repeat":"repeat","background-position":"center center","background-size":"auto","background-attachment":"scroll","background-type":"","background-media":"","overlay-type":"","overlay-color":"","overlay-opacity":"","overlay-gradient":""},"tablet":{"background-color":"","background-image":"","background-repeat":"repeat","background-position":"center center","background-size":"auto","background-attachment":"scroll","background-type":"","background-media":"","overlay-type":"","overlay-color":"","overlay-opacity":"","overlay-gradient":""},"mobile":{"background-color":"","background-image":"","background-repeat":"repeat","background-position":"center center","background-size":"auto","background-attachment":"scroll","background-type":"","background-media":"","overlay-type":"","overlay-color":"","overlay-opacity":"","overlay-gradient":""}},"ast-content-background-meta":{"desktop":{"background-color":"var(--ast-global-color-5)","background-image":"","background-repeat":"repeat","background-position":"center center","background-size":"auto","background-attachment":"scroll","background-type":"","background-media":"","overlay-type":"","overlay-color":"","overlay-opacity":"","overlay-gradient":""},"tablet":{"background-color":"var(--ast-global-color-5)","background-image":"","background-repeat":"repeat","background-position":"center center","background-size":"auto","background-attachment":"scroll","background-type":"","background-media":"","overlay-type":"","overlay-color":"","overlay-opacity":"","overlay-gradient":""},"mobile":{"background-color":"var(--ast-global-color-5)","background-image":"","background-repeat":"repeat","background-position":"center center","background-size":"auto","background-attachment":"scroll","background-type":"","background-media":"","overlay-type":"","overlay-color":"","overlay-opacity":"","overlay-gradient":""}}},"product_brand":[],"product_cat":[162],"product_tag":[],"class_list":{"0":"post-30649","1":"product","2":"type-product","3":"status-publish","4":"has-post-thumbnail","6":"product_cat-f2-duefte-und-spender","7":"desktop-align-left","8":"tablet-align-left","9":"mobile-align-left","11":"first","12":"instock","13":"taxable","14":"shipping-taxable","15":"purchasable","16":"product-type-simple"},"yoast_head":"<!-- This site is optimized with the Yoast SEO Premium plugin v27.3 (Yoast SEO v27.4) - https:\/\/yoast.com\/product\/yoast-seo-premium-wordpress\/ -->\n<title>FC2g - 6er Box - charm - sanicus.de<\/title>\n<meta name=\"description\" content=\"FC2G 6er Box Charm \u2013 Duftkartuschen f\u00fcr Sanicus F2 Spender. Dezenter Duft, hygienisch &amp; effizient im praktischen Vorratspack.\" \/>\n<meta name=\"robots\" content=\"index, follow, max-snippet:-1, max-image-preview:large, max-video-preview:-1\" \/>\n<link rel=\"canonical\" href=\"https:\/\/sanicus.de\/ro\/produs\/fc2g-6er-box-charm\/\" \/>\n<meta property=\"og:locale\" content=\"ro_RO\" \/>\n<meta property=\"og:type\" content=\"article\" \/>\n<meta property=\"og:title\" content=\"FC2g - 6er Box - charm\" \/>\n<meta property=\"og:description\" content=\"FC2G 6er Box Charm \u2013 Duftkartuschen f\u00fcr Sanicus F2 Spender. Dezenter Duft, hygienisch &amp; effizient im praktischen Vorratspack.\" \/>\n<meta property=\"og:url\" content=\"https:\/\/sanicus.de\/ro\/produs\/fc2g-6er-box-charm\/\" \/>\n<meta property=\"og:site_name\" content=\"sanicus.de\" \/>\n<meta property=\"article:publisher\" content=\"https:\/\/www.facebook.com\/Sanicus\/\" \/>\n<meta property=\"article:modified_time\" content=\"2026-04-13T14:21:25+00:00\" \/>\n<meta property=\"og:image\" content=\"https:\/\/sanicus.de\/wp-content\/uploads\/2023\/12\/8622369-F2-Charm.png\" \/>\n\t<meta property=\"og:image:width\" content=\"800\" \/>\n\t<meta property=\"og:image:height\" content=\"800\" \/>\n\t<meta property=\"og:image:type\" content=\"image\/png\" \/>\n<meta name=\"twitter:card\" content=\"summary_large_image\" \/>\n<meta name=\"twitter:label1\" content=\"Timp estimat pentru citire\" \/>\n\t<meta name=\"twitter:data1\" content=\"2 minute\" \/>\n<script type=\"application\/ld+json\" class=\"yoast-schema-graph\">{\"@context\":\"https:\\\/\\\/schema.org\",\"@graph\":[{\"@type\":\"WebPage\",\"@id\":\"https:\\\/\\\/sanicus.de\\\/produkt\\\/fc2g-6er-box-charm\\\/\",\"url\":\"https:\\\/\\\/sanicus.de\\\/produkt\\\/fc2g-6er-box-charm\\\/\",\"name\":\"FC2g - 6er Box - charm - sanicus.de\",\"isPartOf\":{\"@id\":\"https:\\\/\\\/sanicus.de\\\/#website\"},\"primaryImageOfPage\":{\"@id\":\"https:\\\/\\\/sanicus.de\\\/produkt\\\/fc2g-6er-box-charm\\\/#primaryimage\"},\"image\":{\"@id\":\"https:\\\/\\\/sanicus.de\\\/produkt\\\/fc2g-6er-box-charm\\\/#primaryimage\"},\"thumbnailUrl\":\"https:\\\/\\\/sanicus.de\\\/wp-content\\\/uploads\\\/2023\\\/12\\\/8622369-F2-Charm.png\",\"datePublished\":\"2023-11-30T06:18:45+00:00\",\"dateModified\":\"2026-04-13T14:21:25+00:00\",\"description\":\"FC2G 6er Box Charm \u2013 Duftkartuschen f\u00fcr Sanicus F2 Spender. Dezenter Duft, hygienisch & effizient im praktischen Vorratspack.\",\"breadcrumb\":{\"@id\":\"https:\\\/\\\/sanicus.de\\\/produkt\\\/fc2g-6er-box-charm\\\/#breadcrumb\"},\"inLanguage\":\"ro-RO\",\"potentialAction\":[{\"@type\":\"ReadAction\",\"target\":[\"https:\\\/\\\/sanicus.de\\\/produkt\\\/fc2g-6er-box-charm\\\/\"]}]},{\"@type\":\"ImageObject\",\"inLanguage\":\"ro-RO\",\"@id\":\"https:\\\/\\\/sanicus.de\\\/produkt\\\/fc2g-6er-box-charm\\\/#primaryimage\",\"url\":\"https:\\\/\\\/sanicus.de\\\/wp-content\\\/uploads\\\/2023\\\/12\\\/8622369-F2-Charm.png\",\"contentUrl\":\"https:\\\/\\\/sanicus.de\\\/wp-content\\\/uploads\\\/2023\\\/12\\\/8622369-F2-Charm.png\",\"width\":800,\"height\":800,\"caption\":\"8622369 F2 Charm\"},{\"@type\":\"BreadcrumbList\",\"@id\":\"https:\\\/\\\/sanicus.de\\\/produkt\\\/fc2g-6er-box-charm\\\/#breadcrumb\",\"itemListElement\":[{\"@type\":\"ListItem\",\"position\":1,\"name\":\"Startseite\",\"item\":\"https:\\\/\\\/sanicus.de\\\/\"},{\"@type\":\"ListItem\",\"position\":2,\"name\":\"Sanicus Store\",\"item\":\"https:\\\/\\\/sanicus.de\\\/sanicus-store\\\/\"},{\"@type\":\"ListItem\",\"position\":3,\"name\":\"FC2g &#8211; 6er Box &#8211; charm\"}]},{\"@type\":\"WebSite\",\"@id\":\"https:\\\/\\\/sanicus.de\\\/#website\",\"url\":\"https:\\\/\\\/sanicus.de\\\/\",\"name\":\"sanicus.de\",\"description\":\"Sanit\u00e4r - Ausstattung\",\"publisher\":{\"@id\":\"https:\\\/\\\/sanicus.de\\\/#organization\"},\"potentialAction\":[{\"@type\":\"SearchAction\",\"target\":{\"@type\":\"EntryPoint\",\"urlTemplate\":\"https:\\\/\\\/sanicus.de\\\/?s={search_term_string}\"},\"query-input\":{\"@type\":\"PropertyValueSpecification\",\"valueRequired\":true,\"valueName\":\"search_term_string\"}}],\"inLanguage\":\"ro-RO\"},{\"@type\":\"Organization\",\"@id\":\"https:\\\/\\\/sanicus.de\\\/#organization\",\"name\":\"Sanicus GmbH\",\"url\":\"https:\\\/\\\/sanicus.de\\\/\",\"logo\":{\"@type\":\"ImageObject\",\"inLanguage\":\"ro-RO\",\"@id\":\"https:\\\/\\\/sanicus.de\\\/#\\\/schema\\\/logo\\\/image\\\/\",\"url\":\"https:\\\/\\\/sanicus.de\\\/wp-content\\\/uploads\\\/2021\\\/11\\\/Sanicus-Logo-Grau-2021.png\",\"contentUrl\":\"https:\\\/\\\/sanicus.de\\\/wp-content\\\/uploads\\\/2021\\\/11\\\/Sanicus-Logo-Grau-2021.png\",\"width\":1382,\"height\":397,\"caption\":\"Sanicus GmbH\"},\"image\":{\"@id\":\"https:\\\/\\\/sanicus.de\\\/#\\\/schema\\\/logo\\\/image\\\/\"},\"sameAs\":[\"https:\\\/\\\/www.facebook.com\\\/Sanicus\\\/\"]}]}<\/script>\n<!-- \/ Yoast SEO Premium plugin. -->","yoast_head_json":{"title":"FC2g - 6er Box - charm - sanicus.de","description":"FC2G 6er Box Charm \u2013 Duftkartuschen f\u00fcr Sanicus F2 Spender. Dezenter Duft, hygienisch & effizient im praktischen Vorratspack.","robots":{"index":"index","follow":"follow","max-snippet":"max-snippet:-1","max-image-preview":"max-image-preview:large","max-video-preview":"max-video-preview:-1"},"canonical":"https:\/\/sanicus.de\/ro\/produs\/fc2g-6er-box-charm\/","og_locale":"ro_RO","og_type":"article","og_title":"FC2g - 6er Box - charm","og_description":"FC2G 6er Box Charm \u2013 Duftkartuschen f\u00fcr Sanicus F2 Spender. Dezenter Duft, hygienisch & effizient im praktischen Vorratspack.","og_url":"https:\/\/sanicus.de\/ro\/produs\/fc2g-6er-box-charm\/","og_site_name":"sanicus.de","article_publisher":"https:\/\/www.facebook.com\/Sanicus\/","article_modified_time":"2026-04-13T14:21:25+00:00","og_image":[{"width":800,"height":800,"url":"https:\/\/sanicus.de\/wp-content\/uploads\/2023\/12\/8622369-F2-Charm.png","type":"image\/png"}],"twitter_card":"summary_large_image","twitter_misc":{"Timp estimat pentru citire":"2 minute"},"schema":{"@context":"https:\/\/schema.org","@graph":[{"@type":"WebPage","@id":"https:\/\/sanicus.de\/produkt\/fc2g-6er-box-charm\/","url":"https:\/\/sanicus.de\/produkt\/fc2g-6er-box-charm\/","name":"FC2g - 6er Box - charm - sanicus.de","isPartOf":{"@id":"https:\/\/sanicus.de\/#website"},"primaryImageOfPage":{"@id":"https:\/\/sanicus.de\/produkt\/fc2g-6er-box-charm\/#primaryimage"},"image":{"@id":"https:\/\/sanicus.de\/produkt\/fc2g-6er-box-charm\/#primaryimage"},"thumbnailUrl":"https:\/\/sanicus.de\/wp-content\/uploads\/2023\/12\/8622369-F2-Charm.png","datePublished":"2023-11-30T06:18:45+00:00","dateModified":"2026-04-13T14:21:25+00:00","description":"FC2G 6er Box Charm \u2013 Duftkartuschen f\u00fcr Sanicus F2 Spender. Dezenter Duft, hygienisch & effizient im praktischen Vorratspack.","breadcrumb":{"@id":"https:\/\/sanicus.de\/produkt\/fc2g-6er-box-charm\/#breadcrumb"},"inLanguage":"ro-RO","potentialAction":[{"@type":"ReadAction","target":["https:\/\/sanicus.de\/produkt\/fc2g-6er-box-charm\/"]}]},{"@type":"ImageObject","inLanguage":"ro-RO","@id":"https:\/\/sanicus.de\/produkt\/fc2g-6er-box-charm\/#primaryimage","url":"https:\/\/sanicus.de\/wp-content\/uploads\/2023\/12\/8622369-F2-Charm.png","contentUrl":"https:\/\/sanicus.de\/wp-content\/uploads\/2023\/12\/8622369-F2-Charm.png","width":800,"height":800,"caption":"8622369 F2 Charm"},{"@type":"BreadcrumbList","@id":"https:\/\/sanicus.de\/produkt\/fc2g-6er-box-charm\/#breadcrumb","itemListElement":[{"@type":"ListItem","position":1,"name":"Startseite","item":"https:\/\/sanicus.de\/"},{"@type":"ListItem","position":2,"name":"Sanicus Store","item":"https:\/\/sanicus.de\/sanicus-store\/"},{"@type":"ListItem","position":3,"name":"FC2g &#8211; 6er Box &#8211; charm"}]},{"@type":"WebSite","@id":"https:\/\/sanicus.de\/#website","url":"https:\/\/sanicus.de\/","name":"sanicus.de","description":"Sanit\u00e4r - Ausstattung","publisher":{"@id":"https:\/\/sanicus.de\/#organization"},"potentialAction":[{"@type":"SearchAction","target":{"@type":"EntryPoint","urlTemplate":"https:\/\/sanicus.de\/?s={search_term_string}"},"query-input":{"@type":"PropertyValueSpecification","valueRequired":true,"valueName":"search_term_string"}}],"inLanguage":"ro-RO"},{"@type":"Organization","@id":"https:\/\/sanicus.de\/#organization","name":"Sanicus GmbH","url":"https:\/\/sanicus.de\/","logo":{"@type":"ImageObject","inLanguage":"ro-RO","@id":"https:\/\/sanicus.de\/#\/schema\/logo\/image\/","url":"https:\/\/sanicus.de\/wp-content\/uploads\/2021\/11\/Sanicus-Logo-Grau-2021.png","contentUrl":"https:\/\/sanicus.de\/wp-content\/uploads\/2021\/11\/Sanicus-Logo-Grau-2021.png","width":1382,"height":397,"caption":"Sanicus GmbH"},"image":{"@id":"https:\/\/sanicus.de\/#\/schema\/logo\/image\/"},"sameAs":["https:\/\/www.facebook.com\/Sanicus\/"]}]}},"_links":{"self":[{"href":"https:\/\/sanicus.de\/ro\/wp-json\/wp\/v2\/product\/30649","targetHints":{"allow":["GET"]}}],"collection":[{"href":"https:\/\/sanicus.de\/ro\/wp-json\/wp\/v2\/product"}],"about":[{"href":"https:\/\/sanicus.de\/ro\/wp-json\/wp\/v2\/types\/product"}],"version-history":[{"count":3,"href":"https:\/\/sanicus.de\/ro\/wp-json\/wp\/v2\/product\/30649\/revisions"}],"predecessor-version":[{"id":32936,"href":"https:\/\/sanicus.de\/ro\/wp-json\/wp\/v2\/product\/30649\/revisions\/32936"}],"wp:featuredmedia":[{"embeddable":true,"href":"https:\/\/sanicus.de\/ro\/wp-json\/wp\/v2\/media\/30997"}],"wp:attachment":[{"href":"https:\/\/sanicus.de\/ro\/wp-json\/wp\/v2\/media?parent=30649"}],"wp:term":[{"taxonomy":"product_brand","embeddable":true,"href":"https:\/\/sanicus.de\/ro\/wp-json\/wp\/v2\/product_brand?post=30649"},{"taxonomy":"product_cat","embeddable":true,"href":"https:\/\/sanicus.de\/ro\/wp-json\/wp\/v2\/product_cat?post=30649"},{"taxonomy":"product_tag","embeddable":true,"href":"https:\/\/sanicus.de\/ro\/wp-json\/wp\/v2\/product_tag?post=30649"}],"curies":[{"name":"wp","href":"https:\/\/api.w.org\/{rel}","templated":true}]}}