{"id":30695,"date":"2023-11-30T10:21:38","date_gmt":"2023-11-30T09:21:38","guid":{"rendered":"https:\/\/sanicus.de\/produkt\/eco-safe-duschschlauch-silber\/"},"modified":"2026-04-09T18:18:34","modified_gmt":"2026-04-09T16:18:34","slug":"eco-safe-duschschlauch-silber","status":"publish","type":"product","link":"https:\/\/sanicus.de\/ro\/produs\/eco-safe-duschschlauch-silber\/","title":{"rendered":"Eco Safe Duschschlauch silber"},"content":{"rendered":"<h4>Eco Safe Duschschlauch silber \u2013 160 cm f\u00fcr hygienische Duschanwendungen<\/h4>\n<p>Der <strong>Eco Safe Duschschlauch silber<\/strong> ist ein flexibles und langlebiges Zubeh\u00f6r f\u00fcr alle g\u00e4ngigen Duschsysteme. Mit einer Standardl\u00e4nge von 160 cm bietet er viel Bewegungsfreiheit und erm\u00f6glicht eine komfortable Handhabung, egal ob im privaten Badezimmer, in \u00f6ffentlichen Einrichtungen oder in gewerblichen Sanit\u00e4ranlagen.<\/p>\n<p>Der Schlauch besteht aus hochwertigem, strapazierf\u00e4higem Kunststoffmaterial in silberner Optik. Diese Oberfl\u00e4che ist nicht nur modern und zeitlos, sondern auch besonders pflegeleicht: Kalk- und Seifenreste lassen sich m\u00fchelos entfernen, sodass der Schlauch dauerhaft hygienisch sauber bleibt. Das Material ist knickfest und formstabil, wodurch ein gleichm\u00e4\u00dfiger Wasserfluss jederzeit gew\u00e4hrleistet ist \u2013 selbst bei h\u00e4ufiger Beanspruchung.<\/p>\n<p>Dank seiner robusten Konstruktion h\u00e4lt der Eco Safe Duschschlauch wechselnden Temperaturen und Druckbelastungen problemlos stand. Er eignet sich daher ideal f\u00fcr Einsatzbereiche mit hohen Anforderungen an Funktionalit\u00e4t und Langlebigkeit, wie zum Beispiel Hotels, Sportst\u00e4tten, Pflegeheime oder \u00f6ffentliche Duschanlagen.<\/p>\n<p>Die Montage ist unkompliziert: Der Schlauch verf\u00fcgt \u00fcber genormte Anschl\u00fcsse, die auf alle g\u00e4ngigen Armaturen und Handbrausen passen. So l\u00e4sst sich der Austausch oder die Erstinstallation in wenigen Minuten erledigen \u2013 ohne spezielles Werkzeug oder aufw\u00e4ndige Vorbereitungen.<\/p>\n<p>Die silberne Farbgebung harmoniert mit modernen Armaturen und verleiht jedem Duschbereich ein wertiges, professionelles Erscheinungsbild. Auch in Kombination mit verchromten oder Edelstahlkomponenten f\u00fcgt sich der Schlauch unauff\u00e4llig und stilvoll ein.<\/p>\n<p>Typische Einsatzbereiche sind private B\u00e4der, G\u00e4steb\u00e4der, Fitnessstudios, Hotels und Pflegeeinrichtungen. Dort erf\u00fcllt der Eco Safe Duschschlauch zuverl\u00e4ssig alle Anforderungen an Hygiene, Stabilit\u00e4t und Komfort \u2013 Tag f\u00fcr Tag.<\/p>\n<h5>Produktvorteile auf einen Blick<\/h5>\n<ul>\n<li><strong>Langlebig &amp; robust:<\/strong> widerstandsf\u00e4hig gegen Druck und Temperatur<\/li>\n<li><strong>Knickfest &amp; formstabil:<\/strong> kein Abknicken beim Duschen<\/li>\n<li><strong>160 cm L\u00e4nge:<\/strong> ausreichend Bewegungsfreiheit<\/li>\n<li><strong>Pflegeleicht:<\/strong> hygienisch saubere Oberfl\u00e4che<\/li>\n<li><strong>Universell einsetzbar:<\/strong> kompatibel mit allen g\u00e4ngigen Duschsystemen<\/li>\n<\/ul>\n<p>Mit dem <strong>Eco Safe Duschschlauch silber<\/strong> entscheiden Sie sich f\u00fcr eine langlebige, pflegeleichte L\u00f6sung, die Ihre Dusche funktional und optisch aufwertet.<\/p>","protected":false},"excerpt":{"rendered":"<p>1,80m, waschbar<\/p>","protected":false},"featured_media":31192,"template":"","meta":{"site-sidebar-layout":"default","site-content-layout":"default","ast-site-content-layout":"default","site-content-style":"default","site-sidebar-style":"default","ast-global-header-display":"","ast-banner-title-visibility":"","ast-main-header-display":"","ast-hfb-above-header-display":"","ast-hfb-below-header-display":"","ast-hfb-mobile-header-display":"","site-post-title":"","ast-breadcrumbs-content":"","ast-featured-img":"","footer-sml-layout":"","ast-disable-related-posts":"","theme-transparent-header-meta":"default","adv-header-id-meta":"","stick-header-meta":"","header-above-stick-meta":"","header-main-stick-meta":"","header-below-stick-meta":"","astra-migrate-meta-layouts":"set","ast-page-background-enabled":"default","ast-page-background-meta":{"desktop":{"background-color":"","background-image":"","background-repeat":"repeat","background-position":"center center","background-size":"auto","background-attachment":"scroll","background-type":"","background-media":"","overlay-type":"","overlay-color":"","overlay-opacity":"","overlay-gradient":""},"tablet":{"background-color":"","background-image":"","background-repeat":"repeat","background-position":"center center","background-size":"auto","background-attachment":"scroll","background-type":"","background-media":"","overlay-type":"","overlay-color":"","overlay-opacity":"","overlay-gradient":""},"mobile":{"background-color":"","background-image":"","background-repeat":"repeat","background-position":"center center","background-size":"auto","background-attachment":"scroll","background-type":"","background-media":"","overlay-type":"","overlay-color":"","overlay-opacity":"","overlay-gradient":""}},"ast-content-background-meta":{"desktop":{"background-color":"var(--ast-global-color-5)","background-image":"","background-repeat":"repeat","background-position":"center center","background-size":"auto","background-attachment":"scroll","background-type":"","background-media":"","overlay-type":"","overlay-color":"","overlay-opacity":"","overlay-gradient":""},"tablet":{"background-color":"var(--ast-global-color-5)","background-image":"","background-repeat":"repeat","background-position":"center center","background-size":"auto","background-attachment":"scroll","background-type":"","background-media":"","overlay-type":"","overlay-color":"","overlay-opacity":"","overlay-gradient":""},"mobile":{"background-color":"var(--ast-global-color-5)","background-image":"","background-repeat":"repeat","background-position":"center center","background-size":"auto","background-attachment":"scroll","background-type":"","background-media":"","overlay-type":"","overlay-color":"","overlay-opacity":"","overlay-gradient":""}}},"product_brand":[],"product_cat":[148],"product_tag":[],"class_list":{"0":"post-30695","1":"product","2":"type-product","3":"status-publish","4":"has-post-thumbnail","6":"product_cat-duschschlaeuche","7":"desktop-align-left","8":"tablet-align-left","9":"mobile-align-left","11":"first","12":"instock","13":"taxable","14":"shipping-taxable","15":"purchasable","16":"product-type-simple"},"yoast_head":"<!-- This site is optimized with the Yoast SEO Premium plugin v27.3 (Yoast SEO v27.3) - https:\/\/yoast.com\/product\/yoast-seo-premium-wordpress\/ -->\n<title>Eco Safe Duschschlauch silber - sanicus.de<\/title>\n<meta name=\"description\" content=\"Eco Safe Duschschlauch silber \u2013 knickfest, langlebig &amp; hygienisch. 160 cm L\u00e4nge, einfach montierbar f\u00fcr alle Standard-Duschsysteme.\" \/>\n<meta name=\"robots\" content=\"index, follow, max-snippet:-1, max-image-preview:large, max-video-preview:-1\" \/>\n<link rel=\"canonical\" href=\"https:\/\/sanicus.de\/ro\/produs\/eco-safe-duschschlauch-silber\/\" \/>\n<meta property=\"og:locale\" content=\"ro_RO\" \/>\n<meta property=\"og:type\" content=\"article\" \/>\n<meta property=\"og:title\" content=\"Eco Safe Duschschlauch silber\" \/>\n<meta property=\"og:description\" content=\"Eco Safe Duschschlauch silber \u2013 knickfest, langlebig &amp; hygienisch. 160 cm L\u00e4nge, einfach montierbar f\u00fcr alle Standard-Duschsysteme.\" \/>\n<meta property=\"og:url\" content=\"https:\/\/sanicus.de\/ro\/produs\/eco-safe-duschschlauch-silber\/\" \/>\n<meta property=\"og:site_name\" content=\"sanicus.de\" \/>\n<meta property=\"article:publisher\" content=\"https:\/\/www.facebook.com\/Sanicus\/\" \/>\n<meta property=\"article:modified_time\" content=\"2026-04-09T16:18:34+00:00\" \/>\n<meta property=\"og:image\" content=\"https:\/\/sanicus.de\/wp-content\/uploads\/2023\/12\/2161837-Eco-Safe-Duschschlauch-silber.png\" \/>\n\t<meta property=\"og:image:width\" content=\"800\" \/>\n\t<meta property=\"og:image:height\" content=\"800\" \/>\n\t<meta property=\"og:image:type\" content=\"image\/png\" \/>\n<meta name=\"twitter:card\" content=\"summary_large_image\" \/>\n<meta name=\"twitter:label1\" content=\"Timp estimat pentru citire\" \/>\n\t<meta name=\"twitter:data1\" content=\"1 minut\" \/>\n<script type=\"application\/ld+json\" class=\"yoast-schema-graph\">{\"@context\":\"https:\\\/\\\/schema.org\",\"@graph\":[{\"@type\":\"WebPage\",\"@id\":\"https:\\\/\\\/sanicus.de\\\/produkt\\\/eco-safe-duschschlauch-silber\\\/\",\"url\":\"https:\\\/\\\/sanicus.de\\\/produkt\\\/eco-safe-duschschlauch-silber\\\/\",\"name\":\"Eco Safe Duschschlauch silber - sanicus.de\",\"isPartOf\":{\"@id\":\"https:\\\/\\\/sanicus.de\\\/#website\"},\"primaryImageOfPage\":{\"@id\":\"https:\\\/\\\/sanicus.de\\\/produkt\\\/eco-safe-duschschlauch-silber\\\/#primaryimage\"},\"image\":{\"@id\":\"https:\\\/\\\/sanicus.de\\\/produkt\\\/eco-safe-duschschlauch-silber\\\/#primaryimage\"},\"thumbnailUrl\":\"https:\\\/\\\/sanicus.de\\\/wp-content\\\/uploads\\\/2023\\\/12\\\/2161837-Eco-Safe-Duschschlauch-silber.png\",\"datePublished\":\"2023-11-30T09:21:38+00:00\",\"dateModified\":\"2026-04-09T16:18:34+00:00\",\"description\":\"Eco Safe Duschschlauch silber \u2013 knickfest, langlebig & hygienisch. 160 cm L\u00e4nge, einfach montierbar f\u00fcr alle Standard-Duschsysteme.\",\"breadcrumb\":{\"@id\":\"https:\\\/\\\/sanicus.de\\\/produkt\\\/eco-safe-duschschlauch-silber\\\/#breadcrumb\"},\"inLanguage\":\"ro-RO\",\"potentialAction\":[{\"@type\":\"ReadAction\",\"target\":[\"https:\\\/\\\/sanicus.de\\\/produkt\\\/eco-safe-duschschlauch-silber\\\/\"]}]},{\"@type\":\"ImageObject\",\"inLanguage\":\"ro-RO\",\"@id\":\"https:\\\/\\\/sanicus.de\\\/produkt\\\/eco-safe-duschschlauch-silber\\\/#primaryimage\",\"url\":\"https:\\\/\\\/sanicus.de\\\/wp-content\\\/uploads\\\/2023\\\/12\\\/2161837-Eco-Safe-Duschschlauch-silber.png\",\"contentUrl\":\"https:\\\/\\\/sanicus.de\\\/wp-content\\\/uploads\\\/2023\\\/12\\\/2161837-Eco-Safe-Duschschlauch-silber.png\",\"width\":800,\"height\":800,\"caption\":\"2161837 - Eco Safe Duschschlauch silber\"},{\"@type\":\"BreadcrumbList\",\"@id\":\"https:\\\/\\\/sanicus.de\\\/produkt\\\/eco-safe-duschschlauch-silber\\\/#breadcrumb\",\"itemListElement\":[{\"@type\":\"ListItem\",\"position\":1,\"name\":\"Startseite\",\"item\":\"https:\\\/\\\/sanicus.de\\\/\"},{\"@type\":\"ListItem\",\"position\":2,\"name\":\"Sanicus Store\",\"item\":\"https:\\\/\\\/sanicus.de\\\/sanicus-store\\\/\"},{\"@type\":\"ListItem\",\"position\":3,\"name\":\"Eco Safe Duschschlauch silber\"}]},{\"@type\":\"WebSite\",\"@id\":\"https:\\\/\\\/sanicus.de\\\/#website\",\"url\":\"https:\\\/\\\/sanicus.de\\\/\",\"name\":\"sanicus.de\",\"description\":\"Sanit\u00e4r - Ausstattung\",\"publisher\":{\"@id\":\"https:\\\/\\\/sanicus.de\\\/#organization\"},\"potentialAction\":[{\"@type\":\"SearchAction\",\"target\":{\"@type\":\"EntryPoint\",\"urlTemplate\":\"https:\\\/\\\/sanicus.de\\\/?s={search_term_string}\"},\"query-input\":{\"@type\":\"PropertyValueSpecification\",\"valueRequired\":true,\"valueName\":\"search_term_string\"}}],\"inLanguage\":\"ro-RO\"},{\"@type\":\"Organization\",\"@id\":\"https:\\\/\\\/sanicus.de\\\/#organization\",\"name\":\"Sanicus GmbH\",\"url\":\"https:\\\/\\\/sanicus.de\\\/\",\"logo\":{\"@type\":\"ImageObject\",\"inLanguage\":\"ro-RO\",\"@id\":\"https:\\\/\\\/sanicus.de\\\/#\\\/schema\\\/logo\\\/image\\\/\",\"url\":\"https:\\\/\\\/sanicus.de\\\/wp-content\\\/uploads\\\/2021\\\/11\\\/Sanicus-Logo-Grau-2021.png\",\"contentUrl\":\"https:\\\/\\\/sanicus.de\\\/wp-content\\\/uploads\\\/2021\\\/11\\\/Sanicus-Logo-Grau-2021.png\",\"width\":1382,\"height\":397,\"caption\":\"Sanicus GmbH\"},\"image\":{\"@id\":\"https:\\\/\\\/sanicus.de\\\/#\\\/schema\\\/logo\\\/image\\\/\"},\"sameAs\":[\"https:\\\/\\\/www.facebook.com\\\/Sanicus\\\/\"]}]}<\/script>\n<!-- \/ Yoast SEO Premium plugin. -->","yoast_head_json":{"title":"Eco Safe Duschschlauch silber - sanicus.de","description":"Eco Safe Duschschlauch silber \u2013 knickfest, langlebig & hygienisch. 160 cm L\u00e4nge, einfach montierbar f\u00fcr alle Standard-Duschsysteme.","robots":{"index":"index","follow":"follow","max-snippet":"max-snippet:-1","max-image-preview":"max-image-preview:large","max-video-preview":"max-video-preview:-1"},"canonical":"https:\/\/sanicus.de\/ro\/produs\/eco-safe-duschschlauch-silber\/","og_locale":"ro_RO","og_type":"article","og_title":"Eco Safe Duschschlauch silber","og_description":"Eco Safe Duschschlauch silber \u2013 knickfest, langlebig & hygienisch. 160 cm L\u00e4nge, einfach montierbar f\u00fcr alle Standard-Duschsysteme.","og_url":"https:\/\/sanicus.de\/ro\/produs\/eco-safe-duschschlauch-silber\/","og_site_name":"sanicus.de","article_publisher":"https:\/\/www.facebook.com\/Sanicus\/","article_modified_time":"2026-04-09T16:18:34+00:00","og_image":[{"width":800,"height":800,"url":"https:\/\/sanicus.de\/wp-content\/uploads\/2023\/12\/2161837-Eco-Safe-Duschschlauch-silber.png","type":"image\/png"}],"twitter_card":"summary_large_image","twitter_misc":{"Timp estimat pentru citire":"1 minut"},"schema":{"@context":"https:\/\/schema.org","@graph":[{"@type":"WebPage","@id":"https:\/\/sanicus.de\/produkt\/eco-safe-duschschlauch-silber\/","url":"https:\/\/sanicus.de\/produkt\/eco-safe-duschschlauch-silber\/","name":"Eco Safe Duschschlauch silber - sanicus.de","isPartOf":{"@id":"https:\/\/sanicus.de\/#website"},"primaryImageOfPage":{"@id":"https:\/\/sanicus.de\/produkt\/eco-safe-duschschlauch-silber\/#primaryimage"},"image":{"@id":"https:\/\/sanicus.de\/produkt\/eco-safe-duschschlauch-silber\/#primaryimage"},"thumbnailUrl":"https:\/\/sanicus.de\/wp-content\/uploads\/2023\/12\/2161837-Eco-Safe-Duschschlauch-silber.png","datePublished":"2023-11-30T09:21:38+00:00","dateModified":"2026-04-09T16:18:34+00:00","description":"Eco Safe Duschschlauch silber \u2013 knickfest, langlebig & hygienisch. 160 cm L\u00e4nge, einfach montierbar f\u00fcr alle Standard-Duschsysteme.","breadcrumb":{"@id":"https:\/\/sanicus.de\/produkt\/eco-safe-duschschlauch-silber\/#breadcrumb"},"inLanguage":"ro-RO","potentialAction":[{"@type":"ReadAction","target":["https:\/\/sanicus.de\/produkt\/eco-safe-duschschlauch-silber\/"]}]},{"@type":"ImageObject","inLanguage":"ro-RO","@id":"https:\/\/sanicus.de\/produkt\/eco-safe-duschschlauch-silber\/#primaryimage","url":"https:\/\/sanicus.de\/wp-content\/uploads\/2023\/12\/2161837-Eco-Safe-Duschschlauch-silber.png","contentUrl":"https:\/\/sanicus.de\/wp-content\/uploads\/2023\/12\/2161837-Eco-Safe-Duschschlauch-silber.png","width":800,"height":800,"caption":"2161837 - Eco Safe Duschschlauch silber"},{"@type":"BreadcrumbList","@id":"https:\/\/sanicus.de\/produkt\/eco-safe-duschschlauch-silber\/#breadcrumb","itemListElement":[{"@type":"ListItem","position":1,"name":"Startseite","item":"https:\/\/sanicus.de\/"},{"@type":"ListItem","position":2,"name":"Sanicus Store","item":"https:\/\/sanicus.de\/sanicus-store\/"},{"@type":"ListItem","position":3,"name":"Eco Safe Duschschlauch silber"}]},{"@type":"WebSite","@id":"https:\/\/sanicus.de\/#website","url":"https:\/\/sanicus.de\/","name":"sanicus.de","description":"Sanit\u00e4r - Ausstattung","publisher":{"@id":"https:\/\/sanicus.de\/#organization"},"potentialAction":[{"@type":"SearchAction","target":{"@type":"EntryPoint","urlTemplate":"https:\/\/sanicus.de\/?s={search_term_string}"},"query-input":{"@type":"PropertyValueSpecification","valueRequired":true,"valueName":"search_term_string"}}],"inLanguage":"ro-RO"},{"@type":"Organization","@id":"https:\/\/sanicus.de\/#organization","name":"Sanicus GmbH","url":"https:\/\/sanicus.de\/","logo":{"@type":"ImageObject","inLanguage":"ro-RO","@id":"https:\/\/sanicus.de\/#\/schema\/logo\/image\/","url":"https:\/\/sanicus.de\/wp-content\/uploads\/2021\/11\/Sanicus-Logo-Grau-2021.png","contentUrl":"https:\/\/sanicus.de\/wp-content\/uploads\/2021\/11\/Sanicus-Logo-Grau-2021.png","width":1382,"height":397,"caption":"Sanicus GmbH"},"image":{"@id":"https:\/\/sanicus.de\/#\/schema\/logo\/image\/"},"sameAs":["https:\/\/www.facebook.com\/Sanicus\/"]}]}},"_links":{"self":[{"href":"https:\/\/sanicus.de\/ro\/wp-json\/wp\/v2\/product\/30695","targetHints":{"allow":["GET"]}}],"collection":[{"href":"https:\/\/sanicus.de\/ro\/wp-json\/wp\/v2\/product"}],"about":[{"href":"https:\/\/sanicus.de\/ro\/wp-json\/wp\/v2\/types\/product"}],"version-history":[{"count":3,"href":"https:\/\/sanicus.de\/ro\/wp-json\/wp\/v2\/product\/30695\/revisions"}],"predecessor-version":[{"id":32827,"href":"https:\/\/sanicus.de\/ro\/wp-json\/wp\/v2\/product\/30695\/revisions\/32827"}],"wp:featuredmedia":[{"embeddable":true,"href":"https:\/\/sanicus.de\/ro\/wp-json\/wp\/v2\/media\/31192"}],"wp:attachment":[{"href":"https:\/\/sanicus.de\/ro\/wp-json\/wp\/v2\/media?parent=30695"}],"wp:term":[{"taxonomy":"product_brand","embeddable":true,"href":"https:\/\/sanicus.de\/ro\/wp-json\/wp\/v2\/product_brand?post=30695"},{"taxonomy":"product_cat","embeddable":true,"href":"https:\/\/sanicus.de\/ro\/wp-json\/wp\/v2\/product_cat?post=30695"},{"taxonomy":"product_tag","embeddable":true,"href":"https:\/\/sanicus.de\/ro\/wp-json\/wp\/v2\/product_tag?post=30695"}],"curies":[{"name":"wp","href":"https:\/\/api.w.org\/{rel}","templated":true}]}}