{"id":30705,"date":"2023-11-30T10:21:47","date_gmt":"2023-11-30T09:21:47","guid":{"rendered":"https:\/\/sanicus.de\/produkt\/s3-aufsteller-stahl-grau\/"},"modified":"2026-04-13T16:45:30","modified_gmt":"2026-04-13T14:45:30","slug":"s3-aufsteller-stahl-grau","status":"publish","type":"product","link":"https:\/\/sanicus.de\/ro\/produkt\/s3-aufsteller-stahl-grau\/","title":{"rendered":"S3 Aufsteller Stahl Grau"},"content":{"rendered":"<h4>S3 Aufsteller Stahl grau \u2013 stabiler Standfu\u00df f\u00fcr Spenderl\u00f6sungen<\/h4>\n<p>Der <strong>S3 Aufsteller Stahl grau<\/strong> ist die flexible L\u00f6sung, um Sanicus Seifen- oder Desinfektionsspender dort zu platzieren, wo eine Wandmontage nicht m\u00f6glich oder nicht gew\u00fcnscht ist. Der hochwertige Standfu\u00df wurde speziell f\u00fcr die S3 Spender entwickelt und kombiniert robuste Bauweise mit einem dezenten, modernen Design in neutralem Grauton. So f\u00fcgt sich der Aufsteller harmonisch in jedes Umfeld ein \u2013 ob in Eingangsbereichen, Wartezonen oder stark frequentierten Durchgangsbereichen.<\/p>\n<p>Gefertigt aus pulverbeschichtetem Stahl ist der Aufsteller besonders langlebig und unempfindlich gegen\u00fcber Kratzern, Reinigungsmitteln oder mechanischer Beanspruchung. Die stabile Bodenplatte sorgt f\u00fcr einen sicheren Stand, auch wenn der Spender h\u00e4ufig genutzt wird. Gleichzeitig bleibt der Aufsteller mobil und kann bei Bedarf flexibel umgestellt oder in andere Bereiche transportiert werden.<\/p>\n<p>Ein besonderer Vorteil liegt in der schnellen Montage: Der Spender wird einfach am Tr\u00e4gerteil befestigt und kann jederzeit werkzeuglos nachger\u00fcstet oder gewechselt werden. So haben Sie die M\u00f6glichkeit, unterschiedliche S3 Spender flexibel zu kombinieren \u2013 etwa f\u00fcr Seife, Desinfektion oder Hautpflegeprodukte. Auch der Nachf\u00fcllvorgang bleibt durch die offene Konstruktion komfortabel und hygienisch.<\/p>\n<p>Typische Einsatzorte des S3 Aufstellers sind Eingangsbereiche von Beh\u00f6rden, Schulen, Restaurants, Arztpraxen oder Fitnessstudios. \u00dcberall dort, wo Menschen ein- und ausgehen, schaffen Sie mit einem gut sichtbaren Spender auf dem stabilen Standfu\u00df ein zus\u00e4tzliches Plus an Sicherheit und Vertrauen. Besonders in stark frequentierten Bereichen lassen sich so Hygienekonzepte unkompliziert umsetzen, ohne W\u00e4nde bohren oder bauliche Ver\u00e4nderungen vornehmen zu m\u00fcssen.<\/p>\n<h5>Produktvorteile auf einen Blick<\/h5>\n<ul>\n<li><strong>Robust &amp; langlebig:<\/strong> Stahlkonstruktion mit Pulverbeschichtung<\/li>\n<li><strong>Flexibel aufstellbar:<\/strong> mobil und standfest<\/li>\n<li><strong>Kompatibel:<\/strong> passend f\u00fcr alle Sanicus S3 Spender<\/li>\n<li><strong>Einfache Montage:<\/strong> werkzeuglose Befestigung der Spender<\/li>\n<li><strong>Hygienisch &amp; funktional:<\/strong> ideal f\u00fcr alle stark frequentierten Bereiche<\/li>\n<\/ul>\n<p>Mit dem <strong>S3 Aufsteller Stahl grau<\/strong> erg\u00e4nzen Sie Ihre Spenderl\u00f6sung um ein stabiles Fundament, das Hygiene dort erm\u00f6glicht, wo sie ben\u00f6tigt wird \u2013 jederzeit flexibel, sicher und professionell.<\/p>","protected":false},"excerpt":{"rendered":"<p>Metall, farblich behandelt<\/p>","protected":false},"featured_media":30985,"template":"","meta":{"site-sidebar-layout":"default","site-content-layout":"default","ast-site-content-layout":"default","site-content-style":"default","site-sidebar-style":"default","ast-global-header-display":"","ast-banner-title-visibility":"","ast-main-header-display":"","ast-hfb-above-header-display":"","ast-hfb-below-header-display":"","ast-hfb-mobile-header-display":"","site-post-title":"","ast-breadcrumbs-content":"","ast-featured-img":"","footer-sml-layout":"","ast-disable-related-posts":"","theme-transparent-header-meta":"default","adv-header-id-meta":"","stick-header-meta":"","header-above-stick-meta":"","header-main-stick-meta":"","header-below-stick-meta":"","astra-migrate-meta-layouts":"set","ast-page-background-enabled":"default","ast-page-background-meta":{"desktop":{"background-color":"","background-image":"","background-repeat":"repeat","background-position":"center center","background-size":"auto","background-attachment":"scroll","background-type":"","background-media":"","overlay-type":"","overlay-color":"","overlay-opacity":"","overlay-gradient":""},"tablet":{"background-color":"","background-image":"","background-repeat":"repeat","background-position":"center center","background-size":"auto","background-attachment":"scroll","background-type":"","background-media":"","overlay-type":"","overlay-color":"","overlay-opacity":"","overlay-gradient":""},"mobile":{"background-color":"","background-image":"","background-repeat":"repeat","background-position":"center center","background-size":"auto","background-attachment":"scroll","background-type":"","background-media":"","overlay-type":"","overlay-color":"","overlay-opacity":"","overlay-gradient":""}},"ast-content-background-meta":{"desktop":{"background-color":"var(--ast-global-color-5)","background-image":"","background-repeat":"repeat","background-position":"center center","background-size":"auto","background-attachment":"scroll","background-type":"","background-media":"","overlay-type":"","overlay-color":"","overlay-opacity":"","overlay-gradient":""},"tablet":{"background-color":"var(--ast-global-color-5)","background-image":"","background-repeat":"repeat","background-position":"center center","background-size":"auto","background-attachment":"scroll","background-type":"","background-media":"","overlay-type":"","overlay-color":"","overlay-opacity":"","overlay-gradient":""},"mobile":{"background-color":"var(--ast-global-color-5)","background-image":"","background-repeat":"repeat","background-position":"center center","background-size":"auto","background-attachment":"scroll","background-type":"","background-media":"","overlay-type":"","overlay-color":"","overlay-opacity":"","overlay-gradient":""}}},"product_brand":[],"product_cat":[160],"product_tag":[],"class_list":{"0":"post-30705","1":"product","2":"type-product","3":"status-publish","4":"has-post-thumbnail","6":"product_cat-desinfektionsgeraete","7":"desktop-align-left","8":"tablet-align-left","9":"mobile-align-left","11":"first","12":"instock","13":"taxable","14":"shipping-taxable","15":"purchasable","16":"product-type-simple"},"yoast_head":"<!-- This site is optimized with the Yoast SEO Premium plugin v27.3 (Yoast SEO v27.4) - https:\/\/yoast.com\/product\/yoast-seo-premium-wordpress\/ -->\n<title>S3 Aufsteller Stahl Grau - sanicus.de<\/title>\n<meta name=\"description\" content=\"S3 Aufsteller Stahl grau \u2013 stabiler Standfu\u00df f\u00fcr Sanicus Seifen- und Desinfektionsspender. Robust, mobil &amp; flexibel einsetzbar.\" \/>\n<meta name=\"robots\" content=\"index, follow, max-snippet:-1, max-image-preview:large, max-video-preview:-1\" \/>\n<link rel=\"canonical\" href=\"https:\/\/sanicus.de\/ro\/produs\/s3-aufsteller-stahl-grau\/\" \/>\n<meta property=\"og:locale\" content=\"ro_RO\" \/>\n<meta property=\"og:type\" content=\"article\" \/>\n<meta property=\"og:title\" content=\"S3 Aufsteller Stahl Grau\" \/>\n<meta property=\"og:description\" content=\"S3 Aufsteller Stahl grau \u2013 stabiler Standfu\u00df f\u00fcr Sanicus Seifen- und Desinfektionsspender. Robust, mobil &amp; flexibel einsetzbar.\" \/>\n<meta property=\"og:url\" content=\"https:\/\/sanicus.de\/ro\/produs\/s3-aufsteller-stahl-grau\/\" \/>\n<meta property=\"og:site_name\" content=\"sanicus.de\" \/>\n<meta property=\"article:publisher\" content=\"https:\/\/www.facebook.com\/Sanicus\/\" \/>\n<meta property=\"article:modified_time\" content=\"2026-04-13T14:45:30+00:00\" \/>\n<meta property=\"og:image\" content=\"https:\/\/sanicus.de\/wp-content\/uploads\/2023\/12\/8363000-S3-Metallspender.jpg.png\" \/>\n\t<meta property=\"og:image:width\" content=\"800\" \/>\n\t<meta property=\"og:image:height\" content=\"800\" \/>\n\t<meta property=\"og:image:type\" content=\"image\/png\" \/>\n<meta name=\"twitter:card\" content=\"summary_large_image\" \/>\n<meta name=\"twitter:label1\" content=\"Timp estimat pentru citire\" \/>\n\t<meta name=\"twitter:data1\" content=\"1 minut\" \/>\n<script type=\"application\/ld+json\" class=\"yoast-schema-graph\">{\"@context\":\"https:\\\/\\\/schema.org\",\"@graph\":[{\"@type\":\"WebPage\",\"@id\":\"https:\\\/\\\/sanicus.de\\\/produkt\\\/s3-aufsteller-stahl-grau\\\/\",\"url\":\"https:\\\/\\\/sanicus.de\\\/produkt\\\/s3-aufsteller-stahl-grau\\\/\",\"name\":\"S3 Aufsteller Stahl Grau - sanicus.de\",\"isPartOf\":{\"@id\":\"https:\\\/\\\/sanicus.de\\\/#website\"},\"primaryImageOfPage\":{\"@id\":\"https:\\\/\\\/sanicus.de\\\/produkt\\\/s3-aufsteller-stahl-grau\\\/#primaryimage\"},\"image\":{\"@id\":\"https:\\\/\\\/sanicus.de\\\/produkt\\\/s3-aufsteller-stahl-grau\\\/#primaryimage\"},\"thumbnailUrl\":\"https:\\\/\\\/sanicus.de\\\/wp-content\\\/uploads\\\/2023\\\/12\\\/8363000-S3-Metallspender.jpg.png\",\"datePublished\":\"2023-11-30T09:21:47+00:00\",\"dateModified\":\"2026-04-13T14:45:30+00:00\",\"description\":\"S3 Aufsteller Stahl grau \u2013 stabiler Standfu\u00df f\u00fcr Sanicus Seifen- und Desinfektionsspender. Robust, mobil & flexibel einsetzbar.\",\"breadcrumb\":{\"@id\":\"https:\\\/\\\/sanicus.de\\\/produkt\\\/s3-aufsteller-stahl-grau\\\/#breadcrumb\"},\"inLanguage\":\"ro-RO\",\"potentialAction\":[{\"@type\":\"ReadAction\",\"target\":[\"https:\\\/\\\/sanicus.de\\\/produkt\\\/s3-aufsteller-stahl-grau\\\/\"]}]},{\"@type\":\"ImageObject\",\"inLanguage\":\"ro-RO\",\"@id\":\"https:\\\/\\\/sanicus.de\\\/produkt\\\/s3-aufsteller-stahl-grau\\\/#primaryimage\",\"url\":\"https:\\\/\\\/sanicus.de\\\/wp-content\\\/uploads\\\/2023\\\/12\\\/8363000-S3-Metallspender.jpg.png\",\"contentUrl\":\"https:\\\/\\\/sanicus.de\\\/wp-content\\\/uploads\\\/2023\\\/12\\\/8363000-S3-Metallspender.jpg.png\",\"width\":800,\"height\":800,\"caption\":\"8363000 - S3 Metallspender.jpg\"},{\"@type\":\"BreadcrumbList\",\"@id\":\"https:\\\/\\\/sanicus.de\\\/produkt\\\/s3-aufsteller-stahl-grau\\\/#breadcrumb\",\"itemListElement\":[{\"@type\":\"ListItem\",\"position\":1,\"name\":\"Startseite\",\"item\":\"https:\\\/\\\/sanicus.de\\\/\"},{\"@type\":\"ListItem\",\"position\":2,\"name\":\"Sanicus Store\",\"item\":\"https:\\\/\\\/sanicus.de\\\/sanicus-store\\\/\"},{\"@type\":\"ListItem\",\"position\":3,\"name\":\"S3 Aufsteller Stahl Grau\"}]},{\"@type\":\"WebSite\",\"@id\":\"https:\\\/\\\/sanicus.de\\\/#website\",\"url\":\"https:\\\/\\\/sanicus.de\\\/\",\"name\":\"sanicus.de\",\"description\":\"Sanit\u00e4r - Ausstattung\",\"publisher\":{\"@id\":\"https:\\\/\\\/sanicus.de\\\/#organization\"},\"potentialAction\":[{\"@type\":\"SearchAction\",\"target\":{\"@type\":\"EntryPoint\",\"urlTemplate\":\"https:\\\/\\\/sanicus.de\\\/?s={search_term_string}\"},\"query-input\":{\"@type\":\"PropertyValueSpecification\",\"valueRequired\":true,\"valueName\":\"search_term_string\"}}],\"inLanguage\":\"ro-RO\"},{\"@type\":\"Organization\",\"@id\":\"https:\\\/\\\/sanicus.de\\\/#organization\",\"name\":\"Sanicus GmbH\",\"url\":\"https:\\\/\\\/sanicus.de\\\/\",\"logo\":{\"@type\":\"ImageObject\",\"inLanguage\":\"ro-RO\",\"@id\":\"https:\\\/\\\/sanicus.de\\\/#\\\/schema\\\/logo\\\/image\\\/\",\"url\":\"https:\\\/\\\/sanicus.de\\\/wp-content\\\/uploads\\\/2021\\\/11\\\/Sanicus-Logo-Grau-2021.png\",\"contentUrl\":\"https:\\\/\\\/sanicus.de\\\/wp-content\\\/uploads\\\/2021\\\/11\\\/Sanicus-Logo-Grau-2021.png\",\"width\":1382,\"height\":397,\"caption\":\"Sanicus GmbH\"},\"image\":{\"@id\":\"https:\\\/\\\/sanicus.de\\\/#\\\/schema\\\/logo\\\/image\\\/\"},\"sameAs\":[\"https:\\\/\\\/www.facebook.com\\\/Sanicus\\\/\"]}]}<\/script>\n<!-- \/ Yoast SEO Premium plugin. -->","yoast_head_json":{"title":"S3 Aufsteller Stahl Grau - sanicus.de","description":"S3 Aufsteller Stahl grau \u2013 stabiler Standfu\u00df f\u00fcr Sanicus Seifen- und Desinfektionsspender. Robust, mobil & flexibel einsetzbar.","robots":{"index":"index","follow":"follow","max-snippet":"max-snippet:-1","max-image-preview":"max-image-preview:large","max-video-preview":"max-video-preview:-1"},"canonical":"https:\/\/sanicus.de\/ro\/produs\/s3-aufsteller-stahl-grau\/","og_locale":"ro_RO","og_type":"article","og_title":"S3 Aufsteller Stahl Grau","og_description":"S3 Aufsteller Stahl grau \u2013 stabiler Standfu\u00df f\u00fcr Sanicus Seifen- und Desinfektionsspender. Robust, mobil & flexibel einsetzbar.","og_url":"https:\/\/sanicus.de\/ro\/produs\/s3-aufsteller-stahl-grau\/","og_site_name":"sanicus.de","article_publisher":"https:\/\/www.facebook.com\/Sanicus\/","article_modified_time":"2026-04-13T14:45:30+00:00","og_image":[{"width":800,"height":800,"url":"https:\/\/sanicus.de\/wp-content\/uploads\/2023\/12\/8363000-S3-Metallspender.jpg.png","type":"image\/png"}],"twitter_card":"summary_large_image","twitter_misc":{"Timp estimat pentru citire":"1 minut"},"schema":{"@context":"https:\/\/schema.org","@graph":[{"@type":"WebPage","@id":"https:\/\/sanicus.de\/produkt\/s3-aufsteller-stahl-grau\/","url":"https:\/\/sanicus.de\/produkt\/s3-aufsteller-stahl-grau\/","name":"S3 Aufsteller Stahl Grau - sanicus.de","isPartOf":{"@id":"https:\/\/sanicus.de\/#website"},"primaryImageOfPage":{"@id":"https:\/\/sanicus.de\/produkt\/s3-aufsteller-stahl-grau\/#primaryimage"},"image":{"@id":"https:\/\/sanicus.de\/produkt\/s3-aufsteller-stahl-grau\/#primaryimage"},"thumbnailUrl":"https:\/\/sanicus.de\/wp-content\/uploads\/2023\/12\/8363000-S3-Metallspender.jpg.png","datePublished":"2023-11-30T09:21:47+00:00","dateModified":"2026-04-13T14:45:30+00:00","description":"S3 Aufsteller Stahl grau \u2013 stabiler Standfu\u00df f\u00fcr Sanicus Seifen- und Desinfektionsspender. Robust, mobil & flexibel einsetzbar.","breadcrumb":{"@id":"https:\/\/sanicus.de\/produkt\/s3-aufsteller-stahl-grau\/#breadcrumb"},"inLanguage":"ro-RO","potentialAction":[{"@type":"ReadAction","target":["https:\/\/sanicus.de\/produkt\/s3-aufsteller-stahl-grau\/"]}]},{"@type":"ImageObject","inLanguage":"ro-RO","@id":"https:\/\/sanicus.de\/produkt\/s3-aufsteller-stahl-grau\/#primaryimage","url":"https:\/\/sanicus.de\/wp-content\/uploads\/2023\/12\/8363000-S3-Metallspender.jpg.png","contentUrl":"https:\/\/sanicus.de\/wp-content\/uploads\/2023\/12\/8363000-S3-Metallspender.jpg.png","width":800,"height":800,"caption":"8363000 - S3 Metallspender.jpg"},{"@type":"BreadcrumbList","@id":"https:\/\/sanicus.de\/produkt\/s3-aufsteller-stahl-grau\/#breadcrumb","itemListElement":[{"@type":"ListItem","position":1,"name":"Startseite","item":"https:\/\/sanicus.de\/"},{"@type":"ListItem","position":2,"name":"Sanicus Store","item":"https:\/\/sanicus.de\/sanicus-store\/"},{"@type":"ListItem","position":3,"name":"S3 Aufsteller Stahl Grau"}]},{"@type":"WebSite","@id":"https:\/\/sanicus.de\/#website","url":"https:\/\/sanicus.de\/","name":"sanicus.de","description":"Sanit\u00e4r - Ausstattung","publisher":{"@id":"https:\/\/sanicus.de\/#organization"},"potentialAction":[{"@type":"SearchAction","target":{"@type":"EntryPoint","urlTemplate":"https:\/\/sanicus.de\/?s={search_term_string}"},"query-input":{"@type":"PropertyValueSpecification","valueRequired":true,"valueName":"search_term_string"}}],"inLanguage":"ro-RO"},{"@type":"Organization","@id":"https:\/\/sanicus.de\/#organization","name":"Sanicus GmbH","url":"https:\/\/sanicus.de\/","logo":{"@type":"ImageObject","inLanguage":"ro-RO","@id":"https:\/\/sanicus.de\/#\/schema\/logo\/image\/","url":"https:\/\/sanicus.de\/wp-content\/uploads\/2021\/11\/Sanicus-Logo-Grau-2021.png","contentUrl":"https:\/\/sanicus.de\/wp-content\/uploads\/2021\/11\/Sanicus-Logo-Grau-2021.png","width":1382,"height":397,"caption":"Sanicus GmbH"},"image":{"@id":"https:\/\/sanicus.de\/#\/schema\/logo\/image\/"},"sameAs":["https:\/\/www.facebook.com\/Sanicus\/"]}]}},"_links":{"self":[{"href":"https:\/\/sanicus.de\/ro\/wp-json\/wp\/v2\/product\/30705","targetHints":{"allow":["GET"]}}],"collection":[{"href":"https:\/\/sanicus.de\/ro\/wp-json\/wp\/v2\/product"}],"about":[{"href":"https:\/\/sanicus.de\/ro\/wp-json\/wp\/v2\/types\/product"}],"version-history":[{"count":3,"href":"https:\/\/sanicus.de\/ro\/wp-json\/wp\/v2\/product\/30705\/revisions"}],"predecessor-version":[{"id":32982,"href":"https:\/\/sanicus.de\/ro\/wp-json\/wp\/v2\/product\/30705\/revisions\/32982"}],"wp:featuredmedia":[{"embeddable":true,"href":"https:\/\/sanicus.de\/ro\/wp-json\/wp\/v2\/media\/30985"}],"wp:attachment":[{"href":"https:\/\/sanicus.de\/ro\/wp-json\/wp\/v2\/media?parent=30705"}],"wp:term":[{"taxonomy":"product_brand","embeddable":true,"href":"https:\/\/sanicus.de\/ro\/wp-json\/wp\/v2\/product_brand?post=30705"},{"taxonomy":"product_cat","embeddable":true,"href":"https:\/\/sanicus.de\/ro\/wp-json\/wp\/v2\/product_cat?post=30705"},{"taxonomy":"product_tag","embeddable":true,"href":"https:\/\/sanicus.de\/ro\/wp-json\/wp\/v2\/product_tag?post=30705"}],"curies":[{"name":"wp","href":"https:\/\/api.w.org\/{rel}","templated":true}]}}