{"id":30717,"date":"2023-11-30T10:21:59","date_gmt":"2023-11-30T09:21:59","guid":{"rendered":"https:\/\/sanicus.de\/produkt\/b3-handbrause-verchromt-90-l-min\/"},"modified":"2026-04-09T18:15:10","modified_gmt":"2026-04-09T16:15:10","slug":"b3-handbrause-verchromt-90-l-min","status":"publish","type":"product","link":"https:\/\/sanicus.de\/ro\/produkt\/b3-handbrause-verchromt-90-l-min\/","title":{"rendered":"B3 Handbrause verchromt 9,0 l\/min"},"content":{"rendered":"<h4>B3 Handbrause verchromt 9.0 l\/min \u2013 wassersparender Duschkomfort auf h\u00f6chstem Niveau<\/h4>\n<p>Die <strong>B3 Handbrause verchromt 9.0 l\/min<\/strong> von Sanicus vereint stilvolles Design mit modernster Wasserspartechnologie. Diese hochwertige Handbrause eignet sich ideal f\u00fcr alle, die den Wasserverbrauch nachhaltig senken m\u00f6chten, ohne beim Duschen auf Komfort zu verzichten. Mit einem maximalen Durchfluss von nur 9 Litern pro Minute sparen Sie im Vergleich zu herk\u00f6mmlichen Brausen sp\u00fcrbar Wasser und Energie.<\/p>\n<p>Das elegante, verchromte Geh\u00e4use verleiht Ihrem Badezimmer einen zeitlosen, modernen Look und \u00fcberzeugt gleichzeitig durch seine robuste Verarbeitung. Die Oberfl\u00e4che ist leicht zu reinigen, kratzfest und unempfindlich gegen\u00fcber Kalkablagerungen \u2013 ideal f\u00fcr den t\u00e4glichen Einsatz in privaten Haushalten, Hotels oder Sporteinrichtungen.<\/p>\n<p>Die B3 Handbrause sorgt mit ihren pr\u00e4zise angeordneten D\u00fcsen f\u00fcr einen gleichm\u00e4\u00dfigen, sanften Wasserstrahl, der ein angenehmes Duschgef\u00fchl garantiert. Die integrierte Wasserspartechnik reduziert den Verbrauch, ohne dass der Komfort darunter leidet. Gleichzeitig sinken die Kosten f\u00fcr Wasser und Warmwasserbereitung \u2013 eine Investition, die sich bereits nach kurzer Zeit auszahlt.<\/p>\n<p>Dank des genormten 1\/2-Zoll-Anschlussgewindes ist die Montage besonders einfach. Die Brause wird einfach an jeden Standard-Duschschlauch angeschraubt \u2013 ganz ohne Werkzeug oder spezielles Zubeh\u00f6r. So ist sie in wenigen Minuten einsatzbereit und passt perfekt in bestehende Duschsysteme.<\/p>\n<p>Ein weiteres Plus: Die Antikalk-D\u00fcsen lassen sich leicht mit den Fingern reinigen, indem Kalkablagerungen einfach abgestreift werden. So bleibt der Wasserfluss dauerhaft konstant, und die Reinigungsintervalle verl\u00e4ngern sich. Die B3 Handbrause eignet sich daher hervorragend f\u00fcr alle, die Wert auf langfristige Qualit\u00e4t und geringen Pflegeaufwand legen.<\/p>\n<h5>Produktvorteile auf einen Blick<\/h5>\n<ul>\n<li><strong>Wassersparend:<\/strong> maximal 9 l\/min Durchfluss bei vollem Komfort<\/li>\n<li><strong>Robust:<\/strong> langlebige, kratzfeste Chrom-Oberfl\u00e4che<\/li>\n<li><strong>Komfortabel:<\/strong> gleichm\u00e4\u00dfiger, sanfter Wasserstrahl<\/li>\n<li><strong>Einfach montierbar:<\/strong> passend f\u00fcr alle Standard-Duschschl\u00e4uche<\/li>\n<li><strong>Pflegeleicht:<\/strong> Antikalk-D\u00fcsen f\u00fcr einfache Reinigung<\/li>\n<\/ul>\n<p>Mit der <strong>B3 Handbrause verchromt 9.0 l\/min<\/strong> entscheiden Sie sich f\u00fcr eine umweltbewusste L\u00f6sung, die Ihr Badezimmer modern ausstattet und Wasser sowie Energie spart \u2013 effizient, komfortabel und langlebig.<\/p>","protected":false},"excerpt":{"rendered":"<p>Handbrause &#8211; Easy Clean Funktion 3 verschiedene Strahlarten Mit Durchflusskonstanthalter geregelte Ausf\u00fchrung, inklusive Trinkwasserleitungsschutz Farbe: Chrom<\/p>","protected":false},"featured_media":30942,"template":"","meta":{"site-sidebar-layout":"default","site-content-layout":"default","ast-site-content-layout":"default","site-content-style":"default","site-sidebar-style":"default","ast-global-header-display":"","ast-banner-title-visibility":"","ast-main-header-display":"","ast-hfb-above-header-display":"","ast-hfb-below-header-display":"","ast-hfb-mobile-header-display":"","site-post-title":"","ast-breadcrumbs-content":"","ast-featured-img":"","footer-sml-layout":"","ast-disable-related-posts":"","theme-transparent-header-meta":"default","adv-header-id-meta":"","stick-header-meta":"","header-above-stick-meta":"","header-main-stick-meta":"","header-below-stick-meta":"","astra-migrate-meta-layouts":"set","ast-page-background-enabled":"default","ast-page-background-meta":{"desktop":{"background-color":"","background-image":"","background-repeat":"repeat","background-position":"center center","background-size":"auto","background-attachment":"scroll","background-type":"","background-media":"","overlay-type":"","overlay-color":"","overlay-opacity":"","overlay-gradient":""},"tablet":{"background-color":"","background-image":"","background-repeat":"repeat","background-position":"center center","background-size":"auto","background-attachment":"scroll","background-type":"","background-media":"","overlay-type":"","overlay-color":"","overlay-opacity":"","overlay-gradient":""},"mobile":{"background-color":"","background-image":"","background-repeat":"repeat","background-position":"center center","background-size":"auto","background-attachment":"scroll","background-type":"","background-media":"","overlay-type":"","overlay-color":"","overlay-opacity":"","overlay-gradient":""}},"ast-content-background-meta":{"desktop":{"background-color":"var(--ast-global-color-5)","background-image":"","background-repeat":"repeat","background-position":"center center","background-size":"auto","background-attachment":"scroll","background-type":"","background-media":"","overlay-type":"","overlay-color":"","overlay-opacity":"","overlay-gradient":""},"tablet":{"background-color":"var(--ast-global-color-5)","background-image":"","background-repeat":"repeat","background-position":"center center","background-size":"auto","background-attachment":"scroll","background-type":"","background-media":"","overlay-type":"","overlay-color":"","overlay-opacity":"","overlay-gradient":""},"mobile":{"background-color":"var(--ast-global-color-5)","background-image":"","background-repeat":"repeat","background-position":"center center","background-size":"auto","background-attachment":"scroll","background-type":"","background-media":"","overlay-type":"","overlay-color":"","overlay-opacity":"","overlay-gradient":""}}},"product_brand":[],"product_cat":[147],"product_tag":[],"class_list":{"0":"post-30717","1":"product","2":"type-product","3":"status-publish","4":"has-post-thumbnail","6":"product_cat-wassersparende-duschen","7":"desktop-align-left","8":"tablet-align-left","9":"mobile-align-left","11":"first","12":"instock","13":"taxable","14":"shipping-taxable","15":"purchasable","16":"product-type-simple"},"yoast_head":"<!-- This site is optimized with the Yoast SEO Premium plugin v27.3 (Yoast SEO v27.4) - https:\/\/yoast.com\/product\/yoast-seo-premium-wordpress\/ -->\n<title>B3 Handbrause verchromt 9,0 l\/min - sanicus.de<\/title>\n<meta name=\"description\" content=\"B3 Handbrause verchromt 9.0 l\/min \u2013 komfortabel, wassersparend &amp; robust. F\u00fcr nachhaltiges Duschen mit gleichm\u00e4\u00dfigem Strahlbild.\" \/>\n<meta name=\"robots\" content=\"index, follow, max-snippet:-1, max-image-preview:large, max-video-preview:-1\" \/>\n<link rel=\"canonical\" href=\"https:\/\/sanicus.de\/ro\/produs\/b3-handbrause-verchromt-90-l-min\/\" \/>\n<meta property=\"og:locale\" content=\"ro_RO\" \/>\n<meta property=\"og:type\" content=\"article\" \/>\n<meta property=\"og:title\" content=\"B3 Handbrause verchromt 9,0 l\/min\" \/>\n<meta property=\"og:description\" content=\"B3 Handbrause verchromt 9.0 l\/min \u2013 komfortabel, wassersparend &amp; robust. F\u00fcr nachhaltiges Duschen mit gleichm\u00e4\u00dfigem Strahlbild.\" \/>\n<meta property=\"og:url\" content=\"https:\/\/sanicus.de\/ro\/produs\/b3-handbrause-verchromt-90-l-min\/\" \/>\n<meta property=\"og:site_name\" content=\"sanicus.de\" \/>\n<meta property=\"article:publisher\" content=\"https:\/\/www.facebook.com\/Sanicus\/\" \/>\n<meta property=\"article:modified_time\" content=\"2026-04-09T16:15:10+00:00\" \/>\n<meta property=\"og:image\" content=\"https:\/\/sanicus.de\/wp-content\/uploads\/2023\/12\/2830108-B3-Handbrause-verchromt-90-lmin.jpg\" \/>\n\t<meta property=\"og:image:width\" content=\"800\" \/>\n\t<meta property=\"og:image:height\" content=\"800\" \/>\n\t<meta property=\"og:image:type\" content=\"image\/jpeg\" \/>\n<meta name=\"twitter:card\" content=\"summary_large_image\" \/>\n<meta name=\"twitter:label1\" content=\"Timp estimat pentru citire\" \/>\n\t<meta name=\"twitter:data1\" content=\"1 minut\" \/>\n<script type=\"application\/ld+json\" class=\"yoast-schema-graph\">{\"@context\":\"https:\\\/\\\/schema.org\",\"@graph\":[{\"@type\":\"WebPage\",\"@id\":\"https:\\\/\\\/sanicus.de\\\/produkt\\\/b3-handbrause-verchromt-90-l-min\\\/\",\"url\":\"https:\\\/\\\/sanicus.de\\\/produkt\\\/b3-handbrause-verchromt-90-l-min\\\/\",\"name\":\"B3 Handbrause verchromt 9,0 l\\\/min - sanicus.de\",\"isPartOf\":{\"@id\":\"https:\\\/\\\/sanicus.de\\\/#website\"},\"primaryImageOfPage\":{\"@id\":\"https:\\\/\\\/sanicus.de\\\/produkt\\\/b3-handbrause-verchromt-90-l-min\\\/#primaryimage\"},\"image\":{\"@id\":\"https:\\\/\\\/sanicus.de\\\/produkt\\\/b3-handbrause-verchromt-90-l-min\\\/#primaryimage\"},\"thumbnailUrl\":\"https:\\\/\\\/sanicus.de\\\/wp-content\\\/uploads\\\/2023\\\/12\\\/2830108-B3-Handbrause-verchromt-90-lmin.jpg\",\"datePublished\":\"2023-11-30T09:21:59+00:00\",\"dateModified\":\"2026-04-09T16:15:10+00:00\",\"description\":\"B3 Handbrause verchromt 9.0 l\\\/min \u2013 komfortabel, wassersparend & robust. F\u00fcr nachhaltiges Duschen mit gleichm\u00e4\u00dfigem Strahlbild.\",\"breadcrumb\":{\"@id\":\"https:\\\/\\\/sanicus.de\\\/produkt\\\/b3-handbrause-verchromt-90-l-min\\\/#breadcrumb\"},\"inLanguage\":\"ro-RO\",\"potentialAction\":[{\"@type\":\"ReadAction\",\"target\":[\"https:\\\/\\\/sanicus.de\\\/produkt\\\/b3-handbrause-verchromt-90-l-min\\\/\"]}]},{\"@type\":\"ImageObject\",\"inLanguage\":\"ro-RO\",\"@id\":\"https:\\\/\\\/sanicus.de\\\/produkt\\\/b3-handbrause-verchromt-90-l-min\\\/#primaryimage\",\"url\":\"https:\\\/\\\/sanicus.de\\\/wp-content\\\/uploads\\\/2023\\\/12\\\/2830108-B3-Handbrause-verchromt-90-lmin.jpg\",\"contentUrl\":\"https:\\\/\\\/sanicus.de\\\/wp-content\\\/uploads\\\/2023\\\/12\\\/2830108-B3-Handbrause-verchromt-90-lmin.jpg\",\"width\":800,\"height\":800,\"caption\":\"2830108 - B3 Handbrause verchromt 9,0 lmin\"},{\"@type\":\"BreadcrumbList\",\"@id\":\"https:\\\/\\\/sanicus.de\\\/produkt\\\/b3-handbrause-verchromt-90-l-min\\\/#breadcrumb\",\"itemListElement\":[{\"@type\":\"ListItem\",\"position\":1,\"name\":\"Startseite\",\"item\":\"https:\\\/\\\/sanicus.de\\\/\"},{\"@type\":\"ListItem\",\"position\":2,\"name\":\"Sanicus Store\",\"item\":\"https:\\\/\\\/sanicus.de\\\/sanicus-store\\\/\"},{\"@type\":\"ListItem\",\"position\":3,\"name\":\"B3 Handbrause verchromt 9,0 l\\\/min\"}]},{\"@type\":\"WebSite\",\"@id\":\"https:\\\/\\\/sanicus.de\\\/#website\",\"url\":\"https:\\\/\\\/sanicus.de\\\/\",\"name\":\"sanicus.de\",\"description\":\"Sanit\u00e4r - Ausstattung\",\"publisher\":{\"@id\":\"https:\\\/\\\/sanicus.de\\\/#organization\"},\"potentialAction\":[{\"@type\":\"SearchAction\",\"target\":{\"@type\":\"EntryPoint\",\"urlTemplate\":\"https:\\\/\\\/sanicus.de\\\/?s={search_term_string}\"},\"query-input\":{\"@type\":\"PropertyValueSpecification\",\"valueRequired\":true,\"valueName\":\"search_term_string\"}}],\"inLanguage\":\"ro-RO\"},{\"@type\":\"Organization\",\"@id\":\"https:\\\/\\\/sanicus.de\\\/#organization\",\"name\":\"Sanicus GmbH\",\"url\":\"https:\\\/\\\/sanicus.de\\\/\",\"logo\":{\"@type\":\"ImageObject\",\"inLanguage\":\"ro-RO\",\"@id\":\"https:\\\/\\\/sanicus.de\\\/#\\\/schema\\\/logo\\\/image\\\/\",\"url\":\"https:\\\/\\\/sanicus.de\\\/wp-content\\\/uploads\\\/2021\\\/11\\\/Sanicus-Logo-Grau-2021.png\",\"contentUrl\":\"https:\\\/\\\/sanicus.de\\\/wp-content\\\/uploads\\\/2021\\\/11\\\/Sanicus-Logo-Grau-2021.png\",\"width\":1382,\"height\":397,\"caption\":\"Sanicus GmbH\"},\"image\":{\"@id\":\"https:\\\/\\\/sanicus.de\\\/#\\\/schema\\\/logo\\\/image\\\/\"},\"sameAs\":[\"https:\\\/\\\/www.facebook.com\\\/Sanicus\\\/\"]}]}<\/script>\n<!-- \/ Yoast SEO Premium plugin. -->","yoast_head_json":{"title":"B3 Handbrause verchromt 9,0 l\/min - sanicus.de","description":"B3 Handbrause verchromt 9.0 l\/min \u2013 komfortabel, wassersparend & robust. F\u00fcr nachhaltiges Duschen mit gleichm\u00e4\u00dfigem Strahlbild.","robots":{"index":"index","follow":"follow","max-snippet":"max-snippet:-1","max-image-preview":"max-image-preview:large","max-video-preview":"max-video-preview:-1"},"canonical":"https:\/\/sanicus.de\/ro\/produs\/b3-handbrause-verchromt-90-l-min\/","og_locale":"ro_RO","og_type":"article","og_title":"B3 Handbrause verchromt 9,0 l\/min","og_description":"B3 Handbrause verchromt 9.0 l\/min \u2013 komfortabel, wassersparend & robust. F\u00fcr nachhaltiges Duschen mit gleichm\u00e4\u00dfigem Strahlbild.","og_url":"https:\/\/sanicus.de\/ro\/produs\/b3-handbrause-verchromt-90-l-min\/","og_site_name":"sanicus.de","article_publisher":"https:\/\/www.facebook.com\/Sanicus\/","article_modified_time":"2026-04-09T16:15:10+00:00","og_image":[{"width":800,"height":800,"url":"https:\/\/sanicus.de\/wp-content\/uploads\/2023\/12\/2830108-B3-Handbrause-verchromt-90-lmin.jpg","type":"image\/jpeg"}],"twitter_card":"summary_large_image","twitter_misc":{"Timp estimat pentru citire":"1 minut"},"schema":{"@context":"https:\/\/schema.org","@graph":[{"@type":"WebPage","@id":"https:\/\/sanicus.de\/produkt\/b3-handbrause-verchromt-90-l-min\/","url":"https:\/\/sanicus.de\/produkt\/b3-handbrause-verchromt-90-l-min\/","name":"B3 Handbrause verchromt 9,0 l\/min - sanicus.de","isPartOf":{"@id":"https:\/\/sanicus.de\/#website"},"primaryImageOfPage":{"@id":"https:\/\/sanicus.de\/produkt\/b3-handbrause-verchromt-90-l-min\/#primaryimage"},"image":{"@id":"https:\/\/sanicus.de\/produkt\/b3-handbrause-verchromt-90-l-min\/#primaryimage"},"thumbnailUrl":"https:\/\/sanicus.de\/wp-content\/uploads\/2023\/12\/2830108-B3-Handbrause-verchromt-90-lmin.jpg","datePublished":"2023-11-30T09:21:59+00:00","dateModified":"2026-04-09T16:15:10+00:00","description":"B3 Handbrause verchromt 9.0 l\/min \u2013 komfortabel, wassersparend & robust. F\u00fcr nachhaltiges Duschen mit gleichm\u00e4\u00dfigem Strahlbild.","breadcrumb":{"@id":"https:\/\/sanicus.de\/produkt\/b3-handbrause-verchromt-90-l-min\/#breadcrumb"},"inLanguage":"ro-RO","potentialAction":[{"@type":"ReadAction","target":["https:\/\/sanicus.de\/produkt\/b3-handbrause-verchromt-90-l-min\/"]}]},{"@type":"ImageObject","inLanguage":"ro-RO","@id":"https:\/\/sanicus.de\/produkt\/b3-handbrause-verchromt-90-l-min\/#primaryimage","url":"https:\/\/sanicus.de\/wp-content\/uploads\/2023\/12\/2830108-B3-Handbrause-verchromt-90-lmin.jpg","contentUrl":"https:\/\/sanicus.de\/wp-content\/uploads\/2023\/12\/2830108-B3-Handbrause-verchromt-90-lmin.jpg","width":800,"height":800,"caption":"2830108 - B3 Handbrause verchromt 9,0 lmin"},{"@type":"BreadcrumbList","@id":"https:\/\/sanicus.de\/produkt\/b3-handbrause-verchromt-90-l-min\/#breadcrumb","itemListElement":[{"@type":"ListItem","position":1,"name":"Startseite","item":"https:\/\/sanicus.de\/"},{"@type":"ListItem","position":2,"name":"Sanicus Store","item":"https:\/\/sanicus.de\/sanicus-store\/"},{"@type":"ListItem","position":3,"name":"B3 Handbrause verchromt 9,0 l\/min"}]},{"@type":"WebSite","@id":"https:\/\/sanicus.de\/#website","url":"https:\/\/sanicus.de\/","name":"sanicus.de","description":"Sanit\u00e4r - Ausstattung","publisher":{"@id":"https:\/\/sanicus.de\/#organization"},"potentialAction":[{"@type":"SearchAction","target":{"@type":"EntryPoint","urlTemplate":"https:\/\/sanicus.de\/?s={search_term_string}"},"query-input":{"@type":"PropertyValueSpecification","valueRequired":true,"valueName":"search_term_string"}}],"inLanguage":"ro-RO"},{"@type":"Organization","@id":"https:\/\/sanicus.de\/#organization","name":"Sanicus GmbH","url":"https:\/\/sanicus.de\/","logo":{"@type":"ImageObject","inLanguage":"ro-RO","@id":"https:\/\/sanicus.de\/#\/schema\/logo\/image\/","url":"https:\/\/sanicus.de\/wp-content\/uploads\/2021\/11\/Sanicus-Logo-Grau-2021.png","contentUrl":"https:\/\/sanicus.de\/wp-content\/uploads\/2021\/11\/Sanicus-Logo-Grau-2021.png","width":1382,"height":397,"caption":"Sanicus GmbH"},"image":{"@id":"https:\/\/sanicus.de\/#\/schema\/logo\/image\/"},"sameAs":["https:\/\/www.facebook.com\/Sanicus\/"]}]}},"_links":{"self":[{"href":"https:\/\/sanicus.de\/ro\/wp-json\/wp\/v2\/product\/30717","targetHints":{"allow":["GET"]}}],"collection":[{"href":"https:\/\/sanicus.de\/ro\/wp-json\/wp\/v2\/product"}],"about":[{"href":"https:\/\/sanicus.de\/ro\/wp-json\/wp\/v2\/types\/product"}],"version-history":[{"count":2,"href":"https:\/\/sanicus.de\/ro\/wp-json\/wp\/v2\/product\/30717\/revisions"}],"predecessor-version":[{"id":32817,"href":"https:\/\/sanicus.de\/ro\/wp-json\/wp\/v2\/product\/30717\/revisions\/32817"}],"wp:featuredmedia":[{"embeddable":true,"href":"https:\/\/sanicus.de\/ro\/wp-json\/wp\/v2\/media\/30942"}],"wp:attachment":[{"href":"https:\/\/sanicus.de\/ro\/wp-json\/wp\/v2\/media?parent=30717"}],"wp:term":[{"taxonomy":"product_brand","embeddable":true,"href":"https:\/\/sanicus.de\/ro\/wp-json\/wp\/v2\/product_brand?post=30717"},{"taxonomy":"product_cat","embeddable":true,"href":"https:\/\/sanicus.de\/ro\/wp-json\/wp\/v2\/product_cat?post=30717"},{"taxonomy":"product_tag","embeddable":true,"href":"https:\/\/sanicus.de\/ro\/wp-json\/wp\/v2\/product_tag?post=30717"}],"curies":[{"name":"wp","href":"https:\/\/api.w.org\/{rel}","templated":true}]}}