{"id":30721,"date":"2023-11-30T10:22:02","date_gmt":"2023-11-30T09:22:02","guid":{"rendered":"https:\/\/sanicus.de\/produkt\/megro-wanddusche-cf9-up\/"},"modified":"2026-04-13T16:29:07","modified_gmt":"2026-04-13T14:29:07","slug":"megro-wanddusche-cf9-up","status":"publish","type":"product","link":"https:\/\/sanicus.de\/ro\/produkt\/megro-wanddusche-cf9-up\/","title":{"rendered":"MEGRO Wanddusche CF9 UP"},"content":{"rendered":"<h4>Megro Wanddusche CF9 UP \u2013 effizient duschen bei geringem Wasserverbrauch<\/h4>\n<p>Die <strong>Megro Wanddusche CF9 UP<\/strong> von Sanicus ist die optimale L\u00f6sung f\u00fcr alle Betreiber, die in \u00f6ffentlichen oder gewerblichen Duschr\u00e4umen zuverl\u00e4ssige Technik mit geringem Wasserverbrauch kombinieren m\u00f6chten. Mit ihrer robusten Bauweise und der wassersparenden Technologie eignet sich diese Wanddusche hervorragend f\u00fcr Sportst\u00e4tten, Schwimmb\u00e4der, Fitnesscenter, Campingpl\u00e4tze oder Mitarbeiterduschen in Unternehmen.<\/p>\n<p>Dank der innovativen CF9-Technologie begrenzt die Megro Wanddusche den Wasserdurchfluss auf maximal 9 Liter pro Minute. So k\u00f6nnen Sie die Betriebskosten nachhaltig senken und gleichzeitig wertvolle Ressourcen schonen. Trotz der Durchflussbegrenzung bietet der Duschkopf ein angenehmes, gleichm\u00e4\u00dfiges Strahlbild \u2013 f\u00fcr ein komfortables Duscherlebnis auch bei hoher Frequenz.<\/p>\n<p>Das Geh\u00e4use besteht aus langlebigen, korrosionsbest\u00e4ndigen Materialien, die auch unter anspruchsvollen Bedingungen zuverl\u00e4ssig funktionieren. Die verchromte Oberfl\u00e4che ist nicht nur pflegeleicht, sondern verleiht der Dusche auch ein zeitlos elegantes Erscheinungsbild. Kalkablagerungen lassen sich durch die glatte Oberfl\u00e4che leicht entfernen, wodurch die Pflege besonders unkompliziert ist.<\/p>\n<p>Die <strong>Megro Wanddusche CF9 UP<\/strong> wird als Aufputzl\u00f6sung direkt an der Wand installiert. Durch den standardisierten Anschluss gelingt die Montage schnell und sicher \u2013 auch bei der Nachr\u00fcstung vorhandener Leitungen. Der Anschluss erfolgt \u00fcber ein 1\/2-Zoll-Gewinde, das mit g\u00e4ngigen Wasserzuf\u00fchrungen kompatibel ist. So l\u00e4sst sich die Dusche unkompliziert in bestehende Installationen integrieren.<\/p>\n<p>Ein besonderer Vorteil liegt in der langlebigen, wartungsarmen Konstruktion. Die Wanddusche ist f\u00fcr den Dauerbetrieb konzipiert und bietet auch bei intensiver Nutzung \u00fcber viele Jahre eine gleichbleibend hohe Qualit\u00e4t. Das macht sie zur wirtschaftlichen und nachhaltigen L\u00f6sung f\u00fcr gewerbliche Anlagen.<\/p>\n<h5>Produktvorteile auf einen Blick<\/h5>\n<ul>\n<li><strong>Wassersparend:<\/strong> nur 9 l\/min Durchfluss bei vollem Komfort<\/li>\n<li><strong>Robust:<\/strong> korrosionsbest\u00e4ndige Materialien f\u00fcr lange Lebensdauer<\/li>\n<li><strong>Pflegeleicht:<\/strong> glatte, kalkabweisende Oberfl\u00e4che<\/li>\n<li><strong>Komfortabel:<\/strong> gleichm\u00e4\u00dfiger Wasserstrahl f\u00fcr angenehmes Duschen<\/li>\n<li><strong>Einfache Montage:<\/strong> standardisierter Anschluss f\u00fcr Aufputz-Installation<\/li>\n<\/ul>\n<p>Mit der <strong>Megro Wanddusche CF9 UP<\/strong> entscheiden Sie sich f\u00fcr ein professionelles Duschsystem, das Wassersparen, Hygiene und komfortable Nutzung optimal verbindet \u2013 perfekt f\u00fcr alle gewerblichen und \u00f6ffentlichen Sanit\u00e4rbereiche.<\/p>","protected":false},"excerpt":{"rendered":"<p>\u2022 Kopfbrause aus massivem Messing verchromt und poliert \u2022 Jetbrause-Einsatz Verneblungsarm und Verkalkungsarm \u2022 Maximale Durchflussmenge 10L\/min \u2022 Durchflussmengenkonstanthalter \u2022 1\/2&#8243; Wandanschluss \u2022 Diebstahlgesch\u00fctz \u2022 Schwenkbarer Jeteinsatz<\/p>","protected":false},"featured_media":30940,"template":"","meta":{"site-sidebar-layout":"default","site-content-layout":"default","ast-site-content-layout":"default","site-content-style":"default","site-sidebar-style":"default","ast-global-header-display":"","ast-banner-title-visibility":"","ast-main-header-display":"","ast-hfb-above-header-display":"","ast-hfb-below-header-display":"","ast-hfb-mobile-header-display":"","site-post-title":"","ast-breadcrumbs-content":"","ast-featured-img":"","footer-sml-layout":"","ast-disable-related-posts":"","theme-transparent-header-meta":"default","adv-header-id-meta":"","stick-header-meta":"","header-above-stick-meta":"","header-main-stick-meta":"","header-below-stick-meta":"","astra-migrate-meta-layouts":"set","ast-page-background-enabled":"default","ast-page-background-meta":{"desktop":{"background-color":"","background-image":"","background-repeat":"repeat","background-position":"center center","background-size":"auto","background-attachment":"scroll","background-type":"","background-media":"","overlay-type":"","overlay-color":"","overlay-opacity":"","overlay-gradient":""},"tablet":{"background-color":"","background-image":"","background-repeat":"repeat","background-position":"center center","background-size":"auto","background-attachment":"scroll","background-type":"","background-media":"","overlay-type":"","overlay-color":"","overlay-opacity":"","overlay-gradient":""},"mobile":{"background-color":"","background-image":"","background-repeat":"repeat","background-position":"center center","background-size":"auto","background-attachment":"scroll","background-type":"","background-media":"","overlay-type":"","overlay-color":"","overlay-opacity":"","overlay-gradient":""}},"ast-content-background-meta":{"desktop":{"background-color":"var(--ast-global-color-5)","background-image":"","background-repeat":"repeat","background-position":"center center","background-size":"auto","background-attachment":"scroll","background-type":"","background-media":"","overlay-type":"","overlay-color":"","overlay-opacity":"","overlay-gradient":""},"tablet":{"background-color":"var(--ast-global-color-5)","background-image":"","background-repeat":"repeat","background-position":"center center","background-size":"auto","background-attachment":"scroll","background-type":"","background-media":"","overlay-type":"","overlay-color":"","overlay-opacity":"","overlay-gradient":""},"mobile":{"background-color":"var(--ast-global-color-5)","background-image":"","background-repeat":"repeat","background-position":"center center","background-size":"auto","background-attachment":"scroll","background-type":"","background-media":"","overlay-type":"","overlay-color":"","overlay-opacity":"","overlay-gradient":""}}},"product_brand":[],"product_cat":[147],"product_tag":[],"class_list":{"0":"post-30721","1":"product","2":"type-product","3":"status-publish","4":"has-post-thumbnail","6":"product_cat-wassersparende-duschen","7":"desktop-align-left","8":"tablet-align-left","9":"mobile-align-left","11":"first","12":"instock","13":"taxable","14":"shipping-taxable","15":"purchasable","16":"product-type-simple"},"yoast_head":"<!-- This site is optimized with the Yoast SEO Premium plugin v27.3 (Yoast SEO v27.4) - https:\/\/yoast.com\/product\/yoast-seo-premium-wordpress\/ -->\n<title>MEGRO Wanddusche CF9 UP - sanicus.de<\/title>\n<meta name=\"description\" content=\"Megro Wanddusche CF9 UP \u2013 wassersparend, robust &amp; komfortabel. Ideal f\u00fcr gewerbliche Sanit\u00e4rbereiche mit hoher Nutzerfrequenz.\" \/>\n<meta name=\"robots\" content=\"index, follow, max-snippet:-1, max-image-preview:large, max-video-preview:-1\" \/>\n<link rel=\"canonical\" href=\"https:\/\/sanicus.de\/ro\/produs\/megro-wanddusche-cf9-up\/\" \/>\n<meta property=\"og:locale\" content=\"ro_RO\" \/>\n<meta property=\"og:type\" content=\"article\" \/>\n<meta property=\"og:title\" content=\"MEGRO Wanddusche CF9 UP\" \/>\n<meta property=\"og:description\" content=\"Megro Wanddusche CF9 UP \u2013 wassersparend, robust &amp; komfortabel. Ideal f\u00fcr gewerbliche Sanit\u00e4rbereiche mit hoher Nutzerfrequenz.\" \/>\n<meta property=\"og:url\" content=\"https:\/\/sanicus.de\/ro\/produs\/megro-wanddusche-cf9-up\/\" \/>\n<meta property=\"og:site_name\" content=\"sanicus.de\" \/>\n<meta property=\"article:publisher\" content=\"https:\/\/www.facebook.com\/Sanicus\/\" \/>\n<meta property=\"article:modified_time\" content=\"2026-04-13T14:29:07+00:00\" \/>\n<meta property=\"og:image\" content=\"https:\/\/sanicus.de\/wp-content\/uploads\/2023\/12\/1591109-MEGRO-Wanddusche-CF9-UP.jpg\" \/>\n\t<meta property=\"og:image:width\" content=\"800\" \/>\n\t<meta property=\"og:image:height\" content=\"800\" \/>\n\t<meta property=\"og:image:type\" content=\"image\/jpeg\" \/>\n<meta name=\"twitter:card\" content=\"summary_large_image\" \/>\n<meta name=\"twitter:label1\" content=\"Timp estimat pentru citire\" \/>\n\t<meta name=\"twitter:data1\" content=\"1 minut\" \/>\n<script type=\"application\/ld+json\" class=\"yoast-schema-graph\">{\"@context\":\"https:\\\/\\\/schema.org\",\"@graph\":[{\"@type\":\"WebPage\",\"@id\":\"https:\\\/\\\/sanicus.de\\\/produkt\\\/megro-wanddusche-cf9-up\\\/\",\"url\":\"https:\\\/\\\/sanicus.de\\\/produkt\\\/megro-wanddusche-cf9-up\\\/\",\"name\":\"MEGRO Wanddusche CF9 UP - sanicus.de\",\"isPartOf\":{\"@id\":\"https:\\\/\\\/sanicus.de\\\/#website\"},\"primaryImageOfPage\":{\"@id\":\"https:\\\/\\\/sanicus.de\\\/produkt\\\/megro-wanddusche-cf9-up\\\/#primaryimage\"},\"image\":{\"@id\":\"https:\\\/\\\/sanicus.de\\\/produkt\\\/megro-wanddusche-cf9-up\\\/#primaryimage\"},\"thumbnailUrl\":\"https:\\\/\\\/sanicus.de\\\/wp-content\\\/uploads\\\/2023\\\/12\\\/1591109-MEGRO-Wanddusche-CF9-UP.jpg\",\"datePublished\":\"2023-11-30T09:22:02+00:00\",\"dateModified\":\"2026-04-13T14:29:07+00:00\",\"description\":\"Megro Wanddusche CF9 UP \u2013 wassersparend, robust & komfortabel. Ideal f\u00fcr gewerbliche Sanit\u00e4rbereiche mit hoher Nutzerfrequenz.\",\"breadcrumb\":{\"@id\":\"https:\\\/\\\/sanicus.de\\\/produkt\\\/megro-wanddusche-cf9-up\\\/#breadcrumb\"},\"inLanguage\":\"ro-RO\",\"potentialAction\":[{\"@type\":\"ReadAction\",\"target\":[\"https:\\\/\\\/sanicus.de\\\/produkt\\\/megro-wanddusche-cf9-up\\\/\"]}]},{\"@type\":\"ImageObject\",\"inLanguage\":\"ro-RO\",\"@id\":\"https:\\\/\\\/sanicus.de\\\/produkt\\\/megro-wanddusche-cf9-up\\\/#primaryimage\",\"url\":\"https:\\\/\\\/sanicus.de\\\/wp-content\\\/uploads\\\/2023\\\/12\\\/1591109-MEGRO-Wanddusche-CF9-UP.jpg\",\"contentUrl\":\"https:\\\/\\\/sanicus.de\\\/wp-content\\\/uploads\\\/2023\\\/12\\\/1591109-MEGRO-Wanddusche-CF9-UP.jpg\",\"width\":800,\"height\":800,\"caption\":\"1591109 - MEGRO Wanddusche CF9 UP\"},{\"@type\":\"BreadcrumbList\",\"@id\":\"https:\\\/\\\/sanicus.de\\\/produkt\\\/megro-wanddusche-cf9-up\\\/#breadcrumb\",\"itemListElement\":[{\"@type\":\"ListItem\",\"position\":1,\"name\":\"Startseite\",\"item\":\"https:\\\/\\\/sanicus.de\\\/\"},{\"@type\":\"ListItem\",\"position\":2,\"name\":\"Sanicus Store\",\"item\":\"https:\\\/\\\/sanicus.de\\\/sanicus-store\\\/\"},{\"@type\":\"ListItem\",\"position\":3,\"name\":\"MEGRO Wanddusche CF9 UP\"}]},{\"@type\":\"WebSite\",\"@id\":\"https:\\\/\\\/sanicus.de\\\/#website\",\"url\":\"https:\\\/\\\/sanicus.de\\\/\",\"name\":\"sanicus.de\",\"description\":\"Sanit\u00e4r - Ausstattung\",\"publisher\":{\"@id\":\"https:\\\/\\\/sanicus.de\\\/#organization\"},\"potentialAction\":[{\"@type\":\"SearchAction\",\"target\":{\"@type\":\"EntryPoint\",\"urlTemplate\":\"https:\\\/\\\/sanicus.de\\\/?s={search_term_string}\"},\"query-input\":{\"@type\":\"PropertyValueSpecification\",\"valueRequired\":true,\"valueName\":\"search_term_string\"}}],\"inLanguage\":\"ro-RO\"},{\"@type\":\"Organization\",\"@id\":\"https:\\\/\\\/sanicus.de\\\/#organization\",\"name\":\"Sanicus GmbH\",\"url\":\"https:\\\/\\\/sanicus.de\\\/\",\"logo\":{\"@type\":\"ImageObject\",\"inLanguage\":\"ro-RO\",\"@id\":\"https:\\\/\\\/sanicus.de\\\/#\\\/schema\\\/logo\\\/image\\\/\",\"url\":\"https:\\\/\\\/sanicus.de\\\/wp-content\\\/uploads\\\/2021\\\/11\\\/Sanicus-Logo-Grau-2021.png\",\"contentUrl\":\"https:\\\/\\\/sanicus.de\\\/wp-content\\\/uploads\\\/2021\\\/11\\\/Sanicus-Logo-Grau-2021.png\",\"width\":1382,\"height\":397,\"caption\":\"Sanicus GmbH\"},\"image\":{\"@id\":\"https:\\\/\\\/sanicus.de\\\/#\\\/schema\\\/logo\\\/image\\\/\"},\"sameAs\":[\"https:\\\/\\\/www.facebook.com\\\/Sanicus\\\/\"]}]}<\/script>\n<!-- \/ Yoast SEO Premium plugin. -->","yoast_head_json":{"title":"MEGRO Wanddusche CF9 UP - sanicus.de","description":"Megro Wanddusche CF9 UP \u2013 wassersparend, robust & komfortabel. Ideal f\u00fcr gewerbliche Sanit\u00e4rbereiche mit hoher Nutzerfrequenz.","robots":{"index":"index","follow":"follow","max-snippet":"max-snippet:-1","max-image-preview":"max-image-preview:large","max-video-preview":"max-video-preview:-1"},"canonical":"https:\/\/sanicus.de\/ro\/produs\/megro-wanddusche-cf9-up\/","og_locale":"ro_RO","og_type":"article","og_title":"MEGRO Wanddusche CF9 UP","og_description":"Megro Wanddusche CF9 UP \u2013 wassersparend, robust & komfortabel. Ideal f\u00fcr gewerbliche Sanit\u00e4rbereiche mit hoher Nutzerfrequenz.","og_url":"https:\/\/sanicus.de\/ro\/produs\/megro-wanddusche-cf9-up\/","og_site_name":"sanicus.de","article_publisher":"https:\/\/www.facebook.com\/Sanicus\/","article_modified_time":"2026-04-13T14:29:07+00:00","og_image":[{"width":800,"height":800,"url":"https:\/\/sanicus.de\/wp-content\/uploads\/2023\/12\/1591109-MEGRO-Wanddusche-CF9-UP.jpg","type":"image\/jpeg"}],"twitter_card":"summary_large_image","twitter_misc":{"Timp estimat pentru citire":"1 minut"},"schema":{"@context":"https:\/\/schema.org","@graph":[{"@type":"WebPage","@id":"https:\/\/sanicus.de\/produkt\/megro-wanddusche-cf9-up\/","url":"https:\/\/sanicus.de\/produkt\/megro-wanddusche-cf9-up\/","name":"MEGRO Wanddusche CF9 UP - sanicus.de","isPartOf":{"@id":"https:\/\/sanicus.de\/#website"},"primaryImageOfPage":{"@id":"https:\/\/sanicus.de\/produkt\/megro-wanddusche-cf9-up\/#primaryimage"},"image":{"@id":"https:\/\/sanicus.de\/produkt\/megro-wanddusche-cf9-up\/#primaryimage"},"thumbnailUrl":"https:\/\/sanicus.de\/wp-content\/uploads\/2023\/12\/1591109-MEGRO-Wanddusche-CF9-UP.jpg","datePublished":"2023-11-30T09:22:02+00:00","dateModified":"2026-04-13T14:29:07+00:00","description":"Megro Wanddusche CF9 UP \u2013 wassersparend, robust & komfortabel. Ideal f\u00fcr gewerbliche Sanit\u00e4rbereiche mit hoher Nutzerfrequenz.","breadcrumb":{"@id":"https:\/\/sanicus.de\/produkt\/megro-wanddusche-cf9-up\/#breadcrumb"},"inLanguage":"ro-RO","potentialAction":[{"@type":"ReadAction","target":["https:\/\/sanicus.de\/produkt\/megro-wanddusche-cf9-up\/"]}]},{"@type":"ImageObject","inLanguage":"ro-RO","@id":"https:\/\/sanicus.de\/produkt\/megro-wanddusche-cf9-up\/#primaryimage","url":"https:\/\/sanicus.de\/wp-content\/uploads\/2023\/12\/1591109-MEGRO-Wanddusche-CF9-UP.jpg","contentUrl":"https:\/\/sanicus.de\/wp-content\/uploads\/2023\/12\/1591109-MEGRO-Wanddusche-CF9-UP.jpg","width":800,"height":800,"caption":"1591109 - MEGRO Wanddusche CF9 UP"},{"@type":"BreadcrumbList","@id":"https:\/\/sanicus.de\/produkt\/megro-wanddusche-cf9-up\/#breadcrumb","itemListElement":[{"@type":"ListItem","position":1,"name":"Startseite","item":"https:\/\/sanicus.de\/"},{"@type":"ListItem","position":2,"name":"Sanicus Store","item":"https:\/\/sanicus.de\/sanicus-store\/"},{"@type":"ListItem","position":3,"name":"MEGRO Wanddusche CF9 UP"}]},{"@type":"WebSite","@id":"https:\/\/sanicus.de\/#website","url":"https:\/\/sanicus.de\/","name":"sanicus.de","description":"Sanit\u00e4r - Ausstattung","publisher":{"@id":"https:\/\/sanicus.de\/#organization"},"potentialAction":[{"@type":"SearchAction","target":{"@type":"EntryPoint","urlTemplate":"https:\/\/sanicus.de\/?s={search_term_string}"},"query-input":{"@type":"PropertyValueSpecification","valueRequired":true,"valueName":"search_term_string"}}],"inLanguage":"ro-RO"},{"@type":"Organization","@id":"https:\/\/sanicus.de\/#organization","name":"Sanicus GmbH","url":"https:\/\/sanicus.de\/","logo":{"@type":"ImageObject","inLanguage":"ro-RO","@id":"https:\/\/sanicus.de\/#\/schema\/logo\/image\/","url":"https:\/\/sanicus.de\/wp-content\/uploads\/2021\/11\/Sanicus-Logo-Grau-2021.png","contentUrl":"https:\/\/sanicus.de\/wp-content\/uploads\/2021\/11\/Sanicus-Logo-Grau-2021.png","width":1382,"height":397,"caption":"Sanicus GmbH"},"image":{"@id":"https:\/\/sanicus.de\/#\/schema\/logo\/image\/"},"sameAs":["https:\/\/www.facebook.com\/Sanicus\/"]}]}},"_links":{"self":[{"href":"https:\/\/sanicus.de\/ro\/wp-json\/wp\/v2\/product\/30721","targetHints":{"allow":["GET"]}}],"collection":[{"href":"https:\/\/sanicus.de\/ro\/wp-json\/wp\/v2\/product"}],"about":[{"href":"https:\/\/sanicus.de\/ro\/wp-json\/wp\/v2\/types\/product"}],"version-history":[{"count":2,"href":"https:\/\/sanicus.de\/ro\/wp-json\/wp\/v2\/product\/30721\/revisions"}],"predecessor-version":[{"id":32957,"href":"https:\/\/sanicus.de\/ro\/wp-json\/wp\/v2\/product\/30721\/revisions\/32957"}],"wp:featuredmedia":[{"embeddable":true,"href":"https:\/\/sanicus.de\/ro\/wp-json\/wp\/v2\/media\/30940"}],"wp:attachment":[{"href":"https:\/\/sanicus.de\/ro\/wp-json\/wp\/v2\/media?parent=30721"}],"wp:term":[{"taxonomy":"product_brand","embeddable":true,"href":"https:\/\/sanicus.de\/ro\/wp-json\/wp\/v2\/product_brand?post=30721"},{"taxonomy":"product_cat","embeddable":true,"href":"https:\/\/sanicus.de\/ro\/wp-json\/wp\/v2\/product_cat?post=30721"},{"taxonomy":"product_tag","embeddable":true,"href":"https:\/\/sanicus.de\/ro\/wp-json\/wp\/v2\/product_tag?post=30721"}],"curies":[{"name":"wp","href":"https:\/\/api.w.org\/{rel}","templated":true}]}}