{"id":30727,"date":"2023-11-30T10:22:08","date_gmt":"2023-11-30T09:22:08","guid":{"rendered":"https:\/\/sanicus.de\/produkt\/g-100-120-o\/"},"modified":"2026-04-14T09:40:47","modified_gmt":"2026-04-14T07:40:47","slug":"g-100-120-o","status":"publish","type":"product","link":"https:\/\/sanicus.de\/ro\/produkt\/g-100-120-o\/","title":{"rendered":"G 100 -120  \u00d8"},"content":{"rendered":"<h4>G 100\/120 \u00d8 Geruchsverschluss \u2013 effektiver Schutz gegen Kanalger\u00fcche<\/h4>\n<p>Der <strong>G 100\/120 \u00d8 Geruchsverschluss<\/strong> ist eine innovative L\u00f6sung, um Bodenabl\u00e4ufe dauerhaft geruchsfrei zu halten. Dieses praktische System wurde speziell f\u00fcr Abl\u00e4ufe mit einem Durchmesser von 100 bis 120 mm entwickelt und eignet sich hervorragend zur Nachr\u00fcstung in Sanit\u00e4ranlagen, K\u00fcchen, Kellerbereichen oder Technikr\u00e4umen. Der Geruchsverschluss verhindert effektiv das Aufsteigen unangenehmer Kanalgase \u2013 ganz ohne Chemikalien, Strom oder komplexe Installationen.<\/p>\n<p>Herzst\u00fcck der Konstruktion ist eine spezielle Membran, die sich beim Einleiten von Wasser automatisch \u00f6ffnet und anschlie\u00dfend wieder luftdicht verschlie\u00dft. Dadurch bleibt der Ablauf jederzeit uneingeschr\u00e4nkt funktionsf\u00e4hig, gleichzeitig wird das Austreten von Ger\u00fcchen zuverl\u00e4ssig blockiert. Die Technik arbeitet rein mechanisch und ist daher besonders wartungsarm, verschlei\u00dffest und langlebig \u2013 selbst bei h\u00e4ufiger Nutzung.<\/p>\n<p>Ein gro\u00dfer Vorteil: Der <strong>G 100\/120 \u00d8 Geruchsverschluss<\/strong> l\u00e4sst sich in bestehende Abl\u00e4ufe einfach einsetzen \u2013 ohne aufwendige Umbauten oder bauliche Ver\u00e4nderungen. Dank flexibler Anpassung an unterschiedliche Durchmesser ist die Nachr\u00fcstung in vielen Standard-Bodenabl\u00e4ufen problemlos m\u00f6glich. Auch bei unregelm\u00e4\u00dfigem Wasserverbrauch, wie er in selten genutzten R\u00e4umen oder saisonal betriebenen Einrichtungen vorkommt, bleibt der Geruchsverschluss zuverl\u00e4ssig wirksam.<\/p>\n<p>Die Reinigung und Wartung sind unkompliziert: Die Membran l\u00e4sst sich bei Bedarf entnehmen, unter flie\u00dfendem Wasser reinigen und wieder einsetzen. Auf chemische Reinigungsmittel kann in der Regel vollst\u00e4ndig verzichtet werden, was die Umwelt schont und gleichzeitig die Lebensdauer des Systems erh\u00f6ht.<\/p>\n<p>Der Geruchsverschluss besteht aus robustem, hygienischem Kunststoff, der best\u00e4ndig gegen\u00fcber Feuchtigkeit, Schmutz und haushalts\u00fcblichen Reinigungsmitteln ist. Damit eignet sich das System ideal f\u00fcr den langfristigen Einsatz in anspruchsvollen Bereichen wie \u00f6ffentlichen Sanit\u00e4ranlagen, gewerblichen K\u00fcchen oder modernen Privathaushalten.<\/p>\n<h5>Produktvorteile auf einen Blick<\/h5>\n<ul>\n<li><strong>Effektiver Geruchsstopp:<\/strong> mechanische Membran sperrt Kanalgase zuverl\u00e4ssig ab<\/li>\n<li><strong>Einfach nachr\u00fcstbar:<\/strong> passgenau f\u00fcr Abl\u00e4ufe mit \u00d8 100\u2013120 mm<\/li>\n<li><strong>Wartungsarm:<\/strong> kein Strom, keine Chemie, minimaler Pflegeaufwand<\/li>\n<li><strong>Hygienisch:<\/strong> leicht zu reinigen und feuchtigkeitsbest\u00e4ndig<\/li>\n<li><strong>Flexibel einsetzbar:<\/strong> ideal f\u00fcr Sanit\u00e4ranlagen, Keller, K\u00fcchen und Technikr\u00e4ume<\/li>\n<\/ul>\n<p>Mit dem <strong>G 100\/120 \u00d8 Geruchsverschluss<\/strong> entscheiden Sie sich f\u00fcr eine professionelle L\u00f6sung, die dauerhaft f\u00fcr frische Raumluft sorgt \u2013 hygienisch, chemiefrei, effizient und besonders einfach zu montieren.<\/p>","protected":false},"excerpt":{"rendered":"<p>Geruchsverschluss f\u00fcr Bodeneinl\u00e4ufe 100 &#8211; 120mm \u00d8<\/p>","protected":false},"featured_media":31024,"template":"","meta":{"site-sidebar-layout":"default","site-content-layout":"default","ast-site-content-layout":"default","site-content-style":"default","site-sidebar-style":"default","ast-global-header-display":"","ast-banner-title-visibility":"","ast-main-header-display":"","ast-hfb-above-header-display":"","ast-hfb-below-header-display":"","ast-hfb-mobile-header-display":"","site-post-title":"","ast-breadcrumbs-content":"","ast-featured-img":"","footer-sml-layout":"","ast-disable-related-posts":"","theme-transparent-header-meta":"default","adv-header-id-meta":"","stick-header-meta":"","header-above-stick-meta":"","header-main-stick-meta":"","header-below-stick-meta":"","astra-migrate-meta-layouts":"set","ast-page-background-enabled":"default","ast-page-background-meta":{"desktop":{"background-color":"","background-image":"","background-repeat":"repeat","background-position":"center center","background-size":"auto","background-attachment":"scroll","background-type":"","background-media":"","overlay-type":"","overlay-color":"","overlay-opacity":"","overlay-gradient":""},"tablet":{"background-color":"","background-image":"","background-repeat":"repeat","background-position":"center center","background-size":"auto","background-attachment":"scroll","background-type":"","background-media":"","overlay-type":"","overlay-color":"","overlay-opacity":"","overlay-gradient":""},"mobile":{"background-color":"","background-image":"","background-repeat":"repeat","background-position":"center center","background-size":"auto","background-attachment":"scroll","background-type":"","background-media":"","overlay-type":"","overlay-color":"","overlay-opacity":"","overlay-gradient":""}},"ast-content-background-meta":{"desktop":{"background-color":"var(--ast-global-color-5)","background-image":"","background-repeat":"repeat","background-position":"center center","background-size":"auto","background-attachment":"scroll","background-type":"","background-media":"","overlay-type":"","overlay-color":"","overlay-opacity":"","overlay-gradient":""},"tablet":{"background-color":"var(--ast-global-color-5)","background-image":"","background-repeat":"repeat","background-position":"center center","background-size":"auto","background-attachment":"scroll","background-type":"","background-media":"","overlay-type":"","overlay-color":"","overlay-opacity":"","overlay-gradient":""},"mobile":{"background-color":"var(--ast-global-color-5)","background-image":"","background-repeat":"repeat","background-position":"center center","background-size":"auto","background-attachment":"scroll","background-type":"","background-media":"","overlay-type":"","overlay-color":"","overlay-opacity":"","overlay-gradient":""}}},"product_brand":[],"product_cat":[165],"product_tag":[],"class_list":{"0":"post-30727","1":"product","2":"type-product","3":"status-publish","4":"has-post-thumbnail","6":"product_cat-geruchsverschluesse","7":"desktop-align-left","8":"tablet-align-left","9":"mobile-align-left","11":"first","12":"instock","13":"taxable","14":"shipping-taxable","15":"purchasable","16":"product-type-simple"},"yoast_head":"<!-- This site is optimized with the Yoast SEO Premium plugin v27.3 (Yoast SEO v27.4) - https:\/\/yoast.com\/product\/yoast-seo-premium-wordpress\/ -->\n<title>G 100 -120 \u00d8 - sanicus.de<\/title>\n<meta name=\"description\" content=\"G 100\/120 Geruchsverschluss 100\/120 \u00d8 \u2013 f\u00fcr Bodenabl\u00e4ufe. Hygienisch, chemiefrei &amp; einfach nachr\u00fcstbar gegen unangenehme Ger\u00fcche.\" \/>\n<meta name=\"robots\" content=\"index, follow, max-snippet:-1, max-image-preview:large, max-video-preview:-1\" \/>\n<link rel=\"canonical\" href=\"https:\/\/sanicus.de\/ro\/produs\/g-100-120-o\/\" \/>\n<meta property=\"og:locale\" content=\"ro_RO\" \/>\n<meta property=\"og:type\" content=\"article\" \/>\n<meta property=\"og:title\" content=\"G 100 -120 \u00d8\" \/>\n<meta property=\"og:description\" content=\"G 100\/120 Geruchsverschluss 100\/120 \u00d8 \u2013 f\u00fcr Bodenabl\u00e4ufe. Hygienisch, chemiefrei &amp; einfach nachr\u00fcstbar gegen unangenehme Ger\u00fcche.\" \/>\n<meta property=\"og:url\" content=\"https:\/\/sanicus.de\/ro\/produs\/g-100-120-o\/\" \/>\n<meta property=\"og:site_name\" content=\"sanicus.de\" \/>\n<meta property=\"article:publisher\" content=\"https:\/\/www.facebook.com\/Sanicus\/\" \/>\n<meta property=\"article:modified_time\" content=\"2026-04-14T07:40:47+00:00\" \/>\n<meta property=\"og:image\" content=\"https:\/\/sanicus.de\/wp-content\/uploads\/2023\/12\/8714121-G-100-120-O.jpg\" \/>\n\t<meta property=\"og:image:width\" content=\"800\" \/>\n\t<meta property=\"og:image:height\" content=\"800\" \/>\n\t<meta property=\"og:image:type\" content=\"image\/jpeg\" \/>\n<meta name=\"twitter:card\" content=\"summary_large_image\" \/>\n<meta name=\"twitter:label1\" content=\"Timp estimat pentru citire\" \/>\n\t<meta name=\"twitter:data1\" content=\"2 minute\" \/>\n<script type=\"application\/ld+json\" class=\"yoast-schema-graph\">{\"@context\":\"https:\\\/\\\/schema.org\",\"@graph\":[{\"@type\":\"WebPage\",\"@id\":\"https:\\\/\\\/sanicus.de\\\/produkt\\\/g-100-120-o\\\/\",\"url\":\"https:\\\/\\\/sanicus.de\\\/produkt\\\/g-100-120-o\\\/\",\"name\":\"G 100 -120 \u00d8 - sanicus.de\",\"isPartOf\":{\"@id\":\"https:\\\/\\\/sanicus.de\\\/#website\"},\"primaryImageOfPage\":{\"@id\":\"https:\\\/\\\/sanicus.de\\\/produkt\\\/g-100-120-o\\\/#primaryimage\"},\"image\":{\"@id\":\"https:\\\/\\\/sanicus.de\\\/produkt\\\/g-100-120-o\\\/#primaryimage\"},\"thumbnailUrl\":\"https:\\\/\\\/sanicus.de\\\/wp-content\\\/uploads\\\/2023\\\/12\\\/8714121-G-100-120-O.jpg\",\"datePublished\":\"2023-11-30T09:22:08+00:00\",\"dateModified\":\"2026-04-14T07:40:47+00:00\",\"description\":\"G 100\\\/120 Geruchsverschluss 100\\\/120 \u00d8 \u2013 f\u00fcr Bodenabl\u00e4ufe. Hygienisch, chemiefrei & einfach nachr\u00fcstbar gegen unangenehme Ger\u00fcche.\",\"breadcrumb\":{\"@id\":\"https:\\\/\\\/sanicus.de\\\/produkt\\\/g-100-120-o\\\/#breadcrumb\"},\"inLanguage\":\"ro-RO\",\"potentialAction\":[{\"@type\":\"ReadAction\",\"target\":[\"https:\\\/\\\/sanicus.de\\\/produkt\\\/g-100-120-o\\\/\"]}]},{\"@type\":\"ImageObject\",\"inLanguage\":\"ro-RO\",\"@id\":\"https:\\\/\\\/sanicus.de\\\/produkt\\\/g-100-120-o\\\/#primaryimage\",\"url\":\"https:\\\/\\\/sanicus.de\\\/wp-content\\\/uploads\\\/2023\\\/12\\\/8714121-G-100-120-O.jpg\",\"contentUrl\":\"https:\\\/\\\/sanicus.de\\\/wp-content\\\/uploads\\\/2023\\\/12\\\/8714121-G-100-120-O.jpg\",\"width\":800,\"height\":800,\"caption\":\"8714121 - G 100 -120 \u00d8\"},{\"@type\":\"BreadcrumbList\",\"@id\":\"https:\\\/\\\/sanicus.de\\\/produkt\\\/g-100-120-o\\\/#breadcrumb\",\"itemListElement\":[{\"@type\":\"ListItem\",\"position\":1,\"name\":\"Startseite\",\"item\":\"https:\\\/\\\/sanicus.de\\\/\"},{\"@type\":\"ListItem\",\"position\":2,\"name\":\"Sanicus Store\",\"item\":\"https:\\\/\\\/sanicus.de\\\/sanicus-store\\\/\"},{\"@type\":\"ListItem\",\"position\":3,\"name\":\"G 100 -120 \u00d8\"}]},{\"@type\":\"WebSite\",\"@id\":\"https:\\\/\\\/sanicus.de\\\/#website\",\"url\":\"https:\\\/\\\/sanicus.de\\\/\",\"name\":\"sanicus.de\",\"description\":\"Sanit\u00e4r - Ausstattung\",\"publisher\":{\"@id\":\"https:\\\/\\\/sanicus.de\\\/#organization\"},\"potentialAction\":[{\"@type\":\"SearchAction\",\"target\":{\"@type\":\"EntryPoint\",\"urlTemplate\":\"https:\\\/\\\/sanicus.de\\\/?s={search_term_string}\"},\"query-input\":{\"@type\":\"PropertyValueSpecification\",\"valueRequired\":true,\"valueName\":\"search_term_string\"}}],\"inLanguage\":\"ro-RO\"},{\"@type\":\"Organization\",\"@id\":\"https:\\\/\\\/sanicus.de\\\/#organization\",\"name\":\"Sanicus GmbH\",\"url\":\"https:\\\/\\\/sanicus.de\\\/\",\"logo\":{\"@type\":\"ImageObject\",\"inLanguage\":\"ro-RO\",\"@id\":\"https:\\\/\\\/sanicus.de\\\/#\\\/schema\\\/logo\\\/image\\\/\",\"url\":\"https:\\\/\\\/sanicus.de\\\/wp-content\\\/uploads\\\/2021\\\/11\\\/Sanicus-Logo-Grau-2021.png\",\"contentUrl\":\"https:\\\/\\\/sanicus.de\\\/wp-content\\\/uploads\\\/2021\\\/11\\\/Sanicus-Logo-Grau-2021.png\",\"width\":1382,\"height\":397,\"caption\":\"Sanicus GmbH\"},\"image\":{\"@id\":\"https:\\\/\\\/sanicus.de\\\/#\\\/schema\\\/logo\\\/image\\\/\"},\"sameAs\":[\"https:\\\/\\\/www.facebook.com\\\/Sanicus\\\/\"]}]}<\/script>\n<!-- \/ Yoast SEO Premium plugin. -->","yoast_head_json":{"title":"G 100 -120 \u00d8 - sanicus.de","description":"G 100\/120 Geruchsverschluss 100\/120 \u00d8 \u2013 f\u00fcr Bodenabl\u00e4ufe. Hygienisch, chemiefrei & einfach nachr\u00fcstbar gegen unangenehme Ger\u00fcche.","robots":{"index":"index","follow":"follow","max-snippet":"max-snippet:-1","max-image-preview":"max-image-preview:large","max-video-preview":"max-video-preview:-1"},"canonical":"https:\/\/sanicus.de\/ro\/produs\/g-100-120-o\/","og_locale":"ro_RO","og_type":"article","og_title":"G 100 -120 \u00d8","og_description":"G 100\/120 Geruchsverschluss 100\/120 \u00d8 \u2013 f\u00fcr Bodenabl\u00e4ufe. Hygienisch, chemiefrei & einfach nachr\u00fcstbar gegen unangenehme Ger\u00fcche.","og_url":"https:\/\/sanicus.de\/ro\/produs\/g-100-120-o\/","og_site_name":"sanicus.de","article_publisher":"https:\/\/www.facebook.com\/Sanicus\/","article_modified_time":"2026-04-14T07:40:47+00:00","og_image":[{"width":800,"height":800,"url":"https:\/\/sanicus.de\/wp-content\/uploads\/2023\/12\/8714121-G-100-120-O.jpg","type":"image\/jpeg"}],"twitter_card":"summary_large_image","twitter_misc":{"Timp estimat pentru citire":"2 minute"},"schema":{"@context":"https:\/\/schema.org","@graph":[{"@type":"WebPage","@id":"https:\/\/sanicus.de\/produkt\/g-100-120-o\/","url":"https:\/\/sanicus.de\/produkt\/g-100-120-o\/","name":"G 100 -120 \u00d8 - sanicus.de","isPartOf":{"@id":"https:\/\/sanicus.de\/#website"},"primaryImageOfPage":{"@id":"https:\/\/sanicus.de\/produkt\/g-100-120-o\/#primaryimage"},"image":{"@id":"https:\/\/sanicus.de\/produkt\/g-100-120-o\/#primaryimage"},"thumbnailUrl":"https:\/\/sanicus.de\/wp-content\/uploads\/2023\/12\/8714121-G-100-120-O.jpg","datePublished":"2023-11-30T09:22:08+00:00","dateModified":"2026-04-14T07:40:47+00:00","description":"G 100\/120 Geruchsverschluss 100\/120 \u00d8 \u2013 f\u00fcr Bodenabl\u00e4ufe. Hygienisch, chemiefrei & einfach nachr\u00fcstbar gegen unangenehme Ger\u00fcche.","breadcrumb":{"@id":"https:\/\/sanicus.de\/produkt\/g-100-120-o\/#breadcrumb"},"inLanguage":"ro-RO","potentialAction":[{"@type":"ReadAction","target":["https:\/\/sanicus.de\/produkt\/g-100-120-o\/"]}]},{"@type":"ImageObject","inLanguage":"ro-RO","@id":"https:\/\/sanicus.de\/produkt\/g-100-120-o\/#primaryimage","url":"https:\/\/sanicus.de\/wp-content\/uploads\/2023\/12\/8714121-G-100-120-O.jpg","contentUrl":"https:\/\/sanicus.de\/wp-content\/uploads\/2023\/12\/8714121-G-100-120-O.jpg","width":800,"height":800,"caption":"8714121 - G 100 -120 \u00d8"},{"@type":"BreadcrumbList","@id":"https:\/\/sanicus.de\/produkt\/g-100-120-o\/#breadcrumb","itemListElement":[{"@type":"ListItem","position":1,"name":"Startseite","item":"https:\/\/sanicus.de\/"},{"@type":"ListItem","position":2,"name":"Sanicus Store","item":"https:\/\/sanicus.de\/sanicus-store\/"},{"@type":"ListItem","position":3,"name":"G 100 -120 \u00d8"}]},{"@type":"WebSite","@id":"https:\/\/sanicus.de\/#website","url":"https:\/\/sanicus.de\/","name":"sanicus.de","description":"Sanit\u00e4r - Ausstattung","publisher":{"@id":"https:\/\/sanicus.de\/#organization"},"potentialAction":[{"@type":"SearchAction","target":{"@type":"EntryPoint","urlTemplate":"https:\/\/sanicus.de\/?s={search_term_string}"},"query-input":{"@type":"PropertyValueSpecification","valueRequired":true,"valueName":"search_term_string"}}],"inLanguage":"ro-RO"},{"@type":"Organization","@id":"https:\/\/sanicus.de\/#organization","name":"Sanicus GmbH","url":"https:\/\/sanicus.de\/","logo":{"@type":"ImageObject","inLanguage":"ro-RO","@id":"https:\/\/sanicus.de\/#\/schema\/logo\/image\/","url":"https:\/\/sanicus.de\/wp-content\/uploads\/2021\/11\/Sanicus-Logo-Grau-2021.png","contentUrl":"https:\/\/sanicus.de\/wp-content\/uploads\/2021\/11\/Sanicus-Logo-Grau-2021.png","width":1382,"height":397,"caption":"Sanicus GmbH"},"image":{"@id":"https:\/\/sanicus.de\/#\/schema\/logo\/image\/"},"sameAs":["https:\/\/www.facebook.com\/Sanicus\/"]}]}},"_links":{"self":[{"href":"https:\/\/sanicus.de\/ro\/wp-json\/wp\/v2\/product\/30727","targetHints":{"allow":["GET"]}}],"collection":[{"href":"https:\/\/sanicus.de\/ro\/wp-json\/wp\/v2\/product"}],"about":[{"href":"https:\/\/sanicus.de\/ro\/wp-json\/wp\/v2\/types\/product"}],"version-history":[{"count":2,"href":"https:\/\/sanicus.de\/ro\/wp-json\/wp\/v2\/product\/30727\/revisions"}],"predecessor-version":[{"id":32947,"href":"https:\/\/sanicus.de\/ro\/wp-json\/wp\/v2\/product\/30727\/revisions\/32947"}],"wp:featuredmedia":[{"embeddable":true,"href":"https:\/\/sanicus.de\/ro\/wp-json\/wp\/v2\/media\/31024"}],"wp:attachment":[{"href":"https:\/\/sanicus.de\/ro\/wp-json\/wp\/v2\/media?parent=30727"}],"wp:term":[{"taxonomy":"product_brand","embeddable":true,"href":"https:\/\/sanicus.de\/ro\/wp-json\/wp\/v2\/product_brand?post=30727"},{"taxonomy":"product_cat","embeddable":true,"href":"https:\/\/sanicus.de\/ro\/wp-json\/wp\/v2\/product_cat?post=30727"},{"taxonomy":"product_tag","embeddable":true,"href":"https:\/\/sanicus.de\/ro\/wp-json\/wp\/v2\/product_tag?post=30727"}],"curies":[{"name":"wp","href":"https:\/\/api.w.org\/{rel}","templated":true}]}}