{"id":30777,"date":"2023-11-30T11:23:31","date_gmt":"2023-11-30T10:23:31","guid":{"rendered":"https:\/\/sanicus.de\/produkt\/f6-zitrusernte-6er-box-schwarz\/"},"modified":"2026-04-13T16:20:00","modified_gmt":"2026-04-13T14:20:00","slug":"f6-zitrusernte-6er-box-schwarz","status":"publish","type":"product","link":"https:\/\/sanicus.de\/ro\/produkt\/f6-zitrusernte-6er-box-schwarz\/","title":{"rendered":"F6 Zitrusernte 6er Box schwarz"},"content":{"rendered":"<h4>F6 Zitrusernte 6er Box Schwarz \u2013 Duftkartuschen f\u00fcr frische, belebende Raumluft<\/h4>\n<p>Die <strong>F6 Zitrusernte 6er Box Schwarz<\/strong> ist die optimale Nachf\u00fclll\u00f6sung f\u00fcr alle Sanicus F6 Duftspender, wenn Sie Ihren R\u00e4umen eine frische, lebendige Duftnote verleihen m\u00f6chten. Das praktische Vorratspack enth\u00e4lt sechs hochwertige Kartuschen, die speziell f\u00fcr eine zuverl\u00e4ssige und gleichm\u00e4\u00dfige Beduftung entwickelt wurden. Der Duft Zitrusernte eignet sich ideal f\u00fcr Sanit\u00e4rbereiche, Empfangszonen, Hotellobbys, B\u00fcros oder Fitnessstudios, in denen ein sauberer, freundlicher Eindruck z\u00e4hlt.<\/p>\n<p>Die Duftnote Zitrusernte kombiniert spritzige Zitrusfrische mit einer dezenten S\u00fc\u00dfe, die sofort ein belebendes Raumgef\u00fchl erzeugt. Unerw\u00fcnschte Ger\u00fcche werden zuverl\u00e4ssig neutralisiert, sodass Ihre R\u00e4ume jederzeit hygienisch und einladend wirken. Dank der kontinuierlichen Wirkstofffreisetzung bleibt die Duftintensit\u00e4t \u00fcber mehrere Wochen hinweg konstant pr\u00e4sent und entfaltet ihre Wirkung gleichm\u00e4\u00dfig im gesamten Raum.<\/p>\n<p>Jede Kartusche ist hygienisch luftdicht versiegelt, um den Inhalt bis zur Verwendung frisch zu halten. Nach dem Einsetzen in den Spender verteilt sich der Duft innerhalb kurzer Zeit effizient im Raum. Der Kartuschenwechsel gelingt besonders einfach: Leere Kartusche entnehmen, neue einsetzen \u2013 fertig. Sie ben\u00f6tigen weder Werkzeug noch aufwendige Vorbereitungen.<\/p>\n<p>Mit dem praktischen 6er Vorratspack reduzieren Sie Ihren organisatorischen Aufwand deutlich. Gerade in Geb\u00e4uden mit hoher Nutzungsfrequenz oder mehreren Ger\u00e4ten ist es die wirtschaftlichste L\u00f6sung, um jederzeit eine kontinuierliche Versorgung sicherzustellen. Dar\u00fcber hinaus profitieren Sie im Vergleich zum Einzelkauf von einem attraktiven Preis-Leistungs-Verh\u00e4ltnis.<\/p>\n<p>Die F6 Duftkartuschen sind optimal auf alle Sanicus F6 Spender abgestimmt. Sie sorgen f\u00fcr ein pr\u00e4zises Spr\u00fchbild und eine gleichm\u00e4\u00dfige Verteilung des Duftes, der Ihre R\u00e4ume dauerhaft frisch und gepflegt erscheinen l\u00e4sst.<\/p>\n<h5>Produktvorteile auf einen Blick<\/h5>\n<ul>\n<li><strong>Frischer Duft:<\/strong> Zitrusernte sorgt f\u00fcr ein belebendes, angenehmes Raumklima<\/li>\n<li><strong>6er Vorratspack:<\/strong> ideal f\u00fcr l\u00e4ngeren Einsatz oder mehrere Ger\u00e4te<\/li>\n<li><strong>Hygienisch verpackt:<\/strong> luftdicht bis zur Verwendung<\/li>\n<li><strong>Einfache Handhabung:<\/strong> schneller Kartuschenwechsel ohne Werkzeug<\/li>\n<li><strong>Kompatibel:<\/strong> passend f\u00fcr alle Sanicus F6 Duftspender<\/li>\n<\/ul>\n<p>Mit der <strong>F6 Zitrusernte 6er Box Schwarz<\/strong> entscheiden Sie sich f\u00fcr eine professionelle L\u00f6sung, die Ihre R\u00e4ume mit einer frischen, zitrischen Duftnote bereichert \u2013 hygienisch, effizient und zuverl\u00e4ssig.<\/p>","protected":false},"excerpt":{"rendered":"<p>Eine Inselflucht f\u00fcr die Sinne. Eine tropische M\u00e9lange aus Mango und frischer Papaya, gek\u00fcsst mit spritzigen Zitrusfr\u00fcchten, s\u00fc\u00dfem Pfirsichnektar und gr\u00fcner Ananas.<\/p>","protected":false},"featured_media":31030,"template":"","meta":{"site-sidebar-layout":"default","site-content-layout":"default","ast-site-content-layout":"default","site-content-style":"default","site-sidebar-style":"default","ast-global-header-display":"","ast-banner-title-visibility":"","ast-main-header-display":"","ast-hfb-above-header-display":"","ast-hfb-below-header-display":"","ast-hfb-mobile-header-display":"","site-post-title":"","ast-breadcrumbs-content":"","ast-featured-img":"","footer-sml-layout":"","ast-disable-related-posts":"","theme-transparent-header-meta":"default","adv-header-id-meta":"","stick-header-meta":"","header-above-stick-meta":"","header-main-stick-meta":"","header-below-stick-meta":"","astra-migrate-meta-layouts":"set","ast-page-background-enabled":"default","ast-page-background-meta":{"desktop":{"background-color":"","background-image":"","background-repeat":"repeat","background-position":"center center","background-size":"auto","background-attachment":"scroll","background-type":"","background-media":"","overlay-type":"","overlay-color":"","overlay-opacity":"","overlay-gradient":""},"tablet":{"background-color":"","background-image":"","background-repeat":"repeat","background-position":"center center","background-size":"auto","background-attachment":"scroll","background-type":"","background-media":"","overlay-type":"","overlay-color":"","overlay-opacity":"","overlay-gradient":""},"mobile":{"background-color":"","background-image":"","background-repeat":"repeat","background-position":"center center","background-size":"auto","background-attachment":"scroll","background-type":"","background-media":"","overlay-type":"","overlay-color":"","overlay-opacity":"","overlay-gradient":""}},"ast-content-background-meta":{"desktop":{"background-color":"var(--ast-global-color-5)","background-image":"","background-repeat":"repeat","background-position":"center center","background-size":"auto","background-attachment":"scroll","background-type":"","background-media":"","overlay-type":"","overlay-color":"","overlay-opacity":"","overlay-gradient":""},"tablet":{"background-color":"var(--ast-global-color-5)","background-image":"","background-repeat":"repeat","background-position":"center center","background-size":"auto","background-attachment":"scroll","background-type":"","background-media":"","overlay-type":"","overlay-color":"","overlay-opacity":"","overlay-gradient":""},"mobile":{"background-color":"var(--ast-global-color-5)","background-image":"","background-repeat":"repeat","background-position":"center center","background-size":"auto","background-attachment":"scroll","background-type":"","background-media":"","overlay-type":"","overlay-color":"","overlay-opacity":"","overlay-gradient":""}}},"product_brand":[],"product_cat":[164],"product_tag":[],"class_list":{"0":"post-30777","1":"product","2":"type-product","3":"status-publish","4":"has-post-thumbnail","6":"product_cat-f6-duefte-und-spender","7":"desktop-align-left","8":"tablet-align-left","9":"mobile-align-left","11":"first","12":"instock","13":"taxable","14":"shipping-taxable","15":"purchasable","16":"product-type-simple"},"yoast_head":"<!-- This site is optimized with the Yoast SEO Premium plugin v27.3 (Yoast SEO v27.4) - https:\/\/yoast.com\/product\/yoast-seo-premium-wordpress\/ -->\n<title>F6 Zitrusernte 6er Box schwarz - sanicus.de<\/title>\n<meta name=\"description\" content=\"F6 Zitrusernte 6er Box Schwarz \u2013 Duftkartuschen f\u00fcr Sanicus F6 Spender. Frisch, hygienisch &amp; effizient im praktischen Vorratspack.\" \/>\n<meta name=\"robots\" content=\"index, follow, max-snippet:-1, max-image-preview:large, max-video-preview:-1\" \/>\n<link rel=\"canonical\" href=\"https:\/\/sanicus.de\/ro\/produs\/f6-zitrusernte-6er-box-schwarz\/\" \/>\n<meta property=\"og:locale\" content=\"ro_RO\" \/>\n<meta property=\"og:type\" content=\"article\" \/>\n<meta property=\"og:title\" content=\"F6 Zitrusernte 6er Box schwarz\" \/>\n<meta property=\"og:description\" content=\"F6 Zitrusernte 6er Box Schwarz \u2013 Duftkartuschen f\u00fcr Sanicus F6 Spender. Frisch, hygienisch &amp; effizient im praktischen Vorratspack.\" \/>\n<meta property=\"og:url\" content=\"https:\/\/sanicus.de\/ro\/produs\/f6-zitrusernte-6er-box-schwarz\/\" \/>\n<meta property=\"og:site_name\" content=\"sanicus.de\" \/>\n<meta property=\"article:publisher\" content=\"https:\/\/www.facebook.com\/Sanicus\/\" \/>\n<meta property=\"article:modified_time\" content=\"2026-04-13T14:20:00+00:00\" \/>\n<meta property=\"og:image\" content=\"https:\/\/sanicus.de\/wp-content\/uploads\/2023\/12\/Citrus-Harvest-475076550-cmyk.jpg\" \/>\n\t<meta property=\"og:image:width\" content=\"800\" \/>\n\t<meta property=\"og:image:height\" content=\"800\" \/>\n\t<meta property=\"og:image:type\" content=\"image\/jpeg\" \/>\n<meta name=\"twitter:card\" content=\"summary_large_image\" \/>\n<meta name=\"twitter:label1\" content=\"Timp estimat pentru citire\" \/>\n\t<meta name=\"twitter:data1\" content=\"1 minut\" \/>\n<script type=\"application\/ld+json\" class=\"yoast-schema-graph\">{\"@context\":\"https:\\\/\\\/schema.org\",\"@graph\":[{\"@type\":\"WebPage\",\"@id\":\"https:\\\/\\\/sanicus.de\\\/produkt\\\/f6-zitrusernte-6er-box-schwarz\\\/\",\"url\":\"https:\\\/\\\/sanicus.de\\\/produkt\\\/f6-zitrusernte-6er-box-schwarz\\\/\",\"name\":\"F6 Zitrusernte 6er Box schwarz - sanicus.de\",\"isPartOf\":{\"@id\":\"https:\\\/\\\/sanicus.de\\\/#website\"},\"primaryImageOfPage\":{\"@id\":\"https:\\\/\\\/sanicus.de\\\/produkt\\\/f6-zitrusernte-6er-box-schwarz\\\/#primaryimage\"},\"image\":{\"@id\":\"https:\\\/\\\/sanicus.de\\\/produkt\\\/f6-zitrusernte-6er-box-schwarz\\\/#primaryimage\"},\"thumbnailUrl\":\"https:\\\/\\\/sanicus.de\\\/wp-content\\\/uploads\\\/2023\\\/12\\\/Citrus-Harvest-475076550-cmyk.jpg\",\"datePublished\":\"2023-11-30T10:23:31+00:00\",\"dateModified\":\"2026-04-13T14:20:00+00:00\",\"description\":\"F6 Zitrusernte 6er Box Schwarz \u2013 Duftkartuschen f\u00fcr Sanicus F6 Spender. Frisch, hygienisch & effizient im praktischen Vorratspack.\",\"breadcrumb\":{\"@id\":\"https:\\\/\\\/sanicus.de\\\/produkt\\\/f6-zitrusernte-6er-box-schwarz\\\/#breadcrumb\"},\"inLanguage\":\"ro-RO\",\"potentialAction\":[{\"@type\":\"ReadAction\",\"target\":[\"https:\\\/\\\/sanicus.de\\\/produkt\\\/f6-zitrusernte-6er-box-schwarz\\\/\"]}]},{\"@type\":\"ImageObject\",\"inLanguage\":\"ro-RO\",\"@id\":\"https:\\\/\\\/sanicus.de\\\/produkt\\\/f6-zitrusernte-6er-box-schwarz\\\/#primaryimage\",\"url\":\"https:\\\/\\\/sanicus.de\\\/wp-content\\\/uploads\\\/2023\\\/12\\\/Citrus-Harvest-475076550-cmyk.jpg\",\"contentUrl\":\"https:\\\/\\\/sanicus.de\\\/wp-content\\\/uploads\\\/2023\\\/12\\\/Citrus-Harvest-475076550-cmyk.jpg\",\"width\":800,\"height\":800,\"caption\":\"Citrus-Harvest\"},{\"@type\":\"BreadcrumbList\",\"@id\":\"https:\\\/\\\/sanicus.de\\\/produkt\\\/f6-zitrusernte-6er-box-schwarz\\\/#breadcrumb\",\"itemListElement\":[{\"@type\":\"ListItem\",\"position\":1,\"name\":\"Startseite\",\"item\":\"https:\\\/\\\/sanicus.de\\\/\"},{\"@type\":\"ListItem\",\"position\":2,\"name\":\"Sanicus Store\",\"item\":\"https:\\\/\\\/sanicus.de\\\/sanicus-store\\\/\"},{\"@type\":\"ListItem\",\"position\":3,\"name\":\"F6 Zitrusernte 6er Box schwarz\"}]},{\"@type\":\"WebSite\",\"@id\":\"https:\\\/\\\/sanicus.de\\\/#website\",\"url\":\"https:\\\/\\\/sanicus.de\\\/\",\"name\":\"sanicus.de\",\"description\":\"Sanit\u00e4r - Ausstattung\",\"publisher\":{\"@id\":\"https:\\\/\\\/sanicus.de\\\/#organization\"},\"potentialAction\":[{\"@type\":\"SearchAction\",\"target\":{\"@type\":\"EntryPoint\",\"urlTemplate\":\"https:\\\/\\\/sanicus.de\\\/?s={search_term_string}\"},\"query-input\":{\"@type\":\"PropertyValueSpecification\",\"valueRequired\":true,\"valueName\":\"search_term_string\"}}],\"inLanguage\":\"ro-RO\"},{\"@type\":\"Organization\",\"@id\":\"https:\\\/\\\/sanicus.de\\\/#organization\",\"name\":\"Sanicus GmbH\",\"url\":\"https:\\\/\\\/sanicus.de\\\/\",\"logo\":{\"@type\":\"ImageObject\",\"inLanguage\":\"ro-RO\",\"@id\":\"https:\\\/\\\/sanicus.de\\\/#\\\/schema\\\/logo\\\/image\\\/\",\"url\":\"https:\\\/\\\/sanicus.de\\\/wp-content\\\/uploads\\\/2021\\\/11\\\/Sanicus-Logo-Grau-2021.png\",\"contentUrl\":\"https:\\\/\\\/sanicus.de\\\/wp-content\\\/uploads\\\/2021\\\/11\\\/Sanicus-Logo-Grau-2021.png\",\"width\":1382,\"height\":397,\"caption\":\"Sanicus GmbH\"},\"image\":{\"@id\":\"https:\\\/\\\/sanicus.de\\\/#\\\/schema\\\/logo\\\/image\\\/\"},\"sameAs\":[\"https:\\\/\\\/www.facebook.com\\\/Sanicus\\\/\"]}]}<\/script>\n<!-- \/ Yoast SEO Premium plugin. -->","yoast_head_json":{"title":"F6 Zitrusernte 6er Box schwarz - sanicus.de","description":"F6 Zitrusernte 6er Box Schwarz \u2013 Duftkartuschen f\u00fcr Sanicus F6 Spender. Frisch, hygienisch & effizient im praktischen Vorratspack.","robots":{"index":"index","follow":"follow","max-snippet":"max-snippet:-1","max-image-preview":"max-image-preview:large","max-video-preview":"max-video-preview:-1"},"canonical":"https:\/\/sanicus.de\/ro\/produs\/f6-zitrusernte-6er-box-schwarz\/","og_locale":"ro_RO","og_type":"article","og_title":"F6 Zitrusernte 6er Box schwarz","og_description":"F6 Zitrusernte 6er Box Schwarz \u2013 Duftkartuschen f\u00fcr Sanicus F6 Spender. Frisch, hygienisch & effizient im praktischen Vorratspack.","og_url":"https:\/\/sanicus.de\/ro\/produs\/f6-zitrusernte-6er-box-schwarz\/","og_site_name":"sanicus.de","article_publisher":"https:\/\/www.facebook.com\/Sanicus\/","article_modified_time":"2026-04-13T14:20:00+00:00","og_image":[{"width":800,"height":800,"url":"https:\/\/sanicus.de\/wp-content\/uploads\/2023\/12\/Citrus-Harvest-475076550-cmyk.jpg","type":"image\/jpeg"}],"twitter_card":"summary_large_image","twitter_misc":{"Timp estimat pentru citire":"1 minut"},"schema":{"@context":"https:\/\/schema.org","@graph":[{"@type":"WebPage","@id":"https:\/\/sanicus.de\/produkt\/f6-zitrusernte-6er-box-schwarz\/","url":"https:\/\/sanicus.de\/produkt\/f6-zitrusernte-6er-box-schwarz\/","name":"F6 Zitrusernte 6er Box schwarz - sanicus.de","isPartOf":{"@id":"https:\/\/sanicus.de\/#website"},"primaryImageOfPage":{"@id":"https:\/\/sanicus.de\/produkt\/f6-zitrusernte-6er-box-schwarz\/#primaryimage"},"image":{"@id":"https:\/\/sanicus.de\/produkt\/f6-zitrusernte-6er-box-schwarz\/#primaryimage"},"thumbnailUrl":"https:\/\/sanicus.de\/wp-content\/uploads\/2023\/12\/Citrus-Harvest-475076550-cmyk.jpg","datePublished":"2023-11-30T10:23:31+00:00","dateModified":"2026-04-13T14:20:00+00:00","description":"F6 Zitrusernte 6er Box Schwarz \u2013 Duftkartuschen f\u00fcr Sanicus F6 Spender. Frisch, hygienisch & effizient im praktischen Vorratspack.","breadcrumb":{"@id":"https:\/\/sanicus.de\/produkt\/f6-zitrusernte-6er-box-schwarz\/#breadcrumb"},"inLanguage":"ro-RO","potentialAction":[{"@type":"ReadAction","target":["https:\/\/sanicus.de\/produkt\/f6-zitrusernte-6er-box-schwarz\/"]}]},{"@type":"ImageObject","inLanguage":"ro-RO","@id":"https:\/\/sanicus.de\/produkt\/f6-zitrusernte-6er-box-schwarz\/#primaryimage","url":"https:\/\/sanicus.de\/wp-content\/uploads\/2023\/12\/Citrus-Harvest-475076550-cmyk.jpg","contentUrl":"https:\/\/sanicus.de\/wp-content\/uploads\/2023\/12\/Citrus-Harvest-475076550-cmyk.jpg","width":800,"height":800,"caption":"Citrus-Harvest"},{"@type":"BreadcrumbList","@id":"https:\/\/sanicus.de\/produkt\/f6-zitrusernte-6er-box-schwarz\/#breadcrumb","itemListElement":[{"@type":"ListItem","position":1,"name":"Startseite","item":"https:\/\/sanicus.de\/"},{"@type":"ListItem","position":2,"name":"Sanicus Store","item":"https:\/\/sanicus.de\/sanicus-store\/"},{"@type":"ListItem","position":3,"name":"F6 Zitrusernte 6er Box schwarz"}]},{"@type":"WebSite","@id":"https:\/\/sanicus.de\/#website","url":"https:\/\/sanicus.de\/","name":"sanicus.de","description":"Sanit\u00e4r - Ausstattung","publisher":{"@id":"https:\/\/sanicus.de\/#organization"},"potentialAction":[{"@type":"SearchAction","target":{"@type":"EntryPoint","urlTemplate":"https:\/\/sanicus.de\/?s={search_term_string}"},"query-input":{"@type":"PropertyValueSpecification","valueRequired":true,"valueName":"search_term_string"}}],"inLanguage":"ro-RO"},{"@type":"Organization","@id":"https:\/\/sanicus.de\/#organization","name":"Sanicus GmbH","url":"https:\/\/sanicus.de\/","logo":{"@type":"ImageObject","inLanguage":"ro-RO","@id":"https:\/\/sanicus.de\/#\/schema\/logo\/image\/","url":"https:\/\/sanicus.de\/wp-content\/uploads\/2021\/11\/Sanicus-Logo-Grau-2021.png","contentUrl":"https:\/\/sanicus.de\/wp-content\/uploads\/2021\/11\/Sanicus-Logo-Grau-2021.png","width":1382,"height":397,"caption":"Sanicus GmbH"},"image":{"@id":"https:\/\/sanicus.de\/#\/schema\/logo\/image\/"},"sameAs":["https:\/\/www.facebook.com\/Sanicus\/"]}]}},"_links":{"self":[{"href":"https:\/\/sanicus.de\/ro\/wp-json\/wp\/v2\/product\/30777","targetHints":{"allow":["GET"]}}],"collection":[{"href":"https:\/\/sanicus.de\/ro\/wp-json\/wp\/v2\/product"}],"about":[{"href":"https:\/\/sanicus.de\/ro\/wp-json\/wp\/v2\/types\/product"}],"version-history":[{"count":3,"href":"https:\/\/sanicus.de\/ro\/wp-json\/wp\/v2\/product\/30777\/revisions"}],"predecessor-version":[{"id":32933,"href":"https:\/\/sanicus.de\/ro\/wp-json\/wp\/v2\/product\/30777\/revisions\/32933"}],"wp:featuredmedia":[{"embeddable":true,"href":"https:\/\/sanicus.de\/ro\/wp-json\/wp\/v2\/media\/31030"}],"wp:attachment":[{"href":"https:\/\/sanicus.de\/ro\/wp-json\/wp\/v2\/media?parent=30777"}],"wp:term":[{"taxonomy":"product_brand","embeddable":true,"href":"https:\/\/sanicus.de\/ro\/wp-json\/wp\/v2\/product_brand?post=30777"},{"taxonomy":"product_cat","embeddable":true,"href":"https:\/\/sanicus.de\/ro\/wp-json\/wp\/v2\/product_cat?post=30777"},{"taxonomy":"product_tag","embeddable":true,"href":"https:\/\/sanicus.de\/ro\/wp-json\/wp\/v2\/product_tag?post=30777"}],"curies":[{"name":"wp","href":"https:\/\/api.w.org\/{rel}","templated":true}]}}