{"id":30803,"date":"2023-11-30T11:23:55","date_gmt":"2023-11-30T10:23:55","guid":{"rendered":"https:\/\/sanicus.de\/produkt\/f6-thai-zitronengras-6er-box-weiss\/"},"modified":"2026-04-13T16:16:33","modified_gmt":"2026-04-13T14:16:33","slug":"f6-thai-zitronengras-6er-box-weiss","status":"publish","type":"product","link":"https:\/\/sanicus.de\/ro\/produkt\/f6-thai-zitronengras-6er-box-weiss\/","title":{"rendered":"F6 Thai Zitronengras 6er Box wei\u00df"},"content":{"rendered":"<h4>F6 Thai Zitronengras 6er Box Wei\u00df \u2013 Duftkartuschen f\u00fcr frische, belebende Raumluft<\/h4>\n<p>Die <strong>F6 Thai Zitronengras 6er Box Wei\u00df<\/strong> ist die optimale Nachf\u00fclll\u00f6sung f\u00fcr alle Sanicus F6 Duftspender, wenn Sie Ihre R\u00e4ume mit einer klaren, zitrischen Duftnote aufwerten m\u00f6chten. Das praktische Vorratspack enth\u00e4lt sechs hochwertige Kartuschen, die speziell f\u00fcr eine gleichm\u00e4\u00dfige, zuverl\u00e4ssige Beduftung entwickelt wurden. Der Duft Thai Zitronengras eignet sich ideal f\u00fcr Sanit\u00e4rbereiche, Hotellobbys, Eingangsbereiche, Fitnessstudios oder Gastronomier\u00e4ume, in denen ein frischer, einladender Eindruck z\u00e4hlt.<\/p>\n<p>Die Duftnote Thai Zitronengras kombiniert spritzige Zitrusfrische mit einer dezenten Kr\u00e4uternote. Sie sorgt f\u00fcr ein belebendes Raumklima und neutralisiert st\u00f6rende Ger\u00fcche zuverl\u00e4ssig. So hinterlassen Ihre R\u00e4ume jederzeit ein gepflegtes, hygienisches Ambiente. Dank der kontinuierlichen Wirkstofffreisetzung bleibt der Duft \u00fcber mehrere Wochen gleichm\u00e4\u00dfig pr\u00e4sent, ohne aufdringlich zu wirken.<\/p>\n<p>Jede Kartusche ist hygienisch luftdicht versiegelt und bleibt bis zur Anwendung frisch. Nach dem Einsetzen in den Spender entfaltet sich der Duft innerhalb kurzer Zeit gleichm\u00e4\u00dfig im Raum. Der Kartuschenwechsel gelingt besonders einfach: Leere Kartusche entnehmen, neue einsetzen \u2013 fertig. Sie ben\u00f6tigen weder Werkzeug noch aufwendige Vorbereitungen.<\/p>\n<p>Mit dem 6er Vorratspack reduzieren Sie Ihren organisatorischen Aufwand erheblich. Gerade bei hoher Frequenz oder mehreren Ger\u00e4ten ist es die wirtschaftlichste L\u00f6sung, um jederzeit einen kontinuierlichen Betrieb sicherzustellen. Dar\u00fcber hinaus profitieren Sie gegen\u00fcber dem Einzelkauf von einem attraktiven Preis-Leistungs-Verh\u00e4ltnis.<\/p>\n<p>Die F6 Duftkartuschen sind optimal auf alle Sanicus F6 Spender abgestimmt. Das sorgt f\u00fcr ein pr\u00e4zises Spr\u00fchbild und eine effiziente Verteilung des Duftes im Raum, die ein gleichbleibend hochwertiges Ergebnis gew\u00e4hrleistet.<\/p>\n<h5>Produktvorteile auf einen Blick<\/h5>\n<ul>\n<li><strong>Frischer Duft:<\/strong> Thai Zitronengras sorgt f\u00fcr ein belebendes, angenehmes Raumklima<\/li>\n<li><strong>6er Vorratspack:<\/strong> ideal f\u00fcr l\u00e4ngeren Einsatz oder mehrere Ger\u00e4te<\/li>\n<li><strong>Hygienisch verpackt:<\/strong> luftdicht bis zur Verwendung<\/li>\n<li><strong>Einfache Handhabung:<\/strong> schneller Kartuschenwechsel ohne Werkzeug<\/li>\n<li><strong>Kompatibel:<\/strong> passend f\u00fcr alle Sanicus F6 Duftspender<\/li>\n<\/ul>\n<p>Mit der <strong>F6 Thai Zitronengras 6er Box Wei\u00df<\/strong> entscheiden Sie sich f\u00fcr eine professionelle L\u00f6sung, die Ihre R\u00e4ume mit frischer, exotischer Duftnote bereichert \u2013 hygienisch, effizient und zuverl\u00e4ssig.<\/p>","protected":false},"excerpt":{"rendered":"<p>Hell und spritzig! Zitronenblatt und aromatischer Eukalyptus verschmelzen mit Noten von Eisenkraut, Muguet und Zedernblatt.<\/p>","protected":false},"featured_media":31021,"template":"","meta":{"site-sidebar-layout":"default","site-content-layout":"default","ast-site-content-layout":"default","site-content-style":"default","site-sidebar-style":"default","ast-global-header-display":"","ast-banner-title-visibility":"","ast-main-header-display":"","ast-hfb-above-header-display":"","ast-hfb-below-header-display":"","ast-hfb-mobile-header-display":"","site-post-title":"","ast-breadcrumbs-content":"","ast-featured-img":"","footer-sml-layout":"","ast-disable-related-posts":"","theme-transparent-header-meta":"default","adv-header-id-meta":"","stick-header-meta":"","header-above-stick-meta":"","header-main-stick-meta":"","header-below-stick-meta":"","astra-migrate-meta-layouts":"set","ast-page-background-enabled":"default","ast-page-background-meta":{"desktop":{"background-color":"","background-image":"","background-repeat":"repeat","background-position":"center center","background-size":"auto","background-attachment":"scroll","background-type":"","background-media":"","overlay-type":"","overlay-color":"","overlay-opacity":"","overlay-gradient":""},"tablet":{"background-color":"","background-image":"","background-repeat":"repeat","background-position":"center center","background-size":"auto","background-attachment":"scroll","background-type":"","background-media":"","overlay-type":"","overlay-color":"","overlay-opacity":"","overlay-gradient":""},"mobile":{"background-color":"","background-image":"","background-repeat":"repeat","background-position":"center center","background-size":"auto","background-attachment":"scroll","background-type":"","background-media":"","overlay-type":"","overlay-color":"","overlay-opacity":"","overlay-gradient":""}},"ast-content-background-meta":{"desktop":{"background-color":"var(--ast-global-color-5)","background-image":"","background-repeat":"repeat","background-position":"center center","background-size":"auto","background-attachment":"scroll","background-type":"","background-media":"","overlay-type":"","overlay-color":"","overlay-opacity":"","overlay-gradient":""},"tablet":{"background-color":"var(--ast-global-color-5)","background-image":"","background-repeat":"repeat","background-position":"center center","background-size":"auto","background-attachment":"scroll","background-type":"","background-media":"","overlay-type":"","overlay-color":"","overlay-opacity":"","overlay-gradient":""},"mobile":{"background-color":"var(--ast-global-color-5)","background-image":"","background-repeat":"repeat","background-position":"center center","background-size":"auto","background-attachment":"scroll","background-type":"","background-media":"","overlay-type":"","overlay-color":"","overlay-opacity":"","overlay-gradient":""}}},"product_brand":[],"product_cat":[164],"product_tag":[],"class_list":{"0":"post-30803","1":"product","2":"type-product","3":"status-publish","4":"has-post-thumbnail","6":"product_cat-f6-duefte-und-spender","7":"desktop-align-left","8":"tablet-align-left","9":"mobile-align-left","11":"first","12":"instock","13":"taxable","14":"shipping-taxable","15":"purchasable","16":"product-type-simple"},"yoast_head":"<!-- This site is optimized with the Yoast SEO Premium plugin v27.3 (Yoast SEO v27.4) - https:\/\/yoast.com\/product\/yoast-seo-premium-wordpress\/ -->\n<title>F6 Thai Zitronengras 6er Box wei\u00df - sanicus.de<\/title>\n<meta name=\"description\" content=\"F6 Thai Zitronengras 6er Box Wei\u00df \u2013 Duftkartuschen f\u00fcr Sanicus F6 Spender. Frisch, hygienisch &amp; effizient im praktischen Vorratspack.\" \/>\n<meta name=\"robots\" content=\"index, follow, max-snippet:-1, max-image-preview:large, max-video-preview:-1\" \/>\n<link rel=\"canonical\" href=\"https:\/\/sanicus.de\/ro\/produs\/f6-thai-zitronengras-6er-box-weiss\/\" \/>\n<meta property=\"og:locale\" content=\"ro_RO\" \/>\n<meta property=\"og:type\" content=\"article\" \/>\n<meta property=\"og:title\" content=\"F6 Thai Zitronengras 6er Box wei\u00df\" \/>\n<meta property=\"og:description\" content=\"F6 Thai Zitronengras 6er Box Wei\u00df \u2013 Duftkartuschen f\u00fcr Sanicus F6 Spender. Frisch, hygienisch &amp; effizient im praktischen Vorratspack.\" \/>\n<meta property=\"og:url\" content=\"https:\/\/sanicus.de\/ro\/produs\/f6-thai-zitronengras-6er-box-weiss\/\" \/>\n<meta property=\"og:site_name\" content=\"sanicus.de\" \/>\n<meta property=\"article:publisher\" content=\"https:\/\/www.facebook.com\/Sanicus\/\" \/>\n<meta property=\"article:modified_time\" content=\"2026-04-13T14:16:33+00:00\" \/>\n<meta property=\"og:image\" content=\"https:\/\/sanicus.de\/wp-content\/uploads\/2023\/12\/8666124-F6-Thai-Zitronengras-6er-Box-weiss.jpg\" \/>\n\t<meta property=\"og:image:width\" content=\"800\" \/>\n\t<meta property=\"og:image:height\" content=\"800\" \/>\n\t<meta property=\"og:image:type\" content=\"image\/jpeg\" \/>\n<meta name=\"twitter:card\" content=\"summary_large_image\" \/>\n<meta name=\"twitter:label1\" content=\"Timp estimat pentru citire\" \/>\n\t<meta name=\"twitter:data1\" content=\"1 minut\" \/>\n<script type=\"application\/ld+json\" class=\"yoast-schema-graph\">{\"@context\":\"https:\\\/\\\/schema.org\",\"@graph\":[{\"@type\":\"WebPage\",\"@id\":\"https:\\\/\\\/sanicus.de\\\/produkt\\\/f6-thai-zitronengras-6er-box-weiss\\\/\",\"url\":\"https:\\\/\\\/sanicus.de\\\/produkt\\\/f6-thai-zitronengras-6er-box-weiss\\\/\",\"name\":\"F6 Thai Zitronengras 6er Box wei\u00df - sanicus.de\",\"isPartOf\":{\"@id\":\"https:\\\/\\\/sanicus.de\\\/#website\"},\"primaryImageOfPage\":{\"@id\":\"https:\\\/\\\/sanicus.de\\\/produkt\\\/f6-thai-zitronengras-6er-box-weiss\\\/#primaryimage\"},\"image\":{\"@id\":\"https:\\\/\\\/sanicus.de\\\/produkt\\\/f6-thai-zitronengras-6er-box-weiss\\\/#primaryimage\"},\"thumbnailUrl\":\"https:\\\/\\\/sanicus.de\\\/wp-content\\\/uploads\\\/2023\\\/12\\\/8666124-F6-Thai-Zitronengras-6er-Box-weiss.jpg\",\"datePublished\":\"2023-11-30T10:23:55+00:00\",\"dateModified\":\"2026-04-13T14:16:33+00:00\",\"description\":\"F6 Thai Zitronengras 6er Box Wei\u00df \u2013 Duftkartuschen f\u00fcr Sanicus F6 Spender. Frisch, hygienisch & effizient im praktischen Vorratspack.\",\"breadcrumb\":{\"@id\":\"https:\\\/\\\/sanicus.de\\\/produkt\\\/f6-thai-zitronengras-6er-box-weiss\\\/#breadcrumb\"},\"inLanguage\":\"ro-RO\",\"potentialAction\":[{\"@type\":\"ReadAction\",\"target\":[\"https:\\\/\\\/sanicus.de\\\/produkt\\\/f6-thai-zitronengras-6er-box-weiss\\\/\"]}]},{\"@type\":\"ImageObject\",\"inLanguage\":\"ro-RO\",\"@id\":\"https:\\\/\\\/sanicus.de\\\/produkt\\\/f6-thai-zitronengras-6er-box-weiss\\\/#primaryimage\",\"url\":\"https:\\\/\\\/sanicus.de\\\/wp-content\\\/uploads\\\/2023\\\/12\\\/8666124-F6-Thai-Zitronengras-6er-Box-weiss.jpg\",\"contentUrl\":\"https:\\\/\\\/sanicus.de\\\/wp-content\\\/uploads\\\/2023\\\/12\\\/8666124-F6-Thai-Zitronengras-6er-Box-weiss.jpg\",\"width\":800,\"height\":800,\"caption\":\"8666124 - F6 Thai Zitronengras 6er Box wei\u00df\"},{\"@type\":\"BreadcrumbList\",\"@id\":\"https:\\\/\\\/sanicus.de\\\/produkt\\\/f6-thai-zitronengras-6er-box-weiss\\\/#breadcrumb\",\"itemListElement\":[{\"@type\":\"ListItem\",\"position\":1,\"name\":\"Startseite\",\"item\":\"https:\\\/\\\/sanicus.de\\\/\"},{\"@type\":\"ListItem\",\"position\":2,\"name\":\"Sanicus Store\",\"item\":\"https:\\\/\\\/sanicus.de\\\/sanicus-store\\\/\"},{\"@type\":\"ListItem\",\"position\":3,\"name\":\"F6 Thai Zitronengras 6er Box wei\u00df\"}]},{\"@type\":\"WebSite\",\"@id\":\"https:\\\/\\\/sanicus.de\\\/#website\",\"url\":\"https:\\\/\\\/sanicus.de\\\/\",\"name\":\"sanicus.de\",\"description\":\"Sanit\u00e4r - Ausstattung\",\"publisher\":{\"@id\":\"https:\\\/\\\/sanicus.de\\\/#organization\"},\"potentialAction\":[{\"@type\":\"SearchAction\",\"target\":{\"@type\":\"EntryPoint\",\"urlTemplate\":\"https:\\\/\\\/sanicus.de\\\/?s={search_term_string}\"},\"query-input\":{\"@type\":\"PropertyValueSpecification\",\"valueRequired\":true,\"valueName\":\"search_term_string\"}}],\"inLanguage\":\"ro-RO\"},{\"@type\":\"Organization\",\"@id\":\"https:\\\/\\\/sanicus.de\\\/#organization\",\"name\":\"Sanicus GmbH\",\"url\":\"https:\\\/\\\/sanicus.de\\\/\",\"logo\":{\"@type\":\"ImageObject\",\"inLanguage\":\"ro-RO\",\"@id\":\"https:\\\/\\\/sanicus.de\\\/#\\\/schema\\\/logo\\\/image\\\/\",\"url\":\"https:\\\/\\\/sanicus.de\\\/wp-content\\\/uploads\\\/2021\\\/11\\\/Sanicus-Logo-Grau-2021.png\",\"contentUrl\":\"https:\\\/\\\/sanicus.de\\\/wp-content\\\/uploads\\\/2021\\\/11\\\/Sanicus-Logo-Grau-2021.png\",\"width\":1382,\"height\":397,\"caption\":\"Sanicus GmbH\"},\"image\":{\"@id\":\"https:\\\/\\\/sanicus.de\\\/#\\\/schema\\\/logo\\\/image\\\/\"},\"sameAs\":[\"https:\\\/\\\/www.facebook.com\\\/Sanicus\\\/\"]}]}<\/script>\n<!-- \/ Yoast SEO Premium plugin. -->","yoast_head_json":{"title":"F6 Thai Zitronengras 6er Box wei\u00df - sanicus.de","description":"F6 Thai Zitronengras 6er Box Wei\u00df \u2013 Duftkartuschen f\u00fcr Sanicus F6 Spender. Frisch, hygienisch & effizient im praktischen Vorratspack.","robots":{"index":"index","follow":"follow","max-snippet":"max-snippet:-1","max-image-preview":"max-image-preview:large","max-video-preview":"max-video-preview:-1"},"canonical":"https:\/\/sanicus.de\/ro\/produs\/f6-thai-zitronengras-6er-box-weiss\/","og_locale":"ro_RO","og_type":"article","og_title":"F6 Thai Zitronengras 6er Box wei\u00df","og_description":"F6 Thai Zitronengras 6er Box Wei\u00df \u2013 Duftkartuschen f\u00fcr Sanicus F6 Spender. Frisch, hygienisch & effizient im praktischen Vorratspack.","og_url":"https:\/\/sanicus.de\/ro\/produs\/f6-thai-zitronengras-6er-box-weiss\/","og_site_name":"sanicus.de","article_publisher":"https:\/\/www.facebook.com\/Sanicus\/","article_modified_time":"2026-04-13T14:16:33+00:00","og_image":[{"width":800,"height":800,"url":"https:\/\/sanicus.de\/wp-content\/uploads\/2023\/12\/8666124-F6-Thai-Zitronengras-6er-Box-weiss.jpg","type":"image\/jpeg"}],"twitter_card":"summary_large_image","twitter_misc":{"Timp estimat pentru citire":"1 minut"},"schema":{"@context":"https:\/\/schema.org","@graph":[{"@type":"WebPage","@id":"https:\/\/sanicus.de\/produkt\/f6-thai-zitronengras-6er-box-weiss\/","url":"https:\/\/sanicus.de\/produkt\/f6-thai-zitronengras-6er-box-weiss\/","name":"F6 Thai Zitronengras 6er Box wei\u00df - sanicus.de","isPartOf":{"@id":"https:\/\/sanicus.de\/#website"},"primaryImageOfPage":{"@id":"https:\/\/sanicus.de\/produkt\/f6-thai-zitronengras-6er-box-weiss\/#primaryimage"},"image":{"@id":"https:\/\/sanicus.de\/produkt\/f6-thai-zitronengras-6er-box-weiss\/#primaryimage"},"thumbnailUrl":"https:\/\/sanicus.de\/wp-content\/uploads\/2023\/12\/8666124-F6-Thai-Zitronengras-6er-Box-weiss.jpg","datePublished":"2023-11-30T10:23:55+00:00","dateModified":"2026-04-13T14:16:33+00:00","description":"F6 Thai Zitronengras 6er Box Wei\u00df \u2013 Duftkartuschen f\u00fcr Sanicus F6 Spender. Frisch, hygienisch & effizient im praktischen Vorratspack.","breadcrumb":{"@id":"https:\/\/sanicus.de\/produkt\/f6-thai-zitronengras-6er-box-weiss\/#breadcrumb"},"inLanguage":"ro-RO","potentialAction":[{"@type":"ReadAction","target":["https:\/\/sanicus.de\/produkt\/f6-thai-zitronengras-6er-box-weiss\/"]}]},{"@type":"ImageObject","inLanguage":"ro-RO","@id":"https:\/\/sanicus.de\/produkt\/f6-thai-zitronengras-6er-box-weiss\/#primaryimage","url":"https:\/\/sanicus.de\/wp-content\/uploads\/2023\/12\/8666124-F6-Thai-Zitronengras-6er-Box-weiss.jpg","contentUrl":"https:\/\/sanicus.de\/wp-content\/uploads\/2023\/12\/8666124-F6-Thai-Zitronengras-6er-Box-weiss.jpg","width":800,"height":800,"caption":"8666124 - F6 Thai Zitronengras 6er Box wei\u00df"},{"@type":"BreadcrumbList","@id":"https:\/\/sanicus.de\/produkt\/f6-thai-zitronengras-6er-box-weiss\/#breadcrumb","itemListElement":[{"@type":"ListItem","position":1,"name":"Startseite","item":"https:\/\/sanicus.de\/"},{"@type":"ListItem","position":2,"name":"Sanicus Store","item":"https:\/\/sanicus.de\/sanicus-store\/"},{"@type":"ListItem","position":3,"name":"F6 Thai Zitronengras 6er Box wei\u00df"}]},{"@type":"WebSite","@id":"https:\/\/sanicus.de\/#website","url":"https:\/\/sanicus.de\/","name":"sanicus.de","description":"Sanit\u00e4r - Ausstattung","publisher":{"@id":"https:\/\/sanicus.de\/#organization"},"potentialAction":[{"@type":"SearchAction","target":{"@type":"EntryPoint","urlTemplate":"https:\/\/sanicus.de\/?s={search_term_string}"},"query-input":{"@type":"PropertyValueSpecification","valueRequired":true,"valueName":"search_term_string"}}],"inLanguage":"ro-RO"},{"@type":"Organization","@id":"https:\/\/sanicus.de\/#organization","name":"Sanicus GmbH","url":"https:\/\/sanicus.de\/","logo":{"@type":"ImageObject","inLanguage":"ro-RO","@id":"https:\/\/sanicus.de\/#\/schema\/logo\/image\/","url":"https:\/\/sanicus.de\/wp-content\/uploads\/2021\/11\/Sanicus-Logo-Grau-2021.png","contentUrl":"https:\/\/sanicus.de\/wp-content\/uploads\/2021\/11\/Sanicus-Logo-Grau-2021.png","width":1382,"height":397,"caption":"Sanicus GmbH"},"image":{"@id":"https:\/\/sanicus.de\/#\/schema\/logo\/image\/"},"sameAs":["https:\/\/www.facebook.com\/Sanicus\/"]}]}},"_links":{"self":[{"href":"https:\/\/sanicus.de\/ro\/wp-json\/wp\/v2\/product\/30803","targetHints":{"allow":["GET"]}}],"collection":[{"href":"https:\/\/sanicus.de\/ro\/wp-json\/wp\/v2\/product"}],"about":[{"href":"https:\/\/sanicus.de\/ro\/wp-json\/wp\/v2\/types\/product"}],"version-history":[{"count":3,"href":"https:\/\/sanicus.de\/ro\/wp-json\/wp\/v2\/product\/30803\/revisions"}],"predecessor-version":[{"id":32921,"href":"https:\/\/sanicus.de\/ro\/wp-json\/wp\/v2\/product\/30803\/revisions\/32921"}],"wp:featuredmedia":[{"embeddable":true,"href":"https:\/\/sanicus.de\/ro\/wp-json\/wp\/v2\/media\/31021"}],"wp:attachment":[{"href":"https:\/\/sanicus.de\/ro\/wp-json\/wp\/v2\/media?parent=30803"}],"wp:term":[{"taxonomy":"product_brand","embeddable":true,"href":"https:\/\/sanicus.de\/ro\/wp-json\/wp\/v2\/product_brand?post=30803"},{"taxonomy":"product_cat","embeddable":true,"href":"https:\/\/sanicus.de\/ro\/wp-json\/wp\/v2\/product_cat?post=30803"},{"taxonomy":"product_tag","embeddable":true,"href":"https:\/\/sanicus.de\/ro\/wp-json\/wp\/v2\/product_tag?post=30803"}],"curies":[{"name":"wp","href":"https:\/\/api.w.org\/{rel}","templated":true}]}}