{"id":30833,"date":"2023-11-30T12:23:35","date_gmt":"2023-11-30T11:23:35","guid":{"rendered":"https:\/\/sanicus.de\/produkt\/sd10-oberflaechendesinfektion-1-liter\/"},"modified":"2026-04-14T13:42:37","modified_gmt":"2026-04-14T11:42:37","slug":"sd10-oberflaechendesinfektion-1-liter","status":"publish","type":"product","link":"https:\/\/sanicus.de\/ro\/produkt\/sd10-oberflaechendesinfektion-1-liter\/","title":{"rendered":"SD10 Oberfl\u00e4chendesinfektion 1 Liter"},"content":{"rendered":"<h1>SD10 Oberfl\u00e4chendesinfektion 1 Liter &#8211; f\u00fcr hygienisch sichere Fl\u00e4chen<\/h1>\n<p>Die <strong>SD10 Oberfl\u00e4chendesinfektion 1 Liter,<\/strong>\u00a0ist eine gebrauchsfertige L\u00f6sung f\u00fcr die hygienische Reinigung und Desinfektion aller abwischbaren Fl\u00e4chen. Das Produkt ist alkoholfrei und besonders materialschonend. Es wurde entwickelt, um eine wirksame Reduktion von Bakterien, beh\u00fcllten Viren und Pilzen zu gew\u00e4hrleisten. Damit eignet sich SD10 hervorragend f\u00fcr den Einsatz in allen sensiblen Bereichen, in denen ein hohes Ma\u00df an Sauberkeit gefordert ist. Dazu z\u00e4hlen etwa B\u00fcros, Gastronomie, \u00f6ffentliche Einrichtungen, Schulen, Pflegeheime und viele weitere Einsatzorte.<\/p>\n<p>Dank der hautfreundlichen Rezeptur kann das Desinfektionsmittel auch dort genutzt werden, wo h\u00e4ufige Anwendung erforderlich ist. Es verursacht keine Hautreizungen und hinterl\u00e4sst nach dem Trocknen keine sichtbaren R\u00fcckst\u00e4nde. Die Anwendung ist denkbar einfach: Die zu reinigende Fl\u00e4che wird gleichm\u00e4\u00dfig eingespr\u00fcht oder mit einem getr\u00e4nkten Tuch abgewischt. Nach einer kurzen Einwirkzeit ist die Fl\u00e4che hygienisch desinfiziert und kann wieder genutzt werden. Eine Nachbehandlung ist in der Regel nicht notwendig.<\/p>\n<p>Ein besonderer Vorteil ist die farbstoff- und parf\u00fcmfreie Formulierung. So wird der Einsatz auch f\u00fcr allergieempfindliche Personen oder in Bereichen ohne st\u00f6rende Ger\u00fcche m\u00f6glich. Gerade in Gastronomie oder sensiblen Produktionsumgebungen ist dieser Vorteil ein entscheidendes Kriterium. Betreiber profitieren von einem Produkt, das unkompliziert in bestehende Hygienekonzepte integriert werden kann und gleichzeitig zuverl\u00e4ssig wirkt.<\/p>\n<p>Das 1-Liter-Gebinde ist besonders handlich und l\u00e4sst sich entweder direkt mit einem passenden Dosierkopf verwenden oder in kleinere Flaschen umf\u00fcllen. So k\u00f6nnen auch mobile Teams oder Reinigungskr\u00e4fte die SD10 L\u00f6sung flexibel einsetzen. Typische Einsatzbeispiele sind die Desinfektion von Arbeitsplatten, Tischen, T\u00fcrklinken, Handl\u00e4ufen, Lichtschaltern, Sanit\u00e4rfl\u00e4chen und Ger\u00e4ten. \u00dcberall dort, wo viele Menschen in Kontakt kommen, sorgt die regelm\u00e4\u00dfige Anwendung f\u00fcr ein sicheres Gef\u00fchl und sch\u00fctzt vor der Verbreitung von Keimen.<\/p>\n<h2>Produktvorteile auf einen Blick<\/h2>\n<ul>\n<li><strong>Alkoholfrei &amp; materialvertr\u00e4glich:<\/strong> ideal f\u00fcr empfindliche Oberfl\u00e4chen<\/li>\n<li><strong>Hautfreundlich:<\/strong> f\u00fcr h\u00e4ufige Anwendung geeignet<\/li>\n<li><strong>Wirksam:<\/strong> gegen Bakterien, Viren und Pilze gepr\u00fcft<\/li>\n<li><strong>R\u00fcckstandsfrei:<\/strong> trocknet ohne Schlieren oder R\u00fcckst\u00e4nde<\/li>\n<li><strong>Gebrauchsfertig:<\/strong> sofort einsatzbereit ohne Verd\u00fcnnung<\/li>\n<\/ul>\n<p>Mit der <strong>SD10 Oberfl\u00e4chendesinfektion<\/strong> setzen Sie auf ein modernes Desinfektionsmittel, das h\u00f6chste Anspr\u00fcche an Wirksamkeit, Materialvertr\u00e4glichkeit und Anwenderfreundlichkeit erf\u00fcllt. So schaffen Sie Vertrauen bei Kunden, Mitarbeitern und Besuchern \u2013 Tag f\u00fcr Tag.<\/p>","protected":false},"excerpt":{"rendered":"<p>Alkoholfrei, wasserbasierend, begrenzt viruzid und bis zu 10 Tagen wirksam.<\/p>","protected":false},"featured_media":30979,"template":"","meta":{"site-sidebar-layout":"default","site-content-layout":"default","ast-site-content-layout":"default","site-content-style":"default","site-sidebar-style":"default","ast-global-header-display":"","ast-banner-title-visibility":"","ast-main-header-display":"","ast-hfb-above-header-display":"","ast-hfb-below-header-display":"","ast-hfb-mobile-header-display":"","site-post-title":"","ast-breadcrumbs-content":"","ast-featured-img":"","footer-sml-layout":"","ast-disable-related-posts":"","theme-transparent-header-meta":"default","adv-header-id-meta":"","stick-header-meta":"","header-above-stick-meta":"","header-main-stick-meta":"","header-below-stick-meta":"","astra-migrate-meta-layouts":"set","ast-page-background-enabled":"default","ast-page-background-meta":{"desktop":{"background-color":"","background-image":"","background-repeat":"repeat","background-position":"center center","background-size":"auto","background-attachment":"scroll","background-type":"","background-media":"","overlay-type":"","overlay-color":"","overlay-opacity":"","overlay-gradient":""},"tablet":{"background-color":"","background-image":"","background-repeat":"repeat","background-position":"center center","background-size":"auto","background-attachment":"scroll","background-type":"","background-media":"","overlay-type":"","overlay-color":"","overlay-opacity":"","overlay-gradient":""},"mobile":{"background-color":"","background-image":"","background-repeat":"repeat","background-position":"center center","background-size":"auto","background-attachment":"scroll","background-type":"","background-media":"","overlay-type":"","overlay-color":"","overlay-opacity":"","overlay-gradient":""}},"ast-content-background-meta":{"desktop":{"background-color":"var(--ast-global-color-5)","background-image":"","background-repeat":"repeat","background-position":"center center","background-size":"auto","background-attachment":"scroll","background-type":"","background-media":"","overlay-type":"","overlay-color":"","overlay-opacity":"","overlay-gradient":""},"tablet":{"background-color":"var(--ast-global-color-5)","background-image":"","background-repeat":"repeat","background-position":"center center","background-size":"auto","background-attachment":"scroll","background-type":"","background-media":"","overlay-type":"","overlay-color":"","overlay-opacity":"","overlay-gradient":""},"mobile":{"background-color":"var(--ast-global-color-5)","background-image":"","background-repeat":"repeat","background-position":"center center","background-size":"auto","background-attachment":"scroll","background-type":"","background-media":"","overlay-type":"","overlay-color":"","overlay-opacity":"","overlay-gradient":""}}},"product_brand":[],"product_cat":[159],"product_tag":[],"class_list":{"0":"post-30833","1":"product","2":"type-product","3":"status-publish","4":"has-post-thumbnail","6":"product_cat-desinfektion-fluessigkeiten","7":"desktop-align-left","8":"tablet-align-left","9":"mobile-align-left","11":"first","12":"instock","13":"taxable","14":"shipping-taxable","15":"purchasable","16":"product-type-simple"},"yoast_head":"<!-- This site is optimized with the Yoast SEO Premium plugin v27.3 (Yoast SEO v27.4) - https:\/\/yoast.com\/product\/yoast-seo-premium-wordpress\/ -->\n<title>SD10 Oberfl\u00e4chendesinfektion 1 Liter - sanicus.de<\/title>\n<meta name=\"description\" content=\"SD10 Oberfl\u00e4chendesinfektion 1 Liter \u2013 Gebrauchsfertig, alkoholfrei &amp; materialvertr\u00e4glich. F\u00fcr hygienische Sauberkeit auf allen Fl\u00e4chen.\" \/>\n<meta name=\"robots\" content=\"index, follow, max-snippet:-1, max-image-preview:large, max-video-preview:-1\" \/>\n<link rel=\"canonical\" href=\"https:\/\/sanicus.de\/ro\/produs\/sd10-oberflaechendesinfektion-1-liter\/\" \/>\n<meta property=\"og:locale\" content=\"ro_RO\" \/>\n<meta property=\"og:type\" content=\"article\" \/>\n<meta property=\"og:title\" content=\"SD10 Oberfl\u00e4chendesinfektion 1 Liter\" \/>\n<meta property=\"og:description\" content=\"SD10 Oberfl\u00e4chendesinfektion 1 Liter \u2013 Gebrauchsfertig, alkoholfrei &amp; materialvertr\u00e4glich. F\u00fcr hygienische Sauberkeit auf allen Fl\u00e4chen.\" \/>\n<meta property=\"og:url\" content=\"https:\/\/sanicus.de\/ro\/produs\/sd10-oberflaechendesinfektion-1-liter\/\" \/>\n<meta property=\"og:site_name\" content=\"sanicus.de\" \/>\n<meta property=\"article:publisher\" content=\"https:\/\/www.facebook.com\/Sanicus\/\" \/>\n<meta property=\"article:modified_time\" content=\"2026-04-14T11:42:37+00:00\" \/>\n<meta property=\"og:image\" content=\"https:\/\/sanicus.de\/wp-content\/uploads\/2023\/12\/8320010-SD10-Oberflaechendesinfektion-1-Liter.jpg\" \/>\n\t<meta property=\"og:image:width\" content=\"800\" \/>\n\t<meta property=\"og:image:height\" content=\"800\" \/>\n\t<meta property=\"og:image:type\" content=\"image\/jpeg\" \/>\n<meta name=\"twitter:card\" content=\"summary_large_image\" \/>\n<meta name=\"twitter:label1\" content=\"Timp estimat pentru citire\" \/>\n\t<meta name=\"twitter:data1\" content=\"1 minut\" \/>\n<script type=\"application\/ld+json\" class=\"yoast-schema-graph\">{\"@context\":\"https:\\\/\\\/schema.org\",\"@graph\":[{\"@type\":\"WebPage\",\"@id\":\"https:\\\/\\\/sanicus.de\\\/produkt\\\/sd10-oberflaechendesinfektion-1-liter\\\/\",\"url\":\"https:\\\/\\\/sanicus.de\\\/produkt\\\/sd10-oberflaechendesinfektion-1-liter\\\/\",\"name\":\"SD10 Oberfl\u00e4chendesinfektion 1 Liter - sanicus.de\",\"isPartOf\":{\"@id\":\"https:\\\/\\\/sanicus.de\\\/#website\"},\"primaryImageOfPage\":{\"@id\":\"https:\\\/\\\/sanicus.de\\\/produkt\\\/sd10-oberflaechendesinfektion-1-liter\\\/#primaryimage\"},\"image\":{\"@id\":\"https:\\\/\\\/sanicus.de\\\/produkt\\\/sd10-oberflaechendesinfektion-1-liter\\\/#primaryimage\"},\"thumbnailUrl\":\"https:\\\/\\\/sanicus.de\\\/wp-content\\\/uploads\\\/2023\\\/12\\\/8320010-SD10-Oberflaechendesinfektion-1-Liter.jpg\",\"datePublished\":\"2023-11-30T11:23:35+00:00\",\"dateModified\":\"2026-04-14T11:42:37+00:00\",\"description\":\"SD10 Oberfl\u00e4chendesinfektion 1 Liter \u2013 Gebrauchsfertig, alkoholfrei & materialvertr\u00e4glich. F\u00fcr hygienische Sauberkeit auf allen Fl\u00e4chen.\",\"breadcrumb\":{\"@id\":\"https:\\\/\\\/sanicus.de\\\/produkt\\\/sd10-oberflaechendesinfektion-1-liter\\\/#breadcrumb\"},\"inLanguage\":\"ro-RO\",\"potentialAction\":[{\"@type\":\"ReadAction\",\"target\":[\"https:\\\/\\\/sanicus.de\\\/produkt\\\/sd10-oberflaechendesinfektion-1-liter\\\/\"]}]},{\"@type\":\"ImageObject\",\"inLanguage\":\"ro-RO\",\"@id\":\"https:\\\/\\\/sanicus.de\\\/produkt\\\/sd10-oberflaechendesinfektion-1-liter\\\/#primaryimage\",\"url\":\"https:\\\/\\\/sanicus.de\\\/wp-content\\\/uploads\\\/2023\\\/12\\\/8320010-SD10-Oberflaechendesinfektion-1-Liter.jpg\",\"contentUrl\":\"https:\\\/\\\/sanicus.de\\\/wp-content\\\/uploads\\\/2023\\\/12\\\/8320010-SD10-Oberflaechendesinfektion-1-Liter.jpg\",\"width\":800,\"height\":800,\"caption\":\"8320010 - SD10 Oberfl\u00e4chendesinfektion 1 Liter\"},{\"@type\":\"BreadcrumbList\",\"@id\":\"https:\\\/\\\/sanicus.de\\\/produkt\\\/sd10-oberflaechendesinfektion-1-liter\\\/#breadcrumb\",\"itemListElement\":[{\"@type\":\"ListItem\",\"position\":1,\"name\":\"Startseite\",\"item\":\"https:\\\/\\\/sanicus.de\\\/\"},{\"@type\":\"ListItem\",\"position\":2,\"name\":\"Sanicus Store\",\"item\":\"https:\\\/\\\/sanicus.de\\\/sanicus-store\\\/\"},{\"@type\":\"ListItem\",\"position\":3,\"name\":\"SD10 Oberfl\u00e4chendesinfektion 1 Liter\"}]},{\"@type\":\"WebSite\",\"@id\":\"https:\\\/\\\/sanicus.de\\\/#website\",\"url\":\"https:\\\/\\\/sanicus.de\\\/\",\"name\":\"sanicus.de\",\"description\":\"Sanit\u00e4r - Ausstattung\",\"publisher\":{\"@id\":\"https:\\\/\\\/sanicus.de\\\/#organization\"},\"potentialAction\":[{\"@type\":\"SearchAction\",\"target\":{\"@type\":\"EntryPoint\",\"urlTemplate\":\"https:\\\/\\\/sanicus.de\\\/?s={search_term_string}\"},\"query-input\":{\"@type\":\"PropertyValueSpecification\",\"valueRequired\":true,\"valueName\":\"search_term_string\"}}],\"inLanguage\":\"ro-RO\"},{\"@type\":\"Organization\",\"@id\":\"https:\\\/\\\/sanicus.de\\\/#organization\",\"name\":\"Sanicus GmbH\",\"url\":\"https:\\\/\\\/sanicus.de\\\/\",\"logo\":{\"@type\":\"ImageObject\",\"inLanguage\":\"ro-RO\",\"@id\":\"https:\\\/\\\/sanicus.de\\\/#\\\/schema\\\/logo\\\/image\\\/\",\"url\":\"https:\\\/\\\/sanicus.de\\\/wp-content\\\/uploads\\\/2021\\\/11\\\/Sanicus-Logo-Grau-2021.png\",\"contentUrl\":\"https:\\\/\\\/sanicus.de\\\/wp-content\\\/uploads\\\/2021\\\/11\\\/Sanicus-Logo-Grau-2021.png\",\"width\":1382,\"height\":397,\"caption\":\"Sanicus GmbH\"},\"image\":{\"@id\":\"https:\\\/\\\/sanicus.de\\\/#\\\/schema\\\/logo\\\/image\\\/\"},\"sameAs\":[\"https:\\\/\\\/www.facebook.com\\\/Sanicus\\\/\"]}]}<\/script>\n<!-- \/ Yoast SEO Premium plugin. -->","yoast_head_json":{"title":"SD10 Oberfl\u00e4chendesinfektion 1 Liter - sanicus.de","description":"SD10 Oberfl\u00e4chendesinfektion 1 Liter \u2013 Gebrauchsfertig, alkoholfrei & materialvertr\u00e4glich. F\u00fcr hygienische Sauberkeit auf allen Fl\u00e4chen.","robots":{"index":"index","follow":"follow","max-snippet":"max-snippet:-1","max-image-preview":"max-image-preview:large","max-video-preview":"max-video-preview:-1"},"canonical":"https:\/\/sanicus.de\/ro\/produs\/sd10-oberflaechendesinfektion-1-liter\/","og_locale":"ro_RO","og_type":"article","og_title":"SD10 Oberfl\u00e4chendesinfektion 1 Liter","og_description":"SD10 Oberfl\u00e4chendesinfektion 1 Liter \u2013 Gebrauchsfertig, alkoholfrei & materialvertr\u00e4glich. F\u00fcr hygienische Sauberkeit auf allen Fl\u00e4chen.","og_url":"https:\/\/sanicus.de\/ro\/produs\/sd10-oberflaechendesinfektion-1-liter\/","og_site_name":"sanicus.de","article_publisher":"https:\/\/www.facebook.com\/Sanicus\/","article_modified_time":"2026-04-14T11:42:37+00:00","og_image":[{"width":800,"height":800,"url":"https:\/\/sanicus.de\/wp-content\/uploads\/2023\/12\/8320010-SD10-Oberflaechendesinfektion-1-Liter.jpg","type":"image\/jpeg"}],"twitter_card":"summary_large_image","twitter_misc":{"Timp estimat pentru citire":"1 minut"},"schema":{"@context":"https:\/\/schema.org","@graph":[{"@type":"WebPage","@id":"https:\/\/sanicus.de\/produkt\/sd10-oberflaechendesinfektion-1-liter\/","url":"https:\/\/sanicus.de\/produkt\/sd10-oberflaechendesinfektion-1-liter\/","name":"SD10 Oberfl\u00e4chendesinfektion 1 Liter - sanicus.de","isPartOf":{"@id":"https:\/\/sanicus.de\/#website"},"primaryImageOfPage":{"@id":"https:\/\/sanicus.de\/produkt\/sd10-oberflaechendesinfektion-1-liter\/#primaryimage"},"image":{"@id":"https:\/\/sanicus.de\/produkt\/sd10-oberflaechendesinfektion-1-liter\/#primaryimage"},"thumbnailUrl":"https:\/\/sanicus.de\/wp-content\/uploads\/2023\/12\/8320010-SD10-Oberflaechendesinfektion-1-Liter.jpg","datePublished":"2023-11-30T11:23:35+00:00","dateModified":"2026-04-14T11:42:37+00:00","description":"SD10 Oberfl\u00e4chendesinfektion 1 Liter \u2013 Gebrauchsfertig, alkoholfrei & materialvertr\u00e4glich. F\u00fcr hygienische Sauberkeit auf allen Fl\u00e4chen.","breadcrumb":{"@id":"https:\/\/sanicus.de\/produkt\/sd10-oberflaechendesinfektion-1-liter\/#breadcrumb"},"inLanguage":"ro-RO","potentialAction":[{"@type":"ReadAction","target":["https:\/\/sanicus.de\/produkt\/sd10-oberflaechendesinfektion-1-liter\/"]}]},{"@type":"ImageObject","inLanguage":"ro-RO","@id":"https:\/\/sanicus.de\/produkt\/sd10-oberflaechendesinfektion-1-liter\/#primaryimage","url":"https:\/\/sanicus.de\/wp-content\/uploads\/2023\/12\/8320010-SD10-Oberflaechendesinfektion-1-Liter.jpg","contentUrl":"https:\/\/sanicus.de\/wp-content\/uploads\/2023\/12\/8320010-SD10-Oberflaechendesinfektion-1-Liter.jpg","width":800,"height":800,"caption":"8320010 - SD10 Oberfl\u00e4chendesinfektion 1 Liter"},{"@type":"BreadcrumbList","@id":"https:\/\/sanicus.de\/produkt\/sd10-oberflaechendesinfektion-1-liter\/#breadcrumb","itemListElement":[{"@type":"ListItem","position":1,"name":"Startseite","item":"https:\/\/sanicus.de\/"},{"@type":"ListItem","position":2,"name":"Sanicus Store","item":"https:\/\/sanicus.de\/sanicus-store\/"},{"@type":"ListItem","position":3,"name":"SD10 Oberfl\u00e4chendesinfektion 1 Liter"}]},{"@type":"WebSite","@id":"https:\/\/sanicus.de\/#website","url":"https:\/\/sanicus.de\/","name":"sanicus.de","description":"Sanit\u00e4r - Ausstattung","publisher":{"@id":"https:\/\/sanicus.de\/#organization"},"potentialAction":[{"@type":"SearchAction","target":{"@type":"EntryPoint","urlTemplate":"https:\/\/sanicus.de\/?s={search_term_string}"},"query-input":{"@type":"PropertyValueSpecification","valueRequired":true,"valueName":"search_term_string"}}],"inLanguage":"ro-RO"},{"@type":"Organization","@id":"https:\/\/sanicus.de\/#organization","name":"Sanicus GmbH","url":"https:\/\/sanicus.de\/","logo":{"@type":"ImageObject","inLanguage":"ro-RO","@id":"https:\/\/sanicus.de\/#\/schema\/logo\/image\/","url":"https:\/\/sanicus.de\/wp-content\/uploads\/2021\/11\/Sanicus-Logo-Grau-2021.png","contentUrl":"https:\/\/sanicus.de\/wp-content\/uploads\/2021\/11\/Sanicus-Logo-Grau-2021.png","width":1382,"height":397,"caption":"Sanicus GmbH"},"image":{"@id":"https:\/\/sanicus.de\/#\/schema\/logo\/image\/"},"sameAs":["https:\/\/www.facebook.com\/Sanicus\/"]}]}},"_links":{"self":[{"href":"https:\/\/sanicus.de\/ro\/wp-json\/wp\/v2\/product\/30833","targetHints":{"allow":["GET"]}}],"collection":[{"href":"https:\/\/sanicus.de\/ro\/wp-json\/wp\/v2\/product"}],"about":[{"href":"https:\/\/sanicus.de\/ro\/wp-json\/wp\/v2\/types\/product"}],"version-history":[{"count":2,"href":"https:\/\/sanicus.de\/ro\/wp-json\/wp\/v2\/product\/30833\/revisions"}],"predecessor-version":[{"id":33025,"href":"https:\/\/sanicus.de\/ro\/wp-json\/wp\/v2\/product\/30833\/revisions\/33025"}],"wp:featuredmedia":[{"embeddable":true,"href":"https:\/\/sanicus.de\/ro\/wp-json\/wp\/v2\/media\/30979"}],"wp:attachment":[{"href":"https:\/\/sanicus.de\/ro\/wp-json\/wp\/v2\/media?parent=30833"}],"wp:term":[{"taxonomy":"product_brand","embeddable":true,"href":"https:\/\/sanicus.de\/ro\/wp-json\/wp\/v2\/product_brand?post=30833"},{"taxonomy":"product_cat","embeddable":true,"href":"https:\/\/sanicus.de\/ro\/wp-json\/wp\/v2\/product_cat?post=30833"},{"taxonomy":"product_tag","embeddable":true,"href":"https:\/\/sanicus.de\/ro\/wp-json\/wp\/v2\/product_tag?post=30833"}],"curies":[{"name":"wp","href":"https:\/\/api.w.org\/{rel}","templated":true}]}}