{"id":30835,"date":"2023-11-30T12:23:37","date_gmt":"2023-11-30T11:23:37","guid":{"rendered":"https:\/\/sanicus.de\/produkt\/sd10-oberflaechendesinfektion-5-liter\/"},"modified":"2026-04-14T13:42:58","modified_gmt":"2026-04-14T11:42:58","slug":"sd10-oberflaechendesinfektion-5-liter","status":"publish","type":"product","link":"https:\/\/sanicus.de\/ro\/produkt\/sd10-oberflaechendesinfektion-5-liter\/","title":{"rendered":"SD10 Oberfl\u00e4chendesinfektion 5 Liter"},"content":{"rendered":"<h4>SD10 Oberfl\u00e4chendesinfektion \u2013 5 Liter<\/h4>\n<p>&nbsp;<\/p>\n<p>Die <strong>SD10 Oberfl\u00e4chendesinfektion<\/strong> <strong>5 Liter<\/strong>, ist die wirtschaftliche L\u00f6sung f\u00fcr den gro\u00dffl\u00e4chigen Einsatz in allen Bereichen, in denen konsequente Sauberkeit und hygienische Sicherheit gefordert sind. Das gebrauchsfertige Desinfektionsmittel wirkt zuverl\u00e4ssig gegen Bakterien, beh\u00fcllte Viren und Pilze und ist dabei alkoholfrei sowie besonders materialschonend. Damit eignet es sich optimal f\u00fcr den t\u00e4glichen Einsatz in stark frequentierten Bereichen wie Schulen, Pflegeheimen, B\u00fcros, Gastronomiebetrieben oder \u00f6ffentlichen Einrichtungen.<\/p>\n<p>Die alkoholfreie Formulierung ist farbstoff- und parf\u00fcmfrei. So bleibt das Produkt unaufdringlich und kann auch dort genutzt werden, wo sensible Personengruppen wie Allergiker oder Kinder mit den behandelten Fl\u00e4chen in Kontakt kommen. Gleichzeitig wird die Gefahr von Hautreizungen minimiert, was besonders im dauerhaften Einsatz ein wichtiger Vorteil ist. Das Desinfektionsmittel trocknet nach kurzer Einwirkzeit r\u00fcckstandsfrei ab und hinterl\u00e4sst keine Schlieren oder klebrigen Bel\u00e4ge.<\/p>\n<p>Die Anwendung ist denkbar einfach: Die zu behandelnde Fl\u00e4che wird direkt eingespr\u00fcht oder mit einem getr\u00e4nkten Tuch gleichm\u00e4\u00dfig benetzt. Nach einer Einwirkzeit von mindestens 60 Sekunden sind alle relevanten Keime zuverl\u00e4ssig abget\u00f6tet. Eine Nachreinigung ist nicht erforderlich. Der gro\u00dfe 5-Liter-Kanister eignet sich perfekt zur Bef\u00fcllung von Dosierflaschen, Spr\u00fchflaschen oder Spendersystemen, sodass jederzeit ausreichend Vorrat vorhanden ist.<\/p>\n<p>Gerade in Bereichen mit hohem Durchlauf und regelm\u00e4\u00dfigem Desinfektionsbedarf profitieren Betreiber von dem wirtschaftlichen Gebinde, das Nachf\u00fcllzyklen reduziert und Lagerkosten spart. Ob in Reinigungsteams, im Facility-Management oder in der Unterhaltsreinigung: Die SD10 Oberfl\u00e4chendesinfektion bietet zuverl\u00e4ssige Qualit\u00e4t und einfache Handhabung in jeder Situation.<\/p>\n<p>Typische Einsatzbereiche sind Arbeitsfl\u00e4chen, T\u00fcrklinken, Theken, Ger\u00e4te, Sanit\u00e4rbereiche und andere Kontaktfl\u00e4chen, die regelm\u00e4\u00dfig gereinigt werden m\u00fcssen. Dank der schonenden Rezeptur bleibt das Material langfristig in einwandfreiem Zustand, auch bei h\u00e4ufiger Anwendung.<\/p>\n<h5>Produktvorteile auf einen Blick<\/h5>\n<ul>\n<li><strong>Alkoholfrei &amp; hautfreundlich:<\/strong> ideal f\u00fcr sensible Bereiche<\/li>\n<li><strong>Gebrauchsfertig:<\/strong> sofort einsatzbereit ohne Mischen<\/li>\n<li><strong>Wirksam:<\/strong> gegen Bakterien, Viren und Pilze<\/li>\n<li><strong>Gro\u00dfgebinde:<\/strong> 5 Liter Kanister f\u00fcr effiziente Nachf\u00fcllung<\/li>\n<li><strong>R\u00fcckstandsfrei:<\/strong> trocknet schnell ohne Schlieren<\/li>\n<\/ul>\n<p>Mit der <strong>SD10 Oberfl\u00e4chendesinfektion im 5-Liter-Kanister<\/strong> sichern Sie jederzeit hygienisch einwandfreie Bedingungen \u2013 einfach, wirtschaftlich und zuverl\u00e4ssig.<\/p>","protected":false},"excerpt":{"rendered":"<p>Alkoholfrei &#8211; Wasserbasierend. Mit Langzeitwirkung gegen Bakterien, Viren und Pilzen. Pr\u00fcfung gem\u00e4\u00df EN-Richtlinien \u2013 Wirksam gegen Corona-Virus.<\/p>","protected":false},"featured_media":30980,"template":"","meta":{"site-sidebar-layout":"default","site-content-layout":"default","ast-site-content-layout":"default","site-content-style":"default","site-sidebar-style":"default","ast-global-header-display":"","ast-banner-title-visibility":"","ast-main-header-display":"","ast-hfb-above-header-display":"","ast-hfb-below-header-display":"","ast-hfb-mobile-header-display":"","site-post-title":"","ast-breadcrumbs-content":"","ast-featured-img":"","footer-sml-layout":"","ast-disable-related-posts":"","theme-transparent-header-meta":"default","adv-header-id-meta":"","stick-header-meta":"","header-above-stick-meta":"","header-main-stick-meta":"","header-below-stick-meta":"","astra-migrate-meta-layouts":"set","ast-page-background-enabled":"default","ast-page-background-meta":{"desktop":{"background-color":"","background-image":"","background-repeat":"repeat","background-position":"center center","background-size":"auto","background-attachment":"scroll","background-type":"","background-media":"","overlay-type":"","overlay-color":"","overlay-opacity":"","overlay-gradient":""},"tablet":{"background-color":"","background-image":"","background-repeat":"repeat","background-position":"center center","background-size":"auto","background-attachment":"scroll","background-type":"","background-media":"","overlay-type":"","overlay-color":"","overlay-opacity":"","overlay-gradient":""},"mobile":{"background-color":"","background-image":"","background-repeat":"repeat","background-position":"center center","background-size":"auto","background-attachment":"scroll","background-type":"","background-media":"","overlay-type":"","overlay-color":"","overlay-opacity":"","overlay-gradient":""}},"ast-content-background-meta":{"desktop":{"background-color":"var(--ast-global-color-5)","background-image":"","background-repeat":"repeat","background-position":"center center","background-size":"auto","background-attachment":"scroll","background-type":"","background-media":"","overlay-type":"","overlay-color":"","overlay-opacity":"","overlay-gradient":""},"tablet":{"background-color":"var(--ast-global-color-5)","background-image":"","background-repeat":"repeat","background-position":"center center","background-size":"auto","background-attachment":"scroll","background-type":"","background-media":"","overlay-type":"","overlay-color":"","overlay-opacity":"","overlay-gradient":""},"mobile":{"background-color":"var(--ast-global-color-5)","background-image":"","background-repeat":"repeat","background-position":"center center","background-size":"auto","background-attachment":"scroll","background-type":"","background-media":"","overlay-type":"","overlay-color":"","overlay-opacity":"","overlay-gradient":""}}},"product_brand":[],"product_cat":[159],"product_tag":[],"class_list":{"0":"post-30835","1":"product","2":"type-product","3":"status-publish","4":"has-post-thumbnail","6":"product_cat-desinfektion-fluessigkeiten","7":"desktop-align-left","8":"tablet-align-left","9":"mobile-align-left","11":"first","12":"instock","13":"taxable","14":"shipping-taxable","15":"purchasable","16":"product-type-simple"},"yoast_head":"<!-- This site is optimized with the Yoast SEO Premium plugin v27.3 (Yoast SEO v27.4) - https:\/\/yoast.com\/product\/yoast-seo-premium-wordpress\/ -->\n<title>SD10 Oberfl\u00e4chendesinfektion 5 Liter - sanicus.de<\/title>\n<meta name=\"description\" content=\"SD10 Oberfl\u00e4chendesinfektion 5 Liter - Alkoholfrei, gebrauchsfertig &amp; wirksam. F\u00fcr Fl\u00e4chenhygiene in allen sensiblen Bereichen.\" \/>\n<meta name=\"robots\" content=\"index, follow, max-snippet:-1, max-image-preview:large, max-video-preview:-1\" \/>\n<link rel=\"canonical\" href=\"https:\/\/sanicus.de\/ro\/produs\/sd10-oberflaechendesinfektion-5-liter\/\" \/>\n<meta property=\"og:locale\" content=\"ro_RO\" \/>\n<meta property=\"og:type\" content=\"article\" \/>\n<meta property=\"og:title\" content=\"SD10 Oberfl\u00e4chendesinfektion 5 Liter\" \/>\n<meta property=\"og:description\" content=\"SD10 Oberfl\u00e4chendesinfektion 5 Liter - Alkoholfrei, gebrauchsfertig &amp; wirksam. F\u00fcr Fl\u00e4chenhygiene in allen sensiblen Bereichen.\" \/>\n<meta property=\"og:url\" content=\"https:\/\/sanicus.de\/ro\/produs\/sd10-oberflaechendesinfektion-5-liter\/\" \/>\n<meta property=\"og:site_name\" content=\"sanicus.de\" \/>\n<meta property=\"article:publisher\" content=\"https:\/\/www.facebook.com\/Sanicus\/\" \/>\n<meta property=\"article:modified_time\" content=\"2026-04-14T11:42:58+00:00\" \/>\n<meta property=\"og:image\" content=\"https:\/\/sanicus.de\/wp-content\/uploads\/2023\/12\/8320050-SD10-Oberflaechendesinfektion-5-Liter.jpg\" \/>\n\t<meta property=\"og:image:width\" content=\"800\" \/>\n\t<meta property=\"og:image:height\" content=\"800\" \/>\n\t<meta property=\"og:image:type\" content=\"image\/jpeg\" \/>\n<meta name=\"twitter:card\" content=\"summary_large_image\" \/>\n<meta name=\"twitter:label1\" content=\"Timp estimat pentru citire\" \/>\n\t<meta name=\"twitter:data1\" content=\"1 minut\" \/>\n<script type=\"application\/ld+json\" class=\"yoast-schema-graph\">{\"@context\":\"https:\\\/\\\/schema.org\",\"@graph\":[{\"@type\":\"WebPage\",\"@id\":\"https:\\\/\\\/sanicus.de\\\/produkt\\\/sd10-oberflaechendesinfektion-5-liter\\\/\",\"url\":\"https:\\\/\\\/sanicus.de\\\/produkt\\\/sd10-oberflaechendesinfektion-5-liter\\\/\",\"name\":\"SD10 Oberfl\u00e4chendesinfektion 5 Liter - sanicus.de\",\"isPartOf\":{\"@id\":\"https:\\\/\\\/sanicus.de\\\/#website\"},\"primaryImageOfPage\":{\"@id\":\"https:\\\/\\\/sanicus.de\\\/produkt\\\/sd10-oberflaechendesinfektion-5-liter\\\/#primaryimage\"},\"image\":{\"@id\":\"https:\\\/\\\/sanicus.de\\\/produkt\\\/sd10-oberflaechendesinfektion-5-liter\\\/#primaryimage\"},\"thumbnailUrl\":\"https:\\\/\\\/sanicus.de\\\/wp-content\\\/uploads\\\/2023\\\/12\\\/8320050-SD10-Oberflaechendesinfektion-5-Liter.jpg\",\"datePublished\":\"2023-11-30T11:23:37+00:00\",\"dateModified\":\"2026-04-14T11:42:58+00:00\",\"description\":\"SD10 Oberfl\u00e4chendesinfektion 5 Liter - Alkoholfrei, gebrauchsfertig & wirksam. F\u00fcr Fl\u00e4chenhygiene in allen sensiblen Bereichen.\",\"breadcrumb\":{\"@id\":\"https:\\\/\\\/sanicus.de\\\/produkt\\\/sd10-oberflaechendesinfektion-5-liter\\\/#breadcrumb\"},\"inLanguage\":\"ro-RO\",\"potentialAction\":[{\"@type\":\"ReadAction\",\"target\":[\"https:\\\/\\\/sanicus.de\\\/produkt\\\/sd10-oberflaechendesinfektion-5-liter\\\/\"]}]},{\"@type\":\"ImageObject\",\"inLanguage\":\"ro-RO\",\"@id\":\"https:\\\/\\\/sanicus.de\\\/produkt\\\/sd10-oberflaechendesinfektion-5-liter\\\/#primaryimage\",\"url\":\"https:\\\/\\\/sanicus.de\\\/wp-content\\\/uploads\\\/2023\\\/12\\\/8320050-SD10-Oberflaechendesinfektion-5-Liter.jpg\",\"contentUrl\":\"https:\\\/\\\/sanicus.de\\\/wp-content\\\/uploads\\\/2023\\\/12\\\/8320050-SD10-Oberflaechendesinfektion-5-Liter.jpg\",\"width\":800,\"height\":800,\"caption\":\"8320050 - SD10 Oberfl\u00e4chendesinfektion 5 Liter\"},{\"@type\":\"BreadcrumbList\",\"@id\":\"https:\\\/\\\/sanicus.de\\\/produkt\\\/sd10-oberflaechendesinfektion-5-liter\\\/#breadcrumb\",\"itemListElement\":[{\"@type\":\"ListItem\",\"position\":1,\"name\":\"Startseite\",\"item\":\"https:\\\/\\\/sanicus.de\\\/\"},{\"@type\":\"ListItem\",\"position\":2,\"name\":\"Sanicus Store\",\"item\":\"https:\\\/\\\/sanicus.de\\\/sanicus-store\\\/\"},{\"@type\":\"ListItem\",\"position\":3,\"name\":\"SD10 Oberfl\u00e4chendesinfektion 5 Liter\"}]},{\"@type\":\"WebSite\",\"@id\":\"https:\\\/\\\/sanicus.de\\\/#website\",\"url\":\"https:\\\/\\\/sanicus.de\\\/\",\"name\":\"sanicus.de\",\"description\":\"Sanit\u00e4r - Ausstattung\",\"publisher\":{\"@id\":\"https:\\\/\\\/sanicus.de\\\/#organization\"},\"potentialAction\":[{\"@type\":\"SearchAction\",\"target\":{\"@type\":\"EntryPoint\",\"urlTemplate\":\"https:\\\/\\\/sanicus.de\\\/?s={search_term_string}\"},\"query-input\":{\"@type\":\"PropertyValueSpecification\",\"valueRequired\":true,\"valueName\":\"search_term_string\"}}],\"inLanguage\":\"ro-RO\"},{\"@type\":\"Organization\",\"@id\":\"https:\\\/\\\/sanicus.de\\\/#organization\",\"name\":\"Sanicus GmbH\",\"url\":\"https:\\\/\\\/sanicus.de\\\/\",\"logo\":{\"@type\":\"ImageObject\",\"inLanguage\":\"ro-RO\",\"@id\":\"https:\\\/\\\/sanicus.de\\\/#\\\/schema\\\/logo\\\/image\\\/\",\"url\":\"https:\\\/\\\/sanicus.de\\\/wp-content\\\/uploads\\\/2021\\\/11\\\/Sanicus-Logo-Grau-2021.png\",\"contentUrl\":\"https:\\\/\\\/sanicus.de\\\/wp-content\\\/uploads\\\/2021\\\/11\\\/Sanicus-Logo-Grau-2021.png\",\"width\":1382,\"height\":397,\"caption\":\"Sanicus GmbH\"},\"image\":{\"@id\":\"https:\\\/\\\/sanicus.de\\\/#\\\/schema\\\/logo\\\/image\\\/\"},\"sameAs\":[\"https:\\\/\\\/www.facebook.com\\\/Sanicus\\\/\"]}]}<\/script>\n<!-- \/ Yoast SEO Premium plugin. -->","yoast_head_json":{"title":"SD10 Oberfl\u00e4chendesinfektion 5 Liter - sanicus.de","description":"SD10 Oberfl\u00e4chendesinfektion 5 Liter - Alkoholfrei, gebrauchsfertig & wirksam. F\u00fcr Fl\u00e4chenhygiene in allen sensiblen Bereichen.","robots":{"index":"index","follow":"follow","max-snippet":"max-snippet:-1","max-image-preview":"max-image-preview:large","max-video-preview":"max-video-preview:-1"},"canonical":"https:\/\/sanicus.de\/ro\/produs\/sd10-oberflaechendesinfektion-5-liter\/","og_locale":"ro_RO","og_type":"article","og_title":"SD10 Oberfl\u00e4chendesinfektion 5 Liter","og_description":"SD10 Oberfl\u00e4chendesinfektion 5 Liter - Alkoholfrei, gebrauchsfertig & wirksam. F\u00fcr Fl\u00e4chenhygiene in allen sensiblen Bereichen.","og_url":"https:\/\/sanicus.de\/ro\/produs\/sd10-oberflaechendesinfektion-5-liter\/","og_site_name":"sanicus.de","article_publisher":"https:\/\/www.facebook.com\/Sanicus\/","article_modified_time":"2026-04-14T11:42:58+00:00","og_image":[{"width":800,"height":800,"url":"https:\/\/sanicus.de\/wp-content\/uploads\/2023\/12\/8320050-SD10-Oberflaechendesinfektion-5-Liter.jpg","type":"image\/jpeg"}],"twitter_card":"summary_large_image","twitter_misc":{"Timp estimat pentru citire":"1 minut"},"schema":{"@context":"https:\/\/schema.org","@graph":[{"@type":"WebPage","@id":"https:\/\/sanicus.de\/produkt\/sd10-oberflaechendesinfektion-5-liter\/","url":"https:\/\/sanicus.de\/produkt\/sd10-oberflaechendesinfektion-5-liter\/","name":"SD10 Oberfl\u00e4chendesinfektion 5 Liter - sanicus.de","isPartOf":{"@id":"https:\/\/sanicus.de\/#website"},"primaryImageOfPage":{"@id":"https:\/\/sanicus.de\/produkt\/sd10-oberflaechendesinfektion-5-liter\/#primaryimage"},"image":{"@id":"https:\/\/sanicus.de\/produkt\/sd10-oberflaechendesinfektion-5-liter\/#primaryimage"},"thumbnailUrl":"https:\/\/sanicus.de\/wp-content\/uploads\/2023\/12\/8320050-SD10-Oberflaechendesinfektion-5-Liter.jpg","datePublished":"2023-11-30T11:23:37+00:00","dateModified":"2026-04-14T11:42:58+00:00","description":"SD10 Oberfl\u00e4chendesinfektion 5 Liter - Alkoholfrei, gebrauchsfertig & wirksam. F\u00fcr Fl\u00e4chenhygiene in allen sensiblen Bereichen.","breadcrumb":{"@id":"https:\/\/sanicus.de\/produkt\/sd10-oberflaechendesinfektion-5-liter\/#breadcrumb"},"inLanguage":"ro-RO","potentialAction":[{"@type":"ReadAction","target":["https:\/\/sanicus.de\/produkt\/sd10-oberflaechendesinfektion-5-liter\/"]}]},{"@type":"ImageObject","inLanguage":"ro-RO","@id":"https:\/\/sanicus.de\/produkt\/sd10-oberflaechendesinfektion-5-liter\/#primaryimage","url":"https:\/\/sanicus.de\/wp-content\/uploads\/2023\/12\/8320050-SD10-Oberflaechendesinfektion-5-Liter.jpg","contentUrl":"https:\/\/sanicus.de\/wp-content\/uploads\/2023\/12\/8320050-SD10-Oberflaechendesinfektion-5-Liter.jpg","width":800,"height":800,"caption":"8320050 - SD10 Oberfl\u00e4chendesinfektion 5 Liter"},{"@type":"BreadcrumbList","@id":"https:\/\/sanicus.de\/produkt\/sd10-oberflaechendesinfektion-5-liter\/#breadcrumb","itemListElement":[{"@type":"ListItem","position":1,"name":"Startseite","item":"https:\/\/sanicus.de\/"},{"@type":"ListItem","position":2,"name":"Sanicus Store","item":"https:\/\/sanicus.de\/sanicus-store\/"},{"@type":"ListItem","position":3,"name":"SD10 Oberfl\u00e4chendesinfektion 5 Liter"}]},{"@type":"WebSite","@id":"https:\/\/sanicus.de\/#website","url":"https:\/\/sanicus.de\/","name":"sanicus.de","description":"Sanit\u00e4r - Ausstattung","publisher":{"@id":"https:\/\/sanicus.de\/#organization"},"potentialAction":[{"@type":"SearchAction","target":{"@type":"EntryPoint","urlTemplate":"https:\/\/sanicus.de\/?s={search_term_string}"},"query-input":{"@type":"PropertyValueSpecification","valueRequired":true,"valueName":"search_term_string"}}],"inLanguage":"ro-RO"},{"@type":"Organization","@id":"https:\/\/sanicus.de\/#organization","name":"Sanicus GmbH","url":"https:\/\/sanicus.de\/","logo":{"@type":"ImageObject","inLanguage":"ro-RO","@id":"https:\/\/sanicus.de\/#\/schema\/logo\/image\/","url":"https:\/\/sanicus.de\/wp-content\/uploads\/2021\/11\/Sanicus-Logo-Grau-2021.png","contentUrl":"https:\/\/sanicus.de\/wp-content\/uploads\/2021\/11\/Sanicus-Logo-Grau-2021.png","width":1382,"height":397,"caption":"Sanicus GmbH"},"image":{"@id":"https:\/\/sanicus.de\/#\/schema\/logo\/image\/"},"sameAs":["https:\/\/www.facebook.com\/Sanicus\/"]}]}},"_links":{"self":[{"href":"https:\/\/sanicus.de\/ro\/wp-json\/wp\/v2\/product\/30835","targetHints":{"allow":["GET"]}}],"collection":[{"href":"https:\/\/sanicus.de\/ro\/wp-json\/wp\/v2\/product"}],"about":[{"href":"https:\/\/sanicus.de\/ro\/wp-json\/wp\/v2\/types\/product"}],"version-history":[{"count":4,"href":"https:\/\/sanicus.de\/ro\/wp-json\/wp\/v2\/product\/30835\/revisions"}],"predecessor-version":[{"id":33026,"href":"https:\/\/sanicus.de\/ro\/wp-json\/wp\/v2\/product\/30835\/revisions\/33026"}],"wp:featuredmedia":[{"embeddable":true,"href":"https:\/\/sanicus.de\/ro\/wp-json\/wp\/v2\/media\/30980"}],"wp:attachment":[{"href":"https:\/\/sanicus.de\/ro\/wp-json\/wp\/v2\/media?parent=30835"}],"wp:term":[{"taxonomy":"product_brand","embeddable":true,"href":"https:\/\/sanicus.de\/ro\/wp-json\/wp\/v2\/product_brand?post=30835"},{"taxonomy":"product_cat","embeddable":true,"href":"https:\/\/sanicus.de\/ro\/wp-json\/wp\/v2\/product_cat?post=30835"},{"taxonomy":"product_tag","embeddable":true,"href":"https:\/\/sanicus.de\/ro\/wp-json\/wp\/v2\/product_tag?post=30835"}],"curies":[{"name":"wp","href":"https:\/\/api.w.org\/{rel}","templated":true}]}}