{"id":30841,"date":"2023-11-30T12:23:43","date_gmt":"2023-11-30T11:23:43","guid":{"rendered":"https:\/\/sanicus.de\/produkt\/sanicus-sanitaerreiniger-5-liter\/"},"modified":"2026-04-16T08:28:27","modified_gmt":"2026-04-16T06:28:27","slug":"sanicus-sanitaerreiniger-5-liter","status":"publish","type":"product","link":"https:\/\/sanicus.de\/ro\/produkt\/sanicus-sanitaerreiniger-5-liter\/","title":{"rendered":"Sanicus Sanit\u00e4rreiniger 5 Liter"},"content":{"rendered":"<h4>Sanicus Sanit\u00e4rreiniger 5 Liter \u2013 kraftvolle Hygiene f\u00fcr alle Sanit\u00e4rbereiche<\/h4>\n<p>Der <strong>Sanicus Sanit\u00e4rreiniger 5 Liter<\/strong> ist die ideale L\u00f6sung f\u00fcr Betreiber, die auf hygienische Sauberkeit und wirtschaftliche Anwendung setzen. Mit seiner leistungsstarken Formel entfernt er zuverl\u00e4ssig Kalkablagerungen, Urinstein, Seifenreste und Schmutz \u2013 auch in stark beanspruchten Sanit\u00e4rbereichen. Das macht ihn zur perfekten Wahl f\u00fcr \u00f6ffentliche Einrichtungen, Hotels, Gastronomiebetriebe, Sportanlagen oder Privathaushalte.<\/p>\n<p>Die pH-neutrale Rezeptur ist besonders materialschonend und eignet sich f\u00fcr Keramik, Edelstahl, verchromte Armaturen und andere empfindliche Oberfl\u00e4chen. So erzielen Sie hygienische Reinigungsergebnisse, ohne dass R\u00fcckst\u00e4nde oder Materialsch\u00e4den entstehen. Zus\u00e4tzlich hinterl\u00e4sst der Reiniger einen angenehmen, frischen Duft, der die gereinigten Bereiche noch einladender macht.<\/p>\n<p>Dank der 5-Liter-Gebindegr\u00f6\u00dfe ist der <strong>Sanicus Sanit\u00e4rreiniger<\/strong> sowohl f\u00fcr den t\u00e4glichen Einsatz als auch f\u00fcr Grundreinigungen geeignet. Das Produkt kann je nach Verschmutzungsgrad pur oder verd\u00fcnnt verwendet werden. So reinigen Sie Toiletten, Urinale, Waschbecken, Fliesen und andere Oberfl\u00e4chen besonders effektiv und wirtschaftlich.<\/p>\n<p>Die Anwendung ist unkompliziert: Den Reiniger direkt oder verd\u00fcnnt auf die zu reinigende Fl\u00e4che auftragen, kurz einwirken lassen und mit klarem Wasser absp\u00fclen. Hartn\u00e4ckige Verschmutzungen k\u00f6nnen bei Bedarf mit einem Schwamm oder einer B\u00fcrste behandelt werden. Durch seine ergiebige Zusammensetzung reduziert sich der Produktverbrauch sp\u00fcrbar, was Kosten spart und die Umwelt schont.<\/p>\n<p>Gerade in Bereichen mit hoher Frequenz wie Schulen, Fitnessstudios oder Einkaufszentren ist der <strong>Sanicus Sanit\u00e4rreiniger<\/strong>\u00a0eine zuverl\u00e4ssige Unterst\u00fctzung f\u00fcr ein dauerhaft sauberes und hygienisches Umfeld. Er eignet sich auch ideal als Vorratspackung f\u00fcr Hausmeisterdienste oder Reinigungsunternehmen.<\/p>\n<h5>Produktvorteile auf einen Blick<\/h5>\n<ul>\n<li><strong>Kraftvoll:<\/strong> entfernt Kalk, Schmutz und Urinstein effektiv<\/li>\n<li><strong>Materialschonend:<\/strong> pH-neutral f\u00fcr empfindliche Oberfl\u00e4chen geeignet<\/li>\n<li><strong>Ergiebig:<\/strong> hoher Wirkungsgrad bei sparsamem Verbrauch<\/li>\n<li><strong>Vielseitig:<\/strong> f\u00fcr Unterhalts- und Grundreinigung einsetzbar<\/li>\n<li><strong>Frischer Duft:<\/strong> sorgt f\u00fcr angenehme Sauberkeit nach der Anwendung<\/li>\n<\/ul>\n<p>Mit dem <strong>Sanicus Sanit\u00e4rreiniger<\/strong>\u00a0setzen Sie auf ein professionelles Reinigungsprodukt, das hygienische Sauberkeit, hohe Ergiebigkeit und einfaches Handling optimal vereint \u2013 ideal f\u00fcr alle Sanit\u00e4rbereiche.<\/p>","protected":false},"excerpt":{"rendered":"<p>Sanicus mikrobiologischer Sanit\u00e4rreiniger &amp; GeruchsentfernerKonzentrat. F\u00fcr wasserlose Urinale und den ganzen Sanit\u00e4rraum. Verd\u00fcnnung 1:50.<\/p>","protected":false},"featured_media":30978,"template":"","meta":{"site-sidebar-layout":"default","site-content-layout":"default","ast-site-content-layout":"default","site-content-style":"default","site-sidebar-style":"default","ast-global-header-display":"","ast-banner-title-visibility":"","ast-main-header-display":"","ast-hfb-above-header-display":"","ast-hfb-below-header-display":"","ast-hfb-mobile-header-display":"","site-post-title":"","ast-breadcrumbs-content":"","ast-featured-img":"","footer-sml-layout":"","ast-disable-related-posts":"","theme-transparent-header-meta":"default","adv-header-id-meta":"","stick-header-meta":"","header-above-stick-meta":"","header-main-stick-meta":"","header-below-stick-meta":"","astra-migrate-meta-layouts":"set","ast-page-background-enabled":"default","ast-page-background-meta":{"desktop":{"background-color":"","background-image":"","background-repeat":"repeat","background-position":"center center","background-size":"auto","background-attachment":"scroll","background-type":"","background-media":"","overlay-type":"","overlay-color":"","overlay-opacity":"","overlay-gradient":""},"tablet":{"background-color":"","background-image":"","background-repeat":"repeat","background-position":"center center","background-size":"auto","background-attachment":"scroll","background-type":"","background-media":"","overlay-type":"","overlay-color":"","overlay-opacity":"","overlay-gradient":""},"mobile":{"background-color":"","background-image":"","background-repeat":"repeat","background-position":"center center","background-size":"auto","background-attachment":"scroll","background-type":"","background-media":"","overlay-type":"","overlay-color":"","overlay-opacity":"","overlay-gradient":""}},"ast-content-background-meta":{"desktop":{"background-color":"var(--ast-global-color-5)","background-image":"","background-repeat":"repeat","background-position":"center center","background-size":"auto","background-attachment":"scroll","background-type":"","background-media":"","overlay-type":"","overlay-color":"","overlay-opacity":"","overlay-gradient":""},"tablet":{"background-color":"var(--ast-global-color-5)","background-image":"","background-repeat":"repeat","background-position":"center center","background-size":"auto","background-attachment":"scroll","background-type":"","background-media":"","overlay-type":"","overlay-color":"","overlay-opacity":"","overlay-gradient":""},"mobile":{"background-color":"var(--ast-global-color-5)","background-image":"","background-repeat":"repeat","background-position":"center center","background-size":"auto","background-attachment":"scroll","background-type":"","background-media":"","overlay-type":"","overlay-color":"","overlay-opacity":"","overlay-gradient":""}}},"product_brand":[],"product_cat":[158],"product_tag":[],"class_list":{"0":"post-30841","1":"product","2":"type-product","3":"status-publish","4":"has-post-thumbnail","6":"product_cat-sanitaerreiniger","7":"desktop-align-left","8":"tablet-align-left","9":"mobile-align-left","11":"first","12":"instock","13":"taxable","14":"shipping-taxable","15":"purchasable","16":"product-type-simple"},"yoast_head":"<!-- This site is optimized with the Yoast SEO Premium plugin v27.3 (Yoast SEO v27.4) - https:\/\/yoast.com\/product\/yoast-seo-premium-wordpress\/ -->\n<title>Sanicus Sanit\u00e4rreiniger 5 Liter - sanicus.de<\/title>\n<meta name=\"description\" content=\"Sanicus Sanit\u00e4rreiniger 5 Liter \u2013 stark gegen Kalk &amp; Schmutz. Materialschonend &amp; sparsam f\u00fcr hygienische Sauberkeit im Sanit\u00e4rbereich.\" \/>\n<meta name=\"robots\" content=\"index, follow, max-snippet:-1, max-image-preview:large, max-video-preview:-1\" \/>\n<link rel=\"canonical\" href=\"https:\/\/sanicus.de\/ro\/produs\/sanicus-sanitaerreiniger-5-liter\/\" \/>\n<meta property=\"og:locale\" content=\"ro_RO\" \/>\n<meta property=\"og:type\" content=\"article\" \/>\n<meta property=\"og:title\" content=\"Sanicus Sanit\u00e4rreiniger 5 Liter\" \/>\n<meta property=\"og:description\" content=\"Sanicus Sanit\u00e4rreiniger 5 Liter \u2013 stark gegen Kalk &amp; Schmutz. Materialschonend &amp; sparsam f\u00fcr hygienische Sauberkeit im Sanit\u00e4rbereich.\" \/>\n<meta property=\"og:url\" content=\"https:\/\/sanicus.de\/ro\/produs\/sanicus-sanitaerreiniger-5-liter\/\" \/>\n<meta property=\"og:site_name\" content=\"sanicus.de\" \/>\n<meta property=\"article:publisher\" content=\"https:\/\/www.facebook.com\/Sanicus\/\" \/>\n<meta property=\"article:modified_time\" content=\"2026-04-16T06:28:27+00:00\" \/>\n<meta property=\"og:image\" content=\"https:\/\/sanicus.de\/wp-content\/uploads\/2023\/12\/6603500-Sanicus-Sanitaerreiniger-5-Liter.jpg\" \/>\n\t<meta property=\"og:image:width\" content=\"800\" \/>\n\t<meta property=\"og:image:height\" content=\"800\" \/>\n\t<meta property=\"og:image:type\" content=\"image\/jpeg\" \/>\n<meta name=\"twitter:card\" content=\"summary_large_image\" \/>\n<meta name=\"twitter:label1\" content=\"Timp estimat pentru citire\" \/>\n\t<meta name=\"twitter:data1\" content=\"1 minut\" \/>\n<script type=\"application\/ld+json\" class=\"yoast-schema-graph\">{\"@context\":\"https:\\\/\\\/schema.org\",\"@graph\":[{\"@type\":\"WebPage\",\"@id\":\"https:\\\/\\\/sanicus.de\\\/produkt\\\/sanicus-sanitaerreiniger-5-liter\\\/\",\"url\":\"https:\\\/\\\/sanicus.de\\\/produkt\\\/sanicus-sanitaerreiniger-5-liter\\\/\",\"name\":\"Sanicus Sanit\u00e4rreiniger 5 Liter - sanicus.de\",\"isPartOf\":{\"@id\":\"https:\\\/\\\/sanicus.de\\\/#website\"},\"primaryImageOfPage\":{\"@id\":\"https:\\\/\\\/sanicus.de\\\/produkt\\\/sanicus-sanitaerreiniger-5-liter\\\/#primaryimage\"},\"image\":{\"@id\":\"https:\\\/\\\/sanicus.de\\\/produkt\\\/sanicus-sanitaerreiniger-5-liter\\\/#primaryimage\"},\"thumbnailUrl\":\"https:\\\/\\\/sanicus.de\\\/wp-content\\\/uploads\\\/2023\\\/12\\\/6603500-Sanicus-Sanitaerreiniger-5-Liter.jpg\",\"datePublished\":\"2023-11-30T11:23:43+00:00\",\"dateModified\":\"2026-04-16T06:28:27+00:00\",\"description\":\"Sanicus Sanit\u00e4rreiniger 5 Liter \u2013 stark gegen Kalk & Schmutz. Materialschonend & sparsam f\u00fcr hygienische Sauberkeit im Sanit\u00e4rbereich.\",\"breadcrumb\":{\"@id\":\"https:\\\/\\\/sanicus.de\\\/produkt\\\/sanicus-sanitaerreiniger-5-liter\\\/#breadcrumb\"},\"inLanguage\":\"ro-RO\",\"potentialAction\":[{\"@type\":\"ReadAction\",\"target\":[\"https:\\\/\\\/sanicus.de\\\/produkt\\\/sanicus-sanitaerreiniger-5-liter\\\/\"]}]},{\"@type\":\"ImageObject\",\"inLanguage\":\"ro-RO\",\"@id\":\"https:\\\/\\\/sanicus.de\\\/produkt\\\/sanicus-sanitaerreiniger-5-liter\\\/#primaryimage\",\"url\":\"https:\\\/\\\/sanicus.de\\\/wp-content\\\/uploads\\\/2023\\\/12\\\/6603500-Sanicus-Sanitaerreiniger-5-Liter.jpg\",\"contentUrl\":\"https:\\\/\\\/sanicus.de\\\/wp-content\\\/uploads\\\/2023\\\/12\\\/6603500-Sanicus-Sanitaerreiniger-5-Liter.jpg\",\"width\":800,\"height\":800,\"caption\":\"6603500 - Sanicus Sanit\u00e4rreiniger 5 Liter\"},{\"@type\":\"BreadcrumbList\",\"@id\":\"https:\\\/\\\/sanicus.de\\\/produkt\\\/sanicus-sanitaerreiniger-5-liter\\\/#breadcrumb\",\"itemListElement\":[{\"@type\":\"ListItem\",\"position\":1,\"name\":\"Startseite\",\"item\":\"https:\\\/\\\/sanicus.de\\\/\"},{\"@type\":\"ListItem\",\"position\":2,\"name\":\"Sanicus Store\",\"item\":\"https:\\\/\\\/sanicus.de\\\/sanicus-store\\\/\"},{\"@type\":\"ListItem\",\"position\":3,\"name\":\"Sanicus Sanit\u00e4rreiniger 5 Liter\"}]},{\"@type\":\"WebSite\",\"@id\":\"https:\\\/\\\/sanicus.de\\\/#website\",\"url\":\"https:\\\/\\\/sanicus.de\\\/\",\"name\":\"sanicus.de\",\"description\":\"Sanit\u00e4r - Ausstattung\",\"publisher\":{\"@id\":\"https:\\\/\\\/sanicus.de\\\/#organization\"},\"potentialAction\":[{\"@type\":\"SearchAction\",\"target\":{\"@type\":\"EntryPoint\",\"urlTemplate\":\"https:\\\/\\\/sanicus.de\\\/?s={search_term_string}\"},\"query-input\":{\"@type\":\"PropertyValueSpecification\",\"valueRequired\":true,\"valueName\":\"search_term_string\"}}],\"inLanguage\":\"ro-RO\"},{\"@type\":\"Organization\",\"@id\":\"https:\\\/\\\/sanicus.de\\\/#organization\",\"name\":\"Sanicus GmbH\",\"url\":\"https:\\\/\\\/sanicus.de\\\/\",\"logo\":{\"@type\":\"ImageObject\",\"inLanguage\":\"ro-RO\",\"@id\":\"https:\\\/\\\/sanicus.de\\\/#\\\/schema\\\/logo\\\/image\\\/\",\"url\":\"https:\\\/\\\/sanicus.de\\\/wp-content\\\/uploads\\\/2021\\\/11\\\/Sanicus-Logo-Grau-2021.png\",\"contentUrl\":\"https:\\\/\\\/sanicus.de\\\/wp-content\\\/uploads\\\/2021\\\/11\\\/Sanicus-Logo-Grau-2021.png\",\"width\":1382,\"height\":397,\"caption\":\"Sanicus GmbH\"},\"image\":{\"@id\":\"https:\\\/\\\/sanicus.de\\\/#\\\/schema\\\/logo\\\/image\\\/\"},\"sameAs\":[\"https:\\\/\\\/www.facebook.com\\\/Sanicus\\\/\"]}]}<\/script>\n<!-- \/ Yoast SEO Premium plugin. -->","yoast_head_json":{"title":"Sanicus Sanit\u00e4rreiniger 5 Liter - sanicus.de","description":"Sanicus Sanit\u00e4rreiniger 5 Liter \u2013 stark gegen Kalk & Schmutz. Materialschonend & sparsam f\u00fcr hygienische Sauberkeit im Sanit\u00e4rbereich.","robots":{"index":"index","follow":"follow","max-snippet":"max-snippet:-1","max-image-preview":"max-image-preview:large","max-video-preview":"max-video-preview:-1"},"canonical":"https:\/\/sanicus.de\/ro\/produs\/sanicus-sanitaerreiniger-5-liter\/","og_locale":"ro_RO","og_type":"article","og_title":"Sanicus Sanit\u00e4rreiniger 5 Liter","og_description":"Sanicus Sanit\u00e4rreiniger 5 Liter \u2013 stark gegen Kalk & Schmutz. Materialschonend & sparsam f\u00fcr hygienische Sauberkeit im Sanit\u00e4rbereich.","og_url":"https:\/\/sanicus.de\/ro\/produs\/sanicus-sanitaerreiniger-5-liter\/","og_site_name":"sanicus.de","article_publisher":"https:\/\/www.facebook.com\/Sanicus\/","article_modified_time":"2026-04-16T06:28:27+00:00","og_image":[{"width":800,"height":800,"url":"https:\/\/sanicus.de\/wp-content\/uploads\/2023\/12\/6603500-Sanicus-Sanitaerreiniger-5-Liter.jpg","type":"image\/jpeg"}],"twitter_card":"summary_large_image","twitter_misc":{"Timp estimat pentru citire":"1 minut"},"schema":{"@context":"https:\/\/schema.org","@graph":[{"@type":"WebPage","@id":"https:\/\/sanicus.de\/produkt\/sanicus-sanitaerreiniger-5-liter\/","url":"https:\/\/sanicus.de\/produkt\/sanicus-sanitaerreiniger-5-liter\/","name":"Sanicus Sanit\u00e4rreiniger 5 Liter - sanicus.de","isPartOf":{"@id":"https:\/\/sanicus.de\/#website"},"primaryImageOfPage":{"@id":"https:\/\/sanicus.de\/produkt\/sanicus-sanitaerreiniger-5-liter\/#primaryimage"},"image":{"@id":"https:\/\/sanicus.de\/produkt\/sanicus-sanitaerreiniger-5-liter\/#primaryimage"},"thumbnailUrl":"https:\/\/sanicus.de\/wp-content\/uploads\/2023\/12\/6603500-Sanicus-Sanitaerreiniger-5-Liter.jpg","datePublished":"2023-11-30T11:23:43+00:00","dateModified":"2026-04-16T06:28:27+00:00","description":"Sanicus Sanit\u00e4rreiniger 5 Liter \u2013 stark gegen Kalk & Schmutz. Materialschonend & sparsam f\u00fcr hygienische Sauberkeit im Sanit\u00e4rbereich.","breadcrumb":{"@id":"https:\/\/sanicus.de\/produkt\/sanicus-sanitaerreiniger-5-liter\/#breadcrumb"},"inLanguage":"ro-RO","potentialAction":[{"@type":"ReadAction","target":["https:\/\/sanicus.de\/produkt\/sanicus-sanitaerreiniger-5-liter\/"]}]},{"@type":"ImageObject","inLanguage":"ro-RO","@id":"https:\/\/sanicus.de\/produkt\/sanicus-sanitaerreiniger-5-liter\/#primaryimage","url":"https:\/\/sanicus.de\/wp-content\/uploads\/2023\/12\/6603500-Sanicus-Sanitaerreiniger-5-Liter.jpg","contentUrl":"https:\/\/sanicus.de\/wp-content\/uploads\/2023\/12\/6603500-Sanicus-Sanitaerreiniger-5-Liter.jpg","width":800,"height":800,"caption":"6603500 - Sanicus Sanit\u00e4rreiniger 5 Liter"},{"@type":"BreadcrumbList","@id":"https:\/\/sanicus.de\/produkt\/sanicus-sanitaerreiniger-5-liter\/#breadcrumb","itemListElement":[{"@type":"ListItem","position":1,"name":"Startseite","item":"https:\/\/sanicus.de\/"},{"@type":"ListItem","position":2,"name":"Sanicus Store","item":"https:\/\/sanicus.de\/sanicus-store\/"},{"@type":"ListItem","position":3,"name":"Sanicus Sanit\u00e4rreiniger 5 Liter"}]},{"@type":"WebSite","@id":"https:\/\/sanicus.de\/#website","url":"https:\/\/sanicus.de\/","name":"sanicus.de","description":"Sanit\u00e4r - Ausstattung","publisher":{"@id":"https:\/\/sanicus.de\/#organization"},"potentialAction":[{"@type":"SearchAction","target":{"@type":"EntryPoint","urlTemplate":"https:\/\/sanicus.de\/?s={search_term_string}"},"query-input":{"@type":"PropertyValueSpecification","valueRequired":true,"valueName":"search_term_string"}}],"inLanguage":"ro-RO"},{"@type":"Organization","@id":"https:\/\/sanicus.de\/#organization","name":"Sanicus GmbH","url":"https:\/\/sanicus.de\/","logo":{"@type":"ImageObject","inLanguage":"ro-RO","@id":"https:\/\/sanicus.de\/#\/schema\/logo\/image\/","url":"https:\/\/sanicus.de\/wp-content\/uploads\/2021\/11\/Sanicus-Logo-Grau-2021.png","contentUrl":"https:\/\/sanicus.de\/wp-content\/uploads\/2021\/11\/Sanicus-Logo-Grau-2021.png","width":1382,"height":397,"caption":"Sanicus GmbH"},"image":{"@id":"https:\/\/sanicus.de\/#\/schema\/logo\/image\/"},"sameAs":["https:\/\/www.facebook.com\/Sanicus\/"]}]}},"_links":{"self":[{"href":"https:\/\/sanicus.de\/ro\/wp-json\/wp\/v2\/product\/30841","targetHints":{"allow":["GET"]}}],"collection":[{"href":"https:\/\/sanicus.de\/ro\/wp-json\/wp\/v2\/product"}],"about":[{"href":"https:\/\/sanicus.de\/ro\/wp-json\/wp\/v2\/types\/product"}],"version-history":[{"count":5,"href":"https:\/\/sanicus.de\/ro\/wp-json\/wp\/v2\/product\/30841\/revisions"}],"predecessor-version":[{"id":33013,"href":"https:\/\/sanicus.de\/ro\/wp-json\/wp\/v2\/product\/30841\/revisions\/33013"}],"wp:featuredmedia":[{"embeddable":true,"href":"https:\/\/sanicus.de\/ro\/wp-json\/wp\/v2\/media\/30978"}],"wp:attachment":[{"href":"https:\/\/sanicus.de\/ro\/wp-json\/wp\/v2\/media?parent=30841"}],"wp:term":[{"taxonomy":"product_brand","embeddable":true,"href":"https:\/\/sanicus.de\/ro\/wp-json\/wp\/v2\/product_brand?post=30841"},{"taxonomy":"product_cat","embeddable":true,"href":"https:\/\/sanicus.de\/ro\/wp-json\/wp\/v2\/product_cat?post=30841"},{"taxonomy":"product_tag","embeddable":true,"href":"https:\/\/sanicus.de\/ro\/wp-json\/wp\/v2\/product_tag?post=30841"}],"curies":[{"name":"wp","href":"https:\/\/api.w.org\/{rel}","templated":true}]}}