{"id":30877,"date":"2023-11-30T14:25:47","date_gmt":"2023-11-30T13:25:47","guid":{"rendered":"https:\/\/sanicus.de\/produkt\/r1-1-haendetrockner-schwarz-sanicus-mit-zerosmell\/"},"modified":"2026-04-17T08:53:06","modified_gmt":"2026-04-17T06:53:06","slug":"r1-1-haendetrockner-schwarz-sanicus-mit-zerosmell","status":"publish","type":"product","link":"https:\/\/sanicus.de\/ro\/produkt\/r1-1-haendetrockner-schwarz-sanicus-mit-zerosmell\/","title":{"rendered":"R1.1 H\u00e4ndetrockner Schwarz Sanicus mit ZeroSmell"},"content":{"rendered":"<h4>R1.1 H\u00e4ndetrockner Schwarz mit ZeroSmell \u2013 leise, hygienisch und leistungsstark<\/h4>\n<p>Der <strong>R1.1 H\u00e4ndetrockner Schwarz Sanicus mit ZeroSmell<\/strong> ist die perfekte L\u00f6sung f\u00fcr alle, die in stark frequentierten Waschr\u00e4umen h\u00f6chsten Wert auf Hygiene, Effizienz und angenehme Raumatmosph\u00e4re legen. Das Modell kombiniert modernste Trocknungstechnik mit innovativer Geruchsneutralisierung und sorgt so f\u00fcr ein \u00fcberzeugendes Gesamtkonzept in \u00f6ffentlichen und gewerblichen Sanit\u00e4ranlagen.<\/p>\n<p>Der leistungsstarke b\u00fcrstenlose Motor erzeugt einen kr\u00e4ftigen Luftstrom, der H\u00e4nde innerhalb von etwa 10 Sekunden vollst\u00e4ndig trocknet. Durch die ber\u00fchrungslose Sensorsteuerung wird das Ger\u00e4t nur aktiviert, wenn es tats\u00e4chlich ben\u00f6tigt wird \u2013 das spart Energie und sorgt gleichzeitig f\u00fcr maximale Hygiene. Der niedrige Energieverbrauch bei hoher Leistung macht den R1.1 zu einer wirtschaftlichen Alternative zu Papierhandt\u00fcchern.<\/p>\n<p>Ein besonderes Highlight ist das <strong>ZeroSmell-System<\/strong>: Die integrierte Dufttablette neutralisiert unangenehme Ger\u00fcche direkt im Ger\u00e4t und verstr\u00f6mt dezent frische Noten. So bleibt der Waschraum nicht nur sauber, sondern auch dauerhaft geruchsfrei. Das System arbeitet wartungsarm und l\u00e4sst sich bei Bedarf einfach nachbest\u00fccken.<\/p>\n<p>Optional kann der H\u00e4ndetrockner mit einem HEPA H13 Filter ausgestattet werden, der bis zu 99,95% aller Partikel aus der Luft entfernt \u2013 inklusive Bakterien, Viren und Staub. Damit eignet sich das Ger\u00e4t auch f\u00fcr sensible Bereiche mit besonders hohen Hygieneanforderungen.<\/p>\n<p>Das robuste Geh\u00e4use in elegantem Schwarz ist aus langlebigem Kunststoff gefertigt, der auch bei intensiver Nutzung ansprechend bleibt. Eine Tropfwasserschale sorgt daf\u00fcr, dass kein Wasser auf den Boden gelangt \u2013 f\u00fcr zus\u00e4tzliche Sauberkeit und Sicherheit im Raum. Dank der durchdachten Bauweise l\u00e4sst sich das Ger\u00e4t leicht reinigen und warten.<\/p>\n<h5>Produktvorteile auf einen Blick<\/h5>\n<ul>\n<li><strong>Schnelle Trocknung:<\/strong> trocknet H\u00e4nde in ca. 10 Sekunden<\/li>\n<li><strong>ZeroSmell:<\/strong> integrierte Geruchsneutralisierung mit Dufttablette<\/li>\n<li><strong>Hygienisch:<\/strong> optionaler HEPA-Filter f\u00fcr reine Luft<\/li>\n<li><strong>Energieeffizient:<\/strong> niedriger Verbrauch bei hoher Leistung<\/li>\n<li><strong>Leise &amp; robust:<\/strong> langlebiger Motor und ansprechendes Design<\/li>\n<\/ul>\n<p>Mit dem <strong>R1.1 H\u00e4ndetrockner Schwarz Sanicus mit ZeroSmell<\/strong> entscheiden Sie sich f\u00fcr eine hochwertige L\u00f6sung, die Komfort, Effizienz und Hygiene in Ihren Waschr\u00e4umen optimal miteinander verbindet \u2013 innovativ, zuverl\u00e4ssig und einfach in der Handhabung.<\/p>","protected":false},"excerpt":{"rendered":"<p>700\/1000W, HEPA-Filter,b\u00fcrstenloser Motor, ber\u00fchrungsfreie Aktivierung, Wasserschale, ohne Stecker<\/p>","protected":false},"featured_media":31170,"template":"","meta":{"site-sidebar-layout":"default","site-content-layout":"default","ast-site-content-layout":"default","site-content-style":"default","site-sidebar-style":"default","ast-global-header-display":"","ast-banner-title-visibility":"","ast-main-header-display":"","ast-hfb-above-header-display":"","ast-hfb-below-header-display":"","ast-hfb-mobile-header-display":"","site-post-title":"","ast-breadcrumbs-content":"","ast-featured-img":"","footer-sml-layout":"","ast-disable-related-posts":"","theme-transparent-header-meta":"default","adv-header-id-meta":"","stick-header-meta":"","header-above-stick-meta":"","header-main-stick-meta":"","header-below-stick-meta":"","astra-migrate-meta-layouts":"set","ast-page-background-enabled":"default","ast-page-background-meta":{"desktop":{"background-color":"","background-image":"","background-repeat":"repeat","background-position":"center center","background-size":"auto","background-attachment":"scroll","background-type":"","background-media":"","overlay-type":"","overlay-color":"","overlay-opacity":"","overlay-gradient":""},"tablet":{"background-color":"","background-image":"","background-repeat":"repeat","background-position":"center center","background-size":"auto","background-attachment":"scroll","background-type":"","background-media":"","overlay-type":"","overlay-color":"","overlay-opacity":"","overlay-gradient":""},"mobile":{"background-color":"","background-image":"","background-repeat":"repeat","background-position":"center center","background-size":"auto","background-attachment":"scroll","background-type":"","background-media":"","overlay-type":"","overlay-color":"","overlay-opacity":"","overlay-gradient":""}},"ast-content-background-meta":{"desktop":{"background-color":"var(--ast-global-color-5)","background-image":"","background-repeat":"repeat","background-position":"center center","background-size":"auto","background-attachment":"scroll","background-type":"","background-media":"","overlay-type":"","overlay-color":"","overlay-opacity":"","overlay-gradient":""},"tablet":{"background-color":"var(--ast-global-color-5)","background-image":"","background-repeat":"repeat","background-position":"center center","background-size":"auto","background-attachment":"scroll","background-type":"","background-media":"","overlay-type":"","overlay-color":"","overlay-opacity":"","overlay-gradient":""},"mobile":{"background-color":"var(--ast-global-color-5)","background-image":"","background-repeat":"repeat","background-position":"center center","background-size":"auto","background-attachment":"scroll","background-type":"","background-media":"","overlay-type":"","overlay-color":"","overlay-opacity":"","overlay-gradient":""}}},"product_brand":[],"product_cat":[154],"product_tag":[],"class_list":{"0":"post-30877","1":"product","2":"type-product","3":"status-publish","4":"has-post-thumbnail","6":"product_cat-r1-1-haendetrockner","7":"desktop-align-left","8":"tablet-align-left","9":"mobile-align-left","11":"first","12":"instock","13":"taxable","14":"shipping-taxable","15":"purchasable","16":"product-type-simple"},"yoast_head":"<!-- This site is optimized with the Yoast SEO Premium plugin v27.3 (Yoast SEO v27.4) - https:\/\/yoast.com\/product\/yoast-seo-premium-wordpress\/ -->\n<title>R1.1 H\u00e4ndetrockner Schwarz Sanicus mit ZeroSmell - sanicus.de<\/title>\n<meta name=\"description\" content=\"R1.1 H\u00e4ndetrockner Schwarz mit ZeroSmell, b\u00fcrstenloser Motor, ber\u00fchrungsfreie Aktivierung, Wasserschale f\u00fcr 999,00\u20ac exkl. 19 % MwSt. zzgl. Versandkosten\" \/>\n<meta name=\"robots\" content=\"index, follow, max-snippet:-1, max-image-preview:large, max-video-preview:-1\" \/>\n<link rel=\"canonical\" href=\"https:\/\/sanicus.de\/ro\/produs\/r1-1-haendetrockner-schwarz-sanicus-mit-zerosmell\/\" \/>\n<meta property=\"og:locale\" content=\"ro_RO\" \/>\n<meta property=\"og:type\" content=\"article\" \/>\n<meta property=\"og:title\" content=\"R1.1 H\u00e4ndetrockner Schwarz Sanicus mit ZeroSmell\" \/>\n<meta property=\"og:description\" content=\"R1.1 H\u00e4ndetrockner Schwarz mit ZeroSmell, b\u00fcrstenloser Motor, ber\u00fchrungsfreie Aktivierung, Wasserschale f\u00fcr 999,00\u20ac exkl. 19 % MwSt. zzgl. Versandkosten\" \/>\n<meta property=\"og:url\" content=\"https:\/\/sanicus.de\/ro\/produs\/r1-1-haendetrockner-schwarz-sanicus-mit-zerosmell\/\" \/>\n<meta property=\"og:site_name\" content=\"sanicus.de\" \/>\n<meta property=\"article:publisher\" content=\"https:\/\/www.facebook.com\/Sanicus\/\" \/>\n<meta property=\"article:modified_time\" content=\"2026-04-17T06:53:06+00:00\" \/>\n<meta property=\"og:image\" content=\"https:\/\/sanicus.de\/wp-content\/uploads\/2023\/12\/5115606-R1.1-Haendetrockner-Schwarz-Sanicus-mit-ZeroSmell.png\" \/>\n\t<meta property=\"og:image:width\" content=\"800\" \/>\n\t<meta property=\"og:image:height\" content=\"800\" \/>\n\t<meta property=\"og:image:type\" content=\"image\/png\" \/>\n<meta name=\"twitter:card\" content=\"summary_large_image\" \/>\n<meta name=\"twitter:label1\" content=\"Timp estimat pentru citire\" \/>\n\t<meta name=\"twitter:data1\" content=\"1 minut\" \/>\n<script type=\"application\/ld+json\" class=\"yoast-schema-graph\">{\"@context\":\"https:\\\/\\\/schema.org\",\"@graph\":[{\"@type\":\"WebPage\",\"@id\":\"https:\\\/\\\/sanicus.de\\\/produkt\\\/r1-1-haendetrockner-schwarz-sanicus-mit-zerosmell\\\/\",\"url\":\"https:\\\/\\\/sanicus.de\\\/produkt\\\/r1-1-haendetrockner-schwarz-sanicus-mit-zerosmell\\\/\",\"name\":\"R1.1 H\u00e4ndetrockner Schwarz Sanicus mit ZeroSmell - sanicus.de\",\"isPartOf\":{\"@id\":\"https:\\\/\\\/sanicus.de\\\/#website\"},\"primaryImageOfPage\":{\"@id\":\"https:\\\/\\\/sanicus.de\\\/produkt\\\/r1-1-haendetrockner-schwarz-sanicus-mit-zerosmell\\\/#primaryimage\"},\"image\":{\"@id\":\"https:\\\/\\\/sanicus.de\\\/produkt\\\/r1-1-haendetrockner-schwarz-sanicus-mit-zerosmell\\\/#primaryimage\"},\"thumbnailUrl\":\"https:\\\/\\\/sanicus.de\\\/wp-content\\\/uploads\\\/2023\\\/12\\\/5115606-R1.1-Haendetrockner-Schwarz-Sanicus-mit-ZeroSmell.png\",\"datePublished\":\"2023-11-30T13:25:47+00:00\",\"dateModified\":\"2026-04-17T06:53:06+00:00\",\"description\":\"R1.1 H\u00e4ndetrockner Schwarz mit ZeroSmell, b\u00fcrstenloser Motor, ber\u00fchrungsfreie Aktivierung, Wasserschale f\u00fcr 999,00\u20ac exkl. 19 % MwSt. zzgl. Versandkosten\",\"breadcrumb\":{\"@id\":\"https:\\\/\\\/sanicus.de\\\/produkt\\\/r1-1-haendetrockner-schwarz-sanicus-mit-zerosmell\\\/#breadcrumb\"},\"inLanguage\":\"ro-RO\",\"potentialAction\":[{\"@type\":\"ReadAction\",\"target\":[\"https:\\\/\\\/sanicus.de\\\/produkt\\\/r1-1-haendetrockner-schwarz-sanicus-mit-zerosmell\\\/\"]}]},{\"@type\":\"ImageObject\",\"inLanguage\":\"ro-RO\",\"@id\":\"https:\\\/\\\/sanicus.de\\\/produkt\\\/r1-1-haendetrockner-schwarz-sanicus-mit-zerosmell\\\/#primaryimage\",\"url\":\"https:\\\/\\\/sanicus.de\\\/wp-content\\\/uploads\\\/2023\\\/12\\\/5115606-R1.1-Haendetrockner-Schwarz-Sanicus-mit-ZeroSmell.png\",\"contentUrl\":\"https:\\\/\\\/sanicus.de\\\/wp-content\\\/uploads\\\/2023\\\/12\\\/5115606-R1.1-Haendetrockner-Schwarz-Sanicus-mit-ZeroSmell.png\",\"width\":800,\"height\":800,\"caption\":\"5115606 - R1.1 H\u00e4ndetrockner Schwarz Sanicus mit ZeroSmell\"},{\"@type\":\"BreadcrumbList\",\"@id\":\"https:\\\/\\\/sanicus.de\\\/produkt\\\/r1-1-haendetrockner-schwarz-sanicus-mit-zerosmell\\\/#breadcrumb\",\"itemListElement\":[{\"@type\":\"ListItem\",\"position\":1,\"name\":\"Startseite\",\"item\":\"https:\\\/\\\/sanicus.de\\\/\"},{\"@type\":\"ListItem\",\"position\":2,\"name\":\"Sanicus Store\",\"item\":\"https:\\\/\\\/sanicus.de\\\/sanicus-store\\\/\"},{\"@type\":\"ListItem\",\"position\":3,\"name\":\"R1.1 H\u00e4ndetrockner Schwarz Sanicus mit ZeroSmell\"}]},{\"@type\":\"WebSite\",\"@id\":\"https:\\\/\\\/sanicus.de\\\/#website\",\"url\":\"https:\\\/\\\/sanicus.de\\\/\",\"name\":\"sanicus.de\",\"description\":\"Sanit\u00e4r - Ausstattung\",\"publisher\":{\"@id\":\"https:\\\/\\\/sanicus.de\\\/#organization\"},\"potentialAction\":[{\"@type\":\"SearchAction\",\"target\":{\"@type\":\"EntryPoint\",\"urlTemplate\":\"https:\\\/\\\/sanicus.de\\\/?s={search_term_string}\"},\"query-input\":{\"@type\":\"PropertyValueSpecification\",\"valueRequired\":true,\"valueName\":\"search_term_string\"}}],\"inLanguage\":\"ro-RO\"},{\"@type\":\"Organization\",\"@id\":\"https:\\\/\\\/sanicus.de\\\/#organization\",\"name\":\"Sanicus GmbH\",\"url\":\"https:\\\/\\\/sanicus.de\\\/\",\"logo\":{\"@type\":\"ImageObject\",\"inLanguage\":\"ro-RO\",\"@id\":\"https:\\\/\\\/sanicus.de\\\/#\\\/schema\\\/logo\\\/image\\\/\",\"url\":\"https:\\\/\\\/sanicus.de\\\/wp-content\\\/uploads\\\/2021\\\/11\\\/Sanicus-Logo-Grau-2021.png\",\"contentUrl\":\"https:\\\/\\\/sanicus.de\\\/wp-content\\\/uploads\\\/2021\\\/11\\\/Sanicus-Logo-Grau-2021.png\",\"width\":1382,\"height\":397,\"caption\":\"Sanicus GmbH\"},\"image\":{\"@id\":\"https:\\\/\\\/sanicus.de\\\/#\\\/schema\\\/logo\\\/image\\\/\"},\"sameAs\":[\"https:\\\/\\\/www.facebook.com\\\/Sanicus\\\/\"]}]}<\/script>\n<!-- \/ Yoast SEO Premium plugin. -->","yoast_head_json":{"title":"R1.1 H\u00e4ndetrockner Schwarz Sanicus mit ZeroSmell - sanicus.de","description":"R1.1 H\u00e4ndetrockner Schwarz mit ZeroSmell, b\u00fcrstenloser Motor, ber\u00fchrungsfreie Aktivierung, Wasserschale f\u00fcr 999,00\u20ac exkl. 19 % MwSt. zzgl. Versandkosten","robots":{"index":"index","follow":"follow","max-snippet":"max-snippet:-1","max-image-preview":"max-image-preview:large","max-video-preview":"max-video-preview:-1"},"canonical":"https:\/\/sanicus.de\/ro\/produs\/r1-1-haendetrockner-schwarz-sanicus-mit-zerosmell\/","og_locale":"ro_RO","og_type":"article","og_title":"R1.1 H\u00e4ndetrockner Schwarz Sanicus mit ZeroSmell","og_description":"R1.1 H\u00e4ndetrockner Schwarz mit ZeroSmell, b\u00fcrstenloser Motor, ber\u00fchrungsfreie Aktivierung, Wasserschale f\u00fcr 999,00\u20ac exkl. 19 % MwSt. zzgl. Versandkosten","og_url":"https:\/\/sanicus.de\/ro\/produs\/r1-1-haendetrockner-schwarz-sanicus-mit-zerosmell\/","og_site_name":"sanicus.de","article_publisher":"https:\/\/www.facebook.com\/Sanicus\/","article_modified_time":"2026-04-17T06:53:06+00:00","og_image":[{"width":800,"height":800,"url":"https:\/\/sanicus.de\/wp-content\/uploads\/2023\/12\/5115606-R1.1-Haendetrockner-Schwarz-Sanicus-mit-ZeroSmell.png","type":"image\/png"}],"twitter_card":"summary_large_image","twitter_misc":{"Timp estimat pentru citire":"1 minut"},"schema":{"@context":"https:\/\/schema.org","@graph":[{"@type":"WebPage","@id":"https:\/\/sanicus.de\/produkt\/r1-1-haendetrockner-schwarz-sanicus-mit-zerosmell\/","url":"https:\/\/sanicus.de\/produkt\/r1-1-haendetrockner-schwarz-sanicus-mit-zerosmell\/","name":"R1.1 H\u00e4ndetrockner Schwarz Sanicus mit ZeroSmell - sanicus.de","isPartOf":{"@id":"https:\/\/sanicus.de\/#website"},"primaryImageOfPage":{"@id":"https:\/\/sanicus.de\/produkt\/r1-1-haendetrockner-schwarz-sanicus-mit-zerosmell\/#primaryimage"},"image":{"@id":"https:\/\/sanicus.de\/produkt\/r1-1-haendetrockner-schwarz-sanicus-mit-zerosmell\/#primaryimage"},"thumbnailUrl":"https:\/\/sanicus.de\/wp-content\/uploads\/2023\/12\/5115606-R1.1-Haendetrockner-Schwarz-Sanicus-mit-ZeroSmell.png","datePublished":"2023-11-30T13:25:47+00:00","dateModified":"2026-04-17T06:53:06+00:00","description":"R1.1 H\u00e4ndetrockner Schwarz mit ZeroSmell, b\u00fcrstenloser Motor, ber\u00fchrungsfreie Aktivierung, Wasserschale f\u00fcr 999,00\u20ac exkl. 19 % MwSt. zzgl. Versandkosten","breadcrumb":{"@id":"https:\/\/sanicus.de\/produkt\/r1-1-haendetrockner-schwarz-sanicus-mit-zerosmell\/#breadcrumb"},"inLanguage":"ro-RO","potentialAction":[{"@type":"ReadAction","target":["https:\/\/sanicus.de\/produkt\/r1-1-haendetrockner-schwarz-sanicus-mit-zerosmell\/"]}]},{"@type":"ImageObject","inLanguage":"ro-RO","@id":"https:\/\/sanicus.de\/produkt\/r1-1-haendetrockner-schwarz-sanicus-mit-zerosmell\/#primaryimage","url":"https:\/\/sanicus.de\/wp-content\/uploads\/2023\/12\/5115606-R1.1-Haendetrockner-Schwarz-Sanicus-mit-ZeroSmell.png","contentUrl":"https:\/\/sanicus.de\/wp-content\/uploads\/2023\/12\/5115606-R1.1-Haendetrockner-Schwarz-Sanicus-mit-ZeroSmell.png","width":800,"height":800,"caption":"5115606 - R1.1 H\u00e4ndetrockner Schwarz Sanicus mit ZeroSmell"},{"@type":"BreadcrumbList","@id":"https:\/\/sanicus.de\/produkt\/r1-1-haendetrockner-schwarz-sanicus-mit-zerosmell\/#breadcrumb","itemListElement":[{"@type":"ListItem","position":1,"name":"Startseite","item":"https:\/\/sanicus.de\/"},{"@type":"ListItem","position":2,"name":"Sanicus Store","item":"https:\/\/sanicus.de\/sanicus-store\/"},{"@type":"ListItem","position":3,"name":"R1.1 H\u00e4ndetrockner Schwarz Sanicus mit ZeroSmell"}]},{"@type":"WebSite","@id":"https:\/\/sanicus.de\/#website","url":"https:\/\/sanicus.de\/","name":"sanicus.de","description":"Sanit\u00e4r - Ausstattung","publisher":{"@id":"https:\/\/sanicus.de\/#organization"},"potentialAction":[{"@type":"SearchAction","target":{"@type":"EntryPoint","urlTemplate":"https:\/\/sanicus.de\/?s={search_term_string}"},"query-input":{"@type":"PropertyValueSpecification","valueRequired":true,"valueName":"search_term_string"}}],"inLanguage":"ro-RO"},{"@type":"Organization","@id":"https:\/\/sanicus.de\/#organization","name":"Sanicus GmbH","url":"https:\/\/sanicus.de\/","logo":{"@type":"ImageObject","inLanguage":"ro-RO","@id":"https:\/\/sanicus.de\/#\/schema\/logo\/image\/","url":"https:\/\/sanicus.de\/wp-content\/uploads\/2021\/11\/Sanicus-Logo-Grau-2021.png","contentUrl":"https:\/\/sanicus.de\/wp-content\/uploads\/2021\/11\/Sanicus-Logo-Grau-2021.png","width":1382,"height":397,"caption":"Sanicus GmbH"},"image":{"@id":"https:\/\/sanicus.de\/#\/schema\/logo\/image\/"},"sameAs":["https:\/\/www.facebook.com\/Sanicus\/"]}]}},"_links":{"self":[{"href":"https:\/\/sanicus.de\/ro\/wp-json\/wp\/v2\/product\/30877","targetHints":{"allow":["GET"]}}],"collection":[{"href":"https:\/\/sanicus.de\/ro\/wp-json\/wp\/v2\/product"}],"about":[{"href":"https:\/\/sanicus.de\/ro\/wp-json\/wp\/v2\/types\/product"}],"version-history":[{"count":4,"href":"https:\/\/sanicus.de\/ro\/wp-json\/wp\/v2\/product\/30877\/revisions"}],"predecessor-version":[{"id":32968,"href":"https:\/\/sanicus.de\/ro\/wp-json\/wp\/v2\/product\/30877\/revisions\/32968"}],"wp:featuredmedia":[{"embeddable":true,"href":"https:\/\/sanicus.de\/ro\/wp-json\/wp\/v2\/media\/31170"}],"wp:attachment":[{"href":"https:\/\/sanicus.de\/ro\/wp-json\/wp\/v2\/media?parent=30877"}],"wp:term":[{"taxonomy":"product_brand","embeddable":true,"href":"https:\/\/sanicus.de\/ro\/wp-json\/wp\/v2\/product_brand?post=30877"},{"taxonomy":"product_cat","embeddable":true,"href":"https:\/\/sanicus.de\/ro\/wp-json\/wp\/v2\/product_cat?post=30877"},{"taxonomy":"product_tag","embeddable":true,"href":"https:\/\/sanicus.de\/ro\/wp-json\/wp\/v2\/product_tag?post=30877"}],"curies":[{"name":"wp","href":"https:\/\/api.w.org\/{rel}","templated":true}]}}