{"id":30879,"date":"2023-11-30T14:25:49","date_gmt":"2023-11-30T13:25:49","guid":{"rendered":"https:\/\/sanicus.de\/produkt\/f5-warme-vanille-6er-box\/"},"modified":"2026-04-13T16:00:18","modified_gmt":"2026-04-13T14:00:18","slug":"f5-warme-vanille-6er-box","status":"publish","type":"product","link":"https:\/\/sanicus.de\/ro\/produkt\/f5-warme-vanille-6er-box\/","title":{"rendered":"F5 warme Vanille 6er Box"},"content":{"rendered":"<h4>F5 Warme Vanille 6er Box \u2013 Duftkartuschen f\u00fcr ein wohliges Raumklima<\/h4>\n<p>Die <strong>F5 Warme Vanille 6er Box<\/strong> bietet Ihnen eine hochwertige Nachf\u00fclll\u00f6sung f\u00fcr alle Sanicus F5 Duftspender. Das praktische Vorratspack enth\u00e4lt sechs Kartuschen mit der sanften Duftnote Warme Vanille, die Ihren R\u00e4umen eine behagliche, einladende Atmosph\u00e4re verleiht. Ideal f\u00fcr Eingangsbereiche, Sanit\u00e4ranlagen, Hotellobbys, Wartezonen oder Gastronomiebereiche, in denen Sie Wert auf ein angenehmes Raumklima legen.<\/p>\n<p>Die Duftnote Warme Vanille kombiniert dezente S\u00fc\u00dfe mit einer warmen, leicht pudrigen Nuance, die sofort ein Gef\u00fchl von Behaglichkeit vermittelt. Sie \u00fcberlagert unerw\u00fcnschte Ger\u00fcche zuverl\u00e4ssig und sorgt dauerhaft f\u00fcr ein gepflegtes, harmonisches Ambiente. Dank der kontinuierlichen Wirkstoffabgabe bleibt der Duft \u00fcber mehrere Wochen gleichm\u00e4\u00dfig pr\u00e4sent \u2013 ohne aufdringlich zu wirken.<\/p>\n<p>Jede Kartusche ist hygienisch luftdicht verschlossen und bis zur Verwendung gesch\u00fctzt. Nach dem Einsetzen in den Spender entfaltet sich die Duftwirkung innerhalb kurzer Zeit und verteilt sich gleichm\u00e4\u00dfig im Raum. Der Kartuschenwechsel erfolgt in wenigen Sekunden: Leere Kartusche entnehmen, neue einsetzen \u2013 fertig. Werkzeuge oder aufwendige Vorbereitungen sind nicht erforderlich.<\/p>\n<p>Mit dem 6er Vorratspack sichern Sie sich eine langfristige Versorgung und reduzieren gleichzeitig Ihren organisatorischen Aufwand. Besonders in stark frequentierten Bereichen oder bei mehreren Ger\u00e4ten ist die Bevorratung sinnvoll, um jederzeit ausreichend Nachf\u00fcllungen verf\u00fcgbar zu haben. Zudem profitieren Sie gegen\u00fcber dem Einzelkauf von einem attraktiven Preis-Leistungs-Verh\u00e4ltnis.<\/p>\n<p>Die F5 Duftkartuschen sind optimal auf alle Sanicus F5 Spender abgestimmt. Das sorgt f\u00fcr ein gleichm\u00e4\u00dfiges Spr\u00fchbild und eine effiziente Duftverteilung im Raum. So erzielen Sie immer ein \u00fcberzeugendes Ergebnis, das Ihre R\u00e4umlichkeiten aufwertet und den hohen Anspruch an Hygiene unterstreicht.<\/p>\n<h5>Produktvorteile auf einen Blick<\/h5>\n<ul>\n<li><strong>Sanfter Duft:<\/strong> Warme Vanille sorgt f\u00fcr ein behagliches Raumklima<\/li>\n<li><strong>6er Vorratspack:<\/strong> ideal f\u00fcr l\u00e4ngeren Einsatz oder mehrere Ger\u00e4te<\/li>\n<li><strong>Hygienisch verpackt:<\/strong> luftdicht bis zur Anwendung<\/li>\n<li><strong>Einfache Handhabung:<\/strong> schneller Kartuschenwechsel ohne Werkzeug<\/li>\n<li><strong>Kompatibel:<\/strong> passend f\u00fcr alle Sanicus F5 Duftspender<\/li>\n<\/ul>\n<p>Mit der <strong>F5 Warme Vanille 6er Box<\/strong> entscheiden Sie sich f\u00fcr eine professionelle L\u00f6sung, die Ihren R\u00e4umen eine warme, einladende Atmosph\u00e4re verleiht \u2013 hygienisch, effizient und zuverl\u00e4ssig.<\/p>","protected":false},"excerpt":{"rendered":"<p>Die s\u00fc\u00dfe und k\u00f6stliche Mischung aus Vanillebohne, Vanilleorchidee, warmem Moschus und Sandelholz sorgt f\u00fcr einen beruhigenden und nostalgischen Duft.<\/p>","protected":false},"featured_media":31151,"template":"","meta":{"site-sidebar-layout":"default","site-content-layout":"default","ast-site-content-layout":"default","site-content-style":"default","site-sidebar-style":"default","ast-global-header-display":"","ast-banner-title-visibility":"","ast-main-header-display":"","ast-hfb-above-header-display":"","ast-hfb-below-header-display":"","ast-hfb-mobile-header-display":"","site-post-title":"","ast-breadcrumbs-content":"","ast-featured-img":"","footer-sml-layout":"","ast-disable-related-posts":"","theme-transparent-header-meta":"default","adv-header-id-meta":"","stick-header-meta":"","header-above-stick-meta":"","header-main-stick-meta":"","header-below-stick-meta":"","astra-migrate-meta-layouts":"set","ast-page-background-enabled":"default","ast-page-background-meta":{"desktop":{"background-color":"","background-image":"","background-repeat":"repeat","background-position":"center center","background-size":"auto","background-attachment":"scroll","background-type":"","background-media":"","overlay-type":"","overlay-color":"","overlay-opacity":"","overlay-gradient":""},"tablet":{"background-color":"","background-image":"","background-repeat":"repeat","background-position":"center center","background-size":"auto","background-attachment":"scroll","background-type":"","background-media":"","overlay-type":"","overlay-color":"","overlay-opacity":"","overlay-gradient":""},"mobile":{"background-color":"","background-image":"","background-repeat":"repeat","background-position":"center center","background-size":"auto","background-attachment":"scroll","background-type":"","background-media":"","overlay-type":"","overlay-color":"","overlay-opacity":"","overlay-gradient":""}},"ast-content-background-meta":{"desktop":{"background-color":"var(--ast-global-color-5)","background-image":"","background-repeat":"repeat","background-position":"center center","background-size":"auto","background-attachment":"scroll","background-type":"","background-media":"","overlay-type":"","overlay-color":"","overlay-opacity":"","overlay-gradient":""},"tablet":{"background-color":"var(--ast-global-color-5)","background-image":"","background-repeat":"repeat","background-position":"center center","background-size":"auto","background-attachment":"scroll","background-type":"","background-media":"","overlay-type":"","overlay-color":"","overlay-opacity":"","overlay-gradient":""},"mobile":{"background-color":"var(--ast-global-color-5)","background-image":"","background-repeat":"repeat","background-position":"center center","background-size":"auto","background-attachment":"scroll","background-type":"","background-media":"","overlay-type":"","overlay-color":"","overlay-opacity":"","overlay-gradient":""}}},"product_brand":[],"product_cat":[163],"product_tag":[],"class_list":{"0":"post-30879","1":"product","2":"type-product","3":"status-publish","4":"has-post-thumbnail","6":"product_cat-f5-duefte-und-spender","7":"desktop-align-left","8":"tablet-align-left","9":"mobile-align-left","11":"first","12":"instock","13":"taxable","14":"shipping-taxable","15":"purchasable","16":"product-type-simple"},"yoast_head":"<!-- This site is optimized with the Yoast SEO Premium plugin v27.3 (Yoast SEO v27.4) - https:\/\/yoast.com\/product\/yoast-seo-premium-wordpress\/ -->\n<title>F5 warme Vanille 6er Box - sanicus.de<\/title>\n<meta name=\"description\" content=\"F5 Warme Vanille 6er Box \u2013 Duftkartuschen f\u00fcr Sanicus F5 Spender. Sanft, hygienisch &amp; effizient im praktischen Vorratspack.\" \/>\n<meta name=\"robots\" content=\"index, follow, max-snippet:-1, max-image-preview:large, max-video-preview:-1\" \/>\n<link rel=\"canonical\" href=\"https:\/\/sanicus.de\/ro\/produs\/f5-warme-vanille-6er-box\/\" \/>\n<meta property=\"og:locale\" content=\"ro_RO\" \/>\n<meta property=\"og:type\" content=\"article\" \/>\n<meta property=\"og:title\" content=\"F5 warme Vanille 6er Box\" \/>\n<meta property=\"og:description\" content=\"F5 Warme Vanille 6er Box \u2013 Duftkartuschen f\u00fcr Sanicus F5 Spender. Sanft, hygienisch &amp; effizient im praktischen Vorratspack.\" \/>\n<meta property=\"og:url\" content=\"https:\/\/sanicus.de\/ro\/produs\/f5-warme-vanille-6er-box\/\" \/>\n<meta property=\"og:site_name\" content=\"sanicus.de\" \/>\n<meta property=\"article:publisher\" content=\"https:\/\/www.facebook.com\/Sanicus\/\" \/>\n<meta property=\"article:modified_time\" content=\"2026-04-13T14:00:18+00:00\" \/>\n<meta property=\"og:image\" content=\"https:\/\/sanicus.de\/wp-content\/uploads\/2023\/12\/F5-F6-Vanille.jpg\" \/>\n\t<meta property=\"og:image:width\" content=\"800\" \/>\n\t<meta property=\"og:image:height\" content=\"800\" \/>\n\t<meta property=\"og:image:type\" content=\"image\/jpeg\" \/>\n<meta name=\"twitter:card\" content=\"summary_large_image\" \/>\n<meta name=\"twitter:label1\" content=\"Timp estimat pentru citire\" \/>\n\t<meta name=\"twitter:data1\" content=\"2 minute\" \/>\n<script type=\"application\/ld+json\" class=\"yoast-schema-graph\">{\"@context\":\"https:\\\/\\\/schema.org\",\"@graph\":[{\"@type\":\"WebPage\",\"@id\":\"https:\\\/\\\/sanicus.de\\\/produkt\\\/f5-warme-vanille-6er-box\\\/\",\"url\":\"https:\\\/\\\/sanicus.de\\\/produkt\\\/f5-warme-vanille-6er-box\\\/\",\"name\":\"F5 warme Vanille 6er Box - sanicus.de\",\"isPartOf\":{\"@id\":\"https:\\\/\\\/sanicus.de\\\/#website\"},\"primaryImageOfPage\":{\"@id\":\"https:\\\/\\\/sanicus.de\\\/produkt\\\/f5-warme-vanille-6er-box\\\/#primaryimage\"},\"image\":{\"@id\":\"https:\\\/\\\/sanicus.de\\\/produkt\\\/f5-warme-vanille-6er-box\\\/#primaryimage\"},\"thumbnailUrl\":\"https:\\\/\\\/sanicus.de\\\/wp-content\\\/uploads\\\/2023\\\/12\\\/F5-F6-Vanille.jpg\",\"datePublished\":\"2023-11-30T13:25:49+00:00\",\"dateModified\":\"2026-04-13T14:00:18+00:00\",\"description\":\"F5 Warme Vanille 6er Box \u2013 Duftkartuschen f\u00fcr Sanicus F5 Spender. Sanft, hygienisch & effizient im praktischen Vorratspack.\",\"breadcrumb\":{\"@id\":\"https:\\\/\\\/sanicus.de\\\/produkt\\\/f5-warme-vanille-6er-box\\\/#breadcrumb\"},\"inLanguage\":\"ro-RO\",\"potentialAction\":[{\"@type\":\"ReadAction\",\"target\":[\"https:\\\/\\\/sanicus.de\\\/produkt\\\/f5-warme-vanille-6er-box\\\/\"]}]},{\"@type\":\"ImageObject\",\"inLanguage\":\"ro-RO\",\"@id\":\"https:\\\/\\\/sanicus.de\\\/produkt\\\/f5-warme-vanille-6er-box\\\/#primaryimage\",\"url\":\"https:\\\/\\\/sanicus.de\\\/wp-content\\\/uploads\\\/2023\\\/12\\\/F5-F6-Vanille.jpg\",\"contentUrl\":\"https:\\\/\\\/sanicus.de\\\/wp-content\\\/uploads\\\/2023\\\/12\\\/F5-F6-Vanille.jpg\",\"width\":800,\"height\":800,\"caption\":\"F5-F6-Vanille\"},{\"@type\":\"BreadcrumbList\",\"@id\":\"https:\\\/\\\/sanicus.de\\\/produkt\\\/f5-warme-vanille-6er-box\\\/#breadcrumb\",\"itemListElement\":[{\"@type\":\"ListItem\",\"position\":1,\"name\":\"Startseite\",\"item\":\"https:\\\/\\\/sanicus.de\\\/\"},{\"@type\":\"ListItem\",\"position\":2,\"name\":\"Sanicus Store\",\"item\":\"https:\\\/\\\/sanicus.de\\\/sanicus-store\\\/\"},{\"@type\":\"ListItem\",\"position\":3,\"name\":\"F5 warme Vanille 6er Box\"}]},{\"@type\":\"WebSite\",\"@id\":\"https:\\\/\\\/sanicus.de\\\/#website\",\"url\":\"https:\\\/\\\/sanicus.de\\\/\",\"name\":\"sanicus.de\",\"description\":\"Sanit\u00e4r - Ausstattung\",\"publisher\":{\"@id\":\"https:\\\/\\\/sanicus.de\\\/#organization\"},\"potentialAction\":[{\"@type\":\"SearchAction\",\"target\":{\"@type\":\"EntryPoint\",\"urlTemplate\":\"https:\\\/\\\/sanicus.de\\\/?s={search_term_string}\"},\"query-input\":{\"@type\":\"PropertyValueSpecification\",\"valueRequired\":true,\"valueName\":\"search_term_string\"}}],\"inLanguage\":\"ro-RO\"},{\"@type\":\"Organization\",\"@id\":\"https:\\\/\\\/sanicus.de\\\/#organization\",\"name\":\"Sanicus GmbH\",\"url\":\"https:\\\/\\\/sanicus.de\\\/\",\"logo\":{\"@type\":\"ImageObject\",\"inLanguage\":\"ro-RO\",\"@id\":\"https:\\\/\\\/sanicus.de\\\/#\\\/schema\\\/logo\\\/image\\\/\",\"url\":\"https:\\\/\\\/sanicus.de\\\/wp-content\\\/uploads\\\/2021\\\/11\\\/Sanicus-Logo-Grau-2021.png\",\"contentUrl\":\"https:\\\/\\\/sanicus.de\\\/wp-content\\\/uploads\\\/2021\\\/11\\\/Sanicus-Logo-Grau-2021.png\",\"width\":1382,\"height\":397,\"caption\":\"Sanicus GmbH\"},\"image\":{\"@id\":\"https:\\\/\\\/sanicus.de\\\/#\\\/schema\\\/logo\\\/image\\\/\"},\"sameAs\":[\"https:\\\/\\\/www.facebook.com\\\/Sanicus\\\/\"]}]}<\/script>\n<!-- \/ Yoast SEO Premium plugin. -->","yoast_head_json":{"title":"F5 warme Vanille 6er Box - sanicus.de","description":"F5 Warme Vanille 6er Box \u2013 Duftkartuschen f\u00fcr Sanicus F5 Spender. Sanft, hygienisch & effizient im praktischen Vorratspack.","robots":{"index":"index","follow":"follow","max-snippet":"max-snippet:-1","max-image-preview":"max-image-preview:large","max-video-preview":"max-video-preview:-1"},"canonical":"https:\/\/sanicus.de\/ro\/produs\/f5-warme-vanille-6er-box\/","og_locale":"ro_RO","og_type":"article","og_title":"F5 warme Vanille 6er Box","og_description":"F5 Warme Vanille 6er Box \u2013 Duftkartuschen f\u00fcr Sanicus F5 Spender. Sanft, hygienisch & effizient im praktischen Vorratspack.","og_url":"https:\/\/sanicus.de\/ro\/produs\/f5-warme-vanille-6er-box\/","og_site_name":"sanicus.de","article_publisher":"https:\/\/www.facebook.com\/Sanicus\/","article_modified_time":"2026-04-13T14:00:18+00:00","og_image":[{"width":800,"height":800,"url":"https:\/\/sanicus.de\/wp-content\/uploads\/2023\/12\/F5-F6-Vanille.jpg","type":"image\/jpeg"}],"twitter_card":"summary_large_image","twitter_misc":{"Timp estimat pentru citire":"2 minute"},"schema":{"@context":"https:\/\/schema.org","@graph":[{"@type":"WebPage","@id":"https:\/\/sanicus.de\/produkt\/f5-warme-vanille-6er-box\/","url":"https:\/\/sanicus.de\/produkt\/f5-warme-vanille-6er-box\/","name":"F5 warme Vanille 6er Box - sanicus.de","isPartOf":{"@id":"https:\/\/sanicus.de\/#website"},"primaryImageOfPage":{"@id":"https:\/\/sanicus.de\/produkt\/f5-warme-vanille-6er-box\/#primaryimage"},"image":{"@id":"https:\/\/sanicus.de\/produkt\/f5-warme-vanille-6er-box\/#primaryimage"},"thumbnailUrl":"https:\/\/sanicus.de\/wp-content\/uploads\/2023\/12\/F5-F6-Vanille.jpg","datePublished":"2023-11-30T13:25:49+00:00","dateModified":"2026-04-13T14:00:18+00:00","description":"F5 Warme Vanille 6er Box \u2013 Duftkartuschen f\u00fcr Sanicus F5 Spender. Sanft, hygienisch & effizient im praktischen Vorratspack.","breadcrumb":{"@id":"https:\/\/sanicus.de\/produkt\/f5-warme-vanille-6er-box\/#breadcrumb"},"inLanguage":"ro-RO","potentialAction":[{"@type":"ReadAction","target":["https:\/\/sanicus.de\/produkt\/f5-warme-vanille-6er-box\/"]}]},{"@type":"ImageObject","inLanguage":"ro-RO","@id":"https:\/\/sanicus.de\/produkt\/f5-warme-vanille-6er-box\/#primaryimage","url":"https:\/\/sanicus.de\/wp-content\/uploads\/2023\/12\/F5-F6-Vanille.jpg","contentUrl":"https:\/\/sanicus.de\/wp-content\/uploads\/2023\/12\/F5-F6-Vanille.jpg","width":800,"height":800,"caption":"F5-F6-Vanille"},{"@type":"BreadcrumbList","@id":"https:\/\/sanicus.de\/produkt\/f5-warme-vanille-6er-box\/#breadcrumb","itemListElement":[{"@type":"ListItem","position":1,"name":"Startseite","item":"https:\/\/sanicus.de\/"},{"@type":"ListItem","position":2,"name":"Sanicus Store","item":"https:\/\/sanicus.de\/sanicus-store\/"},{"@type":"ListItem","position":3,"name":"F5 warme Vanille 6er Box"}]},{"@type":"WebSite","@id":"https:\/\/sanicus.de\/#website","url":"https:\/\/sanicus.de\/","name":"sanicus.de","description":"Sanit\u00e4r - Ausstattung","publisher":{"@id":"https:\/\/sanicus.de\/#organization"},"potentialAction":[{"@type":"SearchAction","target":{"@type":"EntryPoint","urlTemplate":"https:\/\/sanicus.de\/?s={search_term_string}"},"query-input":{"@type":"PropertyValueSpecification","valueRequired":true,"valueName":"search_term_string"}}],"inLanguage":"ro-RO"},{"@type":"Organization","@id":"https:\/\/sanicus.de\/#organization","name":"Sanicus GmbH","url":"https:\/\/sanicus.de\/","logo":{"@type":"ImageObject","inLanguage":"ro-RO","@id":"https:\/\/sanicus.de\/#\/schema\/logo\/image\/","url":"https:\/\/sanicus.de\/wp-content\/uploads\/2021\/11\/Sanicus-Logo-Grau-2021.png","contentUrl":"https:\/\/sanicus.de\/wp-content\/uploads\/2021\/11\/Sanicus-Logo-Grau-2021.png","width":1382,"height":397,"caption":"Sanicus GmbH"},"image":{"@id":"https:\/\/sanicus.de\/#\/schema\/logo\/image\/"},"sameAs":["https:\/\/www.facebook.com\/Sanicus\/"]}]}},"_links":{"self":[{"href":"https:\/\/sanicus.de\/ro\/wp-json\/wp\/v2\/product\/30879","targetHints":{"allow":["GET"]}}],"collection":[{"href":"https:\/\/sanicus.de\/ro\/wp-json\/wp\/v2\/product"}],"about":[{"href":"https:\/\/sanicus.de\/ro\/wp-json\/wp\/v2\/types\/product"}],"version-history":[{"count":3,"href":"https:\/\/sanicus.de\/ro\/wp-json\/wp\/v2\/product\/30879\/revisions"}],"predecessor-version":[{"id":32874,"href":"https:\/\/sanicus.de\/ro\/wp-json\/wp\/v2\/product\/30879\/revisions\/32874"}],"wp:featuredmedia":[{"embeddable":true,"href":"https:\/\/sanicus.de\/ro\/wp-json\/wp\/v2\/media\/31151"}],"wp:attachment":[{"href":"https:\/\/sanicus.de\/ro\/wp-json\/wp\/v2\/media?parent=30879"}],"wp:term":[{"taxonomy":"product_brand","embeddable":true,"href":"https:\/\/sanicus.de\/ro\/wp-json\/wp\/v2\/product_brand?post=30879"},{"taxonomy":"product_cat","embeddable":true,"href":"https:\/\/sanicus.de\/ro\/wp-json\/wp\/v2\/product_cat?post=30879"},{"taxonomy":"product_tag","embeddable":true,"href":"https:\/\/sanicus.de\/ro\/wp-json\/wp\/v2\/product_tag?post=30879"}],"curies":[{"name":"wp","href":"https:\/\/api.w.org\/{rel}","templated":true}]}}