{"id":30883,"date":"2023-11-30T14:25:52","date_gmt":"2023-11-30T13:25:52","guid":{"rendered":"https:\/\/sanicus.de\/produkt\/f5-kaffeebohnen-6er-box\/"},"modified":"2026-04-09T18:23:08","modified_gmt":"2026-04-09T16:23:08","slug":"f5-kaffeebohnen-6er-box","status":"publish","type":"product","link":"https:\/\/sanicus.de\/ro\/produkt\/f5-kaffeebohnen-6er-box\/","title":{"rendered":"F5 Kaffeebohnen 6er Box"},"content":{"rendered":"<h4>F5 Kaffeebohnen 6er Box \u2013 Duftkartuschen f\u00fcr ein warmes, einladendes Ambiente<\/h4>\n<p>Die <strong>F5 Kaffeebohnen 6er Box<\/strong> ist die perfekte L\u00f6sung f\u00fcr alle, die ihre R\u00e4ume mit einem angenehm warmen Duft bereichern m\u00f6chten. Das praktische Vorratspack enth\u00e4lt sechs hochwertige Kartuschen, die speziell f\u00fcr die Sanicus F5 Duftspender entwickelt wurden. Die Duftnote Kaffeebohnen sorgt f\u00fcr ein einladendes Raumklima, das besonders in Wartezonen, Empfangsbereichen, Gastronomie oder Hotellobbys gesch\u00e4tzt wird.<\/p>\n<p>Der Duft Kaffeebohnen vermittelt eine feine Mischung aus r\u00f6stig-w\u00fcrzigen Noten und einer leichten, angenehmen W\u00e4rme, die dezent den Raum erf\u00fcllt, ohne aufdringlich zu wirken. Er schafft ein Gef\u00fchl von Behaglichkeit und Sauberkeit und \u00fcberlagert zuverl\u00e4ssig unerw\u00fcnschte Ger\u00fcche. Dank der kontinuierlichen Wirkstoffabgabe bleibt die Duftintensit\u00e4t w\u00e4hrend der gesamten Nutzungsdauer konstant.<\/p>\n<p>Jede Kartusche ist luftdicht verpackt, sodass der Inhalt bis zur Verwendung frisch und hygienisch bleibt. Nach dem Einsetzen in den Duftspender wird der Duft innerhalb weniger Minuten freigesetzt und verteilt sich gleichm\u00e4\u00dfig im Raum. Der Wechsel der Kartuschen ist unkompliziert: einfach die leere Kartusche entnehmen und die neue einsetzen \u2013 ganz ohne Werkzeug.<\/p>\n<p>Das 6er Vorratspack bietet Ihnen den Vorteil einer langfristigen Versorgung. Besonders bei hoher Nutzungsfrequenz oder mehreren Ger\u00e4ten stellt es sicher, dass jederzeit ausreichend Nachschub verf\u00fcgbar ist. Gleichzeitig sparen Sie im Vergleich zum Einzelkauf und reduzieren Ihren organisatorischen Aufwand.<\/p>\n<p>Die Kartuschen sind optimal auf alle Sanicus F5 Spender abgestimmt. Das Ergebnis ist eine effiziente, gleichm\u00e4\u00dfige Beduftung, die \u00fcberall f\u00fcr ein angenehmes, professionelles Ambiente sorgt. Die unkomplizierte Handhabung erm\u00f6glicht es auch dem Reinigungspersonal, den Wechsel schnell und hygienisch vorzunehmen.<\/p>\n<h5>Produktvorteile auf einen Blick<\/h5>\n<ul>\n<li><strong>Warmer Duft:<\/strong> Kaffeebohnen schaffen ein behagliches Raumklima<\/li>\n<li><strong>6er Vorratspack:<\/strong> ideal f\u00fcr l\u00e4ngeren Einsatz oder mehrere Ger\u00e4te<\/li>\n<li><strong>Hygienisch verpackt:<\/strong> luftdicht bis zur Anwendung<\/li>\n<li><strong>Einfache Anwendung:<\/strong> schneller Kartuschenwechsel ohne Werkzeug<\/li>\n<li><strong>Kompatibel:<\/strong> geeignet f\u00fcr alle Sanicus F5 Duftspender<\/li>\n<\/ul>\n<p>Mit der <strong>F5 Kaffeebohnen 6er Box<\/strong> entscheiden Sie sich f\u00fcr eine professionelle Nachf\u00fclll\u00f6sung, die ein angenehmes, einladendes Raumklima mit h\u00f6chster Hygienesicherheit verbindet.<\/p>","protected":false},"excerpt":{"rendered":"<p>Kaffeebohnen Geruch<\/p>","protected":false},"featured_media":31148,"template":"","meta":{"site-sidebar-layout":"default","site-content-layout":"default","ast-site-content-layout":"default","site-content-style":"default","site-sidebar-style":"default","ast-global-header-display":"","ast-banner-title-visibility":"","ast-main-header-display":"","ast-hfb-above-header-display":"","ast-hfb-below-header-display":"","ast-hfb-mobile-header-display":"","site-post-title":"","ast-breadcrumbs-content":"","ast-featured-img":"","footer-sml-layout":"","ast-disable-related-posts":"","theme-transparent-header-meta":"default","adv-header-id-meta":"","stick-header-meta":"","header-above-stick-meta":"","header-main-stick-meta":"","header-below-stick-meta":"","astra-migrate-meta-layouts":"set","ast-page-background-enabled":"default","ast-page-background-meta":{"desktop":{"background-color":"","background-image":"","background-repeat":"repeat","background-position":"center center","background-size":"auto","background-attachment":"scroll","background-type":"","background-media":"","overlay-type":"","overlay-color":"","overlay-opacity":"","overlay-gradient":""},"tablet":{"background-color":"","background-image":"","background-repeat":"repeat","background-position":"center center","background-size":"auto","background-attachment":"scroll","background-type":"","background-media":"","overlay-type":"","overlay-color":"","overlay-opacity":"","overlay-gradient":""},"mobile":{"background-color":"","background-image":"","background-repeat":"repeat","background-position":"center center","background-size":"auto","background-attachment":"scroll","background-type":"","background-media":"","overlay-type":"","overlay-color":"","overlay-opacity":"","overlay-gradient":""}},"ast-content-background-meta":{"desktop":{"background-color":"var(--ast-global-color-5)","background-image":"","background-repeat":"repeat","background-position":"center center","background-size":"auto","background-attachment":"scroll","background-type":"","background-media":"","overlay-type":"","overlay-color":"","overlay-opacity":"","overlay-gradient":""},"tablet":{"background-color":"var(--ast-global-color-5)","background-image":"","background-repeat":"repeat","background-position":"center center","background-size":"auto","background-attachment":"scroll","background-type":"","background-media":"","overlay-type":"","overlay-color":"","overlay-opacity":"","overlay-gradient":""},"mobile":{"background-color":"var(--ast-global-color-5)","background-image":"","background-repeat":"repeat","background-position":"center center","background-size":"auto","background-attachment":"scroll","background-type":"","background-media":"","overlay-type":"","overlay-color":"","overlay-opacity":"","overlay-gradient":""}}},"product_brand":[],"product_cat":[163],"product_tag":[],"class_list":{"0":"post-30883","1":"product","2":"type-product","3":"status-publish","4":"has-post-thumbnail","6":"product_cat-f5-duefte-und-spender","7":"desktop-align-left","8":"tablet-align-left","9":"mobile-align-left","11":"first","12":"instock","13":"taxable","14":"shipping-taxable","15":"purchasable","16":"product-type-simple"},"yoast_head":"<!-- This site is optimized with the Yoast SEO Premium plugin v27.3 (Yoast SEO v27.4) - https:\/\/yoast.com\/product\/yoast-seo-premium-wordpress\/ -->\n<title>F5 Kaffeebohnen 6er Box - sanicus.de<\/title>\n<meta name=\"description\" content=\"F5 Kaffeebohnen 6er Box \u2013 Duftkartuschen f\u00fcr Sanicus F5 Spender. Warmer Raumduft, hygienisch &amp; effizient im praktischen Vorratspack.\" \/>\n<meta name=\"robots\" content=\"index, follow, max-snippet:-1, max-image-preview:large, max-video-preview:-1\" \/>\n<link rel=\"canonical\" href=\"https:\/\/sanicus.de\/ro\/produs\/f5-kaffeebohnen-6er-box\/\" \/>\n<meta property=\"og:locale\" content=\"ro_RO\" \/>\n<meta property=\"og:type\" content=\"article\" \/>\n<meta property=\"og:title\" content=\"F5 Kaffeebohnen 6er Box\" \/>\n<meta property=\"og:description\" content=\"F5 Kaffeebohnen 6er Box \u2013 Duftkartuschen f\u00fcr Sanicus F5 Spender. Warmer Raumduft, hygienisch &amp; effizient im praktischen Vorratspack.\" \/>\n<meta property=\"og:url\" content=\"https:\/\/sanicus.de\/ro\/produs\/f5-kaffeebohnen-6er-box\/\" \/>\n<meta property=\"og:site_name\" content=\"sanicus.de\" \/>\n<meta property=\"article:publisher\" content=\"https:\/\/www.facebook.com\/Sanicus\/\" \/>\n<meta property=\"article:modified_time\" content=\"2026-04-09T16:23:08+00:00\" \/>\n<meta property=\"og:image\" content=\"https:\/\/sanicus.de\/wp-content\/uploads\/2023\/12\/F5-F6-Kaffeebohnen.jpg\" \/>\n\t<meta property=\"og:image:width\" content=\"800\" \/>\n\t<meta property=\"og:image:height\" content=\"800\" \/>\n\t<meta property=\"og:image:type\" content=\"image\/jpeg\" \/>\n<meta name=\"twitter:card\" content=\"summary_large_image\" \/>\n<meta name=\"twitter:label1\" content=\"Timp estimat pentru citire\" \/>\n\t<meta name=\"twitter:data1\" content=\"1 minut\" \/>\n<script type=\"application\/ld+json\" class=\"yoast-schema-graph\">{\"@context\":\"https:\\\/\\\/schema.org\",\"@graph\":[{\"@type\":\"WebPage\",\"@id\":\"https:\\\/\\\/sanicus.de\\\/produkt\\\/f5-kaffeebohnen-6er-box\\\/\",\"url\":\"https:\\\/\\\/sanicus.de\\\/produkt\\\/f5-kaffeebohnen-6er-box\\\/\",\"name\":\"F5 Kaffeebohnen 6er Box - sanicus.de\",\"isPartOf\":{\"@id\":\"https:\\\/\\\/sanicus.de\\\/#website\"},\"primaryImageOfPage\":{\"@id\":\"https:\\\/\\\/sanicus.de\\\/produkt\\\/f5-kaffeebohnen-6er-box\\\/#primaryimage\"},\"image\":{\"@id\":\"https:\\\/\\\/sanicus.de\\\/produkt\\\/f5-kaffeebohnen-6er-box\\\/#primaryimage\"},\"thumbnailUrl\":\"https:\\\/\\\/sanicus.de\\\/wp-content\\\/uploads\\\/2023\\\/12\\\/F5-F6-Kaffeebohnen.jpg\",\"datePublished\":\"2023-11-30T13:25:52+00:00\",\"dateModified\":\"2026-04-09T16:23:08+00:00\",\"description\":\"F5 Kaffeebohnen 6er Box \u2013 Duftkartuschen f\u00fcr Sanicus F5 Spender. Warmer Raumduft, hygienisch & effizient im praktischen Vorratspack.\",\"breadcrumb\":{\"@id\":\"https:\\\/\\\/sanicus.de\\\/produkt\\\/f5-kaffeebohnen-6er-box\\\/#breadcrumb\"},\"inLanguage\":\"ro-RO\",\"potentialAction\":[{\"@type\":\"ReadAction\",\"target\":[\"https:\\\/\\\/sanicus.de\\\/produkt\\\/f5-kaffeebohnen-6er-box\\\/\"]}]},{\"@type\":\"ImageObject\",\"inLanguage\":\"ro-RO\",\"@id\":\"https:\\\/\\\/sanicus.de\\\/produkt\\\/f5-kaffeebohnen-6er-box\\\/#primaryimage\",\"url\":\"https:\\\/\\\/sanicus.de\\\/wp-content\\\/uploads\\\/2023\\\/12\\\/F5-F6-Kaffeebohnen.jpg\",\"contentUrl\":\"https:\\\/\\\/sanicus.de\\\/wp-content\\\/uploads\\\/2023\\\/12\\\/F5-F6-Kaffeebohnen.jpg\",\"width\":800,\"height\":800,\"caption\":\"F5-F6-Kaffeebohnen\"},{\"@type\":\"BreadcrumbList\",\"@id\":\"https:\\\/\\\/sanicus.de\\\/produkt\\\/f5-kaffeebohnen-6er-box\\\/#breadcrumb\",\"itemListElement\":[{\"@type\":\"ListItem\",\"position\":1,\"name\":\"Startseite\",\"item\":\"https:\\\/\\\/sanicus.de\\\/\"},{\"@type\":\"ListItem\",\"position\":2,\"name\":\"Sanicus Store\",\"item\":\"https:\\\/\\\/sanicus.de\\\/sanicus-store\\\/\"},{\"@type\":\"ListItem\",\"position\":3,\"name\":\"F5 Kaffeebohnen 6er Box\"}]},{\"@type\":\"WebSite\",\"@id\":\"https:\\\/\\\/sanicus.de\\\/#website\",\"url\":\"https:\\\/\\\/sanicus.de\\\/\",\"name\":\"sanicus.de\",\"description\":\"Sanit\u00e4r - Ausstattung\",\"publisher\":{\"@id\":\"https:\\\/\\\/sanicus.de\\\/#organization\"},\"potentialAction\":[{\"@type\":\"SearchAction\",\"target\":{\"@type\":\"EntryPoint\",\"urlTemplate\":\"https:\\\/\\\/sanicus.de\\\/?s={search_term_string}\"},\"query-input\":{\"@type\":\"PropertyValueSpecification\",\"valueRequired\":true,\"valueName\":\"search_term_string\"}}],\"inLanguage\":\"ro-RO\"},{\"@type\":\"Organization\",\"@id\":\"https:\\\/\\\/sanicus.de\\\/#organization\",\"name\":\"Sanicus GmbH\",\"url\":\"https:\\\/\\\/sanicus.de\\\/\",\"logo\":{\"@type\":\"ImageObject\",\"inLanguage\":\"ro-RO\",\"@id\":\"https:\\\/\\\/sanicus.de\\\/#\\\/schema\\\/logo\\\/image\\\/\",\"url\":\"https:\\\/\\\/sanicus.de\\\/wp-content\\\/uploads\\\/2021\\\/11\\\/Sanicus-Logo-Grau-2021.png\",\"contentUrl\":\"https:\\\/\\\/sanicus.de\\\/wp-content\\\/uploads\\\/2021\\\/11\\\/Sanicus-Logo-Grau-2021.png\",\"width\":1382,\"height\":397,\"caption\":\"Sanicus GmbH\"},\"image\":{\"@id\":\"https:\\\/\\\/sanicus.de\\\/#\\\/schema\\\/logo\\\/image\\\/\"},\"sameAs\":[\"https:\\\/\\\/www.facebook.com\\\/Sanicus\\\/\"]}]}<\/script>\n<!-- \/ Yoast SEO Premium plugin. -->","yoast_head_json":{"title":"F5 Kaffeebohnen 6er Box - sanicus.de","description":"F5 Kaffeebohnen 6er Box \u2013 Duftkartuschen f\u00fcr Sanicus F5 Spender. Warmer Raumduft, hygienisch & effizient im praktischen Vorratspack.","robots":{"index":"index","follow":"follow","max-snippet":"max-snippet:-1","max-image-preview":"max-image-preview:large","max-video-preview":"max-video-preview:-1"},"canonical":"https:\/\/sanicus.de\/ro\/produs\/f5-kaffeebohnen-6er-box\/","og_locale":"ro_RO","og_type":"article","og_title":"F5 Kaffeebohnen 6er Box","og_description":"F5 Kaffeebohnen 6er Box \u2013 Duftkartuschen f\u00fcr Sanicus F5 Spender. Warmer Raumduft, hygienisch & effizient im praktischen Vorratspack.","og_url":"https:\/\/sanicus.de\/ro\/produs\/f5-kaffeebohnen-6er-box\/","og_site_name":"sanicus.de","article_publisher":"https:\/\/www.facebook.com\/Sanicus\/","article_modified_time":"2026-04-09T16:23:08+00:00","og_image":[{"width":800,"height":800,"url":"https:\/\/sanicus.de\/wp-content\/uploads\/2023\/12\/F5-F6-Kaffeebohnen.jpg","type":"image\/jpeg"}],"twitter_card":"summary_large_image","twitter_misc":{"Timp estimat pentru citire":"1 minut"},"schema":{"@context":"https:\/\/schema.org","@graph":[{"@type":"WebPage","@id":"https:\/\/sanicus.de\/produkt\/f5-kaffeebohnen-6er-box\/","url":"https:\/\/sanicus.de\/produkt\/f5-kaffeebohnen-6er-box\/","name":"F5 Kaffeebohnen 6er Box - sanicus.de","isPartOf":{"@id":"https:\/\/sanicus.de\/#website"},"primaryImageOfPage":{"@id":"https:\/\/sanicus.de\/produkt\/f5-kaffeebohnen-6er-box\/#primaryimage"},"image":{"@id":"https:\/\/sanicus.de\/produkt\/f5-kaffeebohnen-6er-box\/#primaryimage"},"thumbnailUrl":"https:\/\/sanicus.de\/wp-content\/uploads\/2023\/12\/F5-F6-Kaffeebohnen.jpg","datePublished":"2023-11-30T13:25:52+00:00","dateModified":"2026-04-09T16:23:08+00:00","description":"F5 Kaffeebohnen 6er Box \u2013 Duftkartuschen f\u00fcr Sanicus F5 Spender. Warmer Raumduft, hygienisch & effizient im praktischen Vorratspack.","breadcrumb":{"@id":"https:\/\/sanicus.de\/produkt\/f5-kaffeebohnen-6er-box\/#breadcrumb"},"inLanguage":"ro-RO","potentialAction":[{"@type":"ReadAction","target":["https:\/\/sanicus.de\/produkt\/f5-kaffeebohnen-6er-box\/"]}]},{"@type":"ImageObject","inLanguage":"ro-RO","@id":"https:\/\/sanicus.de\/produkt\/f5-kaffeebohnen-6er-box\/#primaryimage","url":"https:\/\/sanicus.de\/wp-content\/uploads\/2023\/12\/F5-F6-Kaffeebohnen.jpg","contentUrl":"https:\/\/sanicus.de\/wp-content\/uploads\/2023\/12\/F5-F6-Kaffeebohnen.jpg","width":800,"height":800,"caption":"F5-F6-Kaffeebohnen"},{"@type":"BreadcrumbList","@id":"https:\/\/sanicus.de\/produkt\/f5-kaffeebohnen-6er-box\/#breadcrumb","itemListElement":[{"@type":"ListItem","position":1,"name":"Startseite","item":"https:\/\/sanicus.de\/"},{"@type":"ListItem","position":2,"name":"Sanicus Store","item":"https:\/\/sanicus.de\/sanicus-store\/"},{"@type":"ListItem","position":3,"name":"F5 Kaffeebohnen 6er Box"}]},{"@type":"WebSite","@id":"https:\/\/sanicus.de\/#website","url":"https:\/\/sanicus.de\/","name":"sanicus.de","description":"Sanit\u00e4r - Ausstattung","publisher":{"@id":"https:\/\/sanicus.de\/#organization"},"potentialAction":[{"@type":"SearchAction","target":{"@type":"EntryPoint","urlTemplate":"https:\/\/sanicus.de\/?s={search_term_string}"},"query-input":{"@type":"PropertyValueSpecification","valueRequired":true,"valueName":"search_term_string"}}],"inLanguage":"ro-RO"},{"@type":"Organization","@id":"https:\/\/sanicus.de\/#organization","name":"Sanicus GmbH","url":"https:\/\/sanicus.de\/","logo":{"@type":"ImageObject","inLanguage":"ro-RO","@id":"https:\/\/sanicus.de\/#\/schema\/logo\/image\/","url":"https:\/\/sanicus.de\/wp-content\/uploads\/2021\/11\/Sanicus-Logo-Grau-2021.png","contentUrl":"https:\/\/sanicus.de\/wp-content\/uploads\/2021\/11\/Sanicus-Logo-Grau-2021.png","width":1382,"height":397,"caption":"Sanicus GmbH"},"image":{"@id":"https:\/\/sanicus.de\/#\/schema\/logo\/image\/"},"sameAs":["https:\/\/www.facebook.com\/Sanicus\/"]}]}},"_links":{"self":[{"href":"https:\/\/sanicus.de\/ro\/wp-json\/wp\/v2\/product\/30883","targetHints":{"allow":["GET"]}}],"collection":[{"href":"https:\/\/sanicus.de\/ro\/wp-json\/wp\/v2\/product"}],"about":[{"href":"https:\/\/sanicus.de\/ro\/wp-json\/wp\/v2\/types\/product"}],"version-history":[{"count":2,"href":"https:\/\/sanicus.de\/ro\/wp-json\/wp\/v2\/product\/30883\/revisions"}],"predecessor-version":[{"id":32841,"href":"https:\/\/sanicus.de\/ro\/wp-json\/wp\/v2\/product\/30883\/revisions\/32841"}],"wp:featuredmedia":[{"embeddable":true,"href":"https:\/\/sanicus.de\/ro\/wp-json\/wp\/v2\/media\/31148"}],"wp:attachment":[{"href":"https:\/\/sanicus.de\/ro\/wp-json\/wp\/v2\/media?parent=30883"}],"wp:term":[{"taxonomy":"product_brand","embeddable":true,"href":"https:\/\/sanicus.de\/ro\/wp-json\/wp\/v2\/product_brand?post=30883"},{"taxonomy":"product_cat","embeddable":true,"href":"https:\/\/sanicus.de\/ro\/wp-json\/wp\/v2\/product_cat?post=30883"},{"taxonomy":"product_tag","embeddable":true,"href":"https:\/\/sanicus.de\/ro\/wp-json\/wp\/v2\/product_tag?post=30883"}],"curies":[{"name":"wp","href":"https:\/\/api.w.org\/{rel}","templated":true}]}}