{"id":30895,"date":"2023-11-30T14:26:04","date_gmt":"2023-11-30T13:26:04","guid":{"rendered":"https:\/\/sanicus.de\/produkt\/f5-pazifikwellen-6er-box\/"},"modified":"2026-04-13T15:56:37","modified_gmt":"2026-04-13T13:56:37","slug":"f5-pazifikwellen-6er-box","status":"publish","type":"product","link":"https:\/\/sanicus.de\/ro\/produkt\/f5-pazifikwellen-6er-box\/","title":{"rendered":"F5 Pazifikwellen 6er Box"},"content":{"rendered":"<h4>F5 Pazifikwellen 6er Box \u2013 Duftkartuschen f\u00fcr frische, maritime Raumluft<\/h4>\n<p>Die <strong>F5 Pazifikwellen 6er Box<\/strong> ist die ideale L\u00f6sung, wenn Sie Ihre R\u00e4ume mit einer frischen, leicht maritimen Duftnote ausstatten m\u00f6chten. Dieses Vorratspack enth\u00e4lt sechs hochwertige Kartuschen, die speziell f\u00fcr alle Sanicus F5 Duftspender entwickelt wurden. Der Duft Pazifikwellen verleiht jedem Raum eine klare, belebende Atmosph\u00e4re \u2013 perfekt f\u00fcr Sanit\u00e4rbereiche, Eingangsbereiche, Fitnessstudios, Hotellobbys oder B\u00fcros.<\/p>\n<p>Die Duftnote Pazifikwellen erinnert an eine k\u00fchle Meeresbrise, die unaufdringlich f\u00fcr ein Gef\u00fchl von Frische und Sauberkeit sorgt. Sie neutralisiert zuverl\u00e4ssig unangenehme Ger\u00fcche und schafft ein dauerhaft angenehmes Raumklima, das von Kunden, G\u00e4sten und Mitarbeitern als professionell und einladend wahrgenommen wird.<\/p>\n<p>Jede Kartusche ist luftdicht verschlossen, um den Duft bis zur Anwendung optimal zu sch\u00fctzen. Nach dem Einsetzen in den Spender entfaltet sich die Wirkung innerhalb kurzer Zeit und sorgt \u00fcber mehrere Wochen f\u00fcr gleichbleibende Frische. Der Kartuschenwechsel ist einfach und hygienisch: Leere Kartusche herausnehmen, neue einsetzen \u2013 fertig.<\/p>\n<p>Mit dem praktischen 6er Pack reduzieren Sie Ihren Bestellaufwand und stellen sicher, dass jederzeit ausreichend Nachf\u00fcllungen verf\u00fcgbar sind. Besonders bei mehreren Ger\u00e4ten oder einer hohen Nutzungsfrequenz bietet das Vorratspack eine wirtschaftliche L\u00f6sung. Gleichzeitig profitieren Sie von einem attraktiven Preis-Leistungs-Verh\u00e4ltnis im Vergleich zum Einzelkauf.<\/p>\n<p>Die F5 Duftkartuschen sind optimal auf alle Sanicus F5 Spender abgestimmt. Der pr\u00e4zise Spr\u00fchmechanismus verteilt den Duft gleichm\u00e4\u00dfig im Raum und sorgt f\u00fcr ein professionelles Dufterlebnis, das nachhaltig \u00fcberzeugt. So wird jeder Bereich zuverl\u00e4ssig aufgewertet und bleibt jederzeit angenehm frisch.<\/p>\n<h5>Produktvorteile auf einen Blick<\/h5>\n<ul>\n<li><strong>Frischer Duft:<\/strong> Pazifikwellen f\u00fcr ein klares, maritimes Raumklima<\/li>\n<li><strong>6er Vorratspack:<\/strong> ideal f\u00fcr l\u00e4ngeren Einsatz oder mehrere Ger\u00e4te<\/li>\n<li><strong>Hygienisch verpackt:<\/strong> luftdicht verschlossen bis zur Anwendung<\/li>\n<li><strong>Einfache Handhabung:<\/strong> schneller Kartuschenwechsel ohne Werkzeug<\/li>\n<li><strong>Kompatibel:<\/strong> passend f\u00fcr alle Sanicus F5 Duftspender<\/li>\n<\/ul>\n<p>Mit der <strong>F5 Pazifikwellen 6er Box<\/strong> entscheiden Sie sich f\u00fcr eine professionelle L\u00f6sung, die Ihren R\u00e4umen eine frische, maritime Note verleiht \u2013 hygienisch, effizient und zuverl\u00e4ssig.<\/p>","protected":false},"excerpt":{"rendered":"<p>Ein anregender Hauch von belebender Meeresluft, gew\u00fcrztem Alpenveilchen und Eukalyptus, gemischt mit Moos und warmem Moschus, weckt das Gef\u00fchl eines R\u00fcckzugsortes am Meer.<\/p>","protected":false},"featured_media":31042,"template":"","meta":{"site-sidebar-layout":"default","site-content-layout":"default","ast-site-content-layout":"default","site-content-style":"default","site-sidebar-style":"default","ast-global-header-display":"","ast-banner-title-visibility":"","ast-main-header-display":"","ast-hfb-above-header-display":"","ast-hfb-below-header-display":"","ast-hfb-mobile-header-display":"","site-post-title":"","ast-breadcrumbs-content":"","ast-featured-img":"","footer-sml-layout":"","ast-disable-related-posts":"","theme-transparent-header-meta":"default","adv-header-id-meta":"","stick-header-meta":"","header-above-stick-meta":"","header-main-stick-meta":"","header-below-stick-meta":"","astra-migrate-meta-layouts":"set","ast-page-background-enabled":"default","ast-page-background-meta":{"desktop":{"background-color":"","background-image":"","background-repeat":"repeat","background-position":"center center","background-size":"auto","background-attachment":"scroll","background-type":"","background-media":"","overlay-type":"","overlay-color":"","overlay-opacity":"","overlay-gradient":""},"tablet":{"background-color":"","background-image":"","background-repeat":"repeat","background-position":"center center","background-size":"auto","background-attachment":"scroll","background-type":"","background-media":"","overlay-type":"","overlay-color":"","overlay-opacity":"","overlay-gradient":""},"mobile":{"background-color":"","background-image":"","background-repeat":"repeat","background-position":"center center","background-size":"auto","background-attachment":"scroll","background-type":"","background-media":"","overlay-type":"","overlay-color":"","overlay-opacity":"","overlay-gradient":""}},"ast-content-background-meta":{"desktop":{"background-color":"var(--ast-global-color-5)","background-image":"","background-repeat":"repeat","background-position":"center center","background-size":"auto","background-attachment":"scroll","background-type":"","background-media":"","overlay-type":"","overlay-color":"","overlay-opacity":"","overlay-gradient":""},"tablet":{"background-color":"var(--ast-global-color-5)","background-image":"","background-repeat":"repeat","background-position":"center center","background-size":"auto","background-attachment":"scroll","background-type":"","background-media":"","overlay-type":"","overlay-color":"","overlay-opacity":"","overlay-gradient":""},"mobile":{"background-color":"var(--ast-global-color-5)","background-image":"","background-repeat":"repeat","background-position":"center center","background-size":"auto","background-attachment":"scroll","background-type":"","background-media":"","overlay-type":"","overlay-color":"","overlay-opacity":"","overlay-gradient":""}}},"product_brand":[],"product_cat":[163],"product_tag":[],"class_list":{"0":"post-30895","1":"product","2":"type-product","3":"status-publish","4":"has-post-thumbnail","6":"product_cat-f5-duefte-und-spender","7":"desktop-align-left","8":"tablet-align-left","9":"mobile-align-left","11":"first","12":"instock","13":"taxable","14":"shipping-taxable","15":"purchasable","16":"product-type-simple"},"yoast_head":"<!-- This site is optimized with the Yoast SEO Premium plugin v27.3 (Yoast SEO v27.4) - https:\/\/yoast.com\/product\/yoast-seo-premium-wordpress\/ -->\n<title>F5 Pazifikwellen 6er Box - sanicus.de<\/title>\n<meta name=\"description\" content=\"F5 Pazifikwellen 6er Box \u2013 Duftkartuschen f\u00fcr Sanicus F5 Spender. Frisch, hygienisch &amp; effizient im praktischen Vorratspack.\" \/>\n<meta name=\"robots\" content=\"index, follow, max-snippet:-1, max-image-preview:large, max-video-preview:-1\" \/>\n<link rel=\"canonical\" href=\"https:\/\/sanicus.de\/ro\/produs\/f5-pazifikwellen-6er-box\/\" \/>\n<meta property=\"og:locale\" content=\"ro_RO\" \/>\n<meta property=\"og:type\" content=\"article\" \/>\n<meta property=\"og:title\" content=\"F5 Pazifikwellen 6er Box\" \/>\n<meta property=\"og:description\" content=\"F5 Pazifikwellen 6er Box \u2013 Duftkartuschen f\u00fcr Sanicus F5 Spender. Frisch, hygienisch &amp; effizient im praktischen Vorratspack.\" \/>\n<meta property=\"og:url\" content=\"https:\/\/sanicus.de\/ro\/produs\/f5-pazifikwellen-6er-box\/\" \/>\n<meta property=\"og:site_name\" content=\"sanicus.de\" \/>\n<meta property=\"article:publisher\" content=\"https:\/\/www.facebook.com\/Sanicus\/\" \/>\n<meta property=\"article:modified_time\" content=\"2026-04-13T13:56:37+00:00\" \/>\n<meta property=\"og:image\" content=\"https:\/\/sanicus.de\/wp-content\/uploads\/2023\/12\/F5-F6-Pazifikwellen.jpg\" \/>\n\t<meta property=\"og:image:width\" content=\"800\" \/>\n\t<meta property=\"og:image:height\" content=\"800\" \/>\n\t<meta property=\"og:image:type\" content=\"image\/jpeg\" \/>\n<meta name=\"twitter:card\" content=\"summary_large_image\" \/>\n<meta name=\"twitter:label1\" content=\"Timp estimat pentru citire\" \/>\n\t<meta name=\"twitter:data1\" content=\"1 minut\" \/>\n<script type=\"application\/ld+json\" class=\"yoast-schema-graph\">{\"@context\":\"https:\\\/\\\/schema.org\",\"@graph\":[{\"@type\":\"WebPage\",\"@id\":\"https:\\\/\\\/sanicus.de\\\/produkt\\\/f5-pazifikwellen-6er-box\\\/\",\"url\":\"https:\\\/\\\/sanicus.de\\\/produkt\\\/f5-pazifikwellen-6er-box\\\/\",\"name\":\"F5 Pazifikwellen 6er Box - sanicus.de\",\"isPartOf\":{\"@id\":\"https:\\\/\\\/sanicus.de\\\/#website\"},\"primaryImageOfPage\":{\"@id\":\"https:\\\/\\\/sanicus.de\\\/produkt\\\/f5-pazifikwellen-6er-box\\\/#primaryimage\"},\"image\":{\"@id\":\"https:\\\/\\\/sanicus.de\\\/produkt\\\/f5-pazifikwellen-6er-box\\\/#primaryimage\"},\"thumbnailUrl\":\"https:\\\/\\\/sanicus.de\\\/wp-content\\\/uploads\\\/2023\\\/12\\\/F5-F6-Pazifikwellen.jpg\",\"datePublished\":\"2023-11-30T13:26:04+00:00\",\"dateModified\":\"2026-04-13T13:56:37+00:00\",\"description\":\"F5 Pazifikwellen 6er Box \u2013 Duftkartuschen f\u00fcr Sanicus F5 Spender. Frisch, hygienisch & effizient im praktischen Vorratspack.\",\"breadcrumb\":{\"@id\":\"https:\\\/\\\/sanicus.de\\\/produkt\\\/f5-pazifikwellen-6er-box\\\/#breadcrumb\"},\"inLanguage\":\"ro-RO\",\"potentialAction\":[{\"@type\":\"ReadAction\",\"target\":[\"https:\\\/\\\/sanicus.de\\\/produkt\\\/f5-pazifikwellen-6er-box\\\/\"]}]},{\"@type\":\"ImageObject\",\"inLanguage\":\"ro-RO\",\"@id\":\"https:\\\/\\\/sanicus.de\\\/produkt\\\/f5-pazifikwellen-6er-box\\\/#primaryimage\",\"url\":\"https:\\\/\\\/sanicus.de\\\/wp-content\\\/uploads\\\/2023\\\/12\\\/F5-F6-Pazifikwellen.jpg\",\"contentUrl\":\"https:\\\/\\\/sanicus.de\\\/wp-content\\\/uploads\\\/2023\\\/12\\\/F5-F6-Pazifikwellen.jpg\",\"width\":800,\"height\":800,\"caption\":\"F5-F6-Pazifikwellen\"},{\"@type\":\"BreadcrumbList\",\"@id\":\"https:\\\/\\\/sanicus.de\\\/produkt\\\/f5-pazifikwellen-6er-box\\\/#breadcrumb\",\"itemListElement\":[{\"@type\":\"ListItem\",\"position\":1,\"name\":\"Startseite\",\"item\":\"https:\\\/\\\/sanicus.de\\\/\"},{\"@type\":\"ListItem\",\"position\":2,\"name\":\"Sanicus Store\",\"item\":\"https:\\\/\\\/sanicus.de\\\/sanicus-store\\\/\"},{\"@type\":\"ListItem\",\"position\":3,\"name\":\"F5 Pazifikwellen 6er Box\"}]},{\"@type\":\"WebSite\",\"@id\":\"https:\\\/\\\/sanicus.de\\\/#website\",\"url\":\"https:\\\/\\\/sanicus.de\\\/\",\"name\":\"sanicus.de\",\"description\":\"Sanit\u00e4r - Ausstattung\",\"publisher\":{\"@id\":\"https:\\\/\\\/sanicus.de\\\/#organization\"},\"potentialAction\":[{\"@type\":\"SearchAction\",\"target\":{\"@type\":\"EntryPoint\",\"urlTemplate\":\"https:\\\/\\\/sanicus.de\\\/?s={search_term_string}\"},\"query-input\":{\"@type\":\"PropertyValueSpecification\",\"valueRequired\":true,\"valueName\":\"search_term_string\"}}],\"inLanguage\":\"ro-RO\"},{\"@type\":\"Organization\",\"@id\":\"https:\\\/\\\/sanicus.de\\\/#organization\",\"name\":\"Sanicus GmbH\",\"url\":\"https:\\\/\\\/sanicus.de\\\/\",\"logo\":{\"@type\":\"ImageObject\",\"inLanguage\":\"ro-RO\",\"@id\":\"https:\\\/\\\/sanicus.de\\\/#\\\/schema\\\/logo\\\/image\\\/\",\"url\":\"https:\\\/\\\/sanicus.de\\\/wp-content\\\/uploads\\\/2021\\\/11\\\/Sanicus-Logo-Grau-2021.png\",\"contentUrl\":\"https:\\\/\\\/sanicus.de\\\/wp-content\\\/uploads\\\/2021\\\/11\\\/Sanicus-Logo-Grau-2021.png\",\"width\":1382,\"height\":397,\"caption\":\"Sanicus GmbH\"},\"image\":{\"@id\":\"https:\\\/\\\/sanicus.de\\\/#\\\/schema\\\/logo\\\/image\\\/\"},\"sameAs\":[\"https:\\\/\\\/www.facebook.com\\\/Sanicus\\\/\"]}]}<\/script>\n<!-- \/ Yoast SEO Premium plugin. -->","yoast_head_json":{"title":"F5 Pazifikwellen 6er Box - sanicus.de","description":"F5 Pazifikwellen 6er Box \u2013 Duftkartuschen f\u00fcr Sanicus F5 Spender. Frisch, hygienisch & effizient im praktischen Vorratspack.","robots":{"index":"index","follow":"follow","max-snippet":"max-snippet:-1","max-image-preview":"max-image-preview:large","max-video-preview":"max-video-preview:-1"},"canonical":"https:\/\/sanicus.de\/ro\/produs\/f5-pazifikwellen-6er-box\/","og_locale":"ro_RO","og_type":"article","og_title":"F5 Pazifikwellen 6er Box","og_description":"F5 Pazifikwellen 6er Box \u2013 Duftkartuschen f\u00fcr Sanicus F5 Spender. Frisch, hygienisch & effizient im praktischen Vorratspack.","og_url":"https:\/\/sanicus.de\/ro\/produs\/f5-pazifikwellen-6er-box\/","og_site_name":"sanicus.de","article_publisher":"https:\/\/www.facebook.com\/Sanicus\/","article_modified_time":"2026-04-13T13:56:37+00:00","og_image":[{"width":800,"height":800,"url":"https:\/\/sanicus.de\/wp-content\/uploads\/2023\/12\/F5-F6-Pazifikwellen.jpg","type":"image\/jpeg"}],"twitter_card":"summary_large_image","twitter_misc":{"Timp estimat pentru citire":"1 minut"},"schema":{"@context":"https:\/\/schema.org","@graph":[{"@type":"WebPage","@id":"https:\/\/sanicus.de\/produkt\/f5-pazifikwellen-6er-box\/","url":"https:\/\/sanicus.de\/produkt\/f5-pazifikwellen-6er-box\/","name":"F5 Pazifikwellen 6er Box - sanicus.de","isPartOf":{"@id":"https:\/\/sanicus.de\/#website"},"primaryImageOfPage":{"@id":"https:\/\/sanicus.de\/produkt\/f5-pazifikwellen-6er-box\/#primaryimage"},"image":{"@id":"https:\/\/sanicus.de\/produkt\/f5-pazifikwellen-6er-box\/#primaryimage"},"thumbnailUrl":"https:\/\/sanicus.de\/wp-content\/uploads\/2023\/12\/F5-F6-Pazifikwellen.jpg","datePublished":"2023-11-30T13:26:04+00:00","dateModified":"2026-04-13T13:56:37+00:00","description":"F5 Pazifikwellen 6er Box \u2013 Duftkartuschen f\u00fcr Sanicus F5 Spender. Frisch, hygienisch & effizient im praktischen Vorratspack.","breadcrumb":{"@id":"https:\/\/sanicus.de\/produkt\/f5-pazifikwellen-6er-box\/#breadcrumb"},"inLanguage":"ro-RO","potentialAction":[{"@type":"ReadAction","target":["https:\/\/sanicus.de\/produkt\/f5-pazifikwellen-6er-box\/"]}]},{"@type":"ImageObject","inLanguage":"ro-RO","@id":"https:\/\/sanicus.de\/produkt\/f5-pazifikwellen-6er-box\/#primaryimage","url":"https:\/\/sanicus.de\/wp-content\/uploads\/2023\/12\/F5-F6-Pazifikwellen.jpg","contentUrl":"https:\/\/sanicus.de\/wp-content\/uploads\/2023\/12\/F5-F6-Pazifikwellen.jpg","width":800,"height":800,"caption":"F5-F6-Pazifikwellen"},{"@type":"BreadcrumbList","@id":"https:\/\/sanicus.de\/produkt\/f5-pazifikwellen-6er-box\/#breadcrumb","itemListElement":[{"@type":"ListItem","position":1,"name":"Startseite","item":"https:\/\/sanicus.de\/"},{"@type":"ListItem","position":2,"name":"Sanicus Store","item":"https:\/\/sanicus.de\/sanicus-store\/"},{"@type":"ListItem","position":3,"name":"F5 Pazifikwellen 6er Box"}]},{"@type":"WebSite","@id":"https:\/\/sanicus.de\/#website","url":"https:\/\/sanicus.de\/","name":"sanicus.de","description":"Sanit\u00e4r - Ausstattung","publisher":{"@id":"https:\/\/sanicus.de\/#organization"},"potentialAction":[{"@type":"SearchAction","target":{"@type":"EntryPoint","urlTemplate":"https:\/\/sanicus.de\/?s={search_term_string}"},"query-input":{"@type":"PropertyValueSpecification","valueRequired":true,"valueName":"search_term_string"}}],"inLanguage":"ro-RO"},{"@type":"Organization","@id":"https:\/\/sanicus.de\/#organization","name":"Sanicus GmbH","url":"https:\/\/sanicus.de\/","logo":{"@type":"ImageObject","inLanguage":"ro-RO","@id":"https:\/\/sanicus.de\/#\/schema\/logo\/image\/","url":"https:\/\/sanicus.de\/wp-content\/uploads\/2021\/11\/Sanicus-Logo-Grau-2021.png","contentUrl":"https:\/\/sanicus.de\/wp-content\/uploads\/2021\/11\/Sanicus-Logo-Grau-2021.png","width":1382,"height":397,"caption":"Sanicus GmbH"},"image":{"@id":"https:\/\/sanicus.de\/#\/schema\/logo\/image\/"},"sameAs":["https:\/\/www.facebook.com\/Sanicus\/"]}]}},"_links":{"self":[{"href":"https:\/\/sanicus.de\/ro\/wp-json\/wp\/v2\/product\/30895","targetHints":{"allow":["GET"]}}],"collection":[{"href":"https:\/\/sanicus.de\/ro\/wp-json\/wp\/v2\/product"}],"about":[{"href":"https:\/\/sanicus.de\/ro\/wp-json\/wp\/v2\/types\/product"}],"version-history":[{"count":3,"href":"https:\/\/sanicus.de\/ro\/wp-json\/wp\/v2\/product\/30895\/revisions"}],"predecessor-version":[{"id":32862,"href":"https:\/\/sanicus.de\/ro\/wp-json\/wp\/v2\/product\/30895\/revisions\/32862"}],"wp:featuredmedia":[{"embeddable":true,"href":"https:\/\/sanicus.de\/ro\/wp-json\/wp\/v2\/media\/31042"}],"wp:attachment":[{"href":"https:\/\/sanicus.de\/ro\/wp-json\/wp\/v2\/media?parent=30895"}],"wp:term":[{"taxonomy":"product_brand","embeddable":true,"href":"https:\/\/sanicus.de\/ro\/wp-json\/wp\/v2\/product_brand?post=30895"},{"taxonomy":"product_cat","embeddable":true,"href":"https:\/\/sanicus.de\/ro\/wp-json\/wp\/v2\/product_cat?post=30895"},{"taxonomy":"product_tag","embeddable":true,"href":"https:\/\/sanicus.de\/ro\/wp-json\/wp\/v2\/product_tag?post=30895"}],"curies":[{"name":"wp","href":"https:\/\/api.w.org\/{rel}","templated":true}]}}