{"id":31460,"date":"2024-01-03T09:12:28","date_gmt":"2024-01-03T08:12:28","guid":{"rendered":"https:\/\/sanicus.de\/produkt\/sanicus-duftspender-f1-edelstahl-schwarz\/"},"modified":"2026-04-13T16:52:04","modified_gmt":"2026-04-13T14:52:04","slug":"sanicus-duftspender-f1-edelstahl-schwarz","status":"publish","type":"product","link":"https:\/\/sanicus.de\/ro\/produkt\/sanicus-duftspender-f1-edelstahl-schwarz\/","title":{"rendered":"Sanicus Duftspender F1 &#8211; Edelstahl schwarz"},"content":{"rendered":"<h4>Sanicus Duftspender F1 Edelstahl schwarz \u2013 Automatischer Lufterfrischer f\u00fcr h\u00f6chste Anspr\u00fcche<\/h4>\n<p>Der <strong>Sanicus Duftspender F1 Edelstahl schwarz<\/strong> verbindet modernes Design mit zuverl\u00e4ssiger Funktionalit\u00e4t. Er sorgt automatisch f\u00fcr ein angenehmes Raumklima in Sanit\u00e4rr\u00e4umen, Umkleiden, Eingangsbereichen oder Wartezonen. Durch das hochwertige Geh\u00e4use aus geb\u00fcrstetem Edelstahl in elegantem Schwarz ist der Spender nicht nur langlebig, sondern auch ein optisches Highlight in jeder Umgebung.<\/p>\n<p>Der Duftspender arbeitet mit einer programmierbaren Intervallsteuerung. So l\u00e4sst sich die Intensit\u00e4t der Duftabgabe individuell einstellen \u2013 ganz nach Bedarf und Raumgr\u00f6\u00dfe. Ob dezente Grundbeduftung oder regelm\u00e4\u00dfige Auffrischung: Mit wenigen Handgriffen passen Sie das Programm an Ihre Anforderungen an. Die Steuerung erfolgt \u00fcber eine benutzerfreundliche Elektronik, die zuverl\u00e4ssig f\u00fcr konstante Duftverteilung sorgt.<\/p>\n<p>Das Modell ist kompatibel mit den Sanicus Duftkartuschen der F1-Serie. Diese sind in verschiedenen Duftnoten erh\u00e4ltlich und lassen sich dank des einfachen Bajonettverschlusses hygienisch und schnell austauschen. So k\u00f6nnen Betreiber jederzeit flexibel auf saisonale oder individuelle W\u00fcnsche reagieren und den Raumduft variieren.<\/p>\n<p>Ein gro\u00dfer Vorteil des F1 Duftspenders ist die Energieversorgung \u00fcber Batterien. Dadurch ist kein Stromanschluss erforderlich, was die Installation besonders unkompliziert macht. Dank der robusten Bauweise eignet sich das Ger\u00e4t auch f\u00fcr stark frequentierte Bereiche, in denen ein dauerhaft gepflegter Eindruck vermittelt werden soll. Das Geh\u00e4use l\u00e4sst sich leicht reinigen und bleibt auch bei intensiver Nutzung optisch ansprechend.<\/p>\n<p>Typische Einsatzorte sind Gastronomiebetriebe, Hotellobbys, Fitnessstudios, B\u00fcros oder \u00f6ffentliche Waschr\u00e4ume. \u00dcberall dort, wo Menschen ein- und ausgehen, schafft der Sanicus Duftspender F1 eine angenehme Atmosph\u00e4re und unterst\u00fctzt wirkungsvoll Ihr Hygienekonzept.<\/p>\n<h5>Produktvorteile auf einen Blick<\/h5>\n<ul>\n<li><strong>Edelstahlgeh\u00e4use:<\/strong> robust, pflegeleicht und optisch hochwertig<\/li>\n<li><strong>Programmierbare Steuerung:<\/strong> individuell einstellbare Intervalle<\/li>\n<li><strong>Batteriebetrieb:<\/strong> flexible Platzierung ohne Netzanschluss<\/li>\n<li><strong>Kartuschenwechsel:<\/strong> einfach und hygienisch dank Bajonettverschluss<\/li>\n<li><strong>Vielseitig einsetzbar:<\/strong> f\u00fcr alle gewerblichen und \u00f6ffentlichen R\u00e4ume<\/li>\n<\/ul>\n<p>Mit dem <strong>Sanicus Duftspender F1 Edelstahl schwarz<\/strong> entscheiden Sie sich f\u00fcr eine professionelle L\u00f6sung, die dauerhafte Frische, moderne Optik und komfortable Bedienung vereint.<\/p>","protected":false},"excerpt":{"rendered":"<p>Edelstahl &#8211; Vandalismussicher<\/p>","protected":false},"featured_media":31472,"template":"","meta":{"site-sidebar-layout":"default","site-content-layout":"","ast-site-content-layout":"default","site-content-style":"default","site-sidebar-style":"default","ast-global-header-display":"","ast-banner-title-visibility":"","ast-main-header-display":"","ast-hfb-above-header-display":"","ast-hfb-below-header-display":"","ast-hfb-mobile-header-display":"","site-post-title":"","ast-breadcrumbs-content":"","ast-featured-img":"","footer-sml-layout":"","ast-disable-related-posts":"","theme-transparent-header-meta":"default","adv-header-id-meta":"","stick-header-meta":"","header-above-stick-meta":"","header-main-stick-meta":"","header-below-stick-meta":"","astra-migrate-meta-layouts":"set","ast-page-background-enabled":"default","ast-page-background-meta":{"desktop":{"background-color":"","background-image":"","background-repeat":"repeat","background-position":"center center","background-size":"auto","background-attachment":"scroll","background-type":"","background-media":"","overlay-type":"","overlay-color":"","overlay-opacity":"","overlay-gradient":""},"tablet":{"background-color":"","background-image":"","background-repeat":"repeat","background-position":"center center","background-size":"auto","background-attachment":"scroll","background-type":"","background-media":"","overlay-type":"","overlay-color":"","overlay-opacity":"","overlay-gradient":""},"mobile":{"background-color":"","background-image":"","background-repeat":"repeat","background-position":"center center","background-size":"auto","background-attachment":"scroll","background-type":"","background-media":"","overlay-type":"","overlay-color":"","overlay-opacity":"","overlay-gradient":""}},"ast-content-background-meta":{"desktop":{"background-color":"var(--ast-global-color-5)","background-image":"","background-repeat":"repeat","background-position":"center center","background-size":"auto","background-attachment":"scroll","background-type":"","background-media":"","overlay-type":"","overlay-color":"","overlay-opacity":"","overlay-gradient":""},"tablet":{"background-color":"var(--ast-global-color-5)","background-image":"","background-repeat":"repeat","background-position":"center center","background-size":"auto","background-attachment":"scroll","background-type":"","background-media":"","overlay-type":"","overlay-color":"","overlay-opacity":"","overlay-gradient":""},"mobile":{"background-color":"var(--ast-global-color-5)","background-image":"","background-repeat":"repeat","background-position":"center center","background-size":"auto","background-attachment":"scroll","background-type":"","background-media":"","overlay-type":"","overlay-color":"","overlay-opacity":"","overlay-gradient":""}}},"product_brand":[],"product_cat":[167],"product_tag":[],"class_list":{"0":"post-31460","1":"product","2":"type-product","3":"status-publish","4":"has-post-thumbnail","6":"product_cat-f1-duefte-und-spender","7":"desktop-align-left","8":"tablet-align-left","9":"mobile-align-left","11":"first","12":"instock","13":"taxable","14":"shipping-taxable","15":"purchasable","16":"product-type-simple"},"yoast_head":"<!-- This site is optimized with the Yoast SEO Premium plugin v27.3 (Yoast SEO v27.4) - https:\/\/yoast.com\/product\/yoast-seo-premium-wordpress\/ -->\n<title>Sanicus Duftspender F1 - Edelstahl schwarz - sanicus.de<\/title>\n<meta name=\"description\" content=\"Sanicus Duftspender F1 Edelstahl schwarz \u2013 automatischer Lufterfrischer mit Intervallsteuerung. Modern, langlebig &amp; hygienisch.\" \/>\n<meta name=\"robots\" content=\"index, follow, max-snippet:-1, max-image-preview:large, max-video-preview:-1\" \/>\n<link rel=\"canonical\" href=\"https:\/\/sanicus.de\/ro\/produs\/sanicus-duftspender-f1-edelstahl-schwarz\/\" \/>\n<meta property=\"og:locale\" content=\"ro_RO\" \/>\n<meta property=\"og:type\" content=\"article\" \/>\n<meta property=\"og:title\" content=\"Sanicus Duftspender F1 - Edelstahl schwarz\" \/>\n<meta property=\"og:description\" content=\"Sanicus Duftspender F1 Edelstahl schwarz \u2013 automatischer Lufterfrischer mit Intervallsteuerung. Modern, langlebig &amp; hygienisch.\" \/>\n<meta property=\"og:url\" content=\"https:\/\/sanicus.de\/ro\/produs\/sanicus-duftspender-f1-edelstahl-schwarz\/\" \/>\n<meta property=\"og:site_name\" content=\"sanicus.de\" \/>\n<meta property=\"article:publisher\" content=\"https:\/\/www.facebook.com\/Sanicus\/\" \/>\n<meta property=\"article:modified_time\" content=\"2026-04-13T14:52:04+00:00\" \/>\n<meta property=\"og:image\" content=\"https:\/\/sanicus.de\/wp-content\/uploads\/2024\/01\/8620026-Sanicus-Duftspender-F1-Edelstahl-schwarz.png\" \/>\n\t<meta property=\"og:image:width\" content=\"800\" \/>\n\t<meta property=\"og:image:height\" content=\"800\" \/>\n\t<meta property=\"og:image:type\" content=\"image\/png\" \/>\n<meta name=\"twitter:card\" content=\"summary_large_image\" \/>\n<meta name=\"twitter:label1\" content=\"Timp estimat pentru citire\" \/>\n\t<meta name=\"twitter:data1\" content=\"1 minut\" \/>\n<script type=\"application\/ld+json\" class=\"yoast-schema-graph\">{\"@context\":\"https:\\\/\\\/schema.org\",\"@graph\":[{\"@type\":\"WebPage\",\"@id\":\"https:\\\/\\\/sanicus.de\\\/produkt\\\/sanicus-duftspender-f1-edelstahl-schwarz\\\/\",\"url\":\"https:\\\/\\\/sanicus.de\\\/produkt\\\/sanicus-duftspender-f1-edelstahl-schwarz\\\/\",\"name\":\"Sanicus Duftspender F1 - Edelstahl schwarz - sanicus.de\",\"isPartOf\":{\"@id\":\"https:\\\/\\\/sanicus.de\\\/#website\"},\"primaryImageOfPage\":{\"@id\":\"https:\\\/\\\/sanicus.de\\\/produkt\\\/sanicus-duftspender-f1-edelstahl-schwarz\\\/#primaryimage\"},\"image\":{\"@id\":\"https:\\\/\\\/sanicus.de\\\/produkt\\\/sanicus-duftspender-f1-edelstahl-schwarz\\\/#primaryimage\"},\"thumbnailUrl\":\"https:\\\/\\\/sanicus.de\\\/wp-content\\\/uploads\\\/2024\\\/01\\\/8620026-Sanicus-Duftspender-F1-Edelstahl-schwarz.png\",\"datePublished\":\"2024-01-03T08:12:28+00:00\",\"dateModified\":\"2026-04-13T14:52:04+00:00\",\"description\":\"Sanicus Duftspender F1 Edelstahl schwarz \u2013 automatischer Lufterfrischer mit Intervallsteuerung. Modern, langlebig & hygienisch.\",\"breadcrumb\":{\"@id\":\"https:\\\/\\\/sanicus.de\\\/produkt\\\/sanicus-duftspender-f1-edelstahl-schwarz\\\/#breadcrumb\"},\"inLanguage\":\"ro-RO\",\"potentialAction\":[{\"@type\":\"ReadAction\",\"target\":[\"https:\\\/\\\/sanicus.de\\\/produkt\\\/sanicus-duftspender-f1-edelstahl-schwarz\\\/\"]}]},{\"@type\":\"ImageObject\",\"inLanguage\":\"ro-RO\",\"@id\":\"https:\\\/\\\/sanicus.de\\\/produkt\\\/sanicus-duftspender-f1-edelstahl-schwarz\\\/#primaryimage\",\"url\":\"https:\\\/\\\/sanicus.de\\\/wp-content\\\/uploads\\\/2024\\\/01\\\/8620026-Sanicus-Duftspender-F1-Edelstahl-schwarz.png\",\"contentUrl\":\"https:\\\/\\\/sanicus.de\\\/wp-content\\\/uploads\\\/2024\\\/01\\\/8620026-Sanicus-Duftspender-F1-Edelstahl-schwarz.png\",\"width\":800,\"height\":800,\"caption\":\"8620026 - Sanicus Duftspender F1 - Edelstahl schwarz\"},{\"@type\":\"BreadcrumbList\",\"@id\":\"https:\\\/\\\/sanicus.de\\\/produkt\\\/sanicus-duftspender-f1-edelstahl-schwarz\\\/#breadcrumb\",\"itemListElement\":[{\"@type\":\"ListItem\",\"position\":1,\"name\":\"Startseite\",\"item\":\"https:\\\/\\\/sanicus.de\\\/\"},{\"@type\":\"ListItem\",\"position\":2,\"name\":\"Sanicus Store\",\"item\":\"https:\\\/\\\/sanicus.de\\\/sanicus-store\\\/\"},{\"@type\":\"ListItem\",\"position\":3,\"name\":\"Sanicus Duftspender F1 &#8211; Edelstahl schwarz\"}]},{\"@type\":\"WebSite\",\"@id\":\"https:\\\/\\\/sanicus.de\\\/#website\",\"url\":\"https:\\\/\\\/sanicus.de\\\/\",\"name\":\"sanicus.de\",\"description\":\"Sanit\u00e4r - Ausstattung\",\"publisher\":{\"@id\":\"https:\\\/\\\/sanicus.de\\\/#organization\"},\"potentialAction\":[{\"@type\":\"SearchAction\",\"target\":{\"@type\":\"EntryPoint\",\"urlTemplate\":\"https:\\\/\\\/sanicus.de\\\/?s={search_term_string}\"},\"query-input\":{\"@type\":\"PropertyValueSpecification\",\"valueRequired\":true,\"valueName\":\"search_term_string\"}}],\"inLanguage\":\"ro-RO\"},{\"@type\":\"Organization\",\"@id\":\"https:\\\/\\\/sanicus.de\\\/#organization\",\"name\":\"Sanicus GmbH\",\"url\":\"https:\\\/\\\/sanicus.de\\\/\",\"logo\":{\"@type\":\"ImageObject\",\"inLanguage\":\"ro-RO\",\"@id\":\"https:\\\/\\\/sanicus.de\\\/#\\\/schema\\\/logo\\\/image\\\/\",\"url\":\"https:\\\/\\\/sanicus.de\\\/wp-content\\\/uploads\\\/2021\\\/11\\\/Sanicus-Logo-Grau-2021.png\",\"contentUrl\":\"https:\\\/\\\/sanicus.de\\\/wp-content\\\/uploads\\\/2021\\\/11\\\/Sanicus-Logo-Grau-2021.png\",\"width\":1382,\"height\":397,\"caption\":\"Sanicus GmbH\"},\"image\":{\"@id\":\"https:\\\/\\\/sanicus.de\\\/#\\\/schema\\\/logo\\\/image\\\/\"},\"sameAs\":[\"https:\\\/\\\/www.facebook.com\\\/Sanicus\\\/\"]}]}<\/script>\n<!-- \/ Yoast SEO Premium plugin. -->","yoast_head_json":{"title":"Sanicus Duftspender F1 - Edelstahl schwarz - sanicus.de","description":"Sanicus Duftspender F1 Edelstahl schwarz \u2013 automatischer Lufterfrischer mit Intervallsteuerung. Modern, langlebig & hygienisch.","robots":{"index":"index","follow":"follow","max-snippet":"max-snippet:-1","max-image-preview":"max-image-preview:large","max-video-preview":"max-video-preview:-1"},"canonical":"https:\/\/sanicus.de\/ro\/produs\/sanicus-duftspender-f1-edelstahl-schwarz\/","og_locale":"ro_RO","og_type":"article","og_title":"Sanicus Duftspender F1 - Edelstahl schwarz","og_description":"Sanicus Duftspender F1 Edelstahl schwarz \u2013 automatischer Lufterfrischer mit Intervallsteuerung. Modern, langlebig & hygienisch.","og_url":"https:\/\/sanicus.de\/ro\/produs\/sanicus-duftspender-f1-edelstahl-schwarz\/","og_site_name":"sanicus.de","article_publisher":"https:\/\/www.facebook.com\/Sanicus\/","article_modified_time":"2026-04-13T14:52:04+00:00","og_image":[{"width":800,"height":800,"url":"https:\/\/sanicus.de\/wp-content\/uploads\/2024\/01\/8620026-Sanicus-Duftspender-F1-Edelstahl-schwarz.png","type":"image\/png"}],"twitter_card":"summary_large_image","twitter_misc":{"Timp estimat pentru citire":"1 minut"},"schema":{"@context":"https:\/\/schema.org","@graph":[{"@type":"WebPage","@id":"https:\/\/sanicus.de\/produkt\/sanicus-duftspender-f1-edelstahl-schwarz\/","url":"https:\/\/sanicus.de\/produkt\/sanicus-duftspender-f1-edelstahl-schwarz\/","name":"Sanicus Duftspender F1 - Edelstahl schwarz - sanicus.de","isPartOf":{"@id":"https:\/\/sanicus.de\/#website"},"primaryImageOfPage":{"@id":"https:\/\/sanicus.de\/produkt\/sanicus-duftspender-f1-edelstahl-schwarz\/#primaryimage"},"image":{"@id":"https:\/\/sanicus.de\/produkt\/sanicus-duftspender-f1-edelstahl-schwarz\/#primaryimage"},"thumbnailUrl":"https:\/\/sanicus.de\/wp-content\/uploads\/2024\/01\/8620026-Sanicus-Duftspender-F1-Edelstahl-schwarz.png","datePublished":"2024-01-03T08:12:28+00:00","dateModified":"2026-04-13T14:52:04+00:00","description":"Sanicus Duftspender F1 Edelstahl schwarz \u2013 automatischer Lufterfrischer mit Intervallsteuerung. Modern, langlebig & hygienisch.","breadcrumb":{"@id":"https:\/\/sanicus.de\/produkt\/sanicus-duftspender-f1-edelstahl-schwarz\/#breadcrumb"},"inLanguage":"ro-RO","potentialAction":[{"@type":"ReadAction","target":["https:\/\/sanicus.de\/produkt\/sanicus-duftspender-f1-edelstahl-schwarz\/"]}]},{"@type":"ImageObject","inLanguage":"ro-RO","@id":"https:\/\/sanicus.de\/produkt\/sanicus-duftspender-f1-edelstahl-schwarz\/#primaryimage","url":"https:\/\/sanicus.de\/wp-content\/uploads\/2024\/01\/8620026-Sanicus-Duftspender-F1-Edelstahl-schwarz.png","contentUrl":"https:\/\/sanicus.de\/wp-content\/uploads\/2024\/01\/8620026-Sanicus-Duftspender-F1-Edelstahl-schwarz.png","width":800,"height":800,"caption":"8620026 - Sanicus Duftspender F1 - Edelstahl schwarz"},{"@type":"BreadcrumbList","@id":"https:\/\/sanicus.de\/produkt\/sanicus-duftspender-f1-edelstahl-schwarz\/#breadcrumb","itemListElement":[{"@type":"ListItem","position":1,"name":"Startseite","item":"https:\/\/sanicus.de\/"},{"@type":"ListItem","position":2,"name":"Sanicus Store","item":"https:\/\/sanicus.de\/sanicus-store\/"},{"@type":"ListItem","position":3,"name":"Sanicus Duftspender F1 &#8211; Edelstahl schwarz"}]},{"@type":"WebSite","@id":"https:\/\/sanicus.de\/#website","url":"https:\/\/sanicus.de\/","name":"sanicus.de","description":"Sanit\u00e4r - Ausstattung","publisher":{"@id":"https:\/\/sanicus.de\/#organization"},"potentialAction":[{"@type":"SearchAction","target":{"@type":"EntryPoint","urlTemplate":"https:\/\/sanicus.de\/?s={search_term_string}"},"query-input":{"@type":"PropertyValueSpecification","valueRequired":true,"valueName":"search_term_string"}}],"inLanguage":"ro-RO"},{"@type":"Organization","@id":"https:\/\/sanicus.de\/#organization","name":"Sanicus GmbH","url":"https:\/\/sanicus.de\/","logo":{"@type":"ImageObject","inLanguage":"ro-RO","@id":"https:\/\/sanicus.de\/#\/schema\/logo\/image\/","url":"https:\/\/sanicus.de\/wp-content\/uploads\/2021\/11\/Sanicus-Logo-Grau-2021.png","contentUrl":"https:\/\/sanicus.de\/wp-content\/uploads\/2021\/11\/Sanicus-Logo-Grau-2021.png","width":1382,"height":397,"caption":"Sanicus GmbH"},"image":{"@id":"https:\/\/sanicus.de\/#\/schema\/logo\/image\/"},"sameAs":["https:\/\/www.facebook.com\/Sanicus\/"]}]}},"_links":{"self":[{"href":"https:\/\/sanicus.de\/ro\/wp-json\/wp\/v2\/product\/31460","targetHints":{"allow":["GET"]}}],"collection":[{"href":"https:\/\/sanicus.de\/ro\/wp-json\/wp\/v2\/product"}],"about":[{"href":"https:\/\/sanicus.de\/ro\/wp-json\/wp\/v2\/types\/product"}],"version-history":[{"count":3,"href":"https:\/\/sanicus.de\/ro\/wp-json\/wp\/v2\/product\/31460\/revisions"}],"predecessor-version":[{"id":32994,"href":"https:\/\/sanicus.de\/ro\/wp-json\/wp\/v2\/product\/31460\/revisions\/32994"}],"wp:featuredmedia":[{"embeddable":true,"href":"https:\/\/sanicus.de\/ro\/wp-json\/wp\/v2\/media\/31472"}],"wp:attachment":[{"href":"https:\/\/sanicus.de\/ro\/wp-json\/wp\/v2\/media?parent=31460"}],"wp:term":[{"taxonomy":"product_brand","embeddable":true,"href":"https:\/\/sanicus.de\/ro\/wp-json\/wp\/v2\/product_brand?post=31460"},{"taxonomy":"product_cat","embeddable":true,"href":"https:\/\/sanicus.de\/ro\/wp-json\/wp\/v2\/product_cat?post=31460"},{"taxonomy":"product_tag","embeddable":true,"href":"https:\/\/sanicus.de\/ro\/wp-json\/wp\/v2\/product_tag?post=31460"}],"curies":[{"name":"wp","href":"https:\/\/api.w.org\/{rel}","templated":true}]}}